{"id":3262,"date":"2025-05-26T02:34:02","date_gmt":"2025-05-26T02:34:02","guid":{"rendered":"https:\/\/pecbag.com\/?post_type=product&#038;p=3262"},"modified":"2025-11-29T02:03:47","modified_gmt":"2025-11-29T02:03:47","slug":"waterproof-camping-cooler-lunch-bag","status":"publish","type":"product","link":"https:\/\/pecbag.com\/se\/waterproof-camping-cooler-lunch-bag\/","title":{"rendered":"Vattent\u00e4t camping kylv\u00e4ska lunchv\u00e4ska"},"content":{"rendered":"<h5 title=\"Vikbar hundv\u00e4ska Andningsbar axelv\u00e4ska f\u00f6r husdjur i mesh f\u00f6r sm\u00e5 husdjur Hundar Katter\" data-immersive-translate-walked=\"1c928421-2e42-4cd3-8754-5404553c0af5\" data-immersive-translate-paragraph=\"1\" data-spm-anchor-id=\"a2700.details.0.i35.4f6757d4w4zNZA\">aterproof Camping Cooler Lunch Bag Tillverkare | Vattent\u00e4t v\u00e4ska fabrik &amp; ryggs\u00e4ck leverant\u00f6r | Bulk OEM<\/h5>\n<div class=\"flex flex-grow flex-col max-w-full\">\n<div class=\"min-h-[20px] text-message flex w-full flex-col items-end gap-2 whitespace-pre-wrap break-words [.text-message+&amp;]:mt-5 overflow-x-auto\" dir=\"auto\" data-message-author-role=\"assistant\" data-message-id=\"3d7d46f6-7ec2-4222-9257-48fa0bba23c6\" data-suggestions=\"true\">\n<div class=\"flex w-full flex-col gap-1 empty:hidden first:pt-[3px]\">\n<div class=\"markdown prose w-full break-words dark:prose-invert light\">\n<p>Letar du efter vattent\u00e4ta campingkylare lunchv\u00e4skor som h\u00e5ller m\u00e5ltiderna f\u00e4rska och \u00e4ventyren torra? Som en topp vattent\u00e4t v\u00e4skfabrik och ryggs\u00e4ckstillverkare i Kina \u00e4r vi specialiserade p\u00e5 att skapa vattent\u00e4ta campingkylv\u00e4skor som \u00e4r utformade f\u00f6r utomhusentusiaster, m\u00e5ltidsf\u00f6rberedande tj\u00e4nster och grossister f\u00f6r kylv\u00e4skor \u00f6ver hela v\u00e4rlden!<\/p>\n<table width=\"288\">\n<tbody>\n<tr>\n<td width=\"137\"><span style=\"color: #333333;\">Produkter Namn<\/span><\/td>\n<td width=\"151\"><span style=\"color: #333333;\">Kylv\u00e4ska<\/span><\/td>\n<\/tr>\n<tr>\n<td><span style=\"color: #333333;\">Artikel nr.<\/span><\/td>\n<td><span style=\"color: #333333;\">PB-2038<\/span><\/td>\n<\/tr>\n<tr>\n<td><span style=\"color: #333333;\">Material<\/span><\/td>\n<td>600D polyester<\/td>\n<\/tr>\n<tr>\n<td><span style=\"color: #333333;\">Storlek<\/span><\/td>\n<td>19,3\"x13,7\"x7,1\u2033( H x L x B)<\/td>\n<\/tr>\n<tr>\n<td><span style=\"color: #333333;\">\u00a0Leveranstid<\/span><\/td>\n<td><span style=\"color: #333333;\">1-5 dagar f\u00f6r liten m\u00e4ngd med flyg och 30-35 dagar f\u00f6r stor m\u00e4ngd till sj\u00f6ss<\/span><\/td>\n<\/tr>\n<\/tbody>\n<\/table>\n<p class=\"ds-markdown-paragraph\">\u2705\u00a0<strong>Varf\u00f6r v\u00e5ra vattent\u00e4ta kylv\u00e4skor f\u00f6r camping och lunch vinner marknader:<\/strong><\/p>\n<ul>\n<li>\n<p class=\"ds-markdown-paragraph\"><strong>F\u00e4rskhet 24\/7<\/strong>: 3 cm eko-isolering + 100% vattent\u00e4tt foder - h\u00e5ller maten kyld i 12+ timmar, \u00e4ven i regn!<\/p>\n<\/li>\n<li>\n<p class=\"ds-markdown-paragraph\"><strong>Kompakt och t\u00e5lig<\/strong>: Storlekar 10L-20L med f\u00f6rst\u00e4rkta handtag - perfekt f\u00f6r vandring, strandutflykter eller dagliga resor.<\/p>\n<\/li>\n<li>\n<p class=\"ds-markdown-paragraph\"><strong>Klar f\u00f6r bulkbest\u00e4llning<\/strong>: Producera kylv\u00e4ska bulkbest\u00e4llningar med kylv\u00e4ska ODM \/ OEM eller privat etikett p\u00e5 10 dagar!<\/p>\n<\/li>\n<li>\n<p class=\"ds-markdown-paragraph\"><strong>Kinas kostnadsf\u00f6rdelar<\/strong>: Som en p\u00e5litlig kylv\u00e4ska Kina leverant\u00f6r levererar vi premiumkvalitet till fabrikspriser.<\/p>\n<\/li>\n<\/ul>\n<p class=\"ds-markdown-paragraph\"><strong>Funktioner som kunderna \u00e4lskar:<\/strong><br \/>\n\ud83d\udd39 L\u00e4cks\u00e4kra TPU-s\u00f6mmar + l\u00e4ttavtorkad PEVA-inredning (FDA-kompatibel)<br \/>\n\ud83d\udd39 Avtagbara axelremmar + dolda redskapsfickor<br \/>\n\ud83d\udd39 Reflekterande logotyper f\u00f6r s\u00e4kerhet + RFID-blockerande s\u00e4kerhetsfack<br \/>\n\ud83d\udd39 OEKO-TEX-certifierad - s\u00e4ker f\u00f6r f\u00f6rvaring av livsmedel<\/p>\n<p class=\"ds-markdown-paragraph\"><strong>Perfekt f\u00f6r:<\/strong><\/p>\n<ul>\n<li>\n<p class=\"ds-markdown-paragraph\">Campingbutiker och f\u00f6rs\u00e4ljare av kylv\u00e4skor<\/p>\n<\/li>\n<li>\n<p class=\"ds-markdown-paragraph\">Grossister f\u00f6r start av m\u00e5ltidsleverans &amp; kylv\u00e4skor<\/p>\n<\/li>\n<li>\n<p class=\"ds-markdown-paragraph\">Varum\u00e4rken bygger egna kollektioner av kylv\u00e4skor<\/p>\n<\/li>\n<\/ul>\n<p class=\"ds-markdown-paragraph\"><strong>Hur vi g\u00f6r dina vattent\u00e4ta campingkylare lunchv\u00e4skor:<\/strong><br \/>\n1\ufe0f\u20e3 V\u00e4lj bland 80+ m\u00f6nster eller skapa ditt eget<br \/>\n2\ufe0f\u20e3 Prototyp p\u00e5 5 dagar \u2192 godk\u00e4nna \u2192 massproducera<br \/>\n3\ufe0f\u20e3 Levereras globalt via exportn\u00e4tverk f\u00f6r kylv\u00e4skor<\/p>\n<p class=\"ds-markdown-paragraph\"><strong>Varf\u00f6r v\u00e4lja oss som din tillverkare av kylv\u00e4skor i Kina?<\/strong><br \/>\n\u2705 10+ \u00e5rs expertis inom tillverkning av kylv\u00e4skor<br \/>\n\u2705 30% billigare \u00e4n lokala leverant\u00f6rer<br \/>\n\u2705 Support dygnet runt p\u00e5 engelska, spanska och arabiska<\/p>\n<p class=\"ds-markdown-paragraph\"><strong>\u00c4r du redo att packa in f\u00e4rskhet i varje best\u00e4llning?<\/strong><br \/>\n\ud83d\udc49\u00a0<strong>Gratis prover<\/strong>\u00a0\ud83d\udc49 20% ins\u00e4ttning \ud83d\udc49 24h citat<\/p>\n<\/div>\n<\/div>\n<\/div>\n<\/div>","protected":false},"excerpt":{"rendered":"<h2 data-immersive-translate-walked=\"344be1c1-5052-41eb-8fcd-0dbe236a0d6b\" data-immersive-translate-paragraph=\"1\">Vattent\u00e4t camping kylv\u00e4ska lunchv\u00e4ska<\/h2>\n<div class=\"sliderTable mt10 mb10 sliderTable-index0\">\n<div class=\"inner\">1. V\u00e5r kylryggs\u00e4ck \u00e4r tillverkad av uppgraderade l\u00e4ckages\u00e4kra material, som fungerar effektivt f\u00f6r att h\u00e5lla ditt flytande inneh\u00e5ll vid sin idealiska temperatur utan att oroa dig f\u00f6r l\u00e4ckage.<\/div>\n<div>2. V\u00e5r svalare ryggs\u00e4ck \u00e4r l\u00e4ttare \u00e4n andra. Dessutom \u00e4r den ergonomisk och vadderad<br \/>\nAxelremmarna avlastar kraftigt axlarna och g\u00f6r resan bekv\u00e4mare.<\/div>\n<\/div>","protected":false},"featured_media":3267,"template":"","meta":{"_uag_custom_page_level_css":""},"product_brand":[],"product_cat":[44,50],"product_tag":[],"class_list":{"0":"post-3262","1":"product","2":"type-product","3":"status-publish","4":"has-post-thumbnail","6":"product_cat-camping-bags","7":"product_cat-cooler-bag","9":"first","10":"instock","11":"shipping-taxable","12":"product-type-simple"},"uagb_featured_image_src":{"full":["https:\/\/pecbag.com\/wp-content\/uploads\/2025\/05\/Waterproof-Camping-Cooler-Lunch-Bag-4.jpeg",1600,1601,false],"thumbnail":["https:\/\/pecbag.com\/wp-content\/uploads\/2025\/05\/Waterproof-Camping-Cooler-Lunch-Bag-4-150x150.jpeg",150,150,true],"medium":["https:\/\/pecbag.com\/wp-content\/uploads\/2025\/05\/Waterproof-Camping-Cooler-Lunch-Bag-4-300x300.jpeg",300,300,true],"medium_large":["https:\/\/pecbag.com\/wp-content\/uploads\/2025\/05\/Waterproof-Camping-Cooler-Lunch-Bag-4-768x768.jpeg",768,768,true],"large":["https:\/\/pecbag.com\/wp-content\/uploads\/2025\/05\/Waterproof-Camping-Cooler-Lunch-Bag-4-1024x1024.jpeg",800,800,true],"1536x1536":["https:\/\/pecbag.com\/wp-content\/uploads\/2025\/05\/Waterproof-Camping-Cooler-Lunch-Bag-4-1536x1536.jpeg",1536,1536,true],"2048x2048":["https:\/\/pecbag.com\/wp-content\/uploads\/2025\/05\/Waterproof-Camping-Cooler-Lunch-Bag-4.jpeg",1600,1601,false],"trp-custom-language-flag":["https:\/\/pecbag.com\/wp-content\/uploads\/2025\/05\/Waterproof-Camping-Cooler-Lunch-Bag-4-12x12.jpeg",12,12,true],"woocommerce_thumbnail":["https:\/\/pecbag.com\/wp-content\/uploads\/2025\/05\/Waterproof-Camping-Cooler-Lunch-Bag-4-300x300.jpeg",300,300,true],"woocommerce_single":["https:\/\/pecbag.com\/wp-content\/uploads\/2025\/05\/Waterproof-Camping-Cooler-Lunch-Bag-4-600x600.jpeg",600,600,true],"woocommerce_gallery_thumbnail":["https:\/\/pecbag.com\/wp-content\/uploads\/2025\/05\/Waterproof-Camping-Cooler-Lunch-Bag-4-100x100.jpeg",100,100,true]},"uagb_author_info":{"display_name":"Lawrence","author_link":"https:\/\/pecbag.com\/se\/author\/"},"uagb_comment_info":0,"uagb_excerpt":"Waterproof Camping Cooler Lunch Bag 1. Our cooler backpack is made of upgraded leak-proof materials, which work effectively at keeping your liquid contents at their ideal temperature without worry of leaking. 2. Our cooler backpack is lighter than others. In addition, Ergonomic and padded Shoulder straps greatly relieve shoulder pressure, making the journey more comfortable.","_links":{"self":[{"href":"https:\/\/pecbag.com\/se\/wp-json\/wp\/v2\/product\/3262","targetHints":{"allow":["GET"]}}],"collection":[{"href":"https:\/\/pecbag.com\/se\/wp-json\/wp\/v2\/product"}],"about":[{"href":"https:\/\/pecbag.com\/se\/wp-json\/wp\/v2\/types\/product"}],"wp:featuredmedia":[{"embeddable":true,"href":"https:\/\/pecbag.com\/se\/wp-json\/wp\/v2\/media\/3267"}],"wp:attachment":[{"href":"https:\/\/pecbag.com\/se\/wp-json\/wp\/v2\/media?parent=3262"}],"wp:term":[{"taxonomy":"product_brand","embeddable":true,"href":"https:\/\/pecbag.com\/se\/wp-json\/wp\/v2\/product_brand?post=3262"},{"taxonomy":"product_cat","embeddable":true,"href":"https:\/\/pecbag.com\/se\/wp-json\/wp\/v2\/product_cat?post=3262"},{"taxonomy":"product_tag","embeddable":true,"href":"https:\/\/pecbag.com\/se\/wp-json\/wp\/v2\/product_tag?post=3262"}],"curies":[{"name":"wp","href":"https:\/\/api.w.org\/{rel}","templated":true}]}}