{"id":3269,"date":"2025-05-26T02:52:21","date_gmt":"2025-05-26T02:52:21","guid":{"rendered":"https:\/\/pecbag.com\/?post_type=product&#038;p=3269"},"modified":"2025-11-29T02:04:08","modified_gmt":"2025-11-29T02:04:08","slug":"compartment-outdoor-cooler-picnic-backpack","status":"publish","type":"product","link":"https:\/\/pecbag.com\/se\/compartment-outdoor-cooler-picnic-backpack\/","title":{"rendered":"Kylv\u00e4ska med fack f\u00f6r utomhusbruk Picknickryggs\u00e4ck"},"content":{"rendered":"<h5 title=\"Vikbar hundv\u00e4ska Andningsbar axelv\u00e4ska f\u00f6r husdjur i mesh f\u00f6r sm\u00e5 husdjur Hundar Katter\" data-immersive-translate-walked=\"1c928421-2e42-4cd3-8754-5404553c0af5\" data-immersive-translate-paragraph=\"1\" data-spm-anchor-id=\"a2700.details.0.i35.4f6757d4w4zNZA\">Fack Utomhus Cooler Picnic Ryggs\u00e4ck Tillverkare | Vattent\u00e4t v\u00e4ska fabrik och ryggs\u00e4ck leverant\u00f6r | Bulk OEM<\/h5>\n<div class=\"flex flex-grow flex-col max-w-full\">\n<div class=\"min-h-[20px] text-message flex w-full flex-col items-end gap-2 whitespace-pre-wrap break-words [.text-message+&amp;]:mt-5 overflow-x-auto\" dir=\"auto\" data-message-author-role=\"assistant\" data-message-id=\"3d7d46f6-7ec2-4222-9257-48fa0bba23c6\" data-suggestions=\"true\">\n<div class=\"flex w-full flex-col gap-1 empty:hidden first:pt-[3px]\">\n<div class=\"markdown prose w-full break-words dark:prose-invert light\">\n<p>Beh\u00f6ver du picknickryggs\u00e4ckar med fack f\u00f6r utomhuskylare som organiserar utrustning och h\u00e5ller drycker iskalla hela dagen? Som en ledande fabrik f\u00f6r vattent\u00e4ta v\u00e4skor och ryggs\u00e4ckstillverkare i Kina tillverkar vi picknickryggs\u00e4ckar med fack f\u00f6r utomhuskylare med smarta f\u00f6rvaringsl\u00f6sningar f\u00f6r utomhusm\u00e4rken, evenemangsplanerare och grossister f\u00f6r kylv\u00e4skor \u00f6ver hela v\u00e4rlden!<\/p>\n<table width=\"288\">\n<tbody>\n<tr>\n<td width=\"137\"><span style=\"color: #333333;\">Produkter Namn<\/span><\/td>\n<td width=\"151\"><span style=\"color: #333333;\">Kylv\u00e4ska<\/span><\/td>\n<\/tr>\n<tr>\n<td><span style=\"color: #333333;\">Artikel nr.<\/span><\/td>\n<td><span style=\"color: #333333;\">PB-2039<\/span><\/td>\n<\/tr>\n<tr>\n<td><span style=\"color: #333333;\">Material<\/span><\/td>\n<td>Sn\u00f6flinga<\/td>\n<\/tr>\n<tr>\n<td><span style=\"color: #333333;\">\u00a0Storlek och f\u00e4rg<\/span><\/td>\n<td>19*32*46 cm<\/td>\n<\/tr>\n<tr>\n<td><span style=\"color: #333333;\">\u00a0Leveranstid<\/span><\/td>\n<td><span style=\"color: #333333;\">1-5 dagar f\u00f6r liten m\u00e4ngd med flyg och 30-35 dagar f\u00f6r stor m\u00e4ngd till sj\u00f6ss<\/span><\/td>\n<\/tr>\n<\/tbody>\n<\/table>\n<p class=\"ds-markdown-paragraph\">\u2705\u00a0<strong>Varf\u00f6r v\u00e5ra kylv\u00e4skor f\u00f6r picknick med fack f\u00f6r utomhusbruk sticker ut:<\/strong><\/p>\n<ul>\n<li>\n<p class=\"ds-markdown-paragraph\"><strong>6+ dedikerade fack<\/strong>: Separera mat, dryck, redskap och prylar - inget mer picknickkaos!<\/p>\n<\/li>\n<li>\n<p class=\"ds-markdown-paragraph\"><strong>48 timmars kylning<\/strong>: 4 cm ekoisolering + vattent\u00e4tt TPU-foder - isen h\u00e5ller 2x l\u00e4ngre \u00e4n i vanliga v\u00e4skor.<\/p>\n<\/li>\n<li>\n<p class=\"ds-markdown-paragraph\"><strong>Bulkbest\u00e4llning av kraft<\/strong>: Producera kylv\u00e4ska bulkbest\u00e4llningar (MOQ 50st) med kylv\u00e4ska ODM \/ OEM eller privat etikett p\u00e5 12 dagar!<\/p>\n<\/li>\n<li>\n<p class=\"ds-markdown-paragraph\"><strong>Kina Kostnadskant<\/strong>: Som en topp kylv\u00e4ska Kina leverant\u00f6r, vi sammanfogar kvalitet med oslagbar priss\u00e4ttning.<\/p>\n<\/li>\n<\/ul>\n<p class=\"ds-markdown-paragraph\"><strong>Funktioner som driver f\u00f6rs\u00e4ljning:<\/strong><br \/>\n\ud83d\udd39 30L-50L kapacitet + expanderbara sidofickor (passar vinflaskor och filtar)<br \/>\n\ud83d\udd39 Vadderade axelremmar + ventilerande ryggpanel (komfort hela dagen)<br \/>\n\ud83d\udd39 St\u00f6ldskyddande blixtl\u00e5s + RFID-blockerande kortfack<br \/>\n\ud83d\udd39 CE\/SGS-certifierad - s\u00e4ker f\u00f6r kontakt med livsmedel<\/p>\n<p class=\"ds-markdown-paragraph\"><strong>Perfekt f\u00f6r:<\/strong><\/p>\n<ul>\n<li>\n<p class=\"ds-markdown-paragraph\">\u00c5terf\u00f6rs\u00e4ljare av friluftsprodukter och kylv\u00e4skor<\/p>\n<\/li>\n<li>\n<p class=\"ds-markdown-paragraph\">Br\u00f6llopsplanerare &amp; kylv\u00e4skor grossister<\/p>\n<\/li>\n<li>\n<p class=\"ds-markdown-paragraph\">Nystartade f\u00f6retag skapar private label-kylv\u00e4skor f\u00f6r private label-varum\u00e4rken<\/p>\n<\/li>\n<\/ul>\n<p class=\"ds-markdown-paragraph\"><strong>Hur vi bygger ditt fack Utomhuskylare Picknickryggs\u00e4ckar:<\/strong><br \/>\n1\ufe0f\u20e3 V\u00e4lj bland 100+ m\u00f6nster eller skr\u00e4ddarsy varje detalj<br \/>\n2\ufe0f\u20e3 Prototyp p\u00e5 7 dagar \u2192 godk\u00e4nna \u2192 massproducera<br \/>\n3\ufe0f\u20e3 Fartyg via exportn\u00e4tverk f\u00f6r kylv\u00e4skor (flyg\/sj\u00f6\/express)<\/p>\n<p class=\"ds-markdown-paragraph\"><strong>Varf\u00f6r vi \u00e4r din #1 kylv\u00e4ska Kina Tillverkare:<\/strong><br \/>\n\u2705 10+ \u00e5rs expertis inom tillverkning av kylv\u00e4skor<br \/>\n\u2705 40% l\u00e4ttare isoleringsteknik j\u00e4mf\u00f6rt med konkurrenterna<br \/>\n\u2705 Flerspr\u00e5kig support dygnet runt (EN\/ES\/FR\/DE)<\/p>\n<p class=\"ds-markdown-paragraph\"><strong>\u00c4r du redo att f\u00f6rvandla picknick till vinst?<\/strong><br \/>\n\ud83d\udc49\u00a0<strong>Gratis prover<\/strong>\u00a0\ud83d\udc49 15% ins\u00e4ttning \ud83d\udc49 24h citat<\/p>\n<\/div>\n<\/div>\n<\/div>\n<\/div>","protected":false},"excerpt":{"rendered":"<h2 data-immersive-translate-walked=\"344be1c1-5052-41eb-8fcd-0dbe236a0d6b\" data-immersive-translate-paragraph=\"1\">Kylv\u00e4ska med fack f\u00f6r utomhusbruk Picknickryggs\u00e4ck<\/h2>\n<div class=\"sliderTable mt10 mb10 sliderTable-index0\">\n<div class=\"inner\">1. Isolerad ryggs\u00e4ck f\u00f6r 22 timmar: F\u00f6rtjockat isoleringsfolieskum och l\u00e4ckages\u00e4kert foder s\u00e4kerst\u00e4ller utm\u00e4rkt isoleringsprestanda. Oavsett om du campar, \u00e4r p\u00e5 stranden, picknickar, vandrar, reser, \u00e5ker b\u00e5t, leker utomhus eller arbetar, kan v\u00e5r kylv\u00e4ska h\u00e5lla dina \u00f6l och mat svala \/ varma \/ f\u00e4rska under l\u00e5ng tid<br \/>\n2. Kylare med stor kapacitet och design med flera fickor: Den isolerade ryggs\u00e4cken Cooler ger flera fickor, huvudv\u00e4skan rymmer upp till 36 burkar (32L). 2 fr\u00e4mre blixtl\u00e5sfickor f\u00f6r att placera dina bestick och mobiltelefoner, 4 sidofickor f\u00f6r att lagra paraplyer och drycker, det finns ocks\u00e5 en toppficka f\u00f6r enkel f\u00f6rvaring av snacks och frukt.<\/div>\n<\/div>","protected":false},"featured_media":3271,"template":"","meta":{"_uag_custom_page_level_css":""},"product_brand":[],"product_cat":[44,60,50],"product_tag":[],"class_list":{"0":"post-3269","1":"product","2":"type-product","3":"status-publish","4":"has-post-thumbnail","6":"product_cat-camping-bags","7":"product_cat-backpack","8":"product_cat-cooler-bag","10":"first","11":"instock","12":"shipping-taxable","13":"product-type-simple"},"uagb_featured_image_src":{"full":["https:\/\/pecbag.com\/wp-content\/uploads\/2025\/05\/Compartment-Outdoor-Cooler-Picnic-Backpack-1.jpeg",963,963,false],"thumbnail":["https:\/\/pecbag.com\/wp-content\/uploads\/2025\/05\/Compartment-Outdoor-Cooler-Picnic-Backpack-1-150x150.jpeg",150,150,true],"medium":["https:\/\/pecbag.com\/wp-content\/uploads\/2025\/05\/Compartment-Outdoor-Cooler-Picnic-Backpack-1-300x300.jpeg",300,300,true],"medium_large":["https:\/\/pecbag.com\/wp-content\/uploads\/2025\/05\/Compartment-Outdoor-Cooler-Picnic-Backpack-1-768x768.jpeg",768,768,true],"large":["https:\/\/pecbag.com\/wp-content\/uploads\/2025\/05\/Compartment-Outdoor-Cooler-Picnic-Backpack-1.jpeg",800,800,false],"1536x1536":["https:\/\/pecbag.com\/wp-content\/uploads\/2025\/05\/Compartment-Outdoor-Cooler-Picnic-Backpack-1.jpeg",963,963,false],"2048x2048":["https:\/\/pecbag.com\/wp-content\/uploads\/2025\/05\/Compartment-Outdoor-Cooler-Picnic-Backpack-1.jpeg",963,963,false],"trp-custom-language-flag":["https:\/\/pecbag.com\/wp-content\/uploads\/2025\/05\/Compartment-Outdoor-Cooler-Picnic-Backpack-1-12x12.jpeg",12,12,true],"woocommerce_thumbnail":["https:\/\/pecbag.com\/wp-content\/uploads\/2025\/05\/Compartment-Outdoor-Cooler-Picnic-Backpack-1-300x300.jpeg",300,300,true],"woocommerce_single":["https:\/\/pecbag.com\/wp-content\/uploads\/2025\/05\/Compartment-Outdoor-Cooler-Picnic-Backpack-1-600x600.jpeg",600,600,true],"woocommerce_gallery_thumbnail":["https:\/\/pecbag.com\/wp-content\/uploads\/2025\/05\/Compartment-Outdoor-Cooler-Picnic-Backpack-1-100x100.jpeg",100,100,true]},"uagb_author_info":{"display_name":"Lawrence","author_link":"https:\/\/pecbag.com\/se\/author\/"},"uagb_comment_info":0,"uagb_excerpt":"Compartment Outdoor Cooler Picnic Backpack 1. 22 Hours Insulated Backpack: Thickened insulation foil foam and leak-proof liner ensure excellent insulation performance. Whether you're camping, at the beach, picnicking, hiking, traveling, boating, playing outdoors, or working, our Cooler Bag can keep your beers and food cool\/hot\/fresh for a long time 2. Large Capacity &amp; Multi-Pocket Design&hellip;","_links":{"self":[{"href":"https:\/\/pecbag.com\/se\/wp-json\/wp\/v2\/product\/3269","targetHints":{"allow":["GET"]}}],"collection":[{"href":"https:\/\/pecbag.com\/se\/wp-json\/wp\/v2\/product"}],"about":[{"href":"https:\/\/pecbag.com\/se\/wp-json\/wp\/v2\/types\/product"}],"wp:featuredmedia":[{"embeddable":true,"href":"https:\/\/pecbag.com\/se\/wp-json\/wp\/v2\/media\/3271"}],"wp:attachment":[{"href":"https:\/\/pecbag.com\/se\/wp-json\/wp\/v2\/media?parent=3269"}],"wp:term":[{"taxonomy":"product_brand","embeddable":true,"href":"https:\/\/pecbag.com\/se\/wp-json\/wp\/v2\/product_brand?post=3269"},{"taxonomy":"product_cat","embeddable":true,"href":"https:\/\/pecbag.com\/se\/wp-json\/wp\/v2\/product_cat?post=3269"},{"taxonomy":"product_tag","embeddable":true,"href":"https:\/\/pecbag.com\/se\/wp-json\/wp\/v2\/product_tag?post=3269"}],"curies":[{"name":"wp","href":"https:\/\/api.w.org\/{rel}","templated":true}]}}