{"id":3282,"date":"2025-05-26T03:28:09","date_gmt":"2025-05-26T03:28:09","guid":{"rendered":"https:\/\/pecbag.com\/?post_type=product&#038;p=3282"},"modified":"2025-11-29T02:03:24","modified_gmt":"2025-11-29T02:03:24","slug":"hot-sale-waterproof-chest-bag","status":"publish","type":"product","link":"https:\/\/pecbag.com\/se\/hot-sale-waterproof-chest-bag\/","title":{"rendered":"Hot Sale Vattent\u00e4t br\u00f6stv\u00e4ska"},"content":{"rendered":"<h5 title=\"Vikbar hundv\u00e4ska Andningsbar axelv\u00e4ska f\u00f6r husdjur i mesh f\u00f6r sm\u00e5 husdjur Hundar Katter\" data-immersive-translate-walked=\"1c928421-2e42-4cd3-8754-5404553c0af5\" data-immersive-translate-paragraph=\"1\" data-spm-anchor-id=\"a2700.details.0.i35.4f6757d4w4zNZA\">Hot Sale Vattent\u00e4t br\u00f6stv\u00e4ska tillverkare | Vattent\u00e4t v\u00e4ska fabrik &amp; ryggs\u00e4ck leverant\u00f6r | Bulk OEM<\/h5>\n<div class=\"flex flex-grow flex-col max-w-full\">\n<div class=\"min-h-[20px] text-message flex w-full flex-col items-end gap-2 whitespace-pre-wrap break-words [.text-message+&amp;]:mt-5 overflow-x-auto\" dir=\"auto\" data-message-author-role=\"assistant\" data-message-id=\"3d7d46f6-7ec2-4222-9257-48fa0bba23c6\" data-suggestions=\"true\">\n<div class=\"flex w-full flex-col gap-1 empty:hidden first:pt-[3px]\">\n<div class=\"markdown prose w-full break-words dark:prose-invert light\">\n<p>Vill du ha heta s\u00e4ljande vattent\u00e4ta br\u00f6stv\u00e4skor som flyger fr\u00e5n hyllorna? Som en ledande vattent\u00e4t v\u00e4skfabrik och ryggs\u00e4ckstillverkare i Kina producerar vi heta f\u00f6rs\u00e4ljning vattent\u00e4ta br\u00f6stv\u00e4skor \u00e4lskade av utomhusentusiaster, resem\u00e4rken och br\u00f6stv\u00e4skor grossister \u00f6ver hela v\u00e4rlden!<\/p>\n<table width=\"288\">\n<tbody>\n<tr>\n<td width=\"137\"><span style=\"color: #333333;\">Produkter Namn<\/span><\/td>\n<td width=\"151\"><span style=\"color: #333333;\">Br\u00f6stkorgsv\u00e4ska<\/span><\/td>\n<\/tr>\n<tr>\n<td><span style=\"color: #333333;\">Artikel nr.<\/span><\/td>\n<td><span style=\"color: #333333;\">PB-2041<\/span><\/td>\n<\/tr>\n<tr>\n<td><span style=\"color: #333333;\">Material<\/span><\/td>\n<td>600D Polyester PU<\/td>\n<\/tr>\n<tr>\n<td><span style=\"color: #333333;\">Storlek<\/span><\/td>\n<td>52*25*26CM<\/td>\n<\/tr>\n<tr>\n<td><span style=\"color: #333333;\">\u00a0Leveranstid<\/span><\/td>\n<td><span style=\"color: #333333;\">1-5 dagar f\u00f6r liten m\u00e4ngd med flyg och 30-35 dagar f\u00f6r stor m\u00e4ngd till sj\u00f6ss<\/span><\/td>\n<\/tr>\n<\/tbody>\n<\/table>\n<p class=\"ds-markdown-paragraph\">\u2705\u00a0<strong>Varf\u00f6r v\u00e5ra vattent\u00e4ta br\u00f6stv\u00e4skor med varm f\u00f6rs\u00e4ljning dominerar marknader:<\/strong><\/p>\n<ul>\n<li>\n<p class=\"ds-markdown-paragraph\"><strong>Stormskyddad design<\/strong>: S\u00f6mf\u00f6rseglad TPU-bel\u00e4ggning - \u00f6verlever kraftigt regn, svett och st\u00e4nk!<\/p>\n<\/li>\n<li>\n<p class=\"ds-markdown-paragraph\"><strong>Ultral\u00e4tt och ergonomisk<\/strong>: Endast 0,6 kg + remmar i ventilerande mesh - perfekt f\u00f6r l\u00f6pning, vandring eller festivaler.<\/p>\n<\/li>\n<li>\n<p class=\"ds-markdown-paragraph\"><strong>Klar f\u00f6r bulkbest\u00e4llning<\/strong>: Producera br\u00f6stv\u00e4ska bulkbest\u00e4llningar med br\u00f6stv\u00e4ska ODM \/ OEM eller privat etikett p\u00e5 7 dagar!<\/p>\n<\/li>\n<li>\n<p class=\"ds-markdown-paragraph\"><strong>Kina Prismakt<\/strong>: Som en topp br\u00f6stv\u00e4ska Kina leverant\u00f6r levererar vi premiumkvalitet till oslagbara kostnader.<\/p>\n<\/li>\n<\/ul>\n<p class=\"ds-markdown-paragraph\"><strong>Funktioner som kunderna efterfr\u00e5gar:<\/strong><br \/>\n\ud83d\udd39 5L-8L-kapacitet (plats f\u00f6r telefoner, pl\u00e5nb\u00f6cker, nycklar) + RFID-blockerande ficka<br \/>\n\ud83d\udd39 Snabb\u00e5tkomliga sidozipper + reflekterande s\u00e4kerhetsremsor<br \/>\n\ud83d\udd39 Anti-m\u00f6gelfoder (OEKO-TEX-certifierat) + luktavvisande tyg<br \/>\n\ud83d\udd39 Universell passform f\u00f6r m\u00e4n\/kvinnor (justerbart remsystem)<\/p>\n<p class=\"ds-markdown-paragraph\"><strong>Perfekt f\u00f6r:<\/strong><\/p>\n<ul>\n<li>\n<p class=\"ds-markdown-paragraph\">Butiker f\u00f6r reseutrustning och f\u00f6rs\u00e4ljare av br\u00f6stv\u00e4skor<\/p>\n<\/li>\n<li>\n<p class=\"ds-markdown-paragraph\">Sport\u00e5terf\u00f6rs\u00e4ljare &amp; grossister f\u00f6r br\u00f6stv\u00e4skor<\/p>\n<\/li>\n<li>\n<p class=\"ds-markdown-paragraph\">Nystartade f\u00f6retag som bygger br\u00f6stkorgar f\u00f6r egna m\u00e4rkesvaror<\/p>\n<\/li>\n<\/ul>\n<p class=\"ds-markdown-paragraph\"><strong>Hur vi levererar din heta f\u00f6rs\u00e4ljning vattent\u00e4ta br\u00f6stv\u00e4skor:<\/strong><br \/>\n1\ufe0f\u20e3 V\u00e4lj bland 60+ b\u00e4sts\u00e4ljande designer eller skapa din egen<br \/>\n2\ufe0f\u20e3 Prototyp p\u00e5 3 dagar \u2192 godk\u00e4nna \u2192 massproducera<br \/>\n3\ufe0f\u20e3 S\u00e4nd via exportn\u00e4tverk f\u00f6r br\u00f6stv\u00e4skor (luft \/ sj\u00f6 \/ express)<\/p>\n<p class=\"ds-markdown-paragraph\"><strong>Varf\u00f6r v\u00e4lja oss?<\/strong><br \/>\n\u2705 10.000+ best\u00e4llningar fr\u00e5n tillverkare av br\u00f6stv\u00e4skor levererade globalt<br \/>\n\u2705 40% billigare \u00e4n leverant\u00f6rer i USA\/EU<br \/>\n\u2705 Support dygnet runt p\u00e5 5 spr\u00e5k (EN\/ES\/FR\/DE\/AR)<\/p>\n<p class=\"ds-markdown-paragraph\"><strong>\u00c4r du redo att rida p\u00e5 f\u00f6rs\u00e4ljningsv\u00e5gen?<\/strong><br \/>\n\ud83d\udc49\u00a0<strong>Gratis prover<\/strong>\u00a0\ud83d\udc49 15% ins\u00e4ttning \ud83d\udc49 Omedelbara citat<\/p>\n<\/div>\n<\/div>\n<\/div>\n<\/div>","protected":false},"excerpt":{"rendered":"<h2 data-immersive-translate-walked=\"344be1c1-5052-41eb-8fcd-0dbe236a0d6b\" data-immersive-translate-paragraph=\"1\">Hot Sale Vattent\u00e4t br\u00f6stv\u00e4ska<\/h2>\n<ul class=\"list-paddingleft-2\">\n<li>\u3010Flerfacksf\u00f6rdelning\u3011: V\u00e5ra gymv\u00e4skor f\u00f6r m\u00e4n har 3 blixtl\u00e5sfickor p\u00e5 utsidan, och den st\u00f6rsta blixtl\u00e5sfickan har 4 f\u00f6rvaringsfickor och en nyckelring inuti. Flerfacksdesignen kan tillgodose dina olika anv\u00e4ndningsbehov och b\u00e4ttre klassificera och lagra dina f\u00f6rem\u00e5l.<\/li>\n<li>\u3010Magnetisk design\u3011: Denna slingv\u00e4ska f\u00f6r m\u00e4n antar en magnetisk design som enkelt kan f\u00e4stas p\u00e5 metallytan. Det \u00e4r mycket bekv\u00e4mt att anv\u00e4nda i gymmet, golfbanan eller i det dagliga livet.<\/li>\n<li>\u3010Vattent\u00e4tt material\u3011: V\u00e5r crossbody-v\u00e4ska f\u00f6r m\u00e4n \u00e4r gjord av Oxford-tyg, som \u00e4r vattent\u00e4tt och h\u00e5llbart. L\u00e4tt att tv\u00e4tta, torka bara av det f\u00f6rsiktigt f\u00f6r att ta bort ytdamm.<\/li>\n<li>\u3010Liten storlek och stor kapacitet\u3011: Storleken p\u00e5 denna gymv\u00e4ska \u00e4r 5 in x 4 in x 8 in, vilket \u00e4r litet och b\u00e4rbart. Men kapaciteten \u00e4r tillr\u00e4ckligt stor f\u00f6r att m\u00f6ta dina dagliga lagringsbehov. Det \u00e4r bekv\u00e4mt f\u00f6r dig att lagra mobiltelefoner, nycklar, pl\u00e5nb\u00f6cker, h\u00f6rlurar etc.<\/li>\n<li>\u3010Avtagbar rem\u3011: V\u00e5r br\u00f6stv\u00e4ska f\u00f6r m\u00e4n levereras med en avtagbar axelrem, du kan v\u00e4lja att b\u00e4ra den \u00f6verkroppen, en axel eller handh\u00e5llen efter dina behov. Matcha dina olika stilar.<\/li>\n<\/ul>","protected":false},"featured_media":3285,"template":"","meta":{"_uag_custom_page_level_css":""},"product_brand":[],"product_cat":[61,56,67],"product_tag":[],"class_list":{"0":"post-3282","1":"product","2":"type-product","3":"status-publish","4":"has-post-thumbnail","6":"product_cat-chest-bag","7":"product_cat-gym-bag","8":"product_cat-sports-bag","10":"first","11":"instock","12":"shipping-taxable","13":"product-type-simple"},"uagb_featured_image_src":{"full":["https:\/\/pecbag.com\/wp-content\/uploads\/2025\/05\/Hot-Sale-Waterproof-Chest-Bag-1.jpeg",500,500,false],"thumbnail":["https:\/\/pecbag.com\/wp-content\/uploads\/2025\/05\/Hot-Sale-Waterproof-Chest-Bag-1-150x150.jpeg",150,150,true],"medium":["https:\/\/pecbag.com\/wp-content\/uploads\/2025\/05\/Hot-Sale-Waterproof-Chest-Bag-1-300x300.jpeg",300,300,true],"medium_large":["https:\/\/pecbag.com\/wp-content\/uploads\/2025\/05\/Hot-Sale-Waterproof-Chest-Bag-1.jpeg",500,500,false],"large":["https:\/\/pecbag.com\/wp-content\/uploads\/2025\/05\/Hot-Sale-Waterproof-Chest-Bag-1.jpeg",500,500,false],"1536x1536":["https:\/\/pecbag.com\/wp-content\/uploads\/2025\/05\/Hot-Sale-Waterproof-Chest-Bag-1.jpeg",500,500,false],"2048x2048":["https:\/\/pecbag.com\/wp-content\/uploads\/2025\/05\/Hot-Sale-Waterproof-Chest-Bag-1.jpeg",500,500,false],"trp-custom-language-flag":["https:\/\/pecbag.com\/wp-content\/uploads\/2025\/05\/Hot-Sale-Waterproof-Chest-Bag-1-12x12.jpeg",12,12,true],"woocommerce_thumbnail":["https:\/\/pecbag.com\/wp-content\/uploads\/2025\/05\/Hot-Sale-Waterproof-Chest-Bag-1-300x300.jpeg",300,300,true],"woocommerce_single":["https:\/\/pecbag.com\/wp-content\/uploads\/2025\/05\/Hot-Sale-Waterproof-Chest-Bag-1.jpeg",500,500,false],"woocommerce_gallery_thumbnail":["https:\/\/pecbag.com\/wp-content\/uploads\/2025\/05\/Hot-Sale-Waterproof-Chest-Bag-1-100x100.jpeg",100,100,true]},"uagb_author_info":{"display_name":"Lawrence","author_link":"https:\/\/pecbag.com\/se\/author\/"},"uagb_comment_info":0,"uagb_excerpt":"Hot Sale Waterproof Chest Bag \u3010Multi-Pocket Partition\u3011: Our gym bags for men have 3 zipper pockets on the outside, and the largest zipper pocket has 4 storage pockets and a key chain inside. The multi-pocket design can meet your different usage needs and better classify and store your items. \u3010Magnetic Design\u3011: This sling bag for&hellip;","_links":{"self":[{"href":"https:\/\/pecbag.com\/se\/wp-json\/wp\/v2\/product\/3282","targetHints":{"allow":["GET"]}}],"collection":[{"href":"https:\/\/pecbag.com\/se\/wp-json\/wp\/v2\/product"}],"about":[{"href":"https:\/\/pecbag.com\/se\/wp-json\/wp\/v2\/types\/product"}],"wp:featuredmedia":[{"embeddable":true,"href":"https:\/\/pecbag.com\/se\/wp-json\/wp\/v2\/media\/3285"}],"wp:attachment":[{"href":"https:\/\/pecbag.com\/se\/wp-json\/wp\/v2\/media?parent=3282"}],"wp:term":[{"taxonomy":"product_brand","embeddable":true,"href":"https:\/\/pecbag.com\/se\/wp-json\/wp\/v2\/product_brand?post=3282"},{"taxonomy":"product_cat","embeddable":true,"href":"https:\/\/pecbag.com\/se\/wp-json\/wp\/v2\/product_cat?post=3282"},{"taxonomy":"product_tag","embeddable":true,"href":"https:\/\/pecbag.com\/se\/wp-json\/wp\/v2\/product_tag?post=3282"}],"curies":[{"name":"wp","href":"https:\/\/api.w.org\/{rel}","templated":true}]}}