{"id":3289,"date":"2025-05-26T03:41:44","date_gmt":"2025-05-26T03:41:44","guid":{"rendered":"https:\/\/pecbag.com\/?post_type=product&#038;p=3289"},"modified":"2025-11-29T02:03:20","modified_gmt":"2025-11-29T02:03:20","slug":"fishing-tackle-storage-chest-bag","status":"publish","type":"product","link":"https:\/\/pecbag.com\/se\/fishing-tackle-storage-chest-bag\/","title":{"rendered":"F\u00f6rvaringsv\u00e4ska f\u00f6r fiskeredskap"},"content":{"rendered":"<h5 title=\"Vikbar hundv\u00e4ska Andningsbar axelv\u00e4ska f\u00f6r husdjur i mesh f\u00f6r sm\u00e5 husdjur Hundar Katter\" data-immersive-translate-walked=\"1c928421-2e42-4cd3-8754-5404553c0af5\" data-immersive-translate-paragraph=\"1\" data-spm-anchor-id=\"a2700.details.0.i35.4f6757d4w4zNZA\">Fiske Tackle Storage Chest Bag Tillverkare | Vattent\u00e4t v\u00e4ska fabrik &amp; ryggs\u00e4ck leverant\u00f6r | Bulk OEM<\/h5>\n<div class=\"flex flex-grow flex-col max-w-full\">\n<div class=\"min-h-[20px] text-message flex w-full flex-col items-end gap-2 whitespace-pre-wrap break-words [.text-message+&amp;]:mt-5 overflow-x-auto\" dir=\"auto\" data-message-author-role=\"assistant\" data-message-id=\"3d7d46f6-7ec2-4222-9257-48fa0bba23c6\" data-suggestions=\"true\">\n<div class=\"flex w-full flex-col gap-1 empty:hidden first:pt-[3px]\">\n<div class=\"markdown prose w-full break-words dark:prose-invert light\">\n<p>Beh\u00f6ver du f\u00f6rvaringsv\u00e4skor f\u00f6r fiskeredskap som h\u00e5ller beten torra och utrustningen organiserad? Som en ledande vattent\u00e4t v\u00e4skfabrik och ryggs\u00e4ckstillverkare i Kina specialiserar vi oss p\u00e5 br\u00f6stv\u00e4skor f\u00f6r f\u00f6rvaring av fiskeredskap som \u00e4r utformade f\u00f6r sportfiskare, fiskem\u00e4rken och br\u00f6stv\u00e4skegrossister \u00f6ver hela v\u00e4rlden!<\/p>\n<table width=\"288\">\n<tbody>\n<tr>\n<td width=\"137\"><span style=\"color: #333333;\">Produkter Namn<\/span><\/td>\n<td width=\"151\"><span style=\"color: #333333;\">Br\u00f6stkorgsv\u00e4ska<\/span><\/td>\n<\/tr>\n<tr>\n<td><span style=\"color: #333333;\">Artikel nr.<\/span><\/td>\n<td><span style=\"color: #333333;\">PB-2042<\/span><\/td>\n<\/tr>\n<tr>\n<td><span style=\"color: #333333;\">Material<\/span><\/td>\n<td>1000D nylon<\/td>\n<\/tr>\n<tr>\n<td><span style=\"color: #333333;\">Storlek<\/span><\/td>\n<td>11,8*9*6,3 tum<\/td>\n<\/tr>\n<tr>\n<td><span style=\"color: #333333;\">\u00a0Leveranstid<\/span><\/td>\n<td><span style=\"color: #333333;\">1-5 dagar f\u00f6r liten m\u00e4ngd med flyg och 30-35 dagar f\u00f6r stor m\u00e4ngd till sj\u00f6ss<\/span><\/td>\n<\/tr>\n<\/tbody>\n<\/table>\n<p class=\"ds-markdown-paragraph\">\u2705\u00a0<strong>Varf\u00f6r v\u00e5r fiske Tackle Storage Chest Bags Hook Sales:<\/strong><\/p>\n<ul>\n<li>\n<p class=\"ds-markdown-paragraph\"><strong>Vattent\u00e4ta krigare<\/strong>: S\u00f6mf\u00f6rseglad TPU-bel\u00e4ggning + dr\u00e4neringsventiler - \u00f6verlever st\u00e4nk fr\u00e5n b\u00e5tar och regniga dagar!<\/p>\n<\/li>\n<li>\n<p class=\"ds-markdown-paragraph\"><strong>Design med fokus p\u00e5 sportfiskare<\/strong>: 8+ modul\u00e4ra fack - f\u00f6rvara krokar, linor, verktyg och bete utan trassel.<\/p>\n<\/li>\n<li>\n<p class=\"ds-markdown-paragraph\"><strong>F\u00f6rm\u00e5ner vid bulkorder<\/strong>: Producera br\u00f6stv\u00e4ska bulkbest\u00e4llningar (MOQ 50st) med br\u00f6stv\u00e4ska ODM \/ OEM eller privat etikett p\u00e5 10 dagar!<\/p>\n<\/li>\n<li>\n<p class=\"ds-markdown-paragraph\"><strong>Kina Kostnadskant<\/strong>: Som en topp br\u00f6stv\u00e4ska Kina leverant\u00f6r, kvalitet m\u00f6ter oslagbar priss\u00e4ttning.<\/p>\n<\/li>\n<\/ul>\n<p class=\"ds-markdown-paragraph\"><strong>Funktioner Sportfiskare \u00e4lskar:<\/strong><br \/>\n\ud83d\udd39 Korrosionsbest\u00e4ndiga blixtl\u00e5s + rostfria D-ringar (redo f\u00f6r saltvatten!)<br \/>\n\ud83d\udd39 Snabbtorkande n\u00e4tfickor + remmar f\u00f6r sp\u00f6h\u00e5llare<br \/>\n\ud83d\udd39 Reflekterande kant f\u00f6r s\u00e4kerhet i gryning\/skymning<br \/>\n\ud83d\udd39 OEKO-TEX-certifierad - inga kemiska lukter som skr\u00e4mmer fisken<\/p>\n<p class=\"ds-markdown-paragraph\"><strong>Perfekt f\u00f6r:<\/strong><\/p>\n<ul>\n<li>\n<p class=\"ds-markdown-paragraph\">Butiker f\u00f6r fiskeutrustning och f\u00f6rs\u00e4ljare av br\u00f6stv\u00e4skor<\/p>\n<\/li>\n<li>\n<p class=\"ds-markdown-paragraph\">Marina leverant\u00f6rer &amp; br\u00f6stv\u00e4skor grossister<\/p>\n<\/li>\n<li>\n<p class=\"ds-markdown-paragraph\">Varum\u00e4rkena bygger egna kollektioner av br\u00f6stv\u00e4skor<\/p>\n<\/li>\n<\/ul>\n<p class=\"ds-markdown-paragraph\"><strong>Hur vi tillverkar dina v\u00e4skor f\u00f6r f\u00f6rvaringskista f\u00f6r fiskeutrustning:<\/strong><br \/>\n1\ufe0f\u20e3 V\u00e4lj bland 30+ designer som godk\u00e4nts av sportfiskare eller skr\u00e4ddarsy din egen<br \/>\n2\ufe0f\u20e3 Prototyp p\u00e5 5 dagar \u2192 test \u2192 massproduktion<br \/>\n3\ufe0f\u20e3 Levereras via exportn\u00e4tverk f\u00f6r br\u00f6stv\u00e4skor (DDP\/DAP tillg\u00e4ngligt)<\/p>\n<p class=\"ds-markdown-paragraph\"><strong>Varf\u00f6r vi \u00e4r din #1 br\u00f6stv\u00e4ska Kina tillverkare:<\/strong><br \/>\n\u2705 12+ \u00e5rs expertis inom tillverkning av br\u00f6stv\u00e4skor<br \/>\n\u2705 50% tjockare vattent\u00e4t bel\u00e4ggning j\u00e4mf\u00f6rt med konkurrenter<br \/>\n\u2705 Support dygnet runt p\u00e5 engelska, japanska och spanska<\/p>\n<p class=\"ds-markdown-paragraph\"><strong>\u00c4r du redo att ta hem st\u00f6rre vinster?<\/strong><br \/>\n\ud83d\udc49\u00a0<strong>Gratis prover<\/strong>\u00a0\ud83d\udc49 20% ins\u00e4ttning \ud83d\udc49 24h citat<\/p>\n<\/div>\n<\/div>\n<\/div>\n<\/div>","protected":false},"excerpt":{"rendered":"<h2 data-immersive-translate-walked=\"344be1c1-5052-41eb-8fcd-0dbe236a0d6b\" data-immersive-translate-paragraph=\"1\">F\u00f6rvaringsv\u00e4ska f\u00f6r fiskeredskap<\/h2>\n<ol class=\"list-paddingleft-2\">\n<li>Storleken p\u00e5 fiskeredskapsv\u00e4skan \u00e4r 11,8 * 9 * 6,3 tum. Det finns flera fack d\u00e4r du kan f\u00f6rvara bete, t\u00e5ng, tr\u00e5d, en betesl\u00e5da, en pl\u00e5nbok, en telefon och andra tillbeh\u00f6r. G\u00f6r din resa mer bekv\u00e4m.<\/li>\n<li>Axelremmen \u00e4r justerbar och avtagbar, du kan anv\u00e4nda den p\u00e5 flera s\u00e4tt, t.ex. som axelv\u00e4ska, handv\u00e4ska, br\u00f6stv\u00e4ska, fiskev\u00e4ska, Crossbody Bag etc.<\/li>\n<\/ol>","protected":false},"featured_media":3290,"template":"","meta":{"_uag_custom_page_level_css":""},"product_brand":[],"product_cat":[61,46],"product_tag":[],"class_list":{"0":"post-3289","1":"product","2":"type-product","3":"status-publish","4":"has-post-thumbnail","6":"product_cat-chest-bag","7":"product_cat-fishing-bag","9":"first","10":"instock","11":"shipping-taxable","12":"product-type-simple"},"uagb_featured_image_src":{"full":["https:\/\/pecbag.com\/wp-content\/uploads\/2025\/05\/Fishing-Tackle-Storage-Chest-Bag.jpeg",1053,1500,false],"thumbnail":["https:\/\/pecbag.com\/wp-content\/uploads\/2025\/05\/Fishing-Tackle-Storage-Chest-Bag-150x150.jpeg",150,150,true],"medium":["https:\/\/pecbag.com\/wp-content\/uploads\/2025\/05\/Fishing-Tackle-Storage-Chest-Bag-211x300.jpeg",211,300,true],"medium_large":["https:\/\/pecbag.com\/wp-content\/uploads\/2025\/05\/Fishing-Tackle-Storage-Chest-Bag-768x1094.jpeg",768,1094,true],"large":["https:\/\/pecbag.com\/wp-content\/uploads\/2025\/05\/Fishing-Tackle-Storage-Chest-Bag-719x1024.jpeg",719,1024,true],"1536x1536":["https:\/\/pecbag.com\/wp-content\/uploads\/2025\/05\/Fishing-Tackle-Storage-Chest-Bag.jpeg",1053,1500,false],"2048x2048":["https:\/\/pecbag.com\/wp-content\/uploads\/2025\/05\/Fishing-Tackle-Storage-Chest-Bag.jpeg",1053,1500,false],"trp-custom-language-flag":["https:\/\/pecbag.com\/wp-content\/uploads\/2025\/05\/Fishing-Tackle-Storage-Chest-Bag-8x12.jpeg",8,12,true],"woocommerce_thumbnail":["https:\/\/pecbag.com\/wp-content\/uploads\/2025\/05\/Fishing-Tackle-Storage-Chest-Bag-300x300.jpeg",300,300,true],"woocommerce_single":["https:\/\/pecbag.com\/wp-content\/uploads\/2025\/05\/Fishing-Tackle-Storage-Chest-Bag-600x855.jpeg",600,855,true],"woocommerce_gallery_thumbnail":["https:\/\/pecbag.com\/wp-content\/uploads\/2025\/05\/Fishing-Tackle-Storage-Chest-Bag-100x100.jpeg",100,100,true]},"uagb_author_info":{"display_name":"Lawrence","author_link":"https:\/\/pecbag.com\/se\/author\/"},"uagb_comment_info":0,"uagb_excerpt":"Fishing Tackle Storage Chest Bag The size of the fishing gear bag is 11.8*9*6.3in. There are multiple compartments for you to store bait, pliers, wire, a bait box, a wallet, a phone, and other accessories. Make your travel more convenient. The shoulder strap is adjustable and detachable, you can have multiple ways to use it,&hellip;","_links":{"self":[{"href":"https:\/\/pecbag.com\/se\/wp-json\/wp\/v2\/product\/3289","targetHints":{"allow":["GET"]}}],"collection":[{"href":"https:\/\/pecbag.com\/se\/wp-json\/wp\/v2\/product"}],"about":[{"href":"https:\/\/pecbag.com\/se\/wp-json\/wp\/v2\/types\/product"}],"wp:featuredmedia":[{"embeddable":true,"href":"https:\/\/pecbag.com\/se\/wp-json\/wp\/v2\/media\/3290"}],"wp:attachment":[{"href":"https:\/\/pecbag.com\/se\/wp-json\/wp\/v2\/media?parent=3289"}],"wp:term":[{"taxonomy":"product_brand","embeddable":true,"href":"https:\/\/pecbag.com\/se\/wp-json\/wp\/v2\/product_brand?post=3289"},{"taxonomy":"product_cat","embeddable":true,"href":"https:\/\/pecbag.com\/se\/wp-json\/wp\/v2\/product_cat?post=3289"},{"taxonomy":"product_tag","embeddable":true,"href":"https:\/\/pecbag.com\/se\/wp-json\/wp\/v2\/product_tag?post=3289"}],"curies":[{"name":"wp","href":"https:\/\/api.w.org\/{rel}","templated":true}]}}