{"id":3303,"date":"2025-05-26T06:44:09","date_gmt":"2025-05-26T06:44:09","guid":{"rendered":"https:\/\/pecbag.com\/?post_type=product&#038;p=3303"},"modified":"2025-11-29T02:03:03","modified_gmt":"2025-11-29T02:03:03","slug":"eco-friendly-tpu-fishing-chest-bag","status":"publish","type":"product","link":"https:\/\/pecbag.com\/se\/eco-friendly-tpu-fishing-chest-bag\/","title":{"rendered":"Milj\u00f6v\u00e4nlig TPU fiskev\u00e4ska f\u00f6r br\u00f6stet"},"content":{"rendered":"<h5 title=\"Vikbar hundv\u00e4ska Andningsbar axelv\u00e4ska f\u00f6r husdjur i mesh f\u00f6r sm\u00e5 husdjur Hundar Katter\" data-immersive-translate-walked=\"1c928421-2e42-4cd3-8754-5404553c0af5\" data-immersive-translate-paragraph=\"1\" data-spm-anchor-id=\"a2700.details.0.i35.4f6757d4w4zNZA\">Milj\u00f6v\u00e4nlig TPU fiske br\u00f6stv\u00e4ska tillverkare | vattent\u00e4t v\u00e4ska fabrik och ryggs\u00e4ck leverant\u00f6r<\/h5>\n<div class=\"flex flex-grow flex-col max-w-full\">\n<div class=\"min-h-[20px] text-message flex w-full flex-col items-end gap-2 whitespace-pre-wrap break-words [.text-message+&amp;]:mt-5 overflow-x-auto\" dir=\"auto\" data-message-author-role=\"assistant\" data-message-id=\"3d7d46f6-7ec2-4222-9257-48fa0bba23c6\" data-suggestions=\"true\">\n<div class=\"flex w-full flex-col gap-1 empty:hidden first:pt-[3px]\">\n<div class=\"markdown prose w-full break-words dark:prose-invert light\">\n<p>Beh\u00f6ver du milj\u00f6v\u00e4nliga TPU-fiskev\u00e4skor som skyddar utrustningen och planeten? Som en toppfabrik f\u00f6r vattent\u00e4ta v\u00e4skor och ryggs\u00e4ckstillverkare i Kina specialiserar vi oss p\u00e5 milj\u00f6v\u00e4nliga TPU-fiskev\u00e4skor designade f\u00f6r milj\u00f6medvetna sportfiskare, fiskem\u00e4rken och grossister f\u00f6r br\u00f6stv\u00e4skor \u00f6ver hela v\u00e4rlden!<\/p>\n<table width=\"288\">\n<tbody>\n<tr>\n<td width=\"137\"><span style=\"color: #333333;\">Produkter Namn<\/span><\/td>\n<td width=\"151\"><span style=\"color: #333333;\">Br\u00f6stkorgsv\u00e4ska<\/span><\/td>\n<\/tr>\n<tr>\n<td><span style=\"color: #333333;\">Artikel nr.<\/span><\/td>\n<td><span style=\"color: #333333;\">PB-2044<\/span><\/td>\n<\/tr>\n<tr>\n<td><span style=\"color: #333333;\">Material<\/span><\/td>\n<td>Milj\u00f6v\u00e4nlig TPU<\/td>\n<\/tr>\n<tr>\n<td><span style=\"color: #333333;\">Storlek<\/span><\/td>\n<td>23*12*36 cm<\/td>\n<\/tr>\n<tr>\n<td><span style=\"color: #333333;\">\u00a0Leveranstid<\/span><\/td>\n<td><span style=\"color: #333333;\">1-5 dagar f\u00f6r liten m\u00e4ngd med flyg och 30-35 dagar f\u00f6r stor m\u00e4ngd till sj\u00f6ss<\/span><\/td>\n<\/tr>\n<\/tbody>\n<\/table>\n<p class=\"ds-markdown-paragraph\">\u2705\u00a0<strong>Varf\u00f6r v\u00e5ra milj\u00f6v\u00e4nliga TPU-fiskev\u00e4skor vinner:<\/strong><\/p>\n<ul>\n<li>\n<p class=\"ds-markdown-paragraph\"><strong>Havss\u00e4kra material<\/strong>: 100% \u00e5tervinningsbar TPU + giftfria f\u00e4rg\u00e4mnen - \u00f6verlever saltvattenstormar utan att skada det marina livet!<\/p>\n<\/li>\n<li>\n<p class=\"ds-markdown-paragraph\"><strong>Design godk\u00e4nd av sportfiskare<\/strong>: 6+ rostfria fack - f\u00f6rvara beten, verktyg och beten utan l\u00e4ckage eller lukt.<\/p>\n<\/li>\n<li>\n<p class=\"ds-markdown-paragraph\"><strong>Klar f\u00f6r bulkbest\u00e4llning<\/strong>: Producera br\u00f6stv\u00e4ska bulkbest\u00e4llningar (MOQ 50st) via br\u00f6stv\u00e4ska ODM \/ OEM eller privat etikett p\u00e5 10 dagar!<\/p>\n<\/li>\n<li>\n<p class=\"ds-markdown-paragraph\"><strong>Kina Kostnadskant<\/strong>: Som en ledande br\u00f6stv\u00e4ska Kina leverant\u00f6r levererar vi premium h\u00e5llbarhet till fabrikspriser.<\/p>\n<\/li>\n<\/ul>\n<p class=\"ds-markdown-paragraph\"><strong>Funktioner som f\u00e5ngar kunderna:<\/strong><br \/>\n\ud83d\udd39 Saltvattens\u00e4kra dragkedjor + snabbtorkande n\u00e4tfickor<br \/>\n\ud83d\udd39 Justerbara remmar (passar vadare eller fritidskl\u00e4der) + \u00f6glor f\u00f6r sp\u00f6h\u00e5llare<br \/>\n\ud83d\udd39 Reflekterande kant f\u00f6r s\u00e4kerhet i gryning\/skymning (CE-certifierad)<br \/>\n\ud83d\udd39 OEKO-TEX-certifierad - 100% fiskv\u00e4nlig och biologiskt nedbrytbar<\/p>\n<p class=\"ds-markdown-paragraph\"><strong>Perfekt f\u00f6r:<\/strong><\/p>\n<ul>\n<li>\n<p class=\"ds-markdown-paragraph\">Milj\u00f6v\u00e4nliga fiskem\u00e4rken och f\u00f6rs\u00e4ljare av br\u00f6stv\u00e4skor<\/p>\n<\/li>\n<li>\n<p class=\"ds-markdown-paragraph\">\u00c5terf\u00f6rs\u00e4ljare av marina produkter &amp; grossister f\u00f6r br\u00f6stv\u00e4skor<\/p>\n<\/li>\n<li>\n<p class=\"ds-markdown-paragraph\">Nystartade f\u00f6retag bygger ekologiska linjer f\u00f6r privata varum\u00e4rken f\u00f6r br\u00f6stv\u00e4skor<\/p>\n<\/li>\n<\/ul>\n<p class=\"ds-markdown-paragraph\"><strong>Hur vi tillverkar dina milj\u00f6v\u00e4nliga TPU-fiskev\u00e4skor:<\/strong><br \/>\n1\ufe0f\u20e3 V\u00e4lj bland 40+ h\u00e5llbara designer eller skr\u00e4ddarsy din egen<br \/>\n2\ufe0f\u20e3 Prototyp p\u00e5 5 dagar \u2192 testa i verkliga fiskef\u00f6rh\u00e5llanden \u2192 producera<br \/>\n3\ufe0f\u20e3 S\u00e4nd via exportn\u00e4tverk f\u00f6r br\u00f6stv\u00e4skor (flyg\/sj\u00f6\/j\u00e4rnv\u00e4g)<\/p>\n<p class=\"ds-markdown-paragraph\"><strong>Varf\u00f6r vi \u00e4r ditt #1-val:<\/strong><br \/>\n\u2705 8+ \u00e5rs expertis inom tillverkning av br\u00f6stv\u00e4skor i milj\u00f6material<br \/>\n\u2705 30% starkare TPU j\u00e4mf\u00f6rt med standardalternativ i PVC<br \/>\n\u2705 Support dygnet runt p\u00e5 engelska, japanska och spanska<\/p>\n<p class=\"ds-markdown-paragraph\"><strong>\u00c4r du redo att kasta ut ett n\u00e4t f\u00f6r gr\u00f6nare vinster?<\/strong><br \/>\n\ud83d\udc49\u00a0<strong>Gratis prover<\/strong>\u00a0\ud83d\udc49 15% ins\u00e4ttning \ud83d\udc49 24h citat<\/p>\n<\/div>\n<\/div>\n<\/div>\n<\/div>","protected":false},"excerpt":{"rendered":"<h2 data-immersive-translate-walked=\"344be1c1-5052-41eb-8fcd-0dbe236a0d6b\" data-immersive-translate-paragraph=\"1\">Milj\u00f6v\u00e4nlig TPU fiskev\u00e4ska f\u00f6r br\u00f6stet<\/h2>\n<p>Vi erbjuder premiumv\u00e4skor med full storlek och f\u00e4rganpassning, slitstarka tyger och certifierad kvalitet.<\/p>\n<p>Vi erbjuder flexibla MOQ:er, snabb global leverans och private label-l\u00f6sningar.<\/p>\n<p>Kontakta oss redan idag!<\/p>","protected":false},"featured_media":3308,"template":"","meta":{"_uag_custom_page_level_css":""},"product_brand":[],"product_cat":[61],"product_tag":[],"class_list":{"0":"post-3303","1":"product","2":"type-product","3":"status-publish","4":"has-post-thumbnail","6":"product_cat-chest-bag","8":"first","9":"instock","10":"shipping-taxable","11":"product-type-simple"},"uagb_featured_image_src":{"full":["https:\/\/pecbag.com\/wp-content\/uploads\/2025\/05\/Eco-friendly-TPU-Fishing-Chest-Bag-4.jpg",1000,1000,false],"thumbnail":["https:\/\/pecbag.com\/wp-content\/uploads\/2025\/05\/Eco-friendly-TPU-Fishing-Chest-Bag-4-150x150.jpg",150,150,true],"medium":["https:\/\/pecbag.com\/wp-content\/uploads\/2025\/05\/Eco-friendly-TPU-Fishing-Chest-Bag-4-300x300.jpg",300,300,true],"medium_large":["https:\/\/pecbag.com\/wp-content\/uploads\/2025\/05\/Eco-friendly-TPU-Fishing-Chest-Bag-4-768x768.jpg",768,768,true],"large":["https:\/\/pecbag.com\/wp-content\/uploads\/2025\/05\/Eco-friendly-TPU-Fishing-Chest-Bag-4.jpg",800,800,false],"1536x1536":["https:\/\/pecbag.com\/wp-content\/uploads\/2025\/05\/Eco-friendly-TPU-Fishing-Chest-Bag-4.jpg",1000,1000,false],"2048x2048":["https:\/\/pecbag.com\/wp-content\/uploads\/2025\/05\/Eco-friendly-TPU-Fishing-Chest-Bag-4.jpg",1000,1000,false],"trp-custom-language-flag":["https:\/\/pecbag.com\/wp-content\/uploads\/2025\/05\/Eco-friendly-TPU-Fishing-Chest-Bag-4-12x12.jpg",12,12,true],"woocommerce_thumbnail":["https:\/\/pecbag.com\/wp-content\/uploads\/2025\/05\/Eco-friendly-TPU-Fishing-Chest-Bag-4-300x300.jpg",300,300,true],"woocommerce_single":["https:\/\/pecbag.com\/wp-content\/uploads\/2025\/05\/Eco-friendly-TPU-Fishing-Chest-Bag-4-600x600.jpg",600,600,true],"woocommerce_gallery_thumbnail":["https:\/\/pecbag.com\/wp-content\/uploads\/2025\/05\/Eco-friendly-TPU-Fishing-Chest-Bag-4-100x100.jpg",100,100,true]},"uagb_author_info":{"display_name":"Lawrence","author_link":"https:\/\/pecbag.com\/se\/author\/"},"uagb_comment_info":0,"uagb_excerpt":"Eco-friendly TPU Fishing Chest Bag We provide premium bags with full-size and color customization, durable fabrics, and certified quality. Enjoy flexible MOQs, fast global shipping, and private label solutions. Contact us today!","_links":{"self":[{"href":"https:\/\/pecbag.com\/se\/wp-json\/wp\/v2\/product\/3303","targetHints":{"allow":["GET"]}}],"collection":[{"href":"https:\/\/pecbag.com\/se\/wp-json\/wp\/v2\/product"}],"about":[{"href":"https:\/\/pecbag.com\/se\/wp-json\/wp\/v2\/types\/product"}],"wp:featuredmedia":[{"embeddable":true,"href":"https:\/\/pecbag.com\/se\/wp-json\/wp\/v2\/media\/3308"}],"wp:attachment":[{"href":"https:\/\/pecbag.com\/se\/wp-json\/wp\/v2\/media?parent=3303"}],"wp:term":[{"taxonomy":"product_brand","embeddable":true,"href":"https:\/\/pecbag.com\/se\/wp-json\/wp\/v2\/product_brand?post=3303"},{"taxonomy":"product_cat","embeddable":true,"href":"https:\/\/pecbag.com\/se\/wp-json\/wp\/v2\/product_cat?post=3303"},{"taxonomy":"product_tag","embeddable":true,"href":"https:\/\/pecbag.com\/se\/wp-json\/wp\/v2\/product_tag?post=3303"}],"curies":[{"name":"wp","href":"https:\/\/api.w.org\/{rel}","templated":true}]}}