{"id":3339,"date":"2025-05-26T08:11:40","date_gmt":"2025-05-26T08:11:40","guid":{"rendered":"https:\/\/pecbag.com\/?post_type=product&#038;p=3339"},"modified":"2025-11-29T02:00:59","modified_gmt":"2025-11-29T02:00:59","slug":"stethoscope-organizer-belt-pocket-waist-bag","status":"publish","type":"product","link":"https:\/\/pecbag.com\/se\/stethoscope-organizer-belt-pocket-waist-bag\/","title":{"rendered":"Stetoskoporganisat\u00f6r B\u00e4ltesficka Midjev\u00e4ska"},"content":{"rendered":"<h5 title=\"Vikbar hundv\u00e4ska Andningsbar axelv\u00e4ska f\u00f6r husdjur i mesh f\u00f6r sm\u00e5 husdjur Hundar Katter\" data-immersive-translate-walked=\"1c928421-2e42-4cd3-8754-5404553c0af5\" data-immersive-translate-paragraph=\"1\" data-spm-anchor-id=\"a2700.details.0.i35.4f6757d4w4zNZA\">Stetoskop organisat\u00f6r b\u00e4ltesficka midjev\u00e4skor | Vattent\u00e4t v\u00e4ska fabrik och ryggs\u00e4ck tillverkare - medicinska korsv\u00e4ska l\u00f6sningar<\/h5>\n<div class=\"flex flex-grow flex-col max-w-full\">\n<div class=\"min-h-[20px] text-message flex w-full flex-col items-end gap-2 whitespace-pre-wrap break-words [.text-message+&amp;]:mt-5 overflow-x-auto\" dir=\"auto\" data-message-author-role=\"assistant\" data-message-id=\"3d7d46f6-7ec2-4222-9257-48fa0bba23c6\" data-suggestions=\"true\">\n<div class=\"flex w-full flex-col gap-1 empty:hidden first:pt-[3px]\">\n<div class=\"markdown prose w-full break-words dark:prose-invert light\">\n<table width=\"288\">\n<tbody>\n<tr>\n<td width=\"137\"><span style=\"color: #333333;\">Produkter Namn<\/span><\/td>\n<td width=\"151\"><span style=\"color: #333333;\">Crossbody-v\u00e4ska<\/span><\/td>\n<\/tr>\n<tr>\n<td><span style=\"color: #333333;\">Artikel nr.<\/span><\/td>\n<td><span style=\"color: #333333;\">PB-2049<\/span><\/td>\n<\/tr>\n<tr>\n<td><span style=\"color: #333333;\">Material<\/span><\/td>\n<td>600D polyester<\/td>\n<\/tr>\n<tr>\n<td><span style=\"color: #333333;\">Storlek<\/span><\/td>\n<td>17,5 x 24 cm<\/td>\n<\/tr>\n<tr>\n<td><span style=\"color: #333333;\">\u00a0Leveranstid<\/span><\/td>\n<td><span style=\"color: #333333;\">1-5 dagar f\u00f6r liten m\u00e4ngd med flyg och 30-35 dagar f\u00f6r stor m\u00e4ngd till sj\u00f6ss<\/span><\/td>\n<\/tr>\n<\/tbody>\n<\/table>\n<p>Som en professionell tillverkare av crossbody-v\u00e4skor och vattent\u00e4t v\u00e4skfabrik i Kina \u00e4r vi specialiserade p\u00e5 att producera medicinska stetoskoparrang\u00f6rsb\u00e4lteficka midjev\u00e4skor f\u00f6r v\u00e5rdpersonal. V\u00e5rt crossbody bag-f\u00f6retag erbjuder:<\/p>\n<p>\u2705 <strong>HIPAA-kompatibla organiseringsv\u00e4skor<\/strong> med antimikrobiellt foder (500D PVC-belagd nylon)<br \/>\n\u2705 <strong>Medicinska midjev\u00e4skor med tryck<\/strong> med stetoskop\u00f6glor och instrumentfickor<br \/>\n\u2705 <strong>OEM\/ODM-tj\u00e4nster<\/strong> f\u00f6r crossbody-v\u00e4skor med eget m\u00e4rke (MOQ 50st)<br \/>\n\u2705 <strong>Produktion av medicinska p\u00e5sar i bulk<\/strong> med 10 dagars snabb leverans<\/p>\n<p>Betrodd av crossbody bag grossister och sjukhusleverant\u00f6rer \u00f6ver hela v\u00e4rlden. Viktiga funktioner inkluderar:<br \/>\n- Vattent\u00e4ta blixtl\u00e5s och ytor som kan torkas av<br \/>\n- RFID-blockerande fack f\u00f6r s\u00e4ker f\u00f6rvaring<br \/>\n- Justerbara midjeremmar (28-52 tum)<\/p>\n<p><strong>Varf\u00f6r samarbeta med v\u00e5r crossbody v\u00e4ska fabrik\uff1f<\/strong><br \/>\n\ud83d\udd39 15 \u00e5r som ledande export\u00f6r av crossbody-v\u00e4skor fr\u00e5n Kina<br \/>\n\ud83d\udd39 CE\/FDA-certifieringar f\u00f6r medicintekniska produkter tillg\u00e4ngliga<br \/>\n\ud83d\udd39 Gratis prototyputveckling med din logotyp<br \/>\n\ud83d\udd39 FOB\/DDP-frakt med st\u00f6d f\u00f6r tullklarering<\/p>\n<p>Beg\u00e4r gratisprover av v\u00e5ra midjev\u00e4skor f\u00f6r stetoskoparrang\u00f6rer eller f\u00e5 omedelbar priss\u00e4ttning. S\u00e4ljare av korsbandsv\u00e4skor sparar 15% p\u00e5 best\u00e4llningar \u00f6ver 1 000 enheter.<\/p>\n<\/div>\n<\/div>\n<\/div>\n<\/div>","protected":false},"excerpt":{"rendered":"<h2 data-immersive-translate-walked=\"344be1c1-5052-41eb-8fcd-0dbe236a0d6b\" data-immersive-translate-paragraph=\"1\">Stetoskoporganisat\u00f6r B\u00e4ltesficka Midjev\u00e4ska<\/h2>\n<div>\n<p>Multifunktionsfickor ger mer utrymme - Perfekt v\u00e5rdv\u00e4ska f\u00f6r att organisera ofta anv\u00e4nda v\u00e5rdtillbeh\u00f6r, t.ex. pennor, mark\u00f6rer, bandagesaxar etc.<\/p>\n<\/div>","protected":false},"featured_media":3341,"template":"","meta":{"_uag_custom_page_level_css":""},"product_brand":[],"product_cat":[62],"product_tag":[],"class_list":{"0":"post-3339","1":"product","2":"type-product","3":"status-publish","4":"has-post-thumbnail","6":"product_cat-crossbody-bags","8":"first","9":"instock","10":"shipping-taxable","11":"product-type-simple"},"uagb_featured_image_src":{"full":["https:\/\/pecbag.com\/wp-content\/uploads\/2025\/05\/Stethoscope-Organizer-Belt-Pocket-Waist-Bag-6.jpeg",940,940,false],"thumbnail":["https:\/\/pecbag.com\/wp-content\/uploads\/2025\/05\/Stethoscope-Organizer-Belt-Pocket-Waist-Bag-6-150x150.jpeg",150,150,true],"medium":["https:\/\/pecbag.com\/wp-content\/uploads\/2025\/05\/Stethoscope-Organizer-Belt-Pocket-Waist-Bag-6-300x300.jpeg",300,300,true],"medium_large":["https:\/\/pecbag.com\/wp-content\/uploads\/2025\/05\/Stethoscope-Organizer-Belt-Pocket-Waist-Bag-6-768x768.jpeg",768,768,true],"large":["https:\/\/pecbag.com\/wp-content\/uploads\/2025\/05\/Stethoscope-Organizer-Belt-Pocket-Waist-Bag-6.jpeg",800,800,false],"1536x1536":["https:\/\/pecbag.com\/wp-content\/uploads\/2025\/05\/Stethoscope-Organizer-Belt-Pocket-Waist-Bag-6.jpeg",940,940,false],"2048x2048":["https:\/\/pecbag.com\/wp-content\/uploads\/2025\/05\/Stethoscope-Organizer-Belt-Pocket-Waist-Bag-6.jpeg",940,940,false],"trp-custom-language-flag":["https:\/\/pecbag.com\/wp-content\/uploads\/2025\/05\/Stethoscope-Organizer-Belt-Pocket-Waist-Bag-6-12x12.jpeg",12,12,true],"woocommerce_thumbnail":["https:\/\/pecbag.com\/wp-content\/uploads\/2025\/05\/Stethoscope-Organizer-Belt-Pocket-Waist-Bag-6-300x300.jpeg",300,300,true],"woocommerce_single":["https:\/\/pecbag.com\/wp-content\/uploads\/2025\/05\/Stethoscope-Organizer-Belt-Pocket-Waist-Bag-6-600x600.jpeg",600,600,true],"woocommerce_gallery_thumbnail":["https:\/\/pecbag.com\/wp-content\/uploads\/2025\/05\/Stethoscope-Organizer-Belt-Pocket-Waist-Bag-6-100x100.jpeg",100,100,true]},"uagb_author_info":{"display_name":"Lawrence","author_link":"https:\/\/pecbag.com\/se\/author\/"},"uagb_comment_info":0,"uagb_excerpt":"Stethoscope Organizer Belt Pocket Waist Bag Multifunction Pockets Offer More Room - Perfect nursing bag to organize frequently used nursing supplies, such as pens, markers, bandage scissors, etc.","_links":{"self":[{"href":"https:\/\/pecbag.com\/se\/wp-json\/wp\/v2\/product\/3339","targetHints":{"allow":["GET"]}}],"collection":[{"href":"https:\/\/pecbag.com\/se\/wp-json\/wp\/v2\/product"}],"about":[{"href":"https:\/\/pecbag.com\/se\/wp-json\/wp\/v2\/types\/product"}],"wp:featuredmedia":[{"embeddable":true,"href":"https:\/\/pecbag.com\/se\/wp-json\/wp\/v2\/media\/3341"}],"wp:attachment":[{"href":"https:\/\/pecbag.com\/se\/wp-json\/wp\/v2\/media?parent=3339"}],"wp:term":[{"taxonomy":"product_brand","embeddable":true,"href":"https:\/\/pecbag.com\/se\/wp-json\/wp\/v2\/product_brand?post=3339"},{"taxonomy":"product_cat","embeddable":true,"href":"https:\/\/pecbag.com\/se\/wp-json\/wp\/v2\/product_cat?post=3339"},{"taxonomy":"product_tag","embeddable":true,"href":"https:\/\/pecbag.com\/se\/wp-json\/wp\/v2\/product_tag?post=3339"}],"curies":[{"name":"wp","href":"https:\/\/api.w.org\/{rel}","templated":true}]}}