{"id":3347,"date":"2025-05-26T08:27:18","date_gmt":"2025-05-26T08:27:18","guid":{"rendered":"https:\/\/pecbag.com\/?post_type=product&#038;p=3347"},"modified":"2025-11-29T02:00:53","modified_gmt":"2025-11-29T02:00:53","slug":"waterproof-multi-functional-travel-sport-backpack","status":"publish","type":"product","link":"https:\/\/pecbag.com\/se\/waterproof-multi-functional-travel-sport-backpack\/","title":{"rendered":"Vattent\u00e4t multifunktionell ryggs\u00e4ck f\u00f6r resor och sport"},"content":{"rendered":"<h5 title=\"Vikbar hundv\u00e4ska Andningsbar axelv\u00e4ska f\u00f6r husdjur i mesh f\u00f6r sm\u00e5 husdjur Hundar Katter\" data-immersive-translate-walked=\"1c928421-2e42-4cd3-8754-5404553c0af5\" data-immersive-translate-paragraph=\"1\" data-spm-anchor-id=\"a2700.details.0.i35.4f6757d4w4zNZA\">Vattent\u00e4ta multifunktionella resesportryggs\u00e4ckar | Vattent\u00e4t v\u00e4skfabrik och ryggs\u00e4ckstillverkare - Bulk Duffel Bag Solutions<\/h5>\n<div class=\"flex flex-grow flex-col max-w-full\">\n<div class=\"min-h-[20px] text-message flex w-full flex-col items-end gap-2 whitespace-pre-wrap break-words [.text-message+&amp;]:mt-5 overflow-x-auto\" dir=\"auto\" data-message-author-role=\"assistant\" data-message-id=\"3d7d46f6-7ec2-4222-9257-48fa0bba23c6\" data-suggestions=\"true\">\n<div class=\"flex w-full flex-col gap-1 empty:hidden first:pt-[3px]\">\n<div class=\"markdown prose w-full break-words dark:prose-invert light\">\n<p>Beh\u00f6ver du taktiska camping ryggs\u00e4ck duffelv\u00e4skor som \u00f6verlever det vilda? Vi \u00e4r en vattent\u00e4t v\u00e4skfabrik och ryggs\u00e4ckstillverkare i Kina som tillverkar robusta multifunktionella v\u00e4skor f\u00f6r utomhusm\u00e4rken, milit\u00e4rer och globala grossister!<\/p>\n<table width=\"288\">\n<tbody>\n<tr>\n<td width=\"137\"><span style=\"color: #333333;\">Produkter Namn<\/span><\/td>\n<td width=\"151\"><span style=\"color: #333333;\">L\u00e4gerv\u00e4ska<\/span><\/td>\n<\/tr>\n<tr>\n<td><span style=\"color: #333333;\">Artikel nr.<\/span><\/td>\n<td><span style=\"color: #333333;\">PB-2050<\/span><\/td>\n<\/tr>\n<tr>\n<td><span style=\"color: #333333;\">Material<\/span><\/td>\n<td>Ripstop med l\u00e4derbel\u00e4ggning<\/td>\n<\/tr>\n<tr>\n<td><span style=\"color: #333333;\">Storlek<\/span><\/td>\n<td>32L*16W*50H CM<\/td>\n<\/tr>\n<tr>\n<td><span style=\"color: #333333;\">\u00a0Leveranstid<\/span><\/td>\n<td><span style=\"color: #333333;\">1-5 dagar f\u00f6r liten m\u00e4ngd med flyg och 30-35 dagar f\u00f6r stor m\u00e4ngd till sj\u00f6ss<\/span><\/td>\n<\/tr>\n<\/tbody>\n<\/table>\n<p>Som Kinas ledande tillverkare av duffelv\u00e4skor och vattent\u00e4ta v\u00e4skfabriker \u00e4r vi specialiserade p\u00e5 att producera tunga vattent\u00e4ta multifunktionella resesportryggs\u00e4ckar f\u00f6r globala varum\u00e4rken. V\u00e5rt duffelbagf\u00f6retag erbjuder:<\/p>\n<p>\u2705 <strong>30L-90L vattent\u00e4ta ryggs\u00e4ckar<\/strong> med TPU-f\u00f6rseglade s\u00f6mmar (500D-1000D nylon)<br \/>\n\u2705 <strong>Duffelv\u00e4skor med tryck<\/strong> med avtagbara hjul och kompressionsremmar<br \/>\n\u2705 <strong>OEM\/ODM-tj\u00e4nster<\/strong> f\u00f6r <strong>sportryggs\u00e4ckar med eget m\u00e4rke<\/strong><br \/>\n\u2705 <strong>Produktion av duffelv\u00e4skor i bulk<\/strong> med 15 dagars snabb leveranstid<\/p>\n<p>Betrodda av duffelbaggrossister och \u00e5terf\u00f6rs\u00e4ljare av friluftsprodukter \u00f6ver hela v\u00e4rlden. Viktiga funktioner inkluderar:<br \/>\n- Flygbolagsgodk\u00e4nda dimensioner f\u00f6r handbagage<br \/>\n- 360\u00b0 reflekterande remsor f\u00f6r s\u00e4kerhet p\u00e5 natten<br \/>\n- Avtagbara v\u00e5t-\/torrfack<\/p>\n<p><strong>Varf\u00f6r v\u00e4lja v\u00e5r duffelv\u00e4ska fabrik \uff1a<\/strong><br \/>\n\ud83d\udd39 12 \u00e5r som ledande export\u00f6r av duffelv\u00e4skor fr\u00e5n Kina<br \/>\n\ud83d\udd39 IPX6 vattent\u00e4thetscertifierad och n\u00f6tningsbest\u00e4ndig<br \/>\n\ud83d\udd39 Gratis 3D-designst\u00f6d med din logotyp<br \/>\n\ud83d\udd39 FOB\/DDP-frakt med REACH-\u00f6verensst\u00e4mmelse<\/p>\n<p>Beg\u00e4r gratisprover av v\u00e5ra vattent\u00e4ta multifunktionella reses\u00e4ckar eller f\u00e5 omedelbara offerter. Leverant\u00f6rer av duffelv\u00e4skor har 18% rabatt p\u00e5 best\u00e4llningar \u00f6ver 2 000 enheter.<\/p>\n<\/div>\n<\/div>\n<\/div>\n<\/div>","protected":false},"excerpt":{"rendered":"<h2 data-immersive-translate-walked=\"344be1c1-5052-41eb-8fcd-0dbe236a0d6b\" data-immersive-translate-paragraph=\"1\">Vattent\u00e4t multifunktionell ryggs\u00e4ck f\u00f6r resor och sport<\/h2>\n<p>1. Stor storlek, upp till 10 multifunktionella fickor, ventilerande skop\u00e5se, sidodragkedjeficka, elastisk n\u00e4tficka, datorficka, glas\u00f6gonficka med flanellskydd inuti.<\/p>\n<p>2. Hela v\u00e4skan har en U-formad blixtl\u00e5sdesign, och det omv\u00e4nda blixtl\u00e5set \u00e4r vackrare och smidigare<\/p>\n<p>3. Tyget \u00e4r slitstarkt och vattenavvisande, svalt att ta p\u00e5 och fr\u00e4scht i f\u00e4rgen, ett m\u00e5ste f\u00f6r sommaren<\/p>","protected":false},"featured_media":3349,"template":"","meta":{"_uag_custom_page_level_css":""},"product_brand":[],"product_cat":[60,63,56,55],"product_tag":[],"class_list":{"0":"post-3347","1":"product","2":"type-product","3":"status-publish","4":"has-post-thumbnail","6":"product_cat-backpack","7":"product_cat-duffel-bag","8":"product_cat-gym-bag","9":"product_cat-tactical-bag","11":"first","12":"instock","13":"shipping-taxable","14":"product-type-simple"},"uagb_featured_image_src":{"full":["https:\/\/pecbag.com\/wp-content\/uploads\/2025\/05\/Waterproof-Multi-Functional-Travel-Sport-Backpack-1.jpeg",1000,1000,false],"thumbnail":["https:\/\/pecbag.com\/wp-content\/uploads\/2025\/05\/Waterproof-Multi-Functional-Travel-Sport-Backpack-1-150x150.jpeg",150,150,true],"medium":["https:\/\/pecbag.com\/wp-content\/uploads\/2025\/05\/Waterproof-Multi-Functional-Travel-Sport-Backpack-1-300x300.jpeg",300,300,true],"medium_large":["https:\/\/pecbag.com\/wp-content\/uploads\/2025\/05\/Waterproof-Multi-Functional-Travel-Sport-Backpack-1-768x768.jpeg",768,768,true],"large":["https:\/\/pecbag.com\/wp-content\/uploads\/2025\/05\/Waterproof-Multi-Functional-Travel-Sport-Backpack-1.jpeg",800,800,false],"1536x1536":["https:\/\/pecbag.com\/wp-content\/uploads\/2025\/05\/Waterproof-Multi-Functional-Travel-Sport-Backpack-1.jpeg",1000,1000,false],"2048x2048":["https:\/\/pecbag.com\/wp-content\/uploads\/2025\/05\/Waterproof-Multi-Functional-Travel-Sport-Backpack-1.jpeg",1000,1000,false],"trp-custom-language-flag":["https:\/\/pecbag.com\/wp-content\/uploads\/2025\/05\/Waterproof-Multi-Functional-Travel-Sport-Backpack-1-12x12.jpeg",12,12,true],"woocommerce_thumbnail":["https:\/\/pecbag.com\/wp-content\/uploads\/2025\/05\/Waterproof-Multi-Functional-Travel-Sport-Backpack-1-300x300.jpeg",300,300,true],"woocommerce_single":["https:\/\/pecbag.com\/wp-content\/uploads\/2025\/05\/Waterproof-Multi-Functional-Travel-Sport-Backpack-1-600x600.jpeg",600,600,true],"woocommerce_gallery_thumbnail":["https:\/\/pecbag.com\/wp-content\/uploads\/2025\/05\/Waterproof-Multi-Functional-Travel-Sport-Backpack-1-100x100.jpeg",100,100,true]},"uagb_author_info":{"display_name":"Lawrence","author_link":"https:\/\/pecbag.com\/se\/author\/"},"uagb_comment_info":0,"uagb_excerpt":"Waterproof Multi-Functional Travel Sport Backpack 1. Large size, up to 10 multifunctional pockets, breathable shoe bag, side zipper pocket, mesh elastic pocket, computer pocket, glasses pocket with flannel protection inside. 2. The whole bag has a U-shaped zipper design, and the reverse zipper is more beautiful and smoother 3. The fabric is durable and water-repellent,&hellip;","_links":{"self":[{"href":"https:\/\/pecbag.com\/se\/wp-json\/wp\/v2\/product\/3347","targetHints":{"allow":["GET"]}}],"collection":[{"href":"https:\/\/pecbag.com\/se\/wp-json\/wp\/v2\/product"}],"about":[{"href":"https:\/\/pecbag.com\/se\/wp-json\/wp\/v2\/types\/product"}],"wp:featuredmedia":[{"embeddable":true,"href":"https:\/\/pecbag.com\/se\/wp-json\/wp\/v2\/media\/3349"}],"wp:attachment":[{"href":"https:\/\/pecbag.com\/se\/wp-json\/wp\/v2\/media?parent=3347"}],"wp:term":[{"taxonomy":"product_brand","embeddable":true,"href":"https:\/\/pecbag.com\/se\/wp-json\/wp\/v2\/product_brand?post=3347"},{"taxonomy":"product_cat","embeddable":true,"href":"https:\/\/pecbag.com\/se\/wp-json\/wp\/v2\/product_cat?post=3347"},{"taxonomy":"product_tag","embeddable":true,"href":"https:\/\/pecbag.com\/se\/wp-json\/wp\/v2\/product_tag?post=3347"}],"curies":[{"name":"wp","href":"https:\/\/api.w.org\/{rel}","templated":true}]}}