{"id":3354,"date":"2025-05-26T08:39:17","date_gmt":"2025-05-26T08:39:17","guid":{"rendered":"https:\/\/pecbag.com\/?post_type=product&#038;p=3354"},"modified":"2025-11-29T02:00:48","modified_gmt":"2025-11-29T02:00:48","slug":"wholesale-fashion-large-capacity-duffel-bag","status":"publish","type":"product","link":"https:\/\/pecbag.com\/se\/wholesale-fashion-large-capacity-duffel-bag\/","title":{"rendered":"Partihandel Mode Duffelv\u00e4ska med stor kapacitet"},"content":{"rendered":"<h5 title=\"Vikbar hundv\u00e4ska Andningsbar axelv\u00e4ska f\u00f6r husdjur i mesh f\u00f6r sm\u00e5 husdjur Hundar Katter\" data-immersive-translate-walked=\"1c928421-2e42-4cd3-8754-5404553c0af5\" data-immersive-translate-paragraph=\"1\" data-spm-anchor-id=\"a2700.details.0.i35.4f6757d4w4zNZA\">Partihandel mode stor kapacitet duffelv\u00e4skor | vattent\u00e4t v\u00e4ska fabrik &amp; ryggs\u00e4ck tillverkare - Bulk OEM-l\u00f6sningar<\/h5>\n<div class=\"flex flex-grow flex-col max-w-full\">\n<div class=\"min-h-[20px] text-message flex w-full flex-col items-end gap-2 whitespace-pre-wrap break-words [.text-message+&amp;]:mt-5 overflow-x-auto\" dir=\"auto\" data-message-author-role=\"assistant\" data-message-id=\"3d7d46f6-7ec2-4222-9257-48fa0bba23c6\" data-suggestions=\"true\">\n<div class=\"flex w-full flex-col gap-1 empty:hidden first:pt-[3px]\">\n<div class=\"markdown prose w-full break-words dark:prose-invert light\">\n<table width=\"288\">\n<tbody>\n<tr>\n<td width=\"137\"><span style=\"color: #333333;\">Produkter Namn<\/span><\/td>\n<td width=\"151\">Duffelv\u00e4ska<\/td>\n<\/tr>\n<tr>\n<td><span style=\"color: #333333;\">Artikel nr.<\/span><\/td>\n<td><span style=\"color: #333333;\">PB-2051<\/span><\/td>\n<\/tr>\n<tr>\n<td><span style=\"color: #333333;\">Material<\/span><\/td>\n<td>600D polyester<\/td>\n<\/tr>\n<tr>\n<td><span style=\"color: #333333;\">Storlek<\/span><\/td>\n<td><span style=\"color: #333333;\">40,6 cm x 40,6 cm x 73,7 cm<\/span><\/td>\n<\/tr>\n<tr>\n<td><span style=\"color: #333333;\">\u00a0Leveranstid<\/span><\/td>\n<td><span style=\"color: #333333;\">1-5 dagar f\u00f6r liten m\u00e4ngd med flyg och 30-35 dagar f\u00f6r stor m\u00e4ngd till sj\u00f6ss<\/span><\/td>\n<\/tr>\n<\/tbody>\n<\/table>\n<p>Som en ledande tillverkare av duffelv\u00e4skor och vattent\u00e4t v\u00e4skfabrik i Kina specialiserar vi oss p\u00e5 att producera snygga grossistmode med stor kapacitet duffelv\u00e4skor f\u00f6r globala \u00e5terf\u00f6rs\u00e4ljare. V\u00e5rt duffelbagf\u00f6retag erbjuder:<\/p>\n<p>\u2705 <strong>100L extra stora duffelv\u00e4skor<\/strong> med expanderbara fack (600D PVC-belagd polyester)<br \/>\n\u2705 <strong>Duffelv\u00e4skor med anpassad mode<\/strong> med 200+ Pantone-f\u00e4rgalternativ (MOQ 50st)<br \/>\n\u2705 <strong>ODM\/OEM-tj\u00e4nster<\/strong> f\u00f6r <strong>duffelv\u00e4skor med eget m\u00e4rke<\/strong><br \/>\n\u2705 <strong>Produktion av duffelv\u00e4skor i bulk<\/strong> med 12 dagars snabb leverans<\/p>\n<p>Betrodd av duffelv\u00e4skor grossister och modem\u00e4rken \u00f6ver hela v\u00e4rlden. Funktioner inkluderar:<br \/>\n- Vattent\u00e4ta blixtl\u00e5s och rivt\u00e5ligt tyg<br \/>\n- Avtagbara remmar och skofack<br \/>\n- Flygbolagsgodk\u00e4nda dimensioner f\u00f6r handbagage<\/p>\n<p><strong>Varf\u00f6r v\u00e4lja v\u00e5r duffelv\u00e4ska fabrik<\/strong>:<br \/>\n\ud83d\udd39 10+ \u00e5r som ledande export\u00f6r av duffelv\u00e4skor fr\u00e5n Kina<br \/>\n\ud83d\udd39 Gratis st\u00f6d f\u00f6r 3D-design och utveckling av prover<br \/>\n\ud83d\udd39 FOB \/ DDP-frakt med REACH-certifieringar<br \/>\n\ud83d\udd39 15% rabatt p\u00e5 grossistorder \u00f6ver 2.000 enheter<\/p>\n<p>Beg\u00e4r gratisprover av v\u00e5ra duffelv\u00e4skor med stor kapacitet eller f\u00e5 omedelbara offerter. Duffelbagleverant\u00f6rer f\u00e5r prioriterad tillg\u00e5ng till s\u00e4songskampanjpriser.<\/p>\n<\/div>\n<\/div>\n<\/div>\n<\/div>","protected":false},"excerpt":{"rendered":"<h2 data-immersive-translate-walked=\"344be1c1-5052-41eb-8fcd-0dbe236a0d6b\" data-immersive-translate-paragraph=\"1\">Partihandel Mode Duffelv\u00e4ska med stor kapacitet<\/h2>\n<p>Vi erbjuder premiumv\u00e4skor med full storlek och f\u00e4rganpassning, slitstarka tyger och certifierad kvalitet.<\/p>\n<p>Vi erbjuder flexibla MOQ:er, snabb global leverans och private label-l\u00f6sningar.<\/p>\n<p>Kontakta oss redan idag!<\/p>","protected":false},"featured_media":3360,"template":"","meta":{"_uag_custom_page_level_css":""},"product_brand":[],"product_cat":[63,56,67],"product_tag":[],"class_list":{"0":"post-3354","1":"product","2":"type-product","3":"status-publish","4":"has-post-thumbnail","6":"product_cat-duffel-bag","7":"product_cat-gym-bag","8":"product_cat-sports-bag","10":"first","11":"instock","12":"shipping-taxable","13":"product-type-simple"},"uagb_featured_image_src":{"full":["https:\/\/pecbag.com\/wp-content\/uploads\/2025\/05\/Wholesale-Fashion-Large-Capacity-Duffel-Bag-4.jpeg",1500,1500,false],"thumbnail":["https:\/\/pecbag.com\/wp-content\/uploads\/2025\/05\/Wholesale-Fashion-Large-Capacity-Duffel-Bag-4-150x150.jpeg",150,150,true],"medium":["https:\/\/pecbag.com\/wp-content\/uploads\/2025\/05\/Wholesale-Fashion-Large-Capacity-Duffel-Bag-4-300x300.jpeg",300,300,true],"medium_large":["https:\/\/pecbag.com\/wp-content\/uploads\/2025\/05\/Wholesale-Fashion-Large-Capacity-Duffel-Bag-4-768x768.jpeg",768,768,true],"large":["https:\/\/pecbag.com\/wp-content\/uploads\/2025\/05\/Wholesale-Fashion-Large-Capacity-Duffel-Bag-4-1024x1024.jpeg",800,800,true],"1536x1536":["https:\/\/pecbag.com\/wp-content\/uploads\/2025\/05\/Wholesale-Fashion-Large-Capacity-Duffel-Bag-4.jpeg",1500,1500,false],"2048x2048":["https:\/\/pecbag.com\/wp-content\/uploads\/2025\/05\/Wholesale-Fashion-Large-Capacity-Duffel-Bag-4.jpeg",1500,1500,false],"trp-custom-language-flag":["https:\/\/pecbag.com\/wp-content\/uploads\/2025\/05\/Wholesale-Fashion-Large-Capacity-Duffel-Bag-4-12x12.jpeg",12,12,true],"woocommerce_thumbnail":["https:\/\/pecbag.com\/wp-content\/uploads\/2025\/05\/Wholesale-Fashion-Large-Capacity-Duffel-Bag-4-300x300.jpeg",300,300,true],"woocommerce_single":["https:\/\/pecbag.com\/wp-content\/uploads\/2025\/05\/Wholesale-Fashion-Large-Capacity-Duffel-Bag-4-600x600.jpeg",600,600,true],"woocommerce_gallery_thumbnail":["https:\/\/pecbag.com\/wp-content\/uploads\/2025\/05\/Wholesale-Fashion-Large-Capacity-Duffel-Bag-4-100x100.jpeg",100,100,true]},"uagb_author_info":{"display_name":"Lawrence","author_link":"https:\/\/pecbag.com\/se\/author\/"},"uagb_comment_info":0,"uagb_excerpt":"Wholesale Fashion Large Capacity Duffel Bag We provide premium bags with full-size and color customization, durable fabrics, and certified quality. Enjoy flexible MOQs, fast global shipping, and private label solutions. Contact us today!","_links":{"self":[{"href":"https:\/\/pecbag.com\/se\/wp-json\/wp\/v2\/product\/3354","targetHints":{"allow":["GET"]}}],"collection":[{"href":"https:\/\/pecbag.com\/se\/wp-json\/wp\/v2\/product"}],"about":[{"href":"https:\/\/pecbag.com\/se\/wp-json\/wp\/v2\/types\/product"}],"wp:featuredmedia":[{"embeddable":true,"href":"https:\/\/pecbag.com\/se\/wp-json\/wp\/v2\/media\/3360"}],"wp:attachment":[{"href":"https:\/\/pecbag.com\/se\/wp-json\/wp\/v2\/media?parent=3354"}],"wp:term":[{"taxonomy":"product_brand","embeddable":true,"href":"https:\/\/pecbag.com\/se\/wp-json\/wp\/v2\/product_brand?post=3354"},{"taxonomy":"product_cat","embeddable":true,"href":"https:\/\/pecbag.com\/se\/wp-json\/wp\/v2\/product_cat?post=3354"},{"taxonomy":"product_tag","embeddable":true,"href":"https:\/\/pecbag.com\/se\/wp-json\/wp\/v2\/product_tag?post=3354"}],"curies":[{"name":"wp","href":"https:\/\/api.w.org\/{rel}","templated":true}]}}