{"id":3361,"date":"2025-05-26T08:46:22","date_gmt":"2025-05-26T08:46:22","guid":{"rendered":"https:\/\/pecbag.com\/?post_type=product&#038;p=3361"},"modified":"2025-11-29T02:00:41","modified_gmt":"2025-11-29T02:00:41","slug":"durable-oxford-sports-travel-duffel-bag","status":"publish","type":"product","link":"https:\/\/pecbag.com\/se\/durable-oxford-sports-travel-duffel-bag\/","title":{"rendered":"H\u00e5llbar Oxford Sport Resv\u00e4ska Duffel Bag"},"content":{"rendered":"<h5 title=\"Vikbar hundv\u00e4ska Andningsbar axelv\u00e4ska f\u00f6r husdjur i mesh f\u00f6r sm\u00e5 husdjur Hundar Katter\" data-immersive-translate-walked=\"1c928421-2e42-4cd3-8754-5404553c0af5\" data-immersive-translate-paragraph=\"1\" data-spm-anchor-id=\"a2700.details.0.i35.4f6757d4w4zNZA\">H\u00e5llbara Oxford Sports Travel Duffel Bags | Vattent\u00e4t v\u00e4ska fabrik &amp; ryggs\u00e4ck tillverkare - Bulk OEM-l\u00f6sningar<\/h5>\n<div class=\"flex flex-grow flex-col max-w-full\">\n<div class=\"min-h-[20px] text-message flex w-full flex-col items-end gap-2 whitespace-pre-wrap break-words [.text-message+&amp;]:mt-5 overflow-x-auto\" dir=\"auto\" data-message-author-role=\"assistant\" data-message-id=\"3d7d46f6-7ec2-4222-9257-48fa0bba23c6\" data-suggestions=\"true\">\n<div class=\"flex w-full flex-col gap-1 empty:hidden first:pt-[3px]\">\n<div class=\"markdown prose w-full break-words dark:prose-invert light\">\n<table width=\"288\">\n<tbody>\n<tr>\n<td width=\"137\"><span style=\"color: #333333;\">Produkter Namn<\/span><\/td>\n<td width=\"151\">Duffelv\u00e4ska<\/td>\n<\/tr>\n<tr>\n<td><span style=\"color: #333333;\">Artikel nr.<\/span><\/td>\n<td><span style=\"color: #333333;\">PB-2052<\/span><\/td>\n<\/tr>\n<tr>\n<td><span style=\"color: #333333;\">Material<\/span><\/td>\n<td>Ripstop med l\u00e4derbel\u00e4ggning<\/td>\n<\/tr>\n<tr>\n<td><span style=\"color: #333333;\">Storlek och f\u00e4rg<\/span><\/td>\n<td><span style=\"color: #333333;\">Anpassad<\/span><\/td>\n<\/tr>\n<tr>\n<td><span style=\"color: #333333;\">\u00a0Leveranstid<\/span><\/td>\n<td><span style=\"color: #333333;\">1-5 dagar f\u00f6r liten m\u00e4ngd med flyg och 30-35 dagar f\u00f6r stor m\u00e4ngd till sj\u00f6ss<\/span><\/td>\n<\/tr>\n<\/tbody>\n<\/table>\n<p>Som en ledande Duffel-v\u00e4ska tillverkare och vattent\u00e4t v\u00e4ska fabrik i Kina, vi specialiserar oss p\u00e5 tunga, h\u00e5llbara Oxford sportresor duffelv\u00e4skor f\u00f6r globala distribut\u00f6rer. V\u00e5rt Duffel bag-f\u00f6retag tillhandah\u00e5ller:<\/p>\n<p>\u2705 <strong>Duffelv\u00e4skor i 1680D Oxford-tyg<\/strong> med vattent\u00e4t TPU-bel\u00e4ggning<br \/>\n\u2705 <strong>Duffelv\u00e4skor f\u00f6r sport med tryck<\/strong> med ventilerade skofack (MOQ 100 st)<br \/>\n\u2705 <strong>ODM\/OEM-tj\u00e4nster<\/strong> f\u00f6r <strong>duffelv\u00e4skor med eget m\u00e4rke<\/strong><br \/>\n\u2705 <strong>Produktion av duffelv\u00e4skor i bulk<\/strong> med 10 dagars snabb leverans<\/p>\n<p>Betrodda av Duffelbag-grossister och sportm\u00e4rken \u00f6ver hela v\u00e4rlden. Viktiga egenskaper:<br \/>\n- Milit\u00e4rklassade YKK-dragkedjor och f\u00f6rst\u00e4rkta stresspunkter<br \/>\n- Avtagbara ryggs\u00e4cksremmar och RFID-s\u00e4kra fickor<br \/>\n- Flygbolagsgodk\u00e4nd handbagagestorlek 22x14x9 tum<\/p>\n<p><strong>Varf\u00f6r v\u00e4lja v\u00e5r Duffel v\u00e4ska fabrik<\/strong>:<br \/>\n\ud83d\udd39 15+ \u00e5r som ledande export\u00f6r av duffelv\u00e4skor fr\u00e5n Kina<br \/>\n\ud83d\udd39 Gratis 3D-teknikpaketdesign med din logotyp<br \/>\n\ud83d\udd39 IP67 vattent\u00e4t certifierad och n\u00f6tningsbest\u00e4ndig<br \/>\n\ud83d\udd39 20% av best\u00e4llningar \u00f6ver 1 500 enheter f\u00f6r Duffel-v\u00e4skeleverant\u00f6rer<\/p>\n<p>Beg\u00e4r gratis prover av v\u00e5ra Oxford sportresor duffelv\u00e4skor eller f\u00e5 omedelbara offert. Duffelbagleverant\u00f6rer \u00e5tnjuter dedikerade QC-chefer och EXW \/ FOB-villkor.<\/p>\n<\/div>\n<\/div>\n<\/div>\n<\/div>","protected":false},"excerpt":{"rendered":"<h2 data-immersive-translate-walked=\"344be1c1-5052-41eb-8fcd-0dbe236a0d6b\" data-immersive-translate-paragraph=\"1\">H\u00e5llbar Oxford Sport Resv\u00e4ska Duffel Bag<\/h2>\n<p>Vi erbjuder premiumv\u00e4skor med full storlek och f\u00e4rganpassning, slitstarka tyger och certifierad kvalitet.<\/p>\n<p>Vi erbjuder flexibla MOQ:er, snabb global leverans och private label-l\u00f6sningar.<\/p>\n<p>Kontakta oss redan idag!<\/p>","protected":false},"featured_media":3366,"template":"","meta":{"_uag_custom_page_level_css":""},"product_brand":[],"product_cat":[63,56,67],"product_tag":[],"class_list":{"0":"post-3361","1":"product","2":"type-product","3":"status-publish","4":"has-post-thumbnail","6":"product_cat-duffel-bag","7":"product_cat-gym-bag","8":"product_cat-sports-bag","10":"first","11":"instock","12":"shipping-taxable","13":"product-type-simple"},"uagb_featured_image_src":{"full":["https:\/\/pecbag.com\/wp-content\/uploads\/2025\/05\/Durable-Oxford-Sports-Travel-Duffel-Bag-2.jpeg",1000,1000,false],"thumbnail":["https:\/\/pecbag.com\/wp-content\/uploads\/2025\/05\/Durable-Oxford-Sports-Travel-Duffel-Bag-2-150x150.jpeg",150,150,true],"medium":["https:\/\/pecbag.com\/wp-content\/uploads\/2025\/05\/Durable-Oxford-Sports-Travel-Duffel-Bag-2-300x300.jpeg",300,300,true],"medium_large":["https:\/\/pecbag.com\/wp-content\/uploads\/2025\/05\/Durable-Oxford-Sports-Travel-Duffel-Bag-2-768x768.jpeg",768,768,true],"large":["https:\/\/pecbag.com\/wp-content\/uploads\/2025\/05\/Durable-Oxford-Sports-Travel-Duffel-Bag-2.jpeg",800,800,false],"1536x1536":["https:\/\/pecbag.com\/wp-content\/uploads\/2025\/05\/Durable-Oxford-Sports-Travel-Duffel-Bag-2.jpeg",1000,1000,false],"2048x2048":["https:\/\/pecbag.com\/wp-content\/uploads\/2025\/05\/Durable-Oxford-Sports-Travel-Duffel-Bag-2.jpeg",1000,1000,false],"trp-custom-language-flag":["https:\/\/pecbag.com\/wp-content\/uploads\/2025\/05\/Durable-Oxford-Sports-Travel-Duffel-Bag-2-12x12.jpeg",12,12,true],"woocommerce_thumbnail":["https:\/\/pecbag.com\/wp-content\/uploads\/2025\/05\/Durable-Oxford-Sports-Travel-Duffel-Bag-2-300x300.jpeg",300,300,true],"woocommerce_single":["https:\/\/pecbag.com\/wp-content\/uploads\/2025\/05\/Durable-Oxford-Sports-Travel-Duffel-Bag-2-600x600.jpeg",600,600,true],"woocommerce_gallery_thumbnail":["https:\/\/pecbag.com\/wp-content\/uploads\/2025\/05\/Durable-Oxford-Sports-Travel-Duffel-Bag-2-100x100.jpeg",100,100,true]},"uagb_author_info":{"display_name":"Lawrence","author_link":"https:\/\/pecbag.com\/se\/author\/"},"uagb_comment_info":0,"uagb_excerpt":"Durable Oxford Sports Travel Duffel Bag We provide premium bags with full-size and color customization, durable fabrics, and certified quality. Enjoy flexible MOQs, fast global shipping, and private label solutions. Contact us today!","_links":{"self":[{"href":"https:\/\/pecbag.com\/se\/wp-json\/wp\/v2\/product\/3361","targetHints":{"allow":["GET"]}}],"collection":[{"href":"https:\/\/pecbag.com\/se\/wp-json\/wp\/v2\/product"}],"about":[{"href":"https:\/\/pecbag.com\/se\/wp-json\/wp\/v2\/types\/product"}],"wp:featuredmedia":[{"embeddable":true,"href":"https:\/\/pecbag.com\/se\/wp-json\/wp\/v2\/media\/3366"}],"wp:attachment":[{"href":"https:\/\/pecbag.com\/se\/wp-json\/wp\/v2\/media?parent=3361"}],"wp:term":[{"taxonomy":"product_brand","embeddable":true,"href":"https:\/\/pecbag.com\/se\/wp-json\/wp\/v2\/product_brand?post=3361"},{"taxonomy":"product_cat","embeddable":true,"href":"https:\/\/pecbag.com\/se\/wp-json\/wp\/v2\/product_cat?post=3361"},{"taxonomy":"product_tag","embeddable":true,"href":"https:\/\/pecbag.com\/se\/wp-json\/wp\/v2\/product_tag?post=3361"}],"curies":[{"name":"wp","href":"https:\/\/api.w.org\/{rel}","templated":true}]}}