{"id":3375,"date":"2025-05-26T09:33:23","date_gmt":"2025-05-26T09:33:23","guid":{"rendered":"https:\/\/pecbag.com\/?post_type=product&#038;p=3375"},"modified":"2025-11-29T02:00:28","modified_gmt":"2025-11-29T02:00:28","slug":"hot-selling-tackle-fishing-rod-bag","status":"publish","type":"product","link":"https:\/\/pecbag.com\/se\/hot-selling-tackle-fishing-rod-bag\/","title":{"rendered":"Hot Selling Tackle Fishing Rod Bag"},"content":{"rendered":"<h5 title=\"Vikbar hundv\u00e4ska Andningsbar axelv\u00e4ska f\u00f6r husdjur i mesh f\u00f6r sm\u00e5 husdjur Hundar Katter\" data-immersive-translate-walked=\"1c928421-2e42-4cd3-8754-5404553c0af5\" data-immersive-translate-paragraph=\"1\" data-spm-anchor-id=\"a2700.details.0.i35.4f6757d4w4zNZA\">Hot Selling Tackle Fishing Rod Bags | Vattent\u00e4t v\u00e4ska fabrik och ryggs\u00e4ck tillverkare - Bulk Fishing Gear Solutions<\/h5>\n<div class=\"flex flex-grow flex-col max-w-full\">\n<div class=\"min-h-[20px] text-message flex w-full flex-col items-end gap-2 whitespace-pre-wrap break-words [.text-message+&amp;]:mt-5 overflow-x-auto\" dir=\"auto\" data-message-author-role=\"assistant\" data-message-id=\"3d7d46f6-7ec2-4222-9257-48fa0bba23c6\" data-suggestions=\"true\">\n<div class=\"flex w-full flex-col gap-1 empty:hidden first:pt-[3px]\">\n<div class=\"markdown prose w-full break-words dark:prose-invert light\">\n<table width=\"288\">\n<tbody>\n<tr>\n<td width=\"137\"><span style=\"color: #333333;\">Produkter Namn<\/span><\/td>\n<td width=\"151\">Fiskev\u00e4ska<\/td>\n<\/tr>\n<tr>\n<td><span style=\"color: #333333;\">Artikel nr.<\/span><\/td>\n<td><span style=\"color: #333333;\">PB-2054<\/span><\/td>\n<\/tr>\n<tr>\n<td><span style=\"color: #333333;\">Material<\/span><\/td>\n<td>600D polyester<\/td>\n<\/tr>\n<tr>\n<td><span style=\"color: #333333;\">Storlek<\/span><\/td>\n<td>30*15*20cm<\/td>\n<\/tr>\n<tr>\n<td><span style=\"color: #333333;\">\u00a0Leveranstid<\/span><\/td>\n<td><span style=\"color: #333333;\">1-5 dagar f\u00f6r liten m\u00e4ngd med flyg och 30-35 dagar f\u00f6r stor m\u00e4ngd till sj\u00f6ss<\/span><\/td>\n<\/tr>\n<\/tbody>\n<\/table>\n<p>Som Kinas ledande tillverkare av fiskev\u00e4skor och vattent\u00e4ta v\u00e4skfabriker producerar vi premium heta s\u00e4ljande tacklingsfiskest\u00e5ngv\u00e4skor f\u00f6r globala distribut\u00f6rer. V\u00e5rt fiskev\u00e4skf\u00f6retag erbjuder:<\/p>\n<p>\u2705 <strong>V\u00e4skor med kapacitet f\u00f6r 3-7 st\u00e4nger<\/strong> med PVC-slangskydd och 600D Oxford-tyg<br \/>\n\u2705 <strong>Fiskev\u00e4skor med tryck<\/strong> med modul\u00e4ra tacklingsl\u00e5dor (MOQ 50st)<br \/>\n\u2705 <strong>OEM\/ODM-tj\u00e4nster<\/strong> f\u00f6r <strong>fiskeredskap under eget varum\u00e4rke<\/strong><br \/>\n\u2705 <strong>Produktion av fiskep\u00e5sar i bulk<\/strong> med 10 dagars snabb leverans<\/p>\n<p>Betrodda av fiskev\u00e4skgrossister och friluftsm\u00e4rken \u00f6ver hela v\u00e4rlden. Funktioner inkluderar:<br \/>\n- IPX5 vattent\u00e4ta blixtl\u00e5s och f\u00f6rst\u00e4rkta axelremmar<br \/>\n- Snabbtorkande n\u00e4tfickor och rostfria metallbeslag<br \/>\n- Konvertibla ryggs\u00e4ck\/crossbody-design<\/p>\n<p><strong>Varf\u00f6r v\u00e4lja v\u00e5r fiskev\u00e4ska fabrik<\/strong>:<br \/>\n\ud83d\udd39 12+ \u00e5r som ledande export\u00f6r av fiskev\u00e4skor fr\u00e5n Kina<br \/>\n\ud83d\udd39 Gratis 3D-design med din logotyp och ditt f\u00e4rgschema<br \/>\n\ud83d\udd39 CE\/SGS-certifieringar och DDP-leveransst\u00f6d<br \/>\n\ud83d\udd39 20% rabatt p\u00e5 best\u00e4llningar \u00f6ver 1.000 enheter f\u00f6r leverant\u00f6rer av fiskev\u00e4skor<\/p>\n<p>Beg\u00e4r gratisprover av v\u00e5ra fiskev\u00e4skor f\u00f6r fiskesp\u00f6n eller f\u00e5 omedelbara offerter. Fiskev\u00e4skeleverant\u00f6rer f\u00e5r prioriterade produktionstider och QC-rapporter.<\/p>\n<\/div>\n<\/div>\n<\/div>\n<\/div>","protected":false},"excerpt":{"rendered":"<h2 data-immersive-translate-walked=\"344be1c1-5052-41eb-8fcd-0dbe236a0d6b\" data-immersive-translate-paragraph=\"1\">Hot Selling Tackle Fishing Rod Bag<\/h2>\n<p>1. P\u00c5LITLIGT SKYDD: V\u00e5r fiskev\u00e4ska \u00e4r tillverkad av vattenbest\u00e4ndigt material f\u00f6r att s\u00e4kerst\u00e4lla att din utrustning f\u00f6rblir torr, s\u00e4ker och enkel<br \/>\natt komma \u00e5t.<\/p>\n<p>2. MYCKET RUM: Denna sp\u00f6- och redskapsbag \u00e4r byggd med \u00e5tta yttre avdelare f\u00f6r alla dina sp\u00f6n, rullar, flugor, linor och andra<br \/>\nUtrustning. Ta enkelt med dig allt du beh\u00f6ver till sj\u00f6n eller floden och oroa dig aldrig f\u00f6r att l\u00e4mna n\u00e5got kvar.<\/p>\n<p>3. B\u00c4RBAR: Ta tag i den och g\u00e5. Denna kombinerade v\u00e4ska f\u00f6r fiskesp\u00f6 har tv\u00e5 vadderade b\u00e4rhandtag och en avtagbar axelrem. Det \u00e4r l\u00e4tt att<br \/>\npacka in och ut och har robusta dragkedjor p\u00e5 ytterfickorna.<\/p>\n<p>4. VIKTIGA M\u00c5TT: Denna v\u00e4ska m\u00e4ter 31,5\u2033 x 9,5\u2033 x 6\u2033 p\u00e5 utsidan och har ett huvudfack som m\u00e4ter 30,5\u2033 x 8,75\u2033 x 3,75\u2033.<br \/>\nDen har den perfekta storleken f\u00f6r att h\u00e5lla allting organiserat och inom r\u00e4ckh\u00e5ll samtidigt som den \u00e4r l\u00e4tt att b\u00e4ra med sig.<\/p>","protected":false},"featured_media":3378,"template":"","meta":{"_uag_custom_page_level_css":""},"product_brand":[],"product_cat":[61,62,46],"product_tag":[],"class_list":{"0":"post-3375","1":"product","2":"type-product","3":"status-publish","4":"has-post-thumbnail","6":"product_cat-chest-bag","7":"product_cat-crossbody-bags","8":"product_cat-fishing-bag","10":"first","11":"instock","12":"shipping-taxable","13":"product-type-simple"},"uagb_featured_image_src":{"full":["https:\/\/pecbag.com\/wp-content\/uploads\/2025\/05\/Hot-Selling-Tackle-Fishing-Rod-Bag-2-scaled.jpg",2560,1920,false],"thumbnail":["https:\/\/pecbag.com\/wp-content\/uploads\/2025\/05\/Hot-Selling-Tackle-Fishing-Rod-Bag-2-150x150.jpg",150,150,true],"medium":["https:\/\/pecbag.com\/wp-content\/uploads\/2025\/05\/Hot-Selling-Tackle-Fishing-Rod-Bag-2-300x225.jpg",300,225,true],"medium_large":["https:\/\/pecbag.com\/wp-content\/uploads\/2025\/05\/Hot-Selling-Tackle-Fishing-Rod-Bag-2-768x576.jpg",768,576,true],"large":["https:\/\/pecbag.com\/wp-content\/uploads\/2025\/05\/Hot-Selling-Tackle-Fishing-Rod-Bag-2-1024x768.jpg",800,600,true],"1536x1536":["https:\/\/pecbag.com\/wp-content\/uploads\/2025\/05\/Hot-Selling-Tackle-Fishing-Rod-Bag-2-1536x1152.jpg",1536,1152,true],"2048x2048":["https:\/\/pecbag.com\/wp-content\/uploads\/2025\/05\/Hot-Selling-Tackle-Fishing-Rod-Bag-2-2048x1536.jpg",2048,1536,true],"trp-custom-language-flag":["https:\/\/pecbag.com\/wp-content\/uploads\/2025\/05\/Hot-Selling-Tackle-Fishing-Rod-Bag-2-16x12.jpg",16,12,true],"woocommerce_thumbnail":["https:\/\/pecbag.com\/wp-content\/uploads\/2025\/05\/Hot-Selling-Tackle-Fishing-Rod-Bag-2-300x300.jpg",300,300,true],"woocommerce_single":["https:\/\/pecbag.com\/wp-content\/uploads\/2025\/05\/Hot-Selling-Tackle-Fishing-Rod-Bag-2-600x450.jpg",600,450,true],"woocommerce_gallery_thumbnail":["https:\/\/pecbag.com\/wp-content\/uploads\/2025\/05\/Hot-Selling-Tackle-Fishing-Rod-Bag-2-100x100.jpg",100,100,true]},"uagb_author_info":{"display_name":"Lawrence","author_link":"https:\/\/pecbag.com\/se\/author\/"},"uagb_comment_info":0,"uagb_excerpt":"Hot Selling Tackle Fishing Rod Bag 1. RELIABLE PROTECTION: Our fishing bag is constructed of water-resistant material to ensure your gear stays dry, safe, and easy to access. 2. LOTS OF ROOM: This rod and tackle bag is built with eight exterior dividers for all of your rods, reels, flies, line, and other gear. Easily&hellip;","_links":{"self":[{"href":"https:\/\/pecbag.com\/se\/wp-json\/wp\/v2\/product\/3375","targetHints":{"allow":["GET"]}}],"collection":[{"href":"https:\/\/pecbag.com\/se\/wp-json\/wp\/v2\/product"}],"about":[{"href":"https:\/\/pecbag.com\/se\/wp-json\/wp\/v2\/types\/product"}],"wp:featuredmedia":[{"embeddable":true,"href":"https:\/\/pecbag.com\/se\/wp-json\/wp\/v2\/media\/3378"}],"wp:attachment":[{"href":"https:\/\/pecbag.com\/se\/wp-json\/wp\/v2\/media?parent=3375"}],"wp:term":[{"taxonomy":"product_brand","embeddable":true,"href":"https:\/\/pecbag.com\/se\/wp-json\/wp\/v2\/product_brand?post=3375"},{"taxonomy":"product_cat","embeddable":true,"href":"https:\/\/pecbag.com\/se\/wp-json\/wp\/v2\/product_cat?post=3375"},{"taxonomy":"product_tag","embeddable":true,"href":"https:\/\/pecbag.com\/se\/wp-json\/wp\/v2\/product_tag?post=3375"}],"curies":[{"name":"wp","href":"https:\/\/api.w.org\/{rel}","templated":true}]}}