{"id":3389,"date":"2025-05-26T10:00:36","date_gmt":"2025-05-26T10:00:36","guid":{"rendered":"https:\/\/pecbag.com\/?post_type=product&#038;p=3389"},"modified":"2025-11-29T02:00:22","modified_gmt":"2025-11-29T02:00:22","slug":"new-design-portable-large-fishing-cooler-bag","status":"publish","type":"product","link":"https:\/\/pecbag.com\/se\/new-design-portable-large-fishing-cooler-bag\/","title":{"rendered":"Ny design b\u00e4rbar stor kylv\u00e4ska f\u00f6r fiske"},"content":{"rendered":"<h5 title=\"Vikbar hundv\u00e4ska Andningsbar axelv\u00e4ska f\u00f6r husdjur i mesh f\u00f6r sm\u00e5 husdjur Hundar Katter\" data-immersive-translate-walked=\"1c928421-2e42-4cd3-8754-5404553c0af5\" data-immersive-translate-paragraph=\"1\" data-spm-anchor-id=\"a2700.details.0.i35.4f6757d4w4zNZA\">Ny design b\u00e4rbar stor fiskekylv\u00e4ska tillverkare | M\u00e5ngsidig husdjurskl\u00e4derfabrik och hundkl\u00e4dtillverkare | Bulk OEM<\/h5>\n<div class=\"flex flex-grow flex-col max-w-full\">\n<div class=\"min-h-[20px] text-message flex w-full flex-col items-end gap-2 whitespace-pre-wrap break-words [.text-message+&amp;]:mt-5 overflow-x-auto\" dir=\"auto\" data-message-author-role=\"assistant\" data-message-id=\"3d7d46f6-7ec2-4222-9257-48fa0bba23c6\" data-suggestions=\"true\">\n<div class=\"flex w-full flex-col gap-1 empty:hidden first:pt-[3px]\">\n<div class=\"markdown prose w-full break-words dark:prose-invert light\">\n<table width=\"288\">\n<tbody>\n<tr>\n<td width=\"137\"><span style=\"color: #333333;\">Produkter Namn<\/span><\/td>\n<td width=\"151\">Fiskev\u00e4ska<\/td>\n<\/tr>\n<tr>\n<td><span style=\"color: #333333;\">Artikel nr.<\/span><\/td>\n<td><span style=\"color: #333333;\">PB-210<\/span><\/td>\n<\/tr>\n<tr>\n<td><span style=\"color: #333333;\">Material<\/span><\/td>\n<td>500D presenning PVC<\/td>\n<\/tr>\n<tr>\n<td><span style=\"color: #333333;\">Storlek<\/span><\/td>\n<td>Acceptera anpassad<\/td>\n<\/tr>\n<tr>\n<td><span style=\"color: #333333;\">\u00a0Leveranstid<\/span><\/td>\n<td><span style=\"color: #333333;\">1-5 dagar f\u00f6r liten m\u00e4ngd med flyg och 30-35 dagar f\u00f6r stor m\u00e4ngd till sj\u00f6ss<\/span><\/td>\n<\/tr>\n<\/tbody>\n<\/table>\n<p class=\"ds-markdown-paragraph\">Beh\u00f6ver ny design b\u00e4rbara stora fiskekylv\u00e4skor som h\u00e5ller f\u00e5ngsterna fr\u00e4scha\u00a0<em>och<\/em>\u00a0redskap organiserad? Som en flerproduktsfabrik f\u00f6r husdjurskl\u00e4der och tillverkare av hundkl\u00e4der i Kina utnyttjar vi v\u00e5r expertis f\u00f6r att skapa premium Ny design b\u00e4rbar stor fiskekylv\u00e4ska - betrodd av fiskem\u00e4rken, utomhushandlare och fiskebaggrossister!<\/p>\n<p class=\"ds-markdown-paragraph\">\u2705\u00a0<strong>Varf\u00f6r sportfiskare och \u00e5terf\u00f6rs\u00e4ljare v\u00e4ljer oss:<\/strong><\/p>\n<ul>\n<li>\n<p class=\"ds-markdown-paragraph\"><strong>Isretention hela dagen<\/strong>: 5 cm eko-isolering + l\u00e4ckages\u00e4kra s\u00f6mmar - h\u00e5ller fisk\/kall dryck kyld 48+ timmar!<\/p>\n<\/li>\n<li>\n<p class=\"ds-markdown-paragraph\"><strong>Portabel men \u00e4nd\u00e5 rymlig<\/strong>: 60L kapacitet + f\u00e4llbara hjul\/teleskophandtag - dra tunga laster utan anstr\u00e4ngning.<\/p>\n<\/li>\n<li>\n<p class=\"ds-markdown-paragraph\"><strong>Klar f\u00f6r bulkbest\u00e4llning<\/strong>: Producera fiskev\u00e4ska bulkbest\u00e4llningar (MOQ 50st) via fiskev\u00e4ska ODM \/ OEM eller privat etikett p\u00e5 12 dagar!<\/p>\n<\/li>\n<li>\n<p class=\"ds-markdown-paragraph\"><strong>Kinas kostnadsf\u00f6rdelar<\/strong>: Som en topp Fiskev\u00e4ska Kina fabrik, pro-grade kvalitet m\u00f6ter oslagbar priss\u00e4ttning.<\/p>\n<\/li>\n<\/ul>\n<p class=\"ds-markdown-paragraph\"><strong>Funktioner som lockar till f\u00f6rs\u00e4ljning:<\/strong><br \/>\n\ud83d\udd39\u00a0<strong>Fiskspecifik design<\/strong>: Avtappningsplugg + l\u00f6stagbara betesbrickor + rostfri h\u00e5rdvara<br \/>\n\ud83d\udd39 Redskapsorganisation: 8+ modul\u00e4ra fack + sp\u00f6h\u00e5llare<br \/>\n\ud83d\udd39 1200D TPU-belagt skal (IPX6 vattent\u00e4tt) + rivt\u00e5lig bas<br \/>\n\ud83d\udd39 OEKO-TEX-certifierad interi\u00f6r - ingen kemisk smitta i f\u00e5ngsterna<\/p>\n<p class=\"ds-markdown-paragraph\"><strong>Perfekt f\u00f6r:<\/strong><\/p>\n<ul>\n<li>\n<p class=\"ds-markdown-paragraph\">Fiskeutrustningsbutiker &amp; f\u00f6rs\u00e4ljare av fiskev\u00e4skor<\/p>\n<\/li>\n<li>\n<p class=\"ds-markdown-paragraph\">Kedjor f\u00f6r utomhusbruk &amp; Fiskev\u00e4skor grossister<\/p>\n<\/li>\n<li>\n<p class=\"ds-markdown-paragraph\">Nystartade f\u00f6retag bygger egna varum\u00e4rken f\u00f6r Fishing Bag<\/p>\n<\/li>\n<\/ul>\n<p class=\"ds-markdown-paragraph\"><strong>Din produktionsresa:<\/strong><br \/>\n1\ufe0f\u20e3 Anpassa f\u00e4rger\/logotyp (eller v\u00e4lj 40+ fiskespecifika m\u00f6nster)<br \/>\n2\ufe0f\u20e3 Prototyp p\u00e5 6 dagar \u2192 vattenprov \u2192 massproduktion<br \/>\n3\ufe0f\u20e3 Fartyg via exportn\u00e4tverk f\u00f6r fiskep\u00e5sar (luft\/sj\u00f6 DDP \u00f6ver hela v\u00e4rlden)<\/p>\n<p class=\"ds-markdown-paragraph\"><strong>Fabrikslegitimation:<\/strong><br \/>\n\u2705 12+ \u00e5rs tillverkningsexpertis (utrustning f\u00f6r s\u00e4llskapsdjur + utomhusprodukter)<br \/>\n\u2705 30% tjockare isolering j\u00e4mf\u00f6rt med standardkylare<br \/>\n\u2705 Certifieringar: ISO 9001, SGS, BSCI<\/p>\n<p class=\"ds-markdown-paragraph\"><strong>Redo att ta hem st\u00f6rre order?<\/strong><br \/>\n\ud83d\udc49\u00a0<strong>Gratis vattentestade prover<\/strong>\u00a0\ud83d\udc49 15% ins\u00e4ttning \ud83d\udc49 24h citat<\/p>\n<\/div>\n<\/div>\n<\/div>\n<\/div>","protected":false},"excerpt":{"rendered":"<h2 data-immersive-translate-walked=\"344be1c1-5052-41eb-8fcd-0dbe236a0d6b\" data-immersive-translate-paragraph=\"1\">Ny design b\u00e4rbar stor kylv\u00e4ska f\u00f6r fiske<\/h2>\n<p>Vi erbjuder premiumv\u00e4skor med full storlek och f\u00e4rganpassning, slitstarka tyger och certifierad kvalitet.<\/p>\n<p>Vi erbjuder flexibla MOQ:er, snabb global leverans och private label-l\u00f6sningar.<\/p>\n<p>Kontakta oss redan idag!<\/p>","protected":false},"featured_media":4071,"template":"","meta":{"_uag_custom_page_level_css":""},"product_brand":[],"product_cat":[46,50],"product_tag":[],"class_list":{"0":"post-3389","1":"product","2":"type-product","3":"status-publish","4":"has-post-thumbnail","6":"product_cat-fishing-bag","7":"product_cat-cooler-bag","9":"first","10":"instock","11":"shipping-taxable","12":"product-type-simple"},"uagb_featured_image_src":{"full":["https:\/\/pecbag.com\/wp-content\/uploads\/2025\/06\/New-Design-Portable-Large-Fishing-Cooler-Bag-5.jpg",1000,1000,false],"thumbnail":["https:\/\/pecbag.com\/wp-content\/uploads\/2025\/06\/New-Design-Portable-Large-Fishing-Cooler-Bag-5-150x150.jpg",150,150,true],"medium":["https:\/\/pecbag.com\/wp-content\/uploads\/2025\/06\/New-Design-Portable-Large-Fishing-Cooler-Bag-5-300x300.jpg",300,300,true],"medium_large":["https:\/\/pecbag.com\/wp-content\/uploads\/2025\/06\/New-Design-Portable-Large-Fishing-Cooler-Bag-5-768x768.jpg",768,768,true],"large":["https:\/\/pecbag.com\/wp-content\/uploads\/2025\/06\/New-Design-Portable-Large-Fishing-Cooler-Bag-5.jpg",800,800,false],"1536x1536":["https:\/\/pecbag.com\/wp-content\/uploads\/2025\/06\/New-Design-Portable-Large-Fishing-Cooler-Bag-5.jpg",1000,1000,false],"2048x2048":["https:\/\/pecbag.com\/wp-content\/uploads\/2025\/06\/New-Design-Portable-Large-Fishing-Cooler-Bag-5.jpg",1000,1000,false],"trp-custom-language-flag":["https:\/\/pecbag.com\/wp-content\/uploads\/2025\/06\/New-Design-Portable-Large-Fishing-Cooler-Bag-5-12x12.jpg",12,12,true],"woocommerce_thumbnail":["https:\/\/pecbag.com\/wp-content\/uploads\/2025\/06\/New-Design-Portable-Large-Fishing-Cooler-Bag-5-300x300.jpg",300,300,true],"woocommerce_single":["https:\/\/pecbag.com\/wp-content\/uploads\/2025\/06\/New-Design-Portable-Large-Fishing-Cooler-Bag-5-600x600.jpg",600,600,true],"woocommerce_gallery_thumbnail":["https:\/\/pecbag.com\/wp-content\/uploads\/2025\/06\/New-Design-Portable-Large-Fishing-Cooler-Bag-5-100x100.jpg",100,100,true]},"uagb_author_info":{"display_name":"Lawrence","author_link":"https:\/\/pecbag.com\/se\/author\/"},"uagb_comment_info":0,"uagb_excerpt":"New Design Portable Large Fishing Cooler Bag We provide premium bags with full-size and color customization, durable fabrics, and certified quality. Enjoy flexible MOQs, fast global shipping, and private label solutions. Contact us today!","_links":{"self":[{"href":"https:\/\/pecbag.com\/se\/wp-json\/wp\/v2\/product\/3389","targetHints":{"allow":["GET"]}}],"collection":[{"href":"https:\/\/pecbag.com\/se\/wp-json\/wp\/v2\/product"}],"about":[{"href":"https:\/\/pecbag.com\/se\/wp-json\/wp\/v2\/types\/product"}],"wp:featuredmedia":[{"embeddable":true,"href":"https:\/\/pecbag.com\/se\/wp-json\/wp\/v2\/media\/4071"}],"wp:attachment":[{"href":"https:\/\/pecbag.com\/se\/wp-json\/wp\/v2\/media?parent=3389"}],"wp:term":[{"taxonomy":"product_brand","embeddable":true,"href":"https:\/\/pecbag.com\/se\/wp-json\/wp\/v2\/product_brand?post=3389"},{"taxonomy":"product_cat","embeddable":true,"href":"https:\/\/pecbag.com\/se\/wp-json\/wp\/v2\/product_cat?post=3389"},{"taxonomy":"product_tag","embeddable":true,"href":"https:\/\/pecbag.com\/se\/wp-json\/wp\/v2\/product_tag?post=3389"}],"curies":[{"name":"wp","href":"https:\/\/api.w.org\/{rel}","templated":true}]}}