{"id":3417,"date":"2025-05-27T00:57:12","date_gmt":"2025-05-27T00:57:12","guid":{"rendered":"https:\/\/pecbag.com\/?post_type=product&#038;p=3417"},"modified":"2025-11-29T01:59:06","modified_gmt":"2025-11-29T01:59:06","slug":"600d-oxford-fishing-pole-bag","status":"publish","type":"product","link":"https:\/\/pecbag.com\/se\/600d-oxford-fishing-pole-bag\/","title":{"rendered":"600D Oxford v\u00e4ska f\u00f6r fiskesp\u00f6"},"content":{"rendered":"<h5 title=\"Vikbar hundv\u00e4ska Andningsbar axelv\u00e4ska f\u00f6r husdjur i mesh f\u00f6r sm\u00e5 husdjur Hundar Katter\" data-immersive-translate-walked=\"1c928421-2e42-4cd3-8754-5404553c0af5\" data-immersive-translate-paragraph=\"1\" data-spm-anchor-id=\"a2700.details.0.i35.4f6757d4w4zNZA\">600D Oxford Fishing Pole Bags | Vattent\u00e4t v\u00e4ska fabrik och ryggs\u00e4ck tillverkare - Bulk Fishing Gear Solutions<\/h5>\n<div class=\"flex flex-grow flex-col max-w-full\">\n<div class=\"min-h-[20px] text-message flex w-full flex-col items-end gap-2 whitespace-pre-wrap break-words [.text-message+&amp;]:mt-5 overflow-x-auto\" dir=\"auto\" data-message-author-role=\"assistant\" data-message-id=\"3d7d46f6-7ec2-4222-9257-48fa0bba23c6\" data-suggestions=\"true\">\n<div class=\"flex w-full flex-col gap-1 empty:hidden first:pt-[3px]\">\n<div class=\"markdown prose w-full break-words dark:prose-invert light\">\n<table width=\"288\">\n<tbody>\n<tr>\n<td width=\"137\"><span style=\"color: #333333;\">Produkter Namn<\/span><\/td>\n<td width=\"151\">Fiskev\u00e4ska<\/td>\n<\/tr>\n<tr>\n<td><span style=\"color: #333333;\">Artikel nr.<\/span><\/td>\n<td><span style=\"color: #333333;\">PB-2057<\/span><\/td>\n<\/tr>\n<tr>\n<td><span style=\"color: #333333;\">Material<\/span><\/td>\n<td>600D Oxford<\/td>\n<\/tr>\n<tr>\n<td><span style=\"color: #333333;\">Storlek<\/span><\/td>\n<td>48,4\u2033L x 13,4\u2033D<\/td>\n<\/tr>\n<tr>\n<td><span style=\"color: #333333;\">\u00a0Leveranstid<\/span><\/td>\n<td><span style=\"color: #333333;\">1-5 dagar f\u00f6r liten m\u00e4ngd med flyg och 30-35 dagar f\u00f6r stor m\u00e4ngd till sj\u00f6ss<\/span><\/td>\n<\/tr>\n<\/tbody>\n<\/table>\n<p>Som Kinas ledande tillverkare av fiskev\u00e4skor och vattent\u00e4ta v\u00e4skfabriker tillverkar vi tunga 600D Oxford fiskest\u00e5ngsv\u00e4skor f\u00f6r globala sportfiskare. V\u00e5rt fiskev\u00e4skf\u00f6retag erbjuder:<\/p>\n<p>\u2705 <strong>Milit\u00e4rklassat 600D Oxford-tyg<\/strong> med vattent\u00e4t TPU-bel\u00e4ggning<br \/>\n\u2705 <strong>Anpassade sp\u00f6v\u00e4skor<\/strong> f\u00f6r 5-9 sp\u00f6n med f\u00f6rst\u00e4rkta spetsskydd (MOQ 50st)<br \/>\n\u2705 <strong>OEM\/ODM-tj\u00e4nster<\/strong> f\u00f6r <strong>fiskeredskap under eget varum\u00e4rke<\/strong><br \/>\n\u2705 <strong>Produktion av fiskep\u00e5sar i bulk<\/strong> med 12 dagars snabb leverans<\/p>\n<p>Betrodda av grossister och marina leverant\u00f6rer av fiskev\u00e4skor \u00f6ver hela v\u00e4rlden. Viktiga egenskaper:<br \/>\n- Vadderade axelremmar och system med kompressionsremmar<br \/>\n- Snabbtorkande n\u00e4tfickor och korrosionsbest\u00e4ndiga blixtl\u00e5s<br \/>\n- Konvertibla ryggs\u00e4ck\/crossbody-design<\/p>\n<p><strong>Varf\u00f6r v\u00e4lja v\u00e5r fiskev\u00e4ska fabrik<\/strong>:<br \/>\n\ud83d\udd39 15+ \u00e5r som ledande export\u00f6r av fiskev\u00e4skor fr\u00e5n Kina<br \/>\n\ud83d\udd39 Gratis 3D-teknikpaketdesign med ditt varum\u00e4rke<br \/>\n\ud83d\udd39 CE\/SGS-certifieringar och EXW\/FOB\/DDP-villkor<br \/>\n\ud83d\udd39 25% rabatt f\u00f6r leverant\u00f6rer av fiskev\u00e4skor p\u00e5 2.000+ enheter<\/p>\n<p>Beg\u00e4r gratisprover av v\u00e5ra 600D Oxford fiskesp\u00f6v\u00e4skor eller f\u00e5 omedelbara offerter. Fiskev\u00e4skeleverant\u00f6rer f\u00e5r dedikerade QC-chefer och batchsp\u00e5rning.<\/p>\n<\/div>\n<\/div>\n<\/div>\n<\/div>","protected":false},"excerpt":{"rendered":"<h2 data-immersive-translate-walked=\"344be1c1-5052-41eb-8fcd-0dbe236a0d6b\" data-immersive-translate-paragraph=\"1\">600D Oxford v\u00e4ska f\u00f6r fiskesp\u00f6<\/h2>\n<p>Vi erbjuder premiumv\u00e4skor med full storlek och f\u00e4rganpassning, slitstarka tyger och certifierad kvalitet.<\/p>\n<p>Vi erbjuder flexibla MOQ:er, snabb global leverans och private label-l\u00f6sningar.<\/p>\n<p>Kontakta oss redan idag!<\/p>","protected":false},"featured_media":3419,"template":"","meta":{"_uag_custom_page_level_css":""},"product_brand":[],"product_cat":[46],"product_tag":[],"class_list":{"0":"post-3417","1":"product","2":"type-product","3":"status-publish","4":"has-post-thumbnail","6":"product_cat-fishing-bag","8":"first","9":"instock","10":"shipping-taxable","11":"product-type-simple"},"uagb_featured_image_src":{"full":["https:\/\/pecbag.com\/wp-content\/uploads\/2025\/05\/600D-Oxford-Fishing-Pole-Bag-1.jpeg",1000,1000,false],"thumbnail":["https:\/\/pecbag.com\/wp-content\/uploads\/2025\/05\/600D-Oxford-Fishing-Pole-Bag-1-150x150.jpeg",150,150,true],"medium":["https:\/\/pecbag.com\/wp-content\/uploads\/2025\/05\/600D-Oxford-Fishing-Pole-Bag-1-300x300.jpeg",300,300,true],"medium_large":["https:\/\/pecbag.com\/wp-content\/uploads\/2025\/05\/600D-Oxford-Fishing-Pole-Bag-1-768x768.jpeg",768,768,true],"large":["https:\/\/pecbag.com\/wp-content\/uploads\/2025\/05\/600D-Oxford-Fishing-Pole-Bag-1.jpeg",800,800,false],"1536x1536":["https:\/\/pecbag.com\/wp-content\/uploads\/2025\/05\/600D-Oxford-Fishing-Pole-Bag-1.jpeg",1000,1000,false],"2048x2048":["https:\/\/pecbag.com\/wp-content\/uploads\/2025\/05\/600D-Oxford-Fishing-Pole-Bag-1.jpeg",1000,1000,false],"trp-custom-language-flag":["https:\/\/pecbag.com\/wp-content\/uploads\/2025\/05\/600D-Oxford-Fishing-Pole-Bag-1-12x12.jpeg",12,12,true],"woocommerce_thumbnail":["https:\/\/pecbag.com\/wp-content\/uploads\/2025\/05\/600D-Oxford-Fishing-Pole-Bag-1-300x300.jpeg",300,300,true],"woocommerce_single":["https:\/\/pecbag.com\/wp-content\/uploads\/2025\/05\/600D-Oxford-Fishing-Pole-Bag-1-600x600.jpeg",600,600,true],"woocommerce_gallery_thumbnail":["https:\/\/pecbag.com\/wp-content\/uploads\/2025\/05\/600D-Oxford-Fishing-Pole-Bag-1-100x100.jpeg",100,100,true]},"uagb_author_info":{"display_name":"Lawrence","author_link":"https:\/\/pecbag.com\/se\/author\/"},"uagb_comment_info":0,"uagb_excerpt":"600D Oxford Fishing Pole Bag We provide premium bags with full-size and color customization, durable fabrics, and certified quality. Enjoy flexible MOQs, fast global shipping, and private label solutions. Contact us today!","_links":{"self":[{"href":"https:\/\/pecbag.com\/se\/wp-json\/wp\/v2\/product\/3417","targetHints":{"allow":["GET"]}}],"collection":[{"href":"https:\/\/pecbag.com\/se\/wp-json\/wp\/v2\/product"}],"about":[{"href":"https:\/\/pecbag.com\/se\/wp-json\/wp\/v2\/types\/product"}],"wp:featuredmedia":[{"embeddable":true,"href":"https:\/\/pecbag.com\/se\/wp-json\/wp\/v2\/media\/3419"}],"wp:attachment":[{"href":"https:\/\/pecbag.com\/se\/wp-json\/wp\/v2\/media?parent=3417"}],"wp:term":[{"taxonomy":"product_brand","embeddable":true,"href":"https:\/\/pecbag.com\/se\/wp-json\/wp\/v2\/product_brand?post=3417"},{"taxonomy":"product_cat","embeddable":true,"href":"https:\/\/pecbag.com\/se\/wp-json\/wp\/v2\/product_cat?post=3417"},{"taxonomy":"product_tag","embeddable":true,"href":"https:\/\/pecbag.com\/se\/wp-json\/wp\/v2\/product_tag?post=3417"}],"curies":[{"name":"wp","href":"https:\/\/api.w.org\/{rel}","templated":true}]}}