{"id":3424,"date":"2025-05-27T01:26:48","date_gmt":"2025-05-27T01:26:48","guid":{"rendered":"https:\/\/pecbag.com\/?post_type=product&#038;p=3424"},"modified":"2025-11-29T01:58:58","modified_gmt":"2025-11-29T01:58:58","slug":"lightweight-durable-disc-golf-backpack-bag","status":"publish","type":"product","link":"https:\/\/pecbag.com\/se\/lightweight-durable-disc-golf-backpack-bag\/","title":{"rendered":"L\u00e4tt, slitstark och h\u00e5llbar discgolf-ryggs\u00e4ck"},"content":{"rendered":"<h5 title=\"Vikbar hundv\u00e4ska Andningsbar axelv\u00e4ska f\u00f6r husdjur i mesh f\u00f6r sm\u00e5 husdjur Hundar Katter\" data-immersive-translate-walked=\"1c928421-2e42-4cd3-8754-5404553c0af5\" data-immersive-translate-paragraph=\"1\" data-spm-anchor-id=\"a2700.details.0.i35.4f6757d4w4zNZA\">L\u00e4ttviktiga slitstarka Disc Golf Ryggs\u00e4ckv\u00e4skor | Vattent\u00e4t v\u00e4ska fabrik och ryggs\u00e4ck tillverkare - Bulk Golf Gear Solutions<\/h5>\n<div class=\"flex flex-grow flex-col max-w-full\">\n<div class=\"min-h-[20px] text-message flex w-full flex-col items-end gap-2 whitespace-pre-wrap break-words [.text-message+&amp;]:mt-5 overflow-x-auto\" dir=\"auto\" data-message-author-role=\"assistant\" data-message-id=\"3d7d46f6-7ec2-4222-9257-48fa0bba23c6\" data-suggestions=\"true\">\n<div class=\"flex w-full flex-col gap-1 empty:hidden first:pt-[3px]\">\n<div class=\"markdown prose w-full break-words dark:prose-invert light\">\n<table width=\"288\">\n<tbody>\n<tr>\n<td width=\"137\"><span style=\"color: #333333;\">Produkter Namn<\/span><\/td>\n<td width=\"151\">Golfbag<\/td>\n<\/tr>\n<tr>\n<td><span style=\"color: #333333;\">Artikel nr.<\/span><\/td>\n<td><span style=\"color: #333333;\">PB-2058<\/span><\/td>\n<\/tr>\n<tr>\n<td><span style=\"color: #333333;\">Material<\/span><\/td>\n<td>600D polyester<\/td>\n<\/tr>\n<tr>\n<td><span style=\"color: #333333;\">Storlek<\/span><\/td>\n<td>24\"L*15\"B*11\"H<\/td>\n<\/tr>\n<tr>\n<td><span style=\"color: #333333;\">\u00a0Leveranstid<\/span><\/td>\n<td><span style=\"color: #333333;\">1-5 dagar f\u00f6r liten m\u00e4ngd med flyg och 30-35 dagar f\u00f6r stor m\u00e4ngd till sj\u00f6ss<\/span><\/td>\n<\/tr>\n<\/tbody>\n<\/table>\n<p>Som Kinas fr\u00e4msta tillverkare av golfv\u00e4skor och vattent\u00e4ta v\u00e4skfabriker konstruerar vi h\u00f6gpresterande l\u00e4tta, h\u00e5llbara ryggs\u00e4ckar f\u00f6r skivgolf f\u00f6r globala distribut\u00f6rer. V\u00e5rt golfbagf\u00f6retag levererar:<\/p>\n<p>\u2705 <strong>Ultral\u00e4tt konstruktion i 800D nylon<\/strong> (under 2,5 kg tom)<br \/>\n\u2705 <strong>18+ skivkapacitet<\/strong> med vadderade avdelare &amp; putterfickor (MOQ 50st)<br \/>\n\u2705 <strong>OEM\/ODM-tj\u00e4nster<\/strong> f\u00f6r <strong>golfutrustning under eget varum\u00e4rke<\/strong><br \/>\n\u2705 <strong>Produktion av golfbagar i bulk<\/strong> med 10 dagars snabb leverans<\/p>\n<p>Betrodda av golfbaggrossister och sportm\u00e4rken \u00f6ver hela v\u00e4rlden. Viktiga egenskaper:<br \/>\n- IPX6 vattent\u00e4ta blixtl\u00e5s och f\u00f6rst\u00e4rkt bottenplatta<br \/>\n- Snabb\u00e5tkomlig ficka f\u00f6r v\u00e4rdesaker och ergonomiska remmar<br \/>\n- PDGA-godk\u00e4nda turneringsdesigner<\/p>\n<p><strong>Varf\u00f6r v\u00e4lja v\u00e5r golfbagfabrik?\u00a0<\/strong><br \/>\n\ud83d\udd39 12+ \u00e5r som ledande golfbagsexport\u00f6rer fr\u00e5n Kina<br \/>\n\ud83d\udd39 Gratis 3D-design med din logotyp och f\u00e4rganpassning<br \/>\n\ud83d\udd39 CE \/ SGS-certifieringar &amp; FOB \/ DDP-frakt<br \/>\n\ud83d\udd39 20%-rabatt f\u00f6r golfbagleverant\u00f6rer p\u00e5 1.500+ enheter<\/p>\n<p>Beg\u00e4r gratisprover av v\u00e5ra discgolf ryggs\u00e4ckv\u00e4skor eller f\u00e5 omedelbara offert. Golfbagleverant\u00f6rer f\u00e5r dedikerade QC-rapporter och RFID-st\u00f6ldskyddsuppgraderingar.<\/p>\n<\/div>\n<\/div>\n<\/div>\n<\/div>","protected":false},"excerpt":{"rendered":"<h2 data-immersive-translate-walked=\"344be1c1-5052-41eb-8fcd-0dbe236a0d6b\" data-immersive-translate-paragraph=\"1\">L\u00e4tt, slitstark och h\u00e5llbar discgolf-ryggs\u00e4ck<\/h2>\n<p>1. Stor kapacitet: Huvudfacket i denna discgolfbag rymmer 16 skivor och det \u00f6vre facket rymmer 5 skivor.<\/p>\n<p>2. Flera f\u00f6rvaringsfickor: Denna discgolfryggs\u00e4ck har 6 extra multifunktionella fickor f\u00f6r att b\u00e4ra allt du beh\u00f6ver, inklusive en 42oz vattenflaska, discgolf retriever, paraply, pennor, scorekort, handduk, nycklar, klocka, pl\u00e5nbok och mobiltelefon.\u3010Anm\u00e4rkning: skivor och dessa f\u00f6rem\u00e5l ing\u00e5r inte.\u3011.<\/p>\n<p>3. L\u00e4tt och bekv\u00e4m: Denna skivgolfv\u00e4ska v\u00e4ger cirka 1,5 kg och har justerbara vadderade axelremmar, vadderad handrem och vadderad bakpanel, vilket g\u00f6r den b\u00e4rbar, bekv\u00e4m och andas att b\u00e4ra.<\/p>\n<p>4. Slitstarkt material: Denna diskgolfv\u00e4ska \u00e4r tillverkad av slitstarkt 600D polyestertyg. Det inbyggda styva skelettet h\u00e5ller det st\u00e5ende uppr\u00e4tt hela tiden.<\/p>","protected":false},"featured_media":3426,"template":"","meta":{"_uag_custom_page_level_css":""},"product_brand":[],"product_cat":[51,60],"product_tag":[],"class_list":{"0":"post-3424","1":"product","2":"type-product","3":"status-publish","4":"has-post-thumbnail","6":"product_cat-golf-bag","7":"product_cat-backpack","9":"first","10":"instock","11":"shipping-taxable","12":"product-type-simple"},"uagb_featured_image_src":{"full":["https:\/\/pecbag.com\/wp-content\/uploads\/2025\/05\/Lightweight-Durable-Disc-Golf-Backpack-Bag-6-scaled.jpeg",2560,2560,false],"thumbnail":["https:\/\/pecbag.com\/wp-content\/uploads\/2025\/05\/Lightweight-Durable-Disc-Golf-Backpack-Bag-6-150x150.jpeg",150,150,true],"medium":["https:\/\/pecbag.com\/wp-content\/uploads\/2025\/05\/Lightweight-Durable-Disc-Golf-Backpack-Bag-6-300x300.jpeg",300,300,true],"medium_large":["https:\/\/pecbag.com\/wp-content\/uploads\/2025\/05\/Lightweight-Durable-Disc-Golf-Backpack-Bag-6-768x768.jpeg",768,768,true],"large":["https:\/\/pecbag.com\/wp-content\/uploads\/2025\/05\/Lightweight-Durable-Disc-Golf-Backpack-Bag-6-1024x1024.jpeg",800,800,true],"1536x1536":["https:\/\/pecbag.com\/wp-content\/uploads\/2025\/05\/Lightweight-Durable-Disc-Golf-Backpack-Bag-6-1536x1536.jpeg",1536,1536,true],"2048x2048":["https:\/\/pecbag.com\/wp-content\/uploads\/2025\/05\/Lightweight-Durable-Disc-Golf-Backpack-Bag-6-2048x2048.jpeg",2048,2048,true],"trp-custom-language-flag":["https:\/\/pecbag.com\/wp-content\/uploads\/2025\/05\/Lightweight-Durable-Disc-Golf-Backpack-Bag-6-12x12.jpeg",12,12,true],"woocommerce_thumbnail":["https:\/\/pecbag.com\/wp-content\/uploads\/2025\/05\/Lightweight-Durable-Disc-Golf-Backpack-Bag-6-300x300.jpeg",300,300,true],"woocommerce_single":["https:\/\/pecbag.com\/wp-content\/uploads\/2025\/05\/Lightweight-Durable-Disc-Golf-Backpack-Bag-6-600x600.jpeg",600,600,true],"woocommerce_gallery_thumbnail":["https:\/\/pecbag.com\/wp-content\/uploads\/2025\/05\/Lightweight-Durable-Disc-Golf-Backpack-Bag-6-100x100.jpeg",100,100,true]},"uagb_author_info":{"display_name":"Lawrence","author_link":"https:\/\/pecbag.com\/se\/author\/"},"uagb_comment_info":0,"uagb_excerpt":"Lightweight Durable Disc Golf Backpack Bag 1. Large Capacity: The main compartment of this disc golf bag can hold 16 discs, and the upper compartment can hold 5 discs. 2. Multiple Storage Pockets: This disc golf backpack has 6 extra multifunctional pockets to carry all you need including a 42oz water bottle, disc golf retriever,&hellip;","_links":{"self":[{"href":"https:\/\/pecbag.com\/se\/wp-json\/wp\/v2\/product\/3424","targetHints":{"allow":["GET"]}}],"collection":[{"href":"https:\/\/pecbag.com\/se\/wp-json\/wp\/v2\/product"}],"about":[{"href":"https:\/\/pecbag.com\/se\/wp-json\/wp\/v2\/types\/product"}],"wp:featuredmedia":[{"embeddable":true,"href":"https:\/\/pecbag.com\/se\/wp-json\/wp\/v2\/media\/3426"}],"wp:attachment":[{"href":"https:\/\/pecbag.com\/se\/wp-json\/wp\/v2\/media?parent=3424"}],"wp:term":[{"taxonomy":"product_brand","embeddable":true,"href":"https:\/\/pecbag.com\/se\/wp-json\/wp\/v2\/product_brand?post=3424"},{"taxonomy":"product_cat","embeddable":true,"href":"https:\/\/pecbag.com\/se\/wp-json\/wp\/v2\/product_cat?post=3424"},{"taxonomy":"product_tag","embeddable":true,"href":"https:\/\/pecbag.com\/se\/wp-json\/wp\/v2\/product_tag?post=3424"}],"curies":[{"name":"wp","href":"https:\/\/api.w.org\/{rel}","templated":true}]}}