{"id":3431,"date":"2025-05-27T01:38:38","date_gmt":"2025-05-27T01:38:38","guid":{"rendered":"https:\/\/pecbag.com\/?post_type=product&#038;p=3431"},"modified":"2025-11-29T01:58:51","modified_gmt":"2025-11-29T01:58:51","slug":"waterproof-flying-disc-golf-backpack","status":"publish","type":"product","link":"https:\/\/pecbag.com\/se\/waterproof-flying-disc-golf-backpack\/","title":{"rendered":"Ny vattent\u00e4t ryggs\u00e4ck f\u00f6r flygande discgolf"},"content":{"rendered":"<h5 title=\"Vikbar hundv\u00e4ska Andningsbar axelv\u00e4ska f\u00f6r husdjur i mesh f\u00f6r sm\u00e5 husdjur Hundar Katter\" data-immersive-translate-walked=\"1c928421-2e42-4cd3-8754-5404553c0af5\" data-immersive-translate-paragraph=\"1\" data-spm-anchor-id=\"a2700.details.0.i35.4f6757d4w4zNZA\">Vattent\u00e4ta flygande Disc Golf ryggs\u00e4ckar | Vattent\u00e4t v\u00e4ska fabrik och ryggs\u00e4ck tillverkare - Bulk Golf Gear Solutions<\/h5>\n<div class=\"flex flex-grow flex-col max-w-full\">\n<div class=\"min-h-[20px] text-message flex w-full flex-col items-end gap-2 whitespace-pre-wrap break-words [.text-message+&amp;]:mt-5 overflow-x-auto\" dir=\"auto\" data-message-author-role=\"assistant\" data-message-id=\"3d7d46f6-7ec2-4222-9257-48fa0bba23c6\" data-suggestions=\"true\">\n<div class=\"flex w-full flex-col gap-1 empty:hidden first:pt-[3px]\">\n<div class=\"markdown prose w-full break-words dark:prose-invert light\">\n<table width=\"288\">\n<tbody>\n<tr>\n<td width=\"137\"><span style=\"color: #333333;\">Produkter Namn<\/span><\/td>\n<td width=\"151\">Golfbag<\/td>\n<\/tr>\n<tr>\n<td><span style=\"color: #333333;\">Artikel nr.<\/span><\/td>\n<td><span style=\"color: #333333;\">PB-2059<\/span><\/td>\n<\/tr>\n<tr>\n<td><span style=\"color: #333333;\">Material<\/span><\/td>\n<td>Polyester<\/td>\n<\/tr>\n<tr>\n<td><span style=\"color: #333333;\">Storlek<\/span><\/td>\n<td>34*23*47 cm<\/td>\n<\/tr>\n<tr>\n<td><span style=\"color: #333333;\">\u00a0Leveranstid<\/span><\/td>\n<td><span style=\"color: #333333;\">1-5 dagar f\u00f6r liten m\u00e4ngd med flyg och 30-35 dagar f\u00f6r stor m\u00e4ngd till sj\u00f6ss<\/span><\/td>\n<\/tr>\n<\/tbody>\n<\/table>\n<p>Som Kinas ledande tillverkare av golfv\u00e4skor och vattent\u00e4ta v\u00e4skfabriker tillverkar vi premium vattent\u00e4t flygande skivgolfryggs\u00e4ck f\u00f6r globala distribut\u00f6rer. V\u00e5rt golfbagf\u00f6retag erbjuder:<\/p>\n<p>\u2705 <strong>IPX7 vattent\u00e4tt skydd<\/strong> med s\u00f6ml\u00f6s svetsad konstruktion<br \/>\n\u2705 <strong>18-22 skivkapacitet<\/strong> i turneringsf\u00e4rdiga m\u00f6nster (MOQ 50st)<br \/>\n\u2705 <strong>OEM\/ODM-tj\u00e4nster<\/strong> f\u00f6r <strong>golfutrustning under eget varum\u00e4rke<\/strong><br \/>\n\u2705 <strong>Produktion av golfbagar i bulk<\/strong> med 12 dagars snabb leverans<\/p>\n<p>Betrodda av golfbaggrossister och proffsspelare \u00f6ver hela v\u00e4rlden. Viktiga egenskaper:<br \/>\n- 840D ballistisk nylon och n\u00f6tningsbest\u00e4ndigt underlag<br \/>\n- Snabb\u00e5tkomlig ficka f\u00f6r v\u00e4rdesaker och ergonomisk ryggpanel med luftfl\u00f6de<br \/>\n- PDGA-godk\u00e4nd med avtagbar minikylare<\/p>\n<p><strong>Varf\u00f6r samarbeta med v\u00e5r golfbagfabrik<\/strong>:<br \/>\n\ud83d\udd39 15+ \u00e5r som b\u00e4sta golfbagsexport\u00f6rer fr\u00e5n Kina<br \/>\n\ud83d\udd39 Gratis 3D-designst\u00f6d med ditt varum\u00e4rke<br \/>\n\ud83d\udd39 CE\/SGS-certifieringar &amp; DDP-frakt<br \/>\n\ud83d\udd39 25% rabatt f\u00f6r golfbagleverant\u00f6rer p\u00e5 2.000+ enheter<\/p>\n<p>Beg\u00e4r gratisprover av v\u00e5ra vattent\u00e4ta diskgolfryggs\u00e4ckar eller f\u00e5 omedelbara offert. Golfbagleverant\u00f6rer f\u00e5r RFID-st\u00f6ldskyddsuppgraderingar och QC-rapporter f\u00f6r batch.<\/p>\n<\/div>\n<\/div>\n<\/div>\n<\/div>","protected":false},"excerpt":{"rendered":"<h2 data-immersive-translate-walked=\"344be1c1-5052-41eb-8fcd-0dbe236a0d6b\" data-immersive-translate-paragraph=\"1\">Vattent\u00e4t ryggs\u00e4ck f\u00f6r flygande discgolf<\/h2>\n<p>1. L\u00e4tt och bekv\u00e4m: Denna skivgolfv\u00e4ska v\u00e4ger cirka 1,5 kg och har justerbara vadderade axelremmar, vadderad handrem och vadderad bakpanel, vilket g\u00f6r den b\u00e4rbar, bekv\u00e4m och andas att b\u00e4ra.<\/p>\n<p>2. Slitstarkt material: Denna diskgolfv\u00e4ska \u00e4r tillverkad av slitstarkt 600D polyestertyg. Det inbyggda styva skelettet h\u00e5ller det st\u00e5ende uppr\u00e4tt hela tiden.<\/p>","protected":false},"featured_media":3436,"template":"","meta":{"_uag_custom_page_level_css":""},"product_brand":[],"product_cat":[51,60],"product_tag":[],"class_list":{"0":"post-3431","1":"product","2":"type-product","3":"status-publish","4":"has-post-thumbnail","6":"product_cat-golf-bag","7":"product_cat-backpack","9":"first","10":"instock","11":"shipping-taxable","12":"product-type-simple"},"uagb_featured_image_src":{"full":["https:\/\/pecbag.com\/wp-content\/uploads\/2025\/05\/Waterproof-Flying-Disc-Golf-Backpack-4.jpeg",720,720,false],"thumbnail":["https:\/\/pecbag.com\/wp-content\/uploads\/2025\/05\/Waterproof-Flying-Disc-Golf-Backpack-4-150x150.jpeg",150,150,true],"medium":["https:\/\/pecbag.com\/wp-content\/uploads\/2025\/05\/Waterproof-Flying-Disc-Golf-Backpack-4-300x300.jpeg",300,300,true],"medium_large":["https:\/\/pecbag.com\/wp-content\/uploads\/2025\/05\/Waterproof-Flying-Disc-Golf-Backpack-4.jpeg",720,720,false],"large":["https:\/\/pecbag.com\/wp-content\/uploads\/2025\/05\/Waterproof-Flying-Disc-Golf-Backpack-4.jpeg",720,720,false],"1536x1536":["https:\/\/pecbag.com\/wp-content\/uploads\/2025\/05\/Waterproof-Flying-Disc-Golf-Backpack-4.jpeg",720,720,false],"2048x2048":["https:\/\/pecbag.com\/wp-content\/uploads\/2025\/05\/Waterproof-Flying-Disc-Golf-Backpack-4.jpeg",720,720,false],"trp-custom-language-flag":["https:\/\/pecbag.com\/wp-content\/uploads\/2025\/05\/Waterproof-Flying-Disc-Golf-Backpack-4-12x12.jpeg",12,12,true],"woocommerce_thumbnail":["https:\/\/pecbag.com\/wp-content\/uploads\/2025\/05\/Waterproof-Flying-Disc-Golf-Backpack-4-300x300.jpeg",300,300,true],"woocommerce_single":["https:\/\/pecbag.com\/wp-content\/uploads\/2025\/05\/Waterproof-Flying-Disc-Golf-Backpack-4-600x600.jpeg",600,600,true],"woocommerce_gallery_thumbnail":["https:\/\/pecbag.com\/wp-content\/uploads\/2025\/05\/Waterproof-Flying-Disc-Golf-Backpack-4-100x100.jpeg",100,100,true]},"uagb_author_info":{"display_name":"Lawrence","author_link":"https:\/\/pecbag.com\/se\/author\/"},"uagb_comment_info":0,"uagb_excerpt":"Waterproof Flying Disc Golf Backpack 1. Lightweight and Comfortable: This disc golf bag weighs about 1.5 lbs and features adjustable padded shoulder straps, padded hand strap, and padded back panel, making it portable, comfortable, and breathable to carry. 2. Durable Material: This disk golf bag is made of durable 600D polyester fabric. The built-in rigid&hellip;","_links":{"self":[{"href":"https:\/\/pecbag.com\/se\/wp-json\/wp\/v2\/product\/3431","targetHints":{"allow":["GET"]}}],"collection":[{"href":"https:\/\/pecbag.com\/se\/wp-json\/wp\/v2\/product"}],"about":[{"href":"https:\/\/pecbag.com\/se\/wp-json\/wp\/v2\/types\/product"}],"wp:featuredmedia":[{"embeddable":true,"href":"https:\/\/pecbag.com\/se\/wp-json\/wp\/v2\/media\/3436"}],"wp:attachment":[{"href":"https:\/\/pecbag.com\/se\/wp-json\/wp\/v2\/media?parent=3431"}],"wp:term":[{"taxonomy":"product_brand","embeddable":true,"href":"https:\/\/pecbag.com\/se\/wp-json\/wp\/v2\/product_brand?post=3431"},{"taxonomy":"product_cat","embeddable":true,"href":"https:\/\/pecbag.com\/se\/wp-json\/wp\/v2\/product_cat?post=3431"},{"taxonomy":"product_tag","embeddable":true,"href":"https:\/\/pecbag.com\/se\/wp-json\/wp\/v2\/product_tag?post=3431"}],"curies":[{"name":"wp","href":"https:\/\/api.w.org\/{rel}","templated":true}]}}