{"id":3445,"date":"2025-05-27T02:35:31","date_gmt":"2025-05-27T02:35:31","guid":{"rendered":"https:\/\/pecbag.com\/?post_type=product&#038;p=3445"},"modified":"2025-11-29T01:58:38","modified_gmt":"2025-11-29T01:58:38","slug":"wholesale-outdoor-frisbee-golf-bag","status":"publish","type":"product","link":"https:\/\/pecbag.com\/se\/wholesale-outdoor-frisbee-golf-bag\/","title":{"rendered":"Partihandel utomhus frisbee golfv\u00e4ska"},"content":{"rendered":"<h5 title=\"Vikbar hundv\u00e4ska Andningsbar axelv\u00e4ska f\u00f6r husdjur i mesh f\u00f6r sm\u00e5 husdjur Hundar Katter\" data-immersive-translate-walked=\"1c928421-2e42-4cd3-8754-5404553c0af5\" data-immersive-translate-paragraph=\"1\" data-spm-anchor-id=\"a2700.details.0.i35.4f6757d4w4zNZA\">Partihandel utomhus frisbee golfv\u00e4skor | Vattent\u00e4t v\u00e4ska fabrik och ryggs\u00e4ck tillverkare - Bulk Disc Gear Solutions<\/h5>\n<div class=\"flex flex-grow flex-col max-w-full\">\n<div class=\"min-h-[20px] text-message flex w-full flex-col items-end gap-2 whitespace-pre-wrap break-words [.text-message+&amp;]:mt-5 overflow-x-auto\" dir=\"auto\" data-message-author-role=\"assistant\" data-message-id=\"3d7d46f6-7ec2-4222-9257-48fa0bba23c6\" data-suggestions=\"true\">\n<div class=\"flex w-full flex-col gap-1 empty:hidden first:pt-[3px]\">\n<div class=\"markdown prose w-full break-words dark:prose-invert light\">\n<table width=\"288\">\n<tbody>\n<tr>\n<td width=\"137\"><span style=\"color: #333333;\">Produkter Namn<\/span><\/td>\n<td width=\"151\">Golfbag<\/td>\n<\/tr>\n<tr>\n<td><span style=\"color: #333333;\">Artikel nr.<\/span><\/td>\n<td><span style=\"color: #333333;\">PB-2061<\/span><\/td>\n<\/tr>\n<tr>\n<td><span style=\"color: #333333;\">Material<\/span><\/td>\n<td>Polyestertyg<\/td>\n<\/tr>\n<tr>\n<td><span style=\"color: #333333;\">Storlek<\/span><\/td>\n<td>44 x 23 x 34 cm<\/td>\n<\/tr>\n<tr>\n<td><span style=\"color: #333333;\">\u00a0Leveranstid<\/span><\/td>\n<td><span style=\"color: #333333;\">1-5 dagar f\u00f6r liten m\u00e4ngd med flyg och 30-35 dagar f\u00f6r stor m\u00e4ngd till sj\u00f6ss<\/span><\/td>\n<\/tr>\n<\/tbody>\n<\/table>\n<p>Som Kinas ledande tillverkare av golfv\u00e4skor och vattent\u00e4ta v\u00e4skfabriker \u00e4r vi specialiserade p\u00e5 tunga grossist utomhus frisbee golfv\u00e4ska f\u00f6r globala \u00e5terf\u00f6rs\u00e4ljare. V\u00e5rt golfbagf\u00f6retag erbjuder:<\/p>\n<p>\u2705 <strong>Kapacitet f\u00f6r 22 skivor redo f\u00f6r turneringar<\/strong> med PDGA-kompatibel organisation<br \/>\n\u2705 <strong>IPX7 vattent\u00e4t konstruktion<\/strong> (840D ballistisk nylon + svetsade s\u00f6mmar)<br \/>\n\u2705 <strong>OEM\/ODM-tj\u00e4nster<\/strong> f\u00f6r <strong>Discgolfutrustning med eget m\u00e4rke<\/strong> (MOQ 50st)<br \/>\n\u2705 <strong>Produktion av golfbagar i bulk<\/strong> med 12 dagars snabb leverans<\/p>\n<p>Betrodda av golfbaggrossister och proffsbutiker \u00f6ver hela v\u00e4rlden. Viktiga egenskaper:<br \/>\n- Ergonomiskt 6-punkts selesystem med ryggpanel med luftfl\u00f6de<br \/>\n- Snabb\u00e5tkomlig ficka f\u00f6r v\u00e4rdesaker och avtagbart regnskydd<br \/>\n- Integrerad \u00e5tkomst till vagnsrem och muggh\u00e5llare<\/p>\n<p><strong>Varf\u00f6r v\u00e4lja v\u00e5r golfbagfabrik<\/strong>:<br \/>\n\ud83d\udd39 18+ \u00e5r som de b\u00e4sta golfbagsexport\u00f6rerna fr\u00e5n Kina<br \/>\n\ud83d\udd39 Gratis 3D-designst\u00f6d med din logotyp<br \/>\n\ud83d\udd39 CE\/SGS\/REACH-certifieringar &amp; DDP-frakt<br \/>\n\ud83d\udd39 25% rabatt f\u00f6r golfbagleverant\u00f6rer p\u00e5 2.500+ enheter<\/p>\n<p>Beg\u00e4r gratisprover av v\u00e5ra frisbee-golfv\u00e4skor utomhus eller f\u00e5 omedelbara offert. Golfbag leverant\u00f6rer njuter:<br \/>\n- Anpassade uppgraderingar av termiskt foder<br \/>\n- Batchspecifik kvalitetscertifiering<br \/>\n- Prioriterad produktionsplanering<\/p>\n<\/div>\n<\/div>\n<\/div>\n<\/div>","protected":false},"excerpt":{"rendered":"<h2 data-immersive-translate-walked=\"344be1c1-5052-41eb-8fcd-0dbe236a0d6b\" data-immersive-translate-paragraph=\"1\">Partihandel utomhus frisbee golfv\u00e4ska<\/h2>\n<p>1. F\u00f6rvarar mycket discgolf och \u00e4r l\u00e4tt att komma \u00e5t.<\/p>\n<p>2. Bekv\u00e4ma axelremmar.<\/p>\n<p>3. Den h\u00e4r ryggs\u00e4cken har flera stora fickor med dragkedja som rymmer alla dina n\u00f6dv\u00e4ndigheter p\u00e5 kursen.<\/p>\n<p>4. Superl\u00e4tt att b\u00e4ra med sig.<\/p>\n<p>5. Fr\u00e5n discar till diverse saker, den h\u00e4r golfbagen h\u00e5ller allt organiserat.<\/p>\n<p>6. Sidoficka f\u00f6r f\u00f6rvaring av burkar och flaskor.<\/p>\n<p>7. Kan anv\u00e4ndas som frisbee-v\u00e4ska.<\/p>\n<p>8. Perfekt f\u00f6r fritidsspelare eller avancerade och skickliga spelare som deltar i lokala eller internationella turneringar.<\/p>","protected":false},"featured_media":3450,"template":"","meta":{"_uag_custom_page_level_css":""},"product_brand":[],"product_cat":[51,60],"product_tag":[],"class_list":{"0":"post-3445","1":"product","2":"type-product","3":"status-publish","4":"has-post-thumbnail","6":"product_cat-golf-bag","7":"product_cat-backpack","9":"first","10":"instock","11":"shipping-taxable","12":"product-type-simple"},"uagb_featured_image_src":{"full":["https:\/\/pecbag.com\/wp-content\/uploads\/2025\/05\/Wholesale-Outdoor-Frisbee-Golf-Bag-2.jpeg",800,800,false],"thumbnail":["https:\/\/pecbag.com\/wp-content\/uploads\/2025\/05\/Wholesale-Outdoor-Frisbee-Golf-Bag-2-150x150.jpeg",150,150,true],"medium":["https:\/\/pecbag.com\/wp-content\/uploads\/2025\/05\/Wholesale-Outdoor-Frisbee-Golf-Bag-2-300x300.jpeg",300,300,true],"medium_large":["https:\/\/pecbag.com\/wp-content\/uploads\/2025\/05\/Wholesale-Outdoor-Frisbee-Golf-Bag-2-768x768.jpeg",768,768,true],"large":["https:\/\/pecbag.com\/wp-content\/uploads\/2025\/05\/Wholesale-Outdoor-Frisbee-Golf-Bag-2.jpeg",800,800,false],"1536x1536":["https:\/\/pecbag.com\/wp-content\/uploads\/2025\/05\/Wholesale-Outdoor-Frisbee-Golf-Bag-2.jpeg",800,800,false],"2048x2048":["https:\/\/pecbag.com\/wp-content\/uploads\/2025\/05\/Wholesale-Outdoor-Frisbee-Golf-Bag-2.jpeg",800,800,false],"trp-custom-language-flag":["https:\/\/pecbag.com\/wp-content\/uploads\/2025\/05\/Wholesale-Outdoor-Frisbee-Golf-Bag-2-12x12.jpeg",12,12,true],"woocommerce_thumbnail":["https:\/\/pecbag.com\/wp-content\/uploads\/2025\/05\/Wholesale-Outdoor-Frisbee-Golf-Bag-2-300x300.jpeg",300,300,true],"woocommerce_single":["https:\/\/pecbag.com\/wp-content\/uploads\/2025\/05\/Wholesale-Outdoor-Frisbee-Golf-Bag-2-600x600.jpeg",600,600,true],"woocommerce_gallery_thumbnail":["https:\/\/pecbag.com\/wp-content\/uploads\/2025\/05\/Wholesale-Outdoor-Frisbee-Golf-Bag-2-100x100.jpeg",100,100,true]},"uagb_author_info":{"display_name":"Lawrence","author_link":"https:\/\/pecbag.com\/se\/author\/"},"uagb_comment_info":0,"uagb_excerpt":"Wholesale Outdoor Frisbee Golf Bag 1. Stores plenty of disc golf and allows easy access. 2. Comfortable shoulder straps. 3. This backpack has multiple large, zipped pockets that can carry all of your necessities to the course. 4. Super easy to carry around. 5. From discs to miscellaneous stuff, this golf bag will keep everything&hellip;","_links":{"self":[{"href":"https:\/\/pecbag.com\/se\/wp-json\/wp\/v2\/product\/3445","targetHints":{"allow":["GET"]}}],"collection":[{"href":"https:\/\/pecbag.com\/se\/wp-json\/wp\/v2\/product"}],"about":[{"href":"https:\/\/pecbag.com\/se\/wp-json\/wp\/v2\/types\/product"}],"wp:featuredmedia":[{"embeddable":true,"href":"https:\/\/pecbag.com\/se\/wp-json\/wp\/v2\/media\/3450"}],"wp:attachment":[{"href":"https:\/\/pecbag.com\/se\/wp-json\/wp\/v2\/media?parent=3445"}],"wp:term":[{"taxonomy":"product_brand","embeddable":true,"href":"https:\/\/pecbag.com\/se\/wp-json\/wp\/v2\/product_brand?post=3445"},{"taxonomy":"product_cat","embeddable":true,"href":"https:\/\/pecbag.com\/se\/wp-json\/wp\/v2\/product_cat?post=3445"},{"taxonomy":"product_tag","embeddable":true,"href":"https:\/\/pecbag.com\/se\/wp-json\/wp\/v2\/product_tag?post=3445"}],"curies":[{"name":"wp","href":"https:\/\/api.w.org\/{rel}","templated":true}]}}