{"id":3452,"date":"2025-05-27T02:44:27","date_gmt":"2025-05-27T02:44:27","guid":{"rendered":"https:\/\/pecbag.com\/?post_type=product&#038;p=3452"},"modified":"2025-11-29T01:58:33","modified_gmt":"2025-11-29T01:58:33","slug":"oem-waterproof-disc-golf-bag","status":"publish","type":"product","link":"https:\/\/pecbag.com\/se\/oem-waterproof-disc-golf-bag\/","title":{"rendered":"Ny OEM vattent\u00e4t Disc Golf Bag"},"content":{"rendered":"<h5 title=\"Vikbar hundv\u00e4ska Andningsbar axelv\u00e4ska f\u00f6r husdjur i mesh f\u00f6r sm\u00e5 husdjur Hundar Katter\" data-immersive-translate-walked=\"1c928421-2e42-4cd3-8754-5404553c0af5\" data-immersive-translate-paragraph=\"1\" data-spm-anchor-id=\"a2700.details.0.i35.4f6757d4w4zNZA\">OEM vattent\u00e4ta skivgolfv\u00e4skor | Vattent\u00e4t v\u00e4ska fabrik och ryggs\u00e4ckstillverkare - anpassade l\u00f6sningar f\u00f6r golfutrustning<\/h5>\n<div class=\"flex flex-grow flex-col max-w-full\">\n<div class=\"min-h-[20px] text-message flex w-full flex-col items-end gap-2 whitespace-pre-wrap break-words [.text-message+&amp;]:mt-5 overflow-x-auto\" dir=\"auto\" data-message-author-role=\"assistant\" data-message-id=\"3d7d46f6-7ec2-4222-9257-48fa0bba23c6\" data-suggestions=\"true\">\n<div class=\"flex w-full flex-col gap-1 empty:hidden first:pt-[3px]\">\n<div class=\"markdown prose w-full break-words dark:prose-invert light\">\n<table width=\"288\">\n<tbody>\n<tr>\n<td width=\"137\"><span style=\"color: #333333;\">Produkter Namn<\/span><\/td>\n<td width=\"151\">Golfbag<\/td>\n<\/tr>\n<tr>\n<td><span style=\"color: #333333;\">Artikel nr.<\/span><\/td>\n<td><span style=\"color: #333333;\">PB-2062<\/span><\/td>\n<\/tr>\n<tr>\n<td><span style=\"color: #333333;\">Material<\/span><\/td>\n<td>Polyester<\/td>\n<\/tr>\n<tr>\n<td><span style=\"color: #333333;\">Storlek<\/span><\/td>\n<td>45,7*35,5*24,3 cm<\/td>\n<\/tr>\n<tr>\n<td><span style=\"color: #333333;\">\u00a0Leveranstid<\/span><\/td>\n<td><span style=\"color: #333333;\">1-5 dagar f\u00f6r liten m\u00e4ngd med flyg och 30-35 dagar f\u00f6r stor m\u00e4ngd till sj\u00f6ss<\/span><\/td>\n<\/tr>\n<\/tbody>\n<\/table>\n<p>Som Kinas fr\u00e4msta golfbagstillverkare och vattent\u00e4ta v\u00e4skfabrik konstruerar vi premium OEM vattent\u00e4ta skivgolfv\u00e4skor f\u00f6r globala varum\u00e4rken. V\u00e5rt golfbagf\u00f6retag levererar:<\/p>\n<p>\u2705 <strong>IPX8 vattent\u00e4tt skydd<\/strong> med svetsade TPU-s\u00f6mmar (800D ballistisk nylon)<br \/>\n\u2705 <strong>Kapacitet f\u00f6r 20+ skivor<\/strong> med PDGA-godk\u00e4nd organisation (MOQ 50st)<br \/>\n\u2705 <strong>Nyckelf\u00e4rdiga OEM\/ODM-tj\u00e4nster<\/strong> f\u00f6r <strong>golfutrustning under eget varum\u00e4rke<\/strong><br \/>\n\u2705 <strong>Produktion av golfbagar i bulk<\/strong> med 10 dagars snabb leverans<\/p>\n<p>Betrodda av golfbaggrossister och proffs\u00e5terf\u00f6rs\u00e4ljare \u00f6ver hela v\u00e4rlden. Viktiga egenskaper:<br \/>\n- 3D-ryggsystem med luftfl\u00f6de och ergonomisk sele<br \/>\n- Snabb\u00e5tkomlig ficka f\u00f6r v\u00e4rdesaker + RFID-sk\u00e4rm<br \/>\n- Avtagbart kylfack och paraplyhylsa<\/p>\n<p><strong>Varf\u00f6r samarbeta med v\u00e5r golfbagfabrik<\/strong>:<br \/>\n\ud83d\udd39 15+ \u00e5r som ledande golfbagsexport\u00f6rer fr\u00e5n Kina<br \/>\n\ud83d\udd39 Gratis 3D-teknikpaketdesign med ditt varum\u00e4rke<br \/>\n\ud83d\udd39 CE\/SGS\/REACH-certifieringar &amp; DDP-frakt<br \/>\n\ud83d\udd39 30%-rabatt f\u00f6r golfbagleverant\u00f6rer p\u00e5 3.000+ enheter<\/p>\n<p>Beg\u00e4r gratisprover av v\u00e5ra vattent\u00e4ta skivgolfv\u00e4skor eller f\u00e5 omedelbara offerter. Golfbag leverant\u00f6rer f\u00e5r:<br \/>\n- Anpassade uppgraderingar av v\u00e4rmeisolering<br \/>\n- Batchspecifika kvalitetskontrollrapporter<br \/>\n- Tilldelning av dedikerad produktionslinje<\/p>\n<\/div>\n<\/div>\n<\/div>\n<\/div>","protected":false},"excerpt":{"rendered":"<h2 data-immersive-translate-walked=\"344be1c1-5052-41eb-8fcd-0dbe236a0d6b\" data-immersive-translate-paragraph=\"1\">OEM vattent\u00e4t Disc Golf Bag<\/h2>\n<p>F\u00f6rvaring f\u00f6r all din discgolfutrustning och mycket mer: Vi har t\u00e4ckt in allt det viktigaste n\u00e4r det g\u00e4ller f\u00f6rvaring, men hur \u00e4r det med alla dina andra redskap och tillbeh\u00f6r?<\/p>\n<p>F\u00f6rutom den huvudsakliga skivf\u00f6rvaringssektionen, som rymmer upp till 18 skivor, och kylarsektionen finns det 7 andra f\u00f6rvaringssektioner d\u00e4r du kan f\u00f6rvara allt fr\u00e5n dina bilnycklar till en liten hopf\u00e4llbar pall eller ett paraply.<\/p>\n<p>2 dryckesh\u00e5llare rymmer allt fr\u00e5n en burk till en 36 oz flaska.<\/p>","protected":false},"featured_media":3456,"template":"","meta":{"_uag_custom_page_level_css":""},"product_brand":[],"product_cat":[51,60],"product_tag":[],"class_list":{"0":"post-3452","1":"product","2":"type-product","3":"status-publish","4":"has-post-thumbnail","6":"product_cat-golf-bag","7":"product_cat-backpack","9":"first","10":"instock","11":"shipping-taxable","12":"product-type-simple"},"uagb_featured_image_src":{"full":["https:\/\/pecbag.com\/wp-content\/uploads\/2025\/05\/OEM-Waterproof-Disc-Golf-Bag-1.jpeg",720,720,false],"thumbnail":["https:\/\/pecbag.com\/wp-content\/uploads\/2025\/05\/OEM-Waterproof-Disc-Golf-Bag-1-150x150.jpeg",150,150,true],"medium":["https:\/\/pecbag.com\/wp-content\/uploads\/2025\/05\/OEM-Waterproof-Disc-Golf-Bag-1-300x300.jpeg",300,300,true],"medium_large":["https:\/\/pecbag.com\/wp-content\/uploads\/2025\/05\/OEM-Waterproof-Disc-Golf-Bag-1.jpeg",720,720,false],"large":["https:\/\/pecbag.com\/wp-content\/uploads\/2025\/05\/OEM-Waterproof-Disc-Golf-Bag-1.jpeg",720,720,false],"1536x1536":["https:\/\/pecbag.com\/wp-content\/uploads\/2025\/05\/OEM-Waterproof-Disc-Golf-Bag-1.jpeg",720,720,false],"2048x2048":["https:\/\/pecbag.com\/wp-content\/uploads\/2025\/05\/OEM-Waterproof-Disc-Golf-Bag-1.jpeg",720,720,false],"trp-custom-language-flag":["https:\/\/pecbag.com\/wp-content\/uploads\/2025\/05\/OEM-Waterproof-Disc-Golf-Bag-1-12x12.jpeg",12,12,true],"woocommerce_thumbnail":["https:\/\/pecbag.com\/wp-content\/uploads\/2025\/05\/OEM-Waterproof-Disc-Golf-Bag-1-300x300.jpeg",300,300,true],"woocommerce_single":["https:\/\/pecbag.com\/wp-content\/uploads\/2025\/05\/OEM-Waterproof-Disc-Golf-Bag-1-600x600.jpeg",600,600,true],"woocommerce_gallery_thumbnail":["https:\/\/pecbag.com\/wp-content\/uploads\/2025\/05\/OEM-Waterproof-Disc-Golf-Bag-1-100x100.jpeg",100,100,true]},"uagb_author_info":{"display_name":"Lawrence","author_link":"https:\/\/pecbag.com\/se\/author\/"},"uagb_comment_info":0,"uagb_excerpt":"OEM Waterproof Disc Golf Bag Storage for all your disc golf equipment and more: We have all the essentials covered when it comes to storage, but what about all your other gear and accessories? Besides the main disc storage section, which can hold up to 18 discs, and the cooler section, there are 7 other&hellip;","_links":{"self":[{"href":"https:\/\/pecbag.com\/se\/wp-json\/wp\/v2\/product\/3452","targetHints":{"allow":["GET"]}}],"collection":[{"href":"https:\/\/pecbag.com\/se\/wp-json\/wp\/v2\/product"}],"about":[{"href":"https:\/\/pecbag.com\/se\/wp-json\/wp\/v2\/types\/product"}],"wp:featuredmedia":[{"embeddable":true,"href":"https:\/\/pecbag.com\/se\/wp-json\/wp\/v2\/media\/3456"}],"wp:attachment":[{"href":"https:\/\/pecbag.com\/se\/wp-json\/wp\/v2\/media?parent=3452"}],"wp:term":[{"taxonomy":"product_brand","embeddable":true,"href":"https:\/\/pecbag.com\/se\/wp-json\/wp\/v2\/product_brand?post=3452"},{"taxonomy":"product_cat","embeddable":true,"href":"https:\/\/pecbag.com\/se\/wp-json\/wp\/v2\/product_cat?post=3452"},{"taxonomy":"product_tag","embeddable":true,"href":"https:\/\/pecbag.com\/se\/wp-json\/wp\/v2\/product_tag?post=3452"}],"curies":[{"name":"wp","href":"https:\/\/api.w.org\/{rel}","templated":true}]}}