{"id":3466,"date":"2025-05-27T02:56:56","date_gmt":"2025-05-27T02:56:56","guid":{"rendered":"https:\/\/pecbag.com\/?post_type=product&#038;p=3466"},"modified":"2025-11-29T01:58:22","modified_gmt":"2025-11-29T01:58:22","slug":"custom-logo-lightweight-camping-bag","status":"publish","type":"product","link":"https:\/\/pecbag.com\/se\/custom-logo-lightweight-camping-bag\/","title":{"rendered":"L\u00e4ttvikts campingv\u00e4ska med egen logotyp"},"content":{"rendered":"<h5 title=\"Vikbar hundv\u00e4ska Andningsbar axelv\u00e4ska f\u00f6r husdjur i mesh f\u00f6r sm\u00e5 husdjur Hundar Katter\" data-immersive-translate-walked=\"1c928421-2e42-4cd3-8754-5404553c0af5\" data-immersive-translate-paragraph=\"1\" data-spm-anchor-id=\"a2700.details.0.i35.4f6757d4w4zNZA\">L\u00e4ttviktiga campingv\u00e4skor med anpassad logotyp | Vattent\u00e4t v\u00e4skfabrik och ryggs\u00e4ckstillverkare - Bulk Hiking Gear Solutions<\/h5>\n<div class=\"flex flex-grow flex-col max-w-full\">\n<div class=\"min-h-[20px] text-message flex w-full flex-col items-end gap-2 whitespace-pre-wrap break-words [.text-message+&amp;]:mt-5 overflow-x-auto\" dir=\"auto\" data-message-author-role=\"assistant\" data-message-id=\"3d7d46f6-7ec2-4222-9257-48fa0bba23c6\" data-suggestions=\"true\">\n<div class=\"flex w-full flex-col gap-1 empty:hidden first:pt-[3px]\">\n<div class=\"markdown prose w-full break-words dark:prose-invert light\">\n<table width=\"288\">\n<tbody>\n<tr>\n<td width=\"137\"><span style=\"color: #333333;\">Produkter Namn<\/span><\/td>\n<td width=\"151\">V\u00e4ska f\u00f6r vandring<\/td>\n<\/tr>\n<tr>\n<td><span style=\"color: #333333;\">Artikel nr.<\/span><\/td>\n<td><span style=\"color: #333333;\">PB-2064<\/span><\/td>\n<\/tr>\n<tr>\n<td><span style=\"color: #333333;\">Material<\/span><\/td>\n<td>Ripstop<\/td>\n<\/tr>\n<tr>\n<td><span style=\"color: #333333;\">Storlek<\/span><\/td>\n<td>19,3 * 12,5 * 8,6 tum<\/td>\n<\/tr>\n<tr>\n<td><span style=\"color: #333333;\">\u00a0Leveranstid<\/span><\/td>\n<td><span style=\"color: #333333;\">1-5 dagar f\u00f6r liten m\u00e4ngd med flyg och 30-35 dagar f\u00f6r stor m\u00e4ngd till sj\u00f6ss<\/span><\/td>\n<\/tr>\n<\/tbody>\n<\/table>\n<p>Som Kinas ledande tillverkare av vandringsv\u00e4skor och vattent\u00e4ta v\u00e4skfabriker tillverkar vi premium anpassade logotyp l\u00e4tta campingv\u00e4skor f\u00f6r globala utomhusm\u00e4rken. V\u00e5rt vandringsv\u00e4skf\u00f6retag levererar:<\/p>\n<p>\u2705 <strong>Ultral\u00e4tt 210D nylon<\/strong> (under 1,1 kg) med vattent\u00e4t IPX5-bel\u00e4ggning<br \/>\n\u2705 <strong>Anpassningsbar design<\/strong>\u00a0med 3D-puff\/brodyr\/sublimeringstryck<br \/>\n\u2705 <strong>OEM\/ODM-tj\u00e4nster<\/strong> f\u00f6r <strong>vandringsp\u00e5sar med eget m\u00e4rke<\/strong><br \/>\n\u2705 <strong>Produktion av vandringss\u00e4ckar i bulk<\/strong> med 12 dagars snabb leverans<\/p>\n<p>Betrodda av grossister och \u00e5terf\u00f6rs\u00e4ljare av vandringsv\u00e4skor \u00f6ver hela v\u00e4rlden. Viktiga egenskaper:<br \/>\n- Kompressionsremmar och dolda st\u00f6ldskyddsfickor<br \/>\n- Kompatibel med v\u00e4tskebl\u00e5sor och ventilerande ryggpanel<br \/>\n- Vikbar till en f\u00f6rvaringsv\u00e4ska (8\u2033x5\u2033)<\/p>\n<p><strong>Varf\u00f6r samarbeta med v\u00e5r vandringsv\u00e4ska fabrik<\/strong>:<br \/>\n\ud83d\udd39 15+ \u00e5r som ledande export\u00f6r av vandringsv\u00e4skor fr\u00e5n Kina<br \/>\n\ud83d\udd39 Gratis digitala mockups med ditt varum\u00e4rke<br \/>\n\ud83d\udd39 OEKO-Tex &amp; SGS-certifierade material<br \/>\n\ud83d\udd39 30% rabatt f\u00f6r leverant\u00f6rer av vandringsv\u00e4skor p\u00e5 2.500+ enheter<\/p>\n<p>Beg\u00e4r gratisprover av v\u00e5ra l\u00e4tta campingv\u00e4skor eller f\u00e5 omedelbara offerter. Vandringsv\u00e4ska leverant\u00f6rer njuter:<br \/>\n- Anpassad MOQ-flexibilitet<br \/>\n- Batchspecifika kvalitetscertifikat<br \/>\n- Prioriterade arrangemang f\u00f6r flyg- och sj\u00f6frakt<\/p>\n<\/div>\n<\/div>\n<\/div>\n<\/div>","protected":false},"excerpt":{"rendered":"<h2 data-immersive-translate-walked=\"344be1c1-5052-41eb-8fcd-0dbe236a0d6b\" data-immersive-translate-paragraph=\"1\">L\u00e4ttvikts campingv\u00e4ska med egen logotyp<\/h2>\n<ul class=\"list-paddingleft-2\">\n<li>Tillverkad av h\u00f6gkvalitativ rivt\u00e5lig polyester + nylonv\u00e4v, rivt\u00e5lig, rept\u00e5lig, slitstark, med regnskydd, f\u00f6rhindrar att vatten sipprar in i v\u00e4skan, h\u00e5ller saker torra.<\/li>\n<li>Axelremmar i andningsbart n\u00e4t med riklig svampvaddering hj\u00e4lper till att avlasta axlarna. Bredare och tjockare axelremmar av S-typ och h\u00f6gelastiskt ryggst\u00f6d med andningsfunktion f\u00f6r b\u00e4sta ventilation och avlastning.<\/li>\n<\/ul>","protected":false},"featured_media":3469,"template":"","meta":{"_uag_custom_page_level_css":""},"product_brand":[],"product_cat":[60,45,68],"product_tag":[],"class_list":{"0":"post-3466","1":"product","2":"type-product","3":"status-publish","4":"has-post-thumbnail","6":"product_cat-backpack","7":"product_cat-hiking-bag","8":"product_cat-travel-bag","10":"first","11":"instock","12":"shipping-taxable","13":"product-type-simple"},"uagb_featured_image_src":{"full":["https:\/\/pecbag.com\/wp-content\/uploads\/2025\/05\/Custom-Logo-Lightweight-Camping-Bag-2.jpeg",1448,1448,false],"thumbnail":["https:\/\/pecbag.com\/wp-content\/uploads\/2025\/05\/Custom-Logo-Lightweight-Camping-Bag-2-150x150.jpeg",150,150,true],"medium":["https:\/\/pecbag.com\/wp-content\/uploads\/2025\/05\/Custom-Logo-Lightweight-Camping-Bag-2-300x300.jpeg",300,300,true],"medium_large":["https:\/\/pecbag.com\/wp-content\/uploads\/2025\/05\/Custom-Logo-Lightweight-Camping-Bag-2-768x768.jpeg",768,768,true],"large":["https:\/\/pecbag.com\/wp-content\/uploads\/2025\/05\/Custom-Logo-Lightweight-Camping-Bag-2-1024x1024.jpeg",800,800,true],"1536x1536":["https:\/\/pecbag.com\/wp-content\/uploads\/2025\/05\/Custom-Logo-Lightweight-Camping-Bag-2.jpeg",1448,1448,false],"2048x2048":["https:\/\/pecbag.com\/wp-content\/uploads\/2025\/05\/Custom-Logo-Lightweight-Camping-Bag-2.jpeg",1448,1448,false],"trp-custom-language-flag":["https:\/\/pecbag.com\/wp-content\/uploads\/2025\/05\/Custom-Logo-Lightweight-Camping-Bag-2-12x12.jpeg",12,12,true],"woocommerce_thumbnail":["https:\/\/pecbag.com\/wp-content\/uploads\/2025\/05\/Custom-Logo-Lightweight-Camping-Bag-2-300x300.jpeg",300,300,true],"woocommerce_single":["https:\/\/pecbag.com\/wp-content\/uploads\/2025\/05\/Custom-Logo-Lightweight-Camping-Bag-2-600x600.jpeg",600,600,true],"woocommerce_gallery_thumbnail":["https:\/\/pecbag.com\/wp-content\/uploads\/2025\/05\/Custom-Logo-Lightweight-Camping-Bag-2-100x100.jpeg",100,100,true]},"uagb_author_info":{"display_name":"Lawrence","author_link":"https:\/\/pecbag.com\/se\/author\/"},"uagb_comment_info":0,"uagb_excerpt":"Custom Logo Lightweight Camping Bag Made with high-quality tear-resistant Polyester+ nylon fabric, tear resistant, anti-scratch, wear resistant, with rain cover, prevents the water from sipping into the bag, keeps things dry. Breathable mesh shoulder straps with plentiful sponge padding help relieve the stress on your shoulders. Widened and thickened S-type shoulder straps and high elastic&hellip;","_links":{"self":[{"href":"https:\/\/pecbag.com\/se\/wp-json\/wp\/v2\/product\/3466","targetHints":{"allow":["GET"]}}],"collection":[{"href":"https:\/\/pecbag.com\/se\/wp-json\/wp\/v2\/product"}],"about":[{"href":"https:\/\/pecbag.com\/se\/wp-json\/wp\/v2\/types\/product"}],"wp:featuredmedia":[{"embeddable":true,"href":"https:\/\/pecbag.com\/se\/wp-json\/wp\/v2\/media\/3469"}],"wp:attachment":[{"href":"https:\/\/pecbag.com\/se\/wp-json\/wp\/v2\/media?parent=3466"}],"wp:term":[{"taxonomy":"product_brand","embeddable":true,"href":"https:\/\/pecbag.com\/se\/wp-json\/wp\/v2\/product_brand?post=3466"},{"taxonomy":"product_cat","embeddable":true,"href":"https:\/\/pecbag.com\/se\/wp-json\/wp\/v2\/product_cat?post=3466"},{"taxonomy":"product_tag","embeddable":true,"href":"https:\/\/pecbag.com\/se\/wp-json\/wp\/v2\/product_tag?post=3466"}],"curies":[{"name":"wp","href":"https:\/\/api.w.org\/{rel}","templated":true}]}}