{"id":3472,"date":"2025-05-27T03:04:30","date_gmt":"2025-05-27T03:04:30","guid":{"rendered":"https:\/\/pecbag.com\/?post_type=product&#038;p=3472"},"modified":"2025-11-29T01:57:37","modified_gmt":"2025-11-29T01:57:37","slug":"camping-backpack-lightweight-hiking-bag","status":"publish","type":"product","link":"https:\/\/pecbag.com\/se\/camping-backpack-lightweight-hiking-bag\/","title":{"rendered":"Campingryggs\u00e4ck l\u00e4ttviktsv\u00e4ska f\u00f6r vandring"},"content":{"rendered":"<h5 title=\"Vikbar hundv\u00e4ska Andningsbar axelv\u00e4ska f\u00f6r husdjur i mesh f\u00f6r sm\u00e5 husdjur Hundar Katter\" data-immersive-translate-walked=\"1c928421-2e42-4cd3-8754-5404553c0af5\" data-immersive-translate-paragraph=\"1\" data-spm-anchor-id=\"a2700.details.0.i35.4f6757d4w4zNZA\">Camping Ryggs\u00e4ck L\u00e4ttviktiga Vandringsv\u00e4skor | Vattent\u00e4t V\u00e4ska Fabrik &amp; Ryggs\u00e4ck Tillverkare - Bulk Outdoor Gear Solutions<\/h5>\n<div class=\"flex flex-grow flex-col max-w-full\">\n<div class=\"min-h-[20px] text-message flex w-full flex-col items-end gap-2 whitespace-pre-wrap break-words [.text-message+&amp;]:mt-5 overflow-x-auto\" dir=\"auto\" data-message-author-role=\"assistant\" data-message-id=\"3d7d46f6-7ec2-4222-9257-48fa0bba23c6\" data-suggestions=\"true\">\n<div class=\"flex w-full flex-col gap-1 empty:hidden first:pt-[3px]\">\n<div class=\"markdown prose w-full break-words dark:prose-invert light\">\n<table width=\"288\">\n<tbody>\n<tr>\n<td width=\"137\"><span style=\"color: #333333;\">Produkter Namn<\/span><\/td>\n<td width=\"151\">V\u00e4ska f\u00f6r vandring<\/td>\n<\/tr>\n<tr>\n<td><span style=\"color: #333333;\">Artikel nr.<\/span><\/td>\n<td><span style=\"color: #333333;\">PB-2065<\/span><\/td>\n<\/tr>\n<tr>\n<td><span style=\"color: #333333;\">Material<\/span><\/td>\n<td>Ripstop<\/td>\n<\/tr>\n<tr>\n<td><span style=\"color: #333333;\">\u00a0Storlek och f\u00e4rg<\/span><\/td>\n<td>20,5 * 12,2 * 6,3 tum<\/td>\n<\/tr>\n<tr>\n<td><span style=\"color: #333333;\">\u00a0Leveranstid<\/span><\/td>\n<td><span style=\"color: #333333;\">1-5 dagar f\u00f6r liten m\u00e4ngd med flyg och 30-35 dagar f\u00f6r stor m\u00e4ngd till sj\u00f6ss<\/span><\/td>\n<\/tr>\n<\/tbody>\n<\/table>\n<p>Som Kinas fr\u00e4msta tillverkare av vandringsv\u00e4skor och vattent\u00e4ta v\u00e4skfabrik specialiserar vi oss p\u00e5 att producera premium campingryggs\u00e4ck l\u00e4tta vandringsv\u00e4skor f\u00f6r globala utomhusm\u00e4rken. V\u00e5rt vandringsv\u00e4ska f\u00f6retag erbjuder:<\/p>\n<p>\u2705 <strong>Ultral\u00e4tt 210D ripstop-nylon<\/strong> (1,3 kg tom) med vattent\u00e4t IPX6-bel\u00e4ggning<br \/>\n\u2705 <strong>Anpassningsbar design<\/strong>\u00a0f\u00f6r <strong>vandringsp\u00e5sar med eget m\u00e4rke<\/strong><br \/>\n\u2705 <strong>OEM\/ODM-tj\u00e4nster<\/strong> med st\u00f6d f\u00f6r 3D-teknikpaket<br \/>\n\u2705 <strong>Produktion av vandringss\u00e4ckar i bulk<\/strong> med 10 dagars snabb leverans<\/p>\n<p>Betrodda av grossister och \u00e5terf\u00f6rs\u00e4ljare av vandringsv\u00e4skor \u00f6ver hela v\u00e4rlden. Viktiga egenskaper:<br \/>\n- Ergonomiskt ryggsystem med luftfl\u00f6de och justerbara lastlyftare<br \/>\n- Kompatibel med v\u00e4tskebl\u00e5sa + RFID-s\u00e4kra fickor<br \/>\n- Vikbar till en f\u00f6rvaringsv\u00e4ska (7\u2033x5\u2033)<\/p>\n<p><strong>Varf\u00f6r v\u00e4lja v\u00e5r fabrik f\u00f6r vandringsv\u00e4skor<\/strong>:<br \/>\n\ud83d\udd39 18+ \u00e5r som ledande export\u00f6r av vandringsv\u00e4skor fr\u00e5n Kina<br \/>\n\ud83d\udd39 Gratis digital prototypframst\u00e4llning med din logotyp\/f\u00e4rger<br \/>\n\ud83d\udd39 OEKO-Tex &amp; REACH-certifierade material<br \/>\n\ud83d\udd39 30% rabatt f\u00f6r leverant\u00f6rer av vandringsv\u00e4skor p\u00e5 3.000+ enheter<\/p>\n<p>Beg\u00e4r gratisprover av v\u00e5ra l\u00e4tta vandringsv\u00e4skor eller f\u00e5 omedelbara offerter. Vandringsv\u00e4ska leverant\u00f6rer njuter:<br \/>\n- Anpassad MOQ<br \/>\n- Batchspecifika kvalitetscertifikat<br \/>\n- Prioriterade alternativ f\u00f6r flyg- och sj\u00f6frakt<\/p>\n<\/div>\n<\/div>\n<\/div>\n<\/div>","protected":false},"excerpt":{"rendered":"<h2 data-immersive-translate-walked=\"344be1c1-5052-41eb-8fcd-0dbe236a0d6b\" data-immersive-translate-paragraph=\"1\">Campingryggs\u00e4ck l\u00e4ttviktsv\u00e4ska f\u00f6r vandring<\/h2>\n<ul class=\"list-paddingleft-2\">\n<li>Justerbara remmar - justera \u00e5tdragningen efter behov, f\u00f6r att binda ihop din packning eller h\u00e4nga upp sovs\u00e4ck, matta, h\u00e4ngmatta etc, l\u00e4mplig f\u00f6r alla m\u00e4nniskor.<\/li>\n<li>Multifunktionell resv\u00e4ska, 50L h\u00f6g kapacitet inkluderar ett huvudfack, tv\u00e5 framfickor med dragkedja, ett sovs\u00e4cksfack, sidofickor i mesh, du kan l\u00e4gga dina t\u00e4lt, filt eller matlagningsutrustning i denna ryggs\u00e4ck, b\u00e4st f\u00f6r 2-4-dagars \u00e4ventyr.<\/li>\n<\/ul>","protected":false},"featured_media":3478,"template":"","meta":{"_uag_custom_page_level_css":""},"product_brand":[],"product_cat":[60,45,68],"product_tag":[],"class_list":{"0":"post-3472","1":"product","2":"type-product","3":"status-publish","4":"has-post-thumbnail","6":"product_cat-backpack","7":"product_cat-hiking-bag","8":"product_cat-travel-bag","10":"first","11":"instock","12":"shipping-taxable","13":"product-type-simple"},"uagb_featured_image_src":{"full":["https:\/\/pecbag.com\/wp-content\/uploads\/2025\/05\/Camping-Backpack-lightweight-Hiking-Bag-5.jpeg",960,960,false],"thumbnail":["https:\/\/pecbag.com\/wp-content\/uploads\/2025\/05\/Camping-Backpack-lightweight-Hiking-Bag-5-150x150.jpeg",150,150,true],"medium":["https:\/\/pecbag.com\/wp-content\/uploads\/2025\/05\/Camping-Backpack-lightweight-Hiking-Bag-5-300x300.jpeg",300,300,true],"medium_large":["https:\/\/pecbag.com\/wp-content\/uploads\/2025\/05\/Camping-Backpack-lightweight-Hiking-Bag-5-768x768.jpeg",768,768,true],"large":["https:\/\/pecbag.com\/wp-content\/uploads\/2025\/05\/Camping-Backpack-lightweight-Hiking-Bag-5.jpeg",800,800,false],"1536x1536":["https:\/\/pecbag.com\/wp-content\/uploads\/2025\/05\/Camping-Backpack-lightweight-Hiking-Bag-5.jpeg",960,960,false],"2048x2048":["https:\/\/pecbag.com\/wp-content\/uploads\/2025\/05\/Camping-Backpack-lightweight-Hiking-Bag-5.jpeg",960,960,false],"trp-custom-language-flag":["https:\/\/pecbag.com\/wp-content\/uploads\/2025\/05\/Camping-Backpack-lightweight-Hiking-Bag-5-12x12.jpeg",12,12,true],"woocommerce_thumbnail":["https:\/\/pecbag.com\/wp-content\/uploads\/2025\/05\/Camping-Backpack-lightweight-Hiking-Bag-5-300x300.jpeg",300,300,true],"woocommerce_single":["https:\/\/pecbag.com\/wp-content\/uploads\/2025\/05\/Camping-Backpack-lightweight-Hiking-Bag-5-600x600.jpeg",600,600,true],"woocommerce_gallery_thumbnail":["https:\/\/pecbag.com\/wp-content\/uploads\/2025\/05\/Camping-Backpack-lightweight-Hiking-Bag-5-100x100.jpeg",100,100,true]},"uagb_author_info":{"display_name":"Lawrence","author_link":"https:\/\/pecbag.com\/se\/author\/"},"uagb_comment_info":0,"uagb_excerpt":"Camping Backpack lightweight Hiking Bag Adjustable Straps- adjust the tightness as you need, for tying up your pack or hanging sleeping bag, mat, hammock, etc, Suitable for all people. Multi-functional travel bag, 50L high-capacity includes a main compartment, two zipped front pockets, a sleeping bag compartment, mesh side pockets, you can put your tents, blanket,&hellip;","_links":{"self":[{"href":"https:\/\/pecbag.com\/se\/wp-json\/wp\/v2\/product\/3472","targetHints":{"allow":["GET"]}}],"collection":[{"href":"https:\/\/pecbag.com\/se\/wp-json\/wp\/v2\/product"}],"about":[{"href":"https:\/\/pecbag.com\/se\/wp-json\/wp\/v2\/types\/product"}],"wp:featuredmedia":[{"embeddable":true,"href":"https:\/\/pecbag.com\/se\/wp-json\/wp\/v2\/media\/3478"}],"wp:attachment":[{"href":"https:\/\/pecbag.com\/se\/wp-json\/wp\/v2\/media?parent=3472"}],"wp:term":[{"taxonomy":"product_brand","embeddable":true,"href":"https:\/\/pecbag.com\/se\/wp-json\/wp\/v2\/product_brand?post=3472"},{"taxonomy":"product_cat","embeddable":true,"href":"https:\/\/pecbag.com\/se\/wp-json\/wp\/v2\/product_cat?post=3472"},{"taxonomy":"product_tag","embeddable":true,"href":"https:\/\/pecbag.com\/se\/wp-json\/wp\/v2\/product_tag?post=3472"}],"curies":[{"name":"wp","href":"https:\/\/api.w.org\/{rel}","templated":true}]}}