{"id":3479,"date":"2025-05-27T03:14:11","date_gmt":"2025-05-27T03:14:11","guid":{"rendered":"https:\/\/pecbag.com\/?post_type=product&#038;p=3479"},"modified":"2025-11-29T01:57:28","modified_gmt":"2025-11-29T01:57:28","slug":"hot-sale-large-capacity-hiking-backpack","status":"publish","type":"product","link":"https:\/\/pecbag.com\/se\/hot-sale-large-capacity-hiking-backpack\/","title":{"rendered":"Hot Sale Vandringsryggs\u00e4ck med stor kapacitet"},"content":{"rendered":"<h5 title=\"Vikbar hundv\u00e4ska Andningsbar axelv\u00e4ska f\u00f6r husdjur i mesh f\u00f6r sm\u00e5 husdjur Hundar Katter\" data-immersive-translate-walked=\"1c928421-2e42-4cd3-8754-5404553c0af5\" data-immersive-translate-paragraph=\"1\" data-spm-anchor-id=\"a2700.details.0.i35.4f6757d4w4zNZA\">Hot Sale Vandringsryggs\u00e4ckar med stor kapacitet | Vattent\u00e4t v\u00e4ska Fabrik &amp; Ryggs\u00e4ckstillverkare - Bulk Outdoor Solutions<\/h5>\n<div class=\"flex flex-grow flex-col max-w-full\">\n<div class=\"min-h-[20px] text-message flex w-full flex-col items-end gap-2 whitespace-pre-wrap break-words [.text-message+&amp;]:mt-5 overflow-x-auto\" dir=\"auto\" data-message-author-role=\"assistant\" data-message-id=\"3d7d46f6-7ec2-4222-9257-48fa0bba23c6\" data-suggestions=\"true\">\n<div class=\"flex w-full flex-col gap-1 empty:hidden first:pt-[3px]\">\n<div class=\"markdown prose w-full break-words dark:prose-invert light\">\n<table width=\"288\">\n<tbody>\n<tr>\n<td width=\"137\"><span style=\"color: #333333;\">Produkter Namn<\/span><\/td>\n<td width=\"151\">V\u00e4ska f\u00f6r vandring<\/td>\n<\/tr>\n<tr>\n<td><span style=\"color: #333333;\">Artikel nr.<\/span><\/td>\n<td><span style=\"color: #333333;\">PB-2066<\/span><\/td>\n<\/tr>\n<tr>\n<td><span style=\"color: #333333;\">Material<\/span><\/td>\n<td>Polyester<\/td>\n<\/tr>\n<tr>\n<td><span style=\"color: #333333;\">Storlek<\/span><\/td>\n<td>30*15*54 cm<\/td>\n<\/tr>\n<tr>\n<td><span style=\"color: #333333;\">\u00a0Leveranstid<\/span><\/td>\n<td><span style=\"color: #333333;\">1-5 dagar f\u00f6r liten m\u00e4ngd med flyg och 30-35 dagar f\u00f6r stor m\u00e4ngd till sj\u00f6ss<\/span><\/td>\n<\/tr>\n<\/tbody>\n<\/table>\n<p>Som Kinas ledande tillverkare av vandringsv\u00e4skor och vattent\u00e4ta v\u00e4skfabriker producerar vi premium hot sale vandringsryggs\u00e4ckar med stor kapacitet f\u00f6r globala utomhusm\u00e4rken. V\u00e5rt vandringsv\u00e4ska f\u00f6retag erbjuder:<\/p>\n<p>\u2705 <strong>60L-90L ut\u00f6kad kapacitet<\/strong> med MOLLE-band f\u00f6r fasts\u00e4ttning av utrustning<br \/>\n\u2705 <strong>IPX6 vattent\u00e4t design<\/strong> (500D nylon + PU-bel\u00e4ggning)<br \/>\n\u2705 <strong>OEM\/ODM-tj\u00e4nster<\/strong> f\u00f6r <strong>vandringsp\u00e5sar med eget m\u00e4rke<\/strong><br \/>\n\u2705 <strong>Produktion av vandringss\u00e4ckar i bulk<\/strong> med 12 dagars snabb leverans<\/p>\n<p>Betrodda av grossister och \u00e5terf\u00f6rs\u00e4ljare av vandringsv\u00e4skor \u00f6ver hela v\u00e4rlden. Viktiga egenskaper:<\/p>\n<ul>\n<li>Justerbar b\u00e5l\u00e4ngd och lastb\u00e4rande h\u00f6ftb\u00e4lte<\/li>\n<li>Separat sovs\u00e4cksfack och regnskydd<\/li>\n<li>Hydreringshylsa kompatibel med 3L reservoar<\/li>\n<\/ul>\n<p><strong>Varf\u00f6r v\u00e4lja v\u00e5r fabrik f\u00f6r vandringsv\u00e4skor<\/strong>:<br \/>\n\ud83d\udd39 15+ \u00e5r som ledande export\u00f6r av vandringsv\u00e4skor fr\u00e5n Kina<br \/>\n\ud83d\udd39 Gratis 3D-designst\u00f6d med ditt varum\u00e4rke<br \/>\n\ud83d\udd39 OEKO-Tex &amp; SGS-certifierade material<br \/>\n\ud83d\udd39 25% rabatt f\u00f6r leverant\u00f6rer av vandringsv\u00e4skor p\u00e5 2.500+ enheter<\/p>\n<p>Beg\u00e4r gratisprover av v\u00e5ra vandringsryggs\u00e4ckar med stor kapacitet eller f\u00e5 omedelbara offerter. Vandringsv\u00e4ska leverant\u00f6rer f\u00e5r:<\/p>\n<ul>\n<li>Anpassad MOQ-flexibilitet<\/li>\n<li>Batchspecifika kvalitetscertifikat<\/li>\n<li>Prioriterad frakttilldelning<\/li>\n<\/ul>\n<\/div>\n<\/div>\n<\/div>\n<\/div>","protected":false},"excerpt":{"rendered":"<h2 data-immersive-translate-walked=\"344be1c1-5052-41eb-8fcd-0dbe236a0d6b\" data-immersive-translate-paragraph=\"1\">Hot Sale Vandringsryggs\u00e4ck med stor kapacitet<\/h2>\n<p>Stor kapacitet och flera fack: Denna vandringsryggs\u00e4ck har en design med flera fack f\u00f6r enkel f\u00f6rvaring och organisering. Inneh\u00e5ller ett huvudfack med dragkedja, en frontficka med dragkedja, en toppficka, tv\u00e5 sidofickor och tv\u00e5 h\u00f6ftfickor. En s\u00e4rskild bottenficka ger tillg\u00e5ng till huvudfacket, g\u00f6r det enkelt att komma \u00e5t dina f\u00f6rem\u00e5l och f\u00f6rvarar skor eller smutsiga kl\u00e4der n\u00e4r den \u00e4r st\u00e4ngd. G\u00f6r det enkelt f\u00f6r alla att b\u00e4ra alla viktiga saker som nycklar, kartor, sovs\u00e4ckar, en alpenstock, flaskor, ett paraply etc.<\/p>","protected":false},"featured_media":3482,"template":"","meta":{"_uag_custom_page_level_css":""},"product_brand":[],"product_cat":[60,45,68],"product_tag":[],"class_list":{"0":"post-3479","1":"product","2":"type-product","3":"status-publish","4":"has-post-thumbnail","6":"product_cat-backpack","7":"product_cat-hiking-bag","8":"product_cat-travel-bag","10":"first","11":"instock","12":"shipping-taxable","13":"product-type-simple"},"uagb_featured_image_src":{"full":["https:\/\/pecbag.com\/wp-content\/uploads\/2025\/05\/Hot-Sale-Large-Capacity-Hiking-Backpack-2.jpeg",720,720,false],"thumbnail":["https:\/\/pecbag.com\/wp-content\/uploads\/2025\/05\/Hot-Sale-Large-Capacity-Hiking-Backpack-2-150x150.jpeg",150,150,true],"medium":["https:\/\/pecbag.com\/wp-content\/uploads\/2025\/05\/Hot-Sale-Large-Capacity-Hiking-Backpack-2-300x300.jpeg",300,300,true],"medium_large":["https:\/\/pecbag.com\/wp-content\/uploads\/2025\/05\/Hot-Sale-Large-Capacity-Hiking-Backpack-2.jpeg",720,720,false],"large":["https:\/\/pecbag.com\/wp-content\/uploads\/2025\/05\/Hot-Sale-Large-Capacity-Hiking-Backpack-2.jpeg",720,720,false],"1536x1536":["https:\/\/pecbag.com\/wp-content\/uploads\/2025\/05\/Hot-Sale-Large-Capacity-Hiking-Backpack-2.jpeg",720,720,false],"2048x2048":["https:\/\/pecbag.com\/wp-content\/uploads\/2025\/05\/Hot-Sale-Large-Capacity-Hiking-Backpack-2.jpeg",720,720,false],"trp-custom-language-flag":["https:\/\/pecbag.com\/wp-content\/uploads\/2025\/05\/Hot-Sale-Large-Capacity-Hiking-Backpack-2-12x12.jpeg",12,12,true],"woocommerce_thumbnail":["https:\/\/pecbag.com\/wp-content\/uploads\/2025\/05\/Hot-Sale-Large-Capacity-Hiking-Backpack-2-300x300.jpeg",300,300,true],"woocommerce_single":["https:\/\/pecbag.com\/wp-content\/uploads\/2025\/05\/Hot-Sale-Large-Capacity-Hiking-Backpack-2-600x600.jpeg",600,600,true],"woocommerce_gallery_thumbnail":["https:\/\/pecbag.com\/wp-content\/uploads\/2025\/05\/Hot-Sale-Large-Capacity-Hiking-Backpack-2-100x100.jpeg",100,100,true]},"uagb_author_info":{"display_name":"Lawrence","author_link":"https:\/\/pecbag.com\/se\/author\/"},"uagb_comment_info":0,"uagb_excerpt":"Hot Sale Large Capacity Hiking Backpack Large Capacity &amp; Multi-Compartment: This Hiking daypack features a multiple-compartments design for easy storage and organization. Includes one main zipped compartment, one zipped front pocket, one top pocket, two side pockets, and two hip pockets. A special bottom pocket provides access to the main compartment, access your items easily,&hellip;","_links":{"self":[{"href":"https:\/\/pecbag.com\/se\/wp-json\/wp\/v2\/product\/3479","targetHints":{"allow":["GET"]}}],"collection":[{"href":"https:\/\/pecbag.com\/se\/wp-json\/wp\/v2\/product"}],"about":[{"href":"https:\/\/pecbag.com\/se\/wp-json\/wp\/v2\/types\/product"}],"wp:featuredmedia":[{"embeddable":true,"href":"https:\/\/pecbag.com\/se\/wp-json\/wp\/v2\/media\/3482"}],"wp:attachment":[{"href":"https:\/\/pecbag.com\/se\/wp-json\/wp\/v2\/media?parent=3479"}],"wp:term":[{"taxonomy":"product_brand","embeddable":true,"href":"https:\/\/pecbag.com\/se\/wp-json\/wp\/v2\/product_brand?post=3479"},{"taxonomy":"product_cat","embeddable":true,"href":"https:\/\/pecbag.com\/se\/wp-json\/wp\/v2\/product_cat?post=3479"},{"taxonomy":"product_tag","embeddable":true,"href":"https:\/\/pecbag.com\/se\/wp-json\/wp\/v2\/product_tag?post=3479"}],"curies":[{"name":"wp","href":"https:\/\/api.w.org\/{rel}","templated":true}]}}