{"id":3485,"date":"2025-05-27T03:22:19","date_gmt":"2025-05-27T03:22:19","guid":{"rendered":"https:\/\/pecbag.com\/?post_type=product&#038;p=3485"},"modified":"2025-11-29T01:57:24","modified_gmt":"2025-11-29T01:57:24","slug":"new-design-tactical-hiking-bag","status":"publish","type":"product","link":"https:\/\/pecbag.com\/se\/new-design-tactical-hiking-bag\/","title":{"rendered":"Ny design taktisk vandringsv\u00e4ska"},"content":{"rendered":"<h5 title=\"Vikbar hundv\u00e4ska Andningsbar axelv\u00e4ska f\u00f6r husdjur i mesh f\u00f6r sm\u00e5 husdjur Hundar Katter\" data-immersive-translate-walked=\"1c928421-2e42-4cd3-8754-5404553c0af5\" data-immersive-translate-paragraph=\"1\" data-spm-anchor-id=\"a2700.details.0.i35.4f6757d4w4zNZA\">Ny design taktiska vandringsv\u00e4skor | Vattent\u00e4t v\u00e4ska fabrik &amp; ryggs\u00e4ck tillverkare - Bulk Outdoor Solutions<\/h5>\n<div class=\"flex flex-grow flex-col max-w-full\">\n<div class=\"min-h-[20px] text-message flex w-full flex-col items-end gap-2 whitespace-pre-wrap break-words [.text-message+&amp;]:mt-5 overflow-x-auto\" dir=\"auto\" data-message-author-role=\"assistant\" data-message-id=\"3d7d46f6-7ec2-4222-9257-48fa0bba23c6\" data-suggestions=\"true\">\n<div class=\"flex w-full flex-col gap-1 empty:hidden first:pt-[3px]\">\n<div class=\"markdown prose w-full break-words dark:prose-invert light\">\n<table width=\"288\">\n<tbody>\n<tr>\n<td width=\"137\"><span style=\"color: #333333;\">Produkter Namn<\/span><\/td>\n<td width=\"151\">V\u00e4ska f\u00f6r vandring<\/td>\n<\/tr>\n<tr>\n<td><span style=\"color: #333333;\">Artikel nr.<\/span><\/td>\n<td><span style=\"color: #333333;\">PB-2067<\/span><\/td>\n<\/tr>\n<tr>\n<td><span style=\"color: #333333;\">Material<\/span><\/td>\n<td>600D polyester<\/td>\n<\/tr>\n<tr>\n<td><span style=\"color: #333333;\">Storlek<\/span><\/td>\n<td>15 X 8 X 21 tum<\/td>\n<\/tr>\n<tr>\n<td><span style=\"color: #333333;\">\u00a0Leveranstid<\/span><\/td>\n<td><span style=\"color: #333333;\">1-5 dagar f\u00f6r liten m\u00e4ngd med flyg och 30-35 dagar f\u00f6r stor m\u00e4ngd till sj\u00f6ss<\/span><\/td>\n<\/tr>\n<\/tbody>\n<\/table>\n<p>Som Kinas ledande tillverkare av vandringsv\u00e4skor och vattent\u00e4ta v\u00e4skfabriker innoverar vi nya designtaktiska vandringsv\u00e4skor f\u00f6r globala utomhusproffs. V\u00e5rt vandringsv\u00e4skf\u00f6retag levererar:<\/p>\n<p>\u2705 <strong>Milit\u00e4rklassad 1000D nylon<\/strong> med vattent\u00e4ta IPX7-dragkedjor<br \/>\n\u2705 <strong>MODUL\u00c4RT MOLLE-system<\/strong> (20+ f\u00e4stpunkter) f\u00f6r anpassning av utrustningen<br \/>\n\u2705 <strong>OEM\/ODM-tj\u00e4nster<\/strong> f\u00f6r <strong>vandringsp\u00e5sar med eget m\u00e4rke<\/strong> (MOQ 50st)<br \/>\n\u2705 <strong>Produktion av vandringss\u00e4ckar i bulk<\/strong> med 10 dagars snabb leverans<\/p>\n<p>Betrodda av grossister f\u00f6r vandringsv\u00e4skor och varum\u00e4rken f\u00f6r taktisk utrustning \u00f6ver hela v\u00e4rlden. Viktiga innovationer:<br \/>\n- Snabb\u00e5tkomligt vapenfack och hylsa f\u00f6r v\u00e4tskebl\u00e5sa<br \/>\n- F\u00f6rst\u00e4rkt draghandtag och sp\u00e4nne f\u00f6r n\u00f6dvissla<br \/>\n- Kompatibel med ballistiska pl\u00e5tinsatser<\/p>\n<p><strong>Varf\u00f6r samarbeta med v\u00e5r vandringsv\u00e4ska fabrik<\/strong>:<br \/>\n\ud83d\udd39 18+ \u00e5r som ledande export\u00f6r av vandringsv\u00e4skor fr\u00e5n Kina<br \/>\n\ud83d\udd39 Gratis 3D-teknikpaketdesign med ditt varum\u00e4rke<br \/>\n\ud83d\udd39 MIL-STD-810G-testad &amp; OEKO-Tex-certifierad<br \/>\n\ud83d\udd39 30% rabatt f\u00f6r leverant\u00f6rer av vandringsv\u00e4skor p\u00e5 3.000+ enheter<\/p>\n<p>Beg\u00e4r gratisprover av v\u00e5ra taktiska vandringsv\u00e4skor eller f\u00e5 omedelbara offerter. Vandringsv\u00e4ska leverant\u00f6rer njuter:<br \/>\n- Anpassad MOQ fr\u00e5n 30st<br \/>\n- RFID\/NFC-teknik f\u00f6r att motverka f\u00f6rfalskning<br \/>\n- Prioriterad tilldelning av flyg- och sj\u00f6frakt<\/p>\n<\/div>\n<\/div>\n<\/div>\n<\/div>","protected":false},"excerpt":{"rendered":"<h2 data-immersive-translate-walked=\"344be1c1-5052-41eb-8fcd-0dbe236a0d6b\" data-immersive-translate-paragraph=\"1\">Ny design taktisk vandringsv\u00e4ska<\/h2>\n<p>Vi erbjuder premiumv\u00e4skor med full storlek och f\u00e4rganpassning, slitstarka tyger och certifierad kvalitet.<\/p>\n<p>Vi erbjuder flexibla MOQ:er, snabb global leverans och private label-l\u00f6sningar.<\/p>\n<p>Kontakta oss redan idag!<\/p>","protected":false},"featured_media":3488,"template":"","meta":{"_uag_custom_page_level_css":""},"product_brand":[],"product_cat":[60,45,68],"product_tag":[],"class_list":{"0":"post-3485","1":"product","2":"type-product","3":"status-publish","4":"has-post-thumbnail","6":"product_cat-backpack","7":"product_cat-hiking-bag","8":"product_cat-travel-bag","10":"first","11":"instock","12":"shipping-taxable","13":"product-type-simple"},"uagb_featured_image_src":{"full":["https:\/\/pecbag.com\/wp-content\/uploads\/2025\/05\/New-Design-Tactical-Hiking-Bag-5.jpeg",960,960,false],"thumbnail":["https:\/\/pecbag.com\/wp-content\/uploads\/2025\/05\/New-Design-Tactical-Hiking-Bag-5-150x150.jpeg",150,150,true],"medium":["https:\/\/pecbag.com\/wp-content\/uploads\/2025\/05\/New-Design-Tactical-Hiking-Bag-5-300x300.jpeg",300,300,true],"medium_large":["https:\/\/pecbag.com\/wp-content\/uploads\/2025\/05\/New-Design-Tactical-Hiking-Bag-5-768x768.jpeg",768,768,true],"large":["https:\/\/pecbag.com\/wp-content\/uploads\/2025\/05\/New-Design-Tactical-Hiking-Bag-5.jpeg",800,800,false],"1536x1536":["https:\/\/pecbag.com\/wp-content\/uploads\/2025\/05\/New-Design-Tactical-Hiking-Bag-5.jpeg",960,960,false],"2048x2048":["https:\/\/pecbag.com\/wp-content\/uploads\/2025\/05\/New-Design-Tactical-Hiking-Bag-5.jpeg",960,960,false],"trp-custom-language-flag":["https:\/\/pecbag.com\/wp-content\/uploads\/2025\/05\/New-Design-Tactical-Hiking-Bag-5-12x12.jpeg",12,12,true],"woocommerce_thumbnail":["https:\/\/pecbag.com\/wp-content\/uploads\/2025\/05\/New-Design-Tactical-Hiking-Bag-5-300x300.jpeg",300,300,true],"woocommerce_single":["https:\/\/pecbag.com\/wp-content\/uploads\/2025\/05\/New-Design-Tactical-Hiking-Bag-5-600x600.jpeg",600,600,true],"woocommerce_gallery_thumbnail":["https:\/\/pecbag.com\/wp-content\/uploads\/2025\/05\/New-Design-Tactical-Hiking-Bag-5-100x100.jpeg",100,100,true]},"uagb_author_info":{"display_name":"Lawrence","author_link":"https:\/\/pecbag.com\/se\/author\/"},"uagb_comment_info":0,"uagb_excerpt":"New Design Tactical Hiking Bag We provide premium bags with full-size and color customization, durable fabrics, and certified quality. Enjoy flexible MOQs, fast global shipping, and private label solutions. Contact us today!","_links":{"self":[{"href":"https:\/\/pecbag.com\/se\/wp-json\/wp\/v2\/product\/3485","targetHints":{"allow":["GET"]}}],"collection":[{"href":"https:\/\/pecbag.com\/se\/wp-json\/wp\/v2\/product"}],"about":[{"href":"https:\/\/pecbag.com\/se\/wp-json\/wp\/v2\/types\/product"}],"wp:featuredmedia":[{"embeddable":true,"href":"https:\/\/pecbag.com\/se\/wp-json\/wp\/v2\/media\/3488"}],"wp:attachment":[{"href":"https:\/\/pecbag.com\/se\/wp-json\/wp\/v2\/media?parent=3485"}],"wp:term":[{"taxonomy":"product_brand","embeddable":true,"href":"https:\/\/pecbag.com\/se\/wp-json\/wp\/v2\/product_brand?post=3485"},{"taxonomy":"product_cat","embeddable":true,"href":"https:\/\/pecbag.com\/se\/wp-json\/wp\/v2\/product_cat?post=3485"},{"taxonomy":"product_tag","embeddable":true,"href":"https:\/\/pecbag.com\/se\/wp-json\/wp\/v2\/product_tag?post=3485"}],"curies":[{"name":"wp","href":"https:\/\/api.w.org\/{rel}","templated":true}]}}