{"id":3493,"date":"2025-05-27T03:31:37","date_gmt":"2025-05-27T03:31:37","guid":{"rendered":"https:\/\/pecbag.com\/?post_type=product&#038;p=3493"},"modified":"2025-11-29T01:57:18","modified_gmt":"2025-11-29T01:57:18","slug":"custom-logo-large-capacity-tactical-shoulder-bag","status":"publish","type":"product","link":"https:\/\/pecbag.com\/se\/custom-logo-large-capacity-tactical-shoulder-bag\/","title":{"rendered":"Taktisk axelremsv\u00e4ska med stor kapacitet och egen logotyp"},"content":{"rendered":"<h5 title=\"Vikbar hundv\u00e4ska Andningsbar axelv\u00e4ska f\u00f6r husdjur i mesh f\u00f6r sm\u00e5 husdjur Hundar Katter\" data-immersive-translate-walked=\"1c928421-2e42-4cd3-8754-5404553c0af5\" data-immersive-translate-paragraph=\"1\" data-spm-anchor-id=\"a2700.details.0.i35.4f6757d4w4zNZA\">Taktiska axelv\u00e4skor med stor kapacitet med anpassad logotyp | Vattent\u00e4t v\u00e4skfabrik och ryggs\u00e4ckstillverkare - Bulk Hunting Gear Solutions<\/h5>\n<div class=\"flex flex-grow flex-col max-w-full\">\n<div class=\"min-h-[20px] text-message flex w-full flex-col items-end gap-2 whitespace-pre-wrap break-words [.text-message+&amp;]:mt-5 overflow-x-auto\" dir=\"auto\" data-message-author-role=\"assistant\" data-message-id=\"3d7d46f6-7ec2-4222-9257-48fa0bba23c6\" data-suggestions=\"true\">\n<div class=\"flex w-full flex-col gap-1 empty:hidden first:pt-[3px]\">\n<div class=\"markdown prose w-full break-words dark:prose-invert light\">\n<table width=\"288\">\n<tbody>\n<tr>\n<td width=\"137\"><span style=\"color: #333333;\">Produkter Namn<\/span><\/td>\n<td width=\"151\">Jaktv\u00e4ska<\/td>\n<\/tr>\n<tr>\n<td><span style=\"color: #333333;\">Artikel nr.<\/span><\/td>\n<td><span style=\"color: #333333;\">PB-2068<\/span><\/td>\n<\/tr>\n<tr>\n<td><span style=\"color: #333333;\">Material<\/span><\/td>\n<td>600D polyester<\/td>\n<\/tr>\n<tr>\n<td><span style=\"color: #333333;\">Sizer<\/span><\/td>\n<td>12,6 x 8,6 x 4,7 tum<\/td>\n<\/tr>\n<tr>\n<td><span style=\"color: #333333;\">\u00a0Leveranstid<\/span><\/td>\n<td><span style=\"color: #333333;\">1-5 dagar f\u00f6r liten m\u00e4ngd med flyg och 30-35 dagar f\u00f6r stor m\u00e4ngd till sj\u00f6ss<\/span><\/td>\n<\/tr>\n<\/tbody>\n<\/table>\n<p>Som Kinas ledande tillverkare av jaktv\u00e4skor och vattent\u00e4ta v\u00e4skfabriker konstruerar vi premium anpassade logotyp taktiska axelv\u00e4skor med stor kapacitet f\u00f6r globala utomhusproffs. V\u00e5rt jaktv\u00e4skf\u00f6retag tillhandah\u00e5ller:<\/p>\n<p>\u2705 <strong>30L utbyggbar kapacitet<\/strong> med MOLLE\/PALS-band (500D Cordura\u00ae)<br \/>\n\u2705 <strong>IPX6 vattent\u00e4ta blixtl\u00e5s<\/strong> + RFID-blockerande fack (MOQ 50 st)<br \/>\n\u2705 <strong>OEM\/ODM-tj\u00e4nster<\/strong> f\u00f6r <strong>jaktv\u00e4skor med eget m\u00e4rke<\/strong><br \/>\n\u2705 <strong>Produktion av bulkjakts\u00e4ckar<\/strong> med 12 dagars snabb leverans<\/p>\n<p>Betrodda av jaktv\u00e4skgrossister och taktiska varum\u00e4rken \u00f6ver hela v\u00e4rlden. Viktiga egenskaper:<br \/>\n- Ambidextrisk vapenklaff med snabb \u00e5tkomst<br \/>\n- Blodresistent foder och doftkontrollteknik<br \/>\n- Integrerad h\u00e5llare f\u00f6r jaktsamtal och skal\u00f6glor<\/p>\n<p><strong>Varf\u00f6r samarbeta med v\u00e5r jaktv\u00e4skfabrik<\/strong>:<br \/>\n\ud83d\udd39 15+ \u00e5r som ledande export\u00f6r av jaktv\u00e4skor fr\u00e5n Kina<br \/>\n\ud83d\udd39 Gratis digital 3D-prototypframst\u00e4llning med din logotyp<br \/>\n\ud83d\udd39 MIL-SPEC-testad &amp; OEKO-Tex-certifierad<br \/>\n\ud83d\udd39 25% rabatt f\u00f6r f\u00f6rs\u00e4ljare av jaktv\u00e4skor p\u00e5 2.000+ enheter<\/p>\n<p>Beg\u00e4r gratisprover av v\u00e5ra taktiska axelv\u00e4skor eller f\u00e5 omedelbara offerter. Jaktv\u00e4ska leverant\u00f6rer njuter:<br \/>\n- Utveckling av anpassade kamouflagem\u00f6nster<br \/>\n- Batchspecifika certifieringar f\u00f6r ballistisk nylon<br \/>\n- Prioriterad tilldelning av flygfrakt<\/p>\n<\/div>\n<\/div>\n<\/div>\n<\/div>","protected":false},"excerpt":{"rendered":"<h2 data-immersive-translate-walked=\"344be1c1-5052-41eb-8fcd-0dbe236a0d6b\" data-immersive-translate-paragraph=\"1\">Taktisk axelremsv\u00e4ska med stor kapacitet och egen logotyp<\/h2>\n<p>Vi erbjuder premiumv\u00e4skor med full storlek och f\u00e4rganpassning, slitstarka tyger och certifierad kvalitet.<\/p>\n<p>Vi erbjuder flexibla MOQ:er, snabb global leverans och private label-l\u00f6sningar.<\/p>\n<p>Kontakta oss redan idag!<\/p>","protected":false},"featured_media":3494,"template":"","meta":{"_uag_custom_page_level_css":""},"product_brand":[],"product_cat":[54,46,45,64],"product_tag":[],"class_list":{"0":"post-3493","1":"product","2":"type-product","3":"status-publish","4":"has-post-thumbnail","6":"product_cat-hunting-bag","7":"product_cat-fishing-bag","8":"product_cat-hiking-bag","9":"product_cat-shoulder-bag","11":"first","12":"instock","13":"shipping-taxable","14":"product-type-simple"},"uagb_featured_image_src":{"full":["https:\/\/pecbag.com\/wp-content\/uploads\/2025\/05\/Custom-Logo-Large-Capacity-Tactical-Shoulder-bag-6.jpeg",960,960,false],"thumbnail":["https:\/\/pecbag.com\/wp-content\/uploads\/2025\/05\/Custom-Logo-Large-Capacity-Tactical-Shoulder-bag-6-150x150.jpeg",150,150,true],"medium":["https:\/\/pecbag.com\/wp-content\/uploads\/2025\/05\/Custom-Logo-Large-Capacity-Tactical-Shoulder-bag-6-300x300.jpeg",300,300,true],"medium_large":["https:\/\/pecbag.com\/wp-content\/uploads\/2025\/05\/Custom-Logo-Large-Capacity-Tactical-Shoulder-bag-6-768x768.jpeg",768,768,true],"large":["https:\/\/pecbag.com\/wp-content\/uploads\/2025\/05\/Custom-Logo-Large-Capacity-Tactical-Shoulder-bag-6.jpeg",800,800,false],"1536x1536":["https:\/\/pecbag.com\/wp-content\/uploads\/2025\/05\/Custom-Logo-Large-Capacity-Tactical-Shoulder-bag-6.jpeg",960,960,false],"2048x2048":["https:\/\/pecbag.com\/wp-content\/uploads\/2025\/05\/Custom-Logo-Large-Capacity-Tactical-Shoulder-bag-6.jpeg",960,960,false],"trp-custom-language-flag":["https:\/\/pecbag.com\/wp-content\/uploads\/2025\/05\/Custom-Logo-Large-Capacity-Tactical-Shoulder-bag-6-12x12.jpeg",12,12,true],"woocommerce_thumbnail":["https:\/\/pecbag.com\/wp-content\/uploads\/2025\/05\/Custom-Logo-Large-Capacity-Tactical-Shoulder-bag-6-300x300.jpeg",300,300,true],"woocommerce_single":["https:\/\/pecbag.com\/wp-content\/uploads\/2025\/05\/Custom-Logo-Large-Capacity-Tactical-Shoulder-bag-6-600x600.jpeg",600,600,true],"woocommerce_gallery_thumbnail":["https:\/\/pecbag.com\/wp-content\/uploads\/2025\/05\/Custom-Logo-Large-Capacity-Tactical-Shoulder-bag-6-100x100.jpeg",100,100,true]},"uagb_author_info":{"display_name":"Lawrence","author_link":"https:\/\/pecbag.com\/se\/author\/"},"uagb_comment_info":0,"uagb_excerpt":"Custom Logo Large Capacity Tactical Shoulder Bag We provide premium bags with full-size and color customization, durable fabrics, and certified quality. Enjoy flexible MOQs, fast global shipping, and private label solutions. Contact us today!","_links":{"self":[{"href":"https:\/\/pecbag.com\/se\/wp-json\/wp\/v2\/product\/3493","targetHints":{"allow":["GET"]}}],"collection":[{"href":"https:\/\/pecbag.com\/se\/wp-json\/wp\/v2\/product"}],"about":[{"href":"https:\/\/pecbag.com\/se\/wp-json\/wp\/v2\/types\/product"}],"wp:featuredmedia":[{"embeddable":true,"href":"https:\/\/pecbag.com\/se\/wp-json\/wp\/v2\/media\/3494"}],"wp:attachment":[{"href":"https:\/\/pecbag.com\/se\/wp-json\/wp\/v2\/media?parent=3493"}],"wp:term":[{"taxonomy":"product_brand","embeddable":true,"href":"https:\/\/pecbag.com\/se\/wp-json\/wp\/v2\/product_brand?post=3493"},{"taxonomy":"product_cat","embeddable":true,"href":"https:\/\/pecbag.com\/se\/wp-json\/wp\/v2\/product_cat?post=3493"},{"taxonomy":"product_tag","embeddable":true,"href":"https:\/\/pecbag.com\/se\/wp-json\/wp\/v2\/product_tag?post=3493"}],"curies":[{"name":"wp","href":"https:\/\/api.w.org\/{rel}","templated":true}]}}