{"id":3507,"date":"2025-05-27T03:52:20","date_gmt":"2025-05-27T03:52:20","guid":{"rendered":"https:\/\/pecbag.com\/?post_type=product&#038;p=3507"},"modified":"2025-11-29T01:57:04","modified_gmt":"2025-11-29T01:57:04","slug":"waterproof-camo-hunting-portable-bag","status":"publish","type":"product","link":"https:\/\/pecbag.com\/se\/waterproof-camo-hunting-portable-bag\/","title":{"rendered":"Vattent\u00e4t Camo jaktv\u00e4ska B\u00e4rbar v\u00e4ska"},"content":{"rendered":"<h5 title=\"Vikbar hundv\u00e4ska Andningsbar axelv\u00e4ska f\u00f6r husdjur i mesh f\u00f6r sm\u00e5 husdjur Hundar Katter\" data-immersive-translate-walked=\"1c928421-2e42-4cd3-8754-5404553c0af5\" data-immersive-translate-paragraph=\"1\" data-spm-anchor-id=\"a2700.details.0.i35.4f6757d4w4zNZA\">Vattent\u00e4ta Camo jakt b\u00e4rbara v\u00e4skor | Vattent\u00e4t v\u00e4ska fabrik &amp; ryggs\u00e4ck tillverkare - Bulk Outdoor Solutions<\/h5>\n<div class=\"flex flex-grow flex-col max-w-full\">\n<div class=\"min-h-[20px] text-message flex w-full flex-col items-end gap-2 whitespace-pre-wrap break-words [.text-message+&amp;]:mt-5 overflow-x-auto\" dir=\"auto\" data-message-author-role=\"assistant\" data-message-id=\"3d7d46f6-7ec2-4222-9257-48fa0bba23c6\" data-suggestions=\"true\">\n<div class=\"flex w-full flex-col gap-1 empty:hidden first:pt-[3px]\">\n<div class=\"markdown prose w-full break-words dark:prose-invert light\">\n<table style=\"height: 262px;\" width=\"323\">\n<tbody>\n<tr>\n<td width=\"137\"><span style=\"color: #333333;\">Produkter Namn<\/span><\/td>\n<td width=\"151\">Jaktv\u00e4ska<\/td>\n<\/tr>\n<tr>\n<td><span style=\"color: #333333;\">Artikel nr.<\/span><\/td>\n<td><span style=\"color: #333333;\">PB-2070<\/span><\/td>\n<\/tr>\n<tr>\n<td><span style=\"color: #333333;\">Material<\/span><\/td>\n<td>600D camouflagef\u00e4rgad polyester<\/td>\n<\/tr>\n<tr>\n<td><span style=\"color: #333333;\">Storlek<\/span><\/td>\n<td>12,6 x 9,8 x 20,9 tum<\/td>\n<\/tr>\n<tr>\n<td><span style=\"color: #333333;\">\u00a0Leveranstid<\/span><\/td>\n<td><span style=\"color: #333333;\">1-5 dagar f\u00f6r liten m\u00e4ngd med flyg och 30-35 dagar f\u00f6r stor m\u00e4ngd till sj\u00f6ss<\/span><\/td>\n<\/tr>\n<\/tbody>\n<\/table>\n<p>Som Kinas ledande tillverkare av jaktv\u00e4skor och vattent\u00e4ta v\u00e4skfabriker konstruerar vi taktiska vattent\u00e4ta camo-jaktv\u00e4skor f\u00f6r globala utomhusproffs. V\u00e5rt jaktv\u00e4skf\u00f6retag levererar:<\/p>\n<p>\u2705 <strong>Kamouflagem\u00f6nster i flera terr\u00e4ngformer<\/strong> (Woodland\/Arctic\/Desert) med doftblockerande teknik<br \/>\n\u2705 <strong>IPX7 vattent\u00e4t design<\/strong> (600D polyester + svetsade s\u00f6mmar)<br \/>\n\u2705 <strong>OEM\/ODM-tj\u00e4nster<\/strong> f\u00f6r <strong>jaktv\u00e4skor med eget m\u00e4rke<\/strong> (MOQ 50st)<br \/>\n\u2705 <strong>Produktion av bulkjakts\u00e4ckar<\/strong> med 10 dagars snabb leverans<\/p>\n<p>Betrodda av jaktv\u00e4skgrossister och taktiska varum\u00e4rken \u00f6ver hela v\u00e4rlden. Viktiga egenskaper:<br \/>\n- Tysta magnetiska f\u00f6rslutningar och \u00e5tkomst p\u00e5 b\u00e5da sidor<br \/>\n- Blodavledande n\u00e4tbotten + organisat\u00f6r f\u00f6r spelsamtal<br \/>\n- Vikbar till en 8\u2033x6\u2033-p\u00e5se f\u00f6r ultral\u00e4tt b\u00e4rbarhet<\/p>\n<p><strong>Varf\u00f6r samarbeta med v\u00e5r jaktv\u00e4skfabrik<\/strong>:<br \/>\n\ud83d\udd39 15+ \u00e5r som ledande export\u00f6r av jaktv\u00e4skor fr\u00e5n Kina<br \/>\n\ud83d\udd39 Gratis anpassning av 3D-kamouflagem\u00f6nster<br \/>\n\ud83d\udd39 MIL-STD-810G-testad &amp; OEKO-Tex-certifierad<br \/>\n\ud83d\udd39 25% rabatt f\u00f6r f\u00f6rs\u00e4ljare av jaktv\u00e4skor p\u00e5 2.500+ enheter<\/p>\n<p>Beg\u00e4r gratis prover av v\u00e5ra vattent\u00e4ta camo v\u00e4skor eller f\u00e5 omedelbara offerter. Jaktv\u00e4ska leverant\u00f6rer njuter:<br \/>\n- Uppgraderingar av RFID-st\u00e4ngande fack<br \/>\n- Batchspecifika materialcertifieringar<br \/>\n- Prioriterad tilldelning av flygfrakt<\/p>\n<\/div>\n<\/div>\n<\/div>\n<\/div>","protected":false},"excerpt":{"rendered":"<h2 data-immersive-translate-walked=\"344be1c1-5052-41eb-8fcd-0dbe236a0d6b\" data-immersive-translate-paragraph=\"1\">Vattent\u00e4t Camo jaktv\u00e4ska B\u00e4rbar v\u00e4ska<\/h2>\n<p>1. \u3010T\u00e5lig och smygande\u3011. Tillverkad av slitstarkt 600D-tyg, som \u00e4r utformat f\u00f6r att motst\u00e5 punkteringar och buller, vilket s\u00e4kerst\u00e4ller att du f\u00f6rblir ouppt\u00e4ckt i skogen. Kamouflagem\u00f6nstret ger optimalt kamouflage under jakt, s\u00e5 att du kan sm\u00e4lta in s\u00f6ml\u00f6st med din omgivning.<\/p>\n<p>2. \u3010Tv\u00e5 kapacitetsalternativ\u301130L-kapacitet \u00e4r perfekt f\u00f6r j\u00e4gare som f\u00f6redrar ett kompakt och l\u00e4tt alternativ. Den erbjuder gott om utrymme f\u00f6r att f\u00f6rvara viktig utrustning och f\u00f6rn\u00f6denheter samtidigt som den har en str\u00f6mlinjeformad och smidig profil. Kapaciteten p\u00e5 30 liter \u00e4r idealisk f\u00f6r dagsjakt eller kortare jaktresor.<\/p>","protected":false},"featured_media":3510,"template":"","meta":{"_uag_custom_page_level_css":""},"product_brand":[],"product_cat":[54,60,44,66],"product_tag":[],"class_list":{"0":"post-3507","1":"product","2":"type-product","3":"status-publish","4":"has-post-thumbnail","6":"product_cat-hunting-bag","7":"product_cat-backpack","8":"product_cat-camping-bags","9":"product_cat-waterproof-bag","11":"first","12":"instock","13":"shipping-taxable","14":"product-type-simple"},"uagb_featured_image_src":{"full":["https:\/\/pecbag.com\/wp-content\/uploads\/2025\/05\/Waterproof-Camo-Hunting-Pack-Portable-Storage-Bag-2.jpeg",960,960,false],"thumbnail":["https:\/\/pecbag.com\/wp-content\/uploads\/2025\/05\/Waterproof-Camo-Hunting-Pack-Portable-Storage-Bag-2-150x150.jpeg",150,150,true],"medium":["https:\/\/pecbag.com\/wp-content\/uploads\/2025\/05\/Waterproof-Camo-Hunting-Pack-Portable-Storage-Bag-2-300x300.jpeg",300,300,true],"medium_large":["https:\/\/pecbag.com\/wp-content\/uploads\/2025\/05\/Waterproof-Camo-Hunting-Pack-Portable-Storage-Bag-2-768x768.jpeg",768,768,true],"large":["https:\/\/pecbag.com\/wp-content\/uploads\/2025\/05\/Waterproof-Camo-Hunting-Pack-Portable-Storage-Bag-2.jpeg",800,800,false],"1536x1536":["https:\/\/pecbag.com\/wp-content\/uploads\/2025\/05\/Waterproof-Camo-Hunting-Pack-Portable-Storage-Bag-2.jpeg",960,960,false],"2048x2048":["https:\/\/pecbag.com\/wp-content\/uploads\/2025\/05\/Waterproof-Camo-Hunting-Pack-Portable-Storage-Bag-2.jpeg",960,960,false],"trp-custom-language-flag":["https:\/\/pecbag.com\/wp-content\/uploads\/2025\/05\/Waterproof-Camo-Hunting-Pack-Portable-Storage-Bag-2-12x12.jpeg",12,12,true],"woocommerce_thumbnail":["https:\/\/pecbag.com\/wp-content\/uploads\/2025\/05\/Waterproof-Camo-Hunting-Pack-Portable-Storage-Bag-2-300x300.jpeg",300,300,true],"woocommerce_single":["https:\/\/pecbag.com\/wp-content\/uploads\/2025\/05\/Waterproof-Camo-Hunting-Pack-Portable-Storage-Bag-2-600x600.jpeg",600,600,true],"woocommerce_gallery_thumbnail":["https:\/\/pecbag.com\/wp-content\/uploads\/2025\/05\/Waterproof-Camo-Hunting-Pack-Portable-Storage-Bag-2-100x100.jpeg",100,100,true]},"uagb_author_info":{"display_name":"Lawrence","author_link":"https:\/\/pecbag.com\/se\/author\/"},"uagb_comment_info":0,"uagb_excerpt":"Waterproof Camo Hunting Portable Bag 1. \u3010Durable &amp; Stealthy\u3011 Constructed with durable 600D fabric, which is designed to resist punctures and noise, ensuring you remain undetected in the forest. The camouflage pattern provides optimal camouflage during hunting, allowing you to blend seamlessly with your surroundings. 2. \u3010Two Capacity Options\u301130L capacity is perfect for hunters who&hellip;","_links":{"self":[{"href":"https:\/\/pecbag.com\/se\/wp-json\/wp\/v2\/product\/3507","targetHints":{"allow":["GET"]}}],"collection":[{"href":"https:\/\/pecbag.com\/se\/wp-json\/wp\/v2\/product"}],"about":[{"href":"https:\/\/pecbag.com\/se\/wp-json\/wp\/v2\/types\/product"}],"wp:featuredmedia":[{"embeddable":true,"href":"https:\/\/pecbag.com\/se\/wp-json\/wp\/v2\/media\/3510"}],"wp:attachment":[{"href":"https:\/\/pecbag.com\/se\/wp-json\/wp\/v2\/media?parent=3507"}],"wp:term":[{"taxonomy":"product_brand","embeddable":true,"href":"https:\/\/pecbag.com\/se\/wp-json\/wp\/v2\/product_brand?post=3507"},{"taxonomy":"product_cat","embeddable":true,"href":"https:\/\/pecbag.com\/se\/wp-json\/wp\/v2\/product_cat?post=3507"},{"taxonomy":"product_tag","embeddable":true,"href":"https:\/\/pecbag.com\/se\/wp-json\/wp\/v2\/product_tag?post=3507"}],"curies":[{"name":"wp","href":"https:\/\/api.w.org\/{rel}","templated":true}]}}