{"id":3526,"date":"2025-05-27T06:21:34","date_gmt":"2025-05-27T06:21:34","guid":{"rendered":"https:\/\/pecbag.com\/?post_type=product&#038;p=3526"},"modified":"2025-11-29T01:56:43","modified_gmt":"2025-11-29T01:56:43","slug":"customized-insulated-portable-lunch-bag","status":"publish","type":"product","link":"https:\/\/pecbag.com\/se\/customized-insulated-portable-lunch-bag\/","title":{"rendered":"Anpassad isolerad b\u00e4rbar lunchv\u00e4ska"},"content":{"rendered":"<h5 title=\"Vikbar hundv\u00e4ska Andningsbar axelv\u00e4ska f\u00f6r husdjur i mesh f\u00f6r sm\u00e5 husdjur Hundar Katter\" data-immersive-translate-walked=\"1c928421-2e42-4cd3-8754-5404553c0af5\" data-immersive-translate-paragraph=\"1\" data-spm-anchor-id=\"a2700.details.0.i35.4f6757d4w4zNZA\">Anpassade isolerade b\u00e4rbara lunchv\u00e4skor | Vattent\u00e4t v\u00e4ska fabrik och ryggs\u00e4ck tillverkare - Bulk Food Solutions<\/h5>\n<div class=\"flex flex-grow flex-col max-w-full\">\n<div class=\"min-h-[20px] text-message flex w-full flex-col items-end gap-2 whitespace-pre-wrap break-words [.text-message+&amp;]:mt-5 overflow-x-auto\" dir=\"auto\" data-message-author-role=\"assistant\" data-message-id=\"3d7d46f6-7ec2-4222-9257-48fa0bba23c6\" data-suggestions=\"true\">\n<div class=\"flex w-full flex-col gap-1 empty:hidden first:pt-[3px]\">\n<div class=\"markdown prose w-full break-words dark:prose-invert light\">\n<table width=\"288\">\n<tbody>\n<tr>\n<td width=\"137\"><span style=\"color: #333333;\">Produkter Namn<\/span><\/td>\n<td width=\"151\">Lunchv\u00e4ska<\/td>\n<\/tr>\n<tr>\n<td><span style=\"color: #333333;\">Artikel nr.<\/span><\/td>\n<td><span style=\"color: #333333;\">PB-2073<\/span><\/td>\n<\/tr>\n<tr>\n<td><span style=\"color: #333333;\">Material<\/span><\/td>\n<td>600D polyester<\/td>\n<\/tr>\n<tr>\n<td><span style=\"color: #333333;\">\u00a0Storlek och f\u00e4rg<\/span><\/td>\n<td>15*10*13 tum<\/td>\n<\/tr>\n<tr>\n<td><span style=\"color: #333333;\">\u00a0Leveranstid<\/span><\/td>\n<td><span style=\"color: #333333;\">1-5 dagar f\u00f6r liten m\u00e4ngd med flyg och 30-35 dagar f\u00f6r stor m\u00e4ngd till sj\u00f6ss<\/span><\/td>\n<\/tr>\n<\/tbody>\n<\/table>\n<p>Som Kinas ledande tillverkare av lunchv\u00e4skor och vattent\u00e4ta v\u00e4skfabriker konstruerar vi premium anpassade isolerade b\u00e4rbara lunchv\u00e4skor f\u00f6r globala livsmedelsdistribut\u00f6rer. V\u00e5rt lunchp\u00e5sef\u00f6retag erbjuder:<\/p>\n<p>\u2705 <strong>6 timmars termisk retention<\/strong> (FDA-godk\u00e4nt PEVA-foder)<br \/>\n\u2705 <strong>L\u00e4ckages\u00e4ker vattent\u00e4t design<\/strong> (IPX4-klassning)<br \/>\n\u2705 <strong>OEM\/ODM-tj\u00e4nster<\/strong> f\u00f6r <strong>lunchp\u00e5sar med eget m\u00e4rke<\/strong> (MOQ 100st)<br \/>\n\u2705 <strong>Produktion av lunchp\u00e5sar i bulk<\/strong> med 10 dagars snabb leverans<\/p>\n<p>Betrodda av lunchbaggrossister och cateringf\u00f6retag \u00f6ver hela v\u00e4rlden. Viktiga egenskaper:<br \/>\n- Justerbar axelrem och sidofickor f\u00f6r flaskor<br \/>\n- Milj\u00f6v\u00e4nliga material av livsmedelskvalitet (BPA-fria)<br \/>\n- Vikbar platt design f\u00f6r platsbesparande f\u00f6rvaring<\/p>\n<p><strong>Varf\u00f6r v\u00e4lja v\u00e5r lunchp\u00e5sefabrik<\/strong>:<br \/>\n\ud83d\udd39 12+ \u00e5r som ledande export\u00f6r av matkassar fr\u00e5n Kina<br \/>\n\ud83d\udd39 Gratis 3D-design med ditt varum\u00e4rke och din logotyp<br \/>\n\ud83d\udd39 SGS \/ REACH-certifieringar och FOB \/ DDP-frakt<br \/>\n\ud83d\udd39 25% rabatt f\u00f6r f\u00f6rs\u00e4ljare av lunchp\u00e5sar p\u00e5 2.000+ enheter<\/p>\n<p>Beg\u00e4r gratisprover av v\u00e5ra isolerade lunchp\u00e5sar eller f\u00e5 omedelbara offerter. Leverant\u00f6rer av lunchp\u00e5sar njuter:<br \/>\n- Anpassad MOQ fr\u00e5n 50st<br \/>\n- Batchspecifika rapporter om livsmedelss\u00e4kerhet<br \/>\n- Prioriterad tilldelning av produktionslinjer<\/p>\n<\/div>\n<\/div>\n<\/div>\n<\/div>","protected":false},"excerpt":{"rendered":"<h2 data-immersive-translate-walked=\"344be1c1-5052-41eb-8fcd-0dbe236a0d6b\" data-immersive-translate-paragraph=\"1\">Anpassad isolerad b\u00e4rbar lunchv\u00e4ska<\/h2>\n<p>[IDEALISK HOPF\u00c4LLBAR KYLV\u00c4SKA F\u00d6R RESOR]: Fr\u00e5n v\u00e5r minsta till v\u00e5r st\u00f6rsta isolerade kylv\u00e4ska med 50 burkar \u00e4r dessa en perfekt resekylv\u00e4ska f\u00f6r bilen eftersom kylv\u00e4skan med mjuk sida l\u00e4ttare f\u00e5r plats i tr\u00e5nga utrymmen \u00e4n en kylv\u00e4ska av frigolit utan att man beh\u00f6ver oroa sig f\u00f6r att den ska g\u00e5 s\u00f6nder.<\/p>\n<p>Denna kylbox f\u00f6r utomhusbruk har en axelrem, vilket g\u00f6r det enklare \u00e4n en picknickkorg att transportera mat och dryck medan du njuter av livet utomhus<\/p>","protected":false},"featured_media":3530,"template":"","meta":{"_uag_custom_page_level_css":""},"product_brand":[],"product_cat":[52,50],"product_tag":[],"class_list":{"0":"post-3526","1":"product","2":"type-product","3":"status-publish","4":"has-post-thumbnail","6":"product_cat-lunch-bag","7":"product_cat-cooler-bag","9":"first","10":"instock","11":"shipping-taxable","12":"product-type-simple"},"uagb_featured_image_src":{"full":["https:\/\/pecbag.com\/wp-content\/uploads\/2025\/05\/Customized-Insulated-Portable-Lunch-Bag-3.jpeg",2400,2400,false],"thumbnail":["https:\/\/pecbag.com\/wp-content\/uploads\/2025\/05\/Customized-Insulated-Portable-Lunch-Bag-3-150x150.jpeg",150,150,true],"medium":["https:\/\/pecbag.com\/wp-content\/uploads\/2025\/05\/Customized-Insulated-Portable-Lunch-Bag-3-300x300.jpeg",300,300,true],"medium_large":["https:\/\/pecbag.com\/wp-content\/uploads\/2025\/05\/Customized-Insulated-Portable-Lunch-Bag-3-768x768.jpeg",768,768,true],"large":["https:\/\/pecbag.com\/wp-content\/uploads\/2025\/05\/Customized-Insulated-Portable-Lunch-Bag-3-1024x1024.jpeg",800,800,true],"1536x1536":["https:\/\/pecbag.com\/wp-content\/uploads\/2025\/05\/Customized-Insulated-Portable-Lunch-Bag-3-1536x1536.jpeg",1536,1536,true],"2048x2048":["https:\/\/pecbag.com\/wp-content\/uploads\/2025\/05\/Customized-Insulated-Portable-Lunch-Bag-3-2048x2048.jpeg",2048,2048,true],"trp-custom-language-flag":["https:\/\/pecbag.com\/wp-content\/uploads\/2025\/05\/Customized-Insulated-Portable-Lunch-Bag-3-12x12.jpeg",12,12,true],"woocommerce_thumbnail":["https:\/\/pecbag.com\/wp-content\/uploads\/2025\/05\/Customized-Insulated-Portable-Lunch-Bag-3-300x300.jpeg",300,300,true],"woocommerce_single":["https:\/\/pecbag.com\/wp-content\/uploads\/2025\/05\/Customized-Insulated-Portable-Lunch-Bag-3-600x600.jpeg",600,600,true],"woocommerce_gallery_thumbnail":["https:\/\/pecbag.com\/wp-content\/uploads\/2025\/05\/Customized-Insulated-Portable-Lunch-Bag-3-100x100.jpeg",100,100,true]},"uagb_author_info":{"display_name":"Lawrence","author_link":"https:\/\/pecbag.com\/se\/author\/"},"uagb_comment_info":0,"uagb_excerpt":"Customized Insulated Portable Lunch Bag [IDEAL COLLAPSIBLE COOLER BAG FOR TRAVEL]: From our smallest to our largest 50-can insulated cooler bag, these are a perfect travel cooler for the car because the soft-sided cooler can fit more easily in tight spaces than a Styrofoam cooler without worrying about them breaking. This outdoor cooler includes a&hellip;","_links":{"self":[{"href":"https:\/\/pecbag.com\/se\/wp-json\/wp\/v2\/product\/3526","targetHints":{"allow":["GET"]}}],"collection":[{"href":"https:\/\/pecbag.com\/se\/wp-json\/wp\/v2\/product"}],"about":[{"href":"https:\/\/pecbag.com\/se\/wp-json\/wp\/v2\/types\/product"}],"wp:featuredmedia":[{"embeddable":true,"href":"https:\/\/pecbag.com\/se\/wp-json\/wp\/v2\/media\/3530"}],"wp:attachment":[{"href":"https:\/\/pecbag.com\/se\/wp-json\/wp\/v2\/media?parent=3526"}],"wp:term":[{"taxonomy":"product_brand","embeddable":true,"href":"https:\/\/pecbag.com\/se\/wp-json\/wp\/v2\/product_brand?post=3526"},{"taxonomy":"product_cat","embeddable":true,"href":"https:\/\/pecbag.com\/se\/wp-json\/wp\/v2\/product_cat?post=3526"},{"taxonomy":"product_tag","embeddable":true,"href":"https:\/\/pecbag.com\/se\/wp-json\/wp\/v2\/product_tag?post=3526"}],"curies":[{"name":"wp","href":"https:\/\/api.w.org\/{rel}","templated":true}]}}