{"id":3549,"date":"2025-05-27T06:51:33","date_gmt":"2025-05-27T06:51:33","guid":{"rendered":"https:\/\/pecbag.com\/?post_type=product&#038;p=3549"},"modified":"2025-11-29T01:56:24","modified_gmt":"2025-11-29T01:56:24","slug":"portable-insulated-food-container","status":"publish","type":"product","link":"https:\/\/pecbag.com\/se\/portable-insulated-food-container\/","title":{"rendered":"Portabel isolerad matbeh\u00e5llare"},"content":{"rendered":"<h5 title=\"Vikbar hundv\u00e4ska Andningsbar axelv\u00e4ska f\u00f6r husdjur i mesh f\u00f6r sm\u00e5 husdjur Hundar Katter\" data-immersive-translate-walked=\"1c928421-2e42-4cd3-8754-5404553c0af5\" data-immersive-translate-paragraph=\"1\" data-spm-anchor-id=\"a2700.details.0.i35.4f6757d4w4zNZA\">B\u00e4rbara isolerade matbeh\u00e5llare | Vattent\u00e4t v\u00e4ska fabrik och ryggs\u00e4ck tillverkare - Bulk Catering Solutions<\/h5>\n<div class=\"flex flex-grow flex-col max-w-full\">\n<div class=\"min-h-[20px] text-message flex w-full flex-col items-end gap-2 whitespace-pre-wrap break-words [.text-message+&amp;]:mt-5 overflow-x-auto\" dir=\"auto\" data-message-author-role=\"assistant\" data-message-id=\"3d7d46f6-7ec2-4222-9257-48fa0bba23c6\" data-suggestions=\"true\">\n<div class=\"flex w-full flex-col gap-1 empty:hidden first:pt-[3px]\">\n<div class=\"markdown prose w-full break-words dark:prose-invert light\">\n<table width=\"288\">\n<tbody>\n<tr>\n<td width=\"137\"><span style=\"color: #333333;\">Produkter Namn<\/span><\/td>\n<td width=\"151\">Lunchv\u00e4ska<\/td>\n<\/tr>\n<tr>\n<td><span style=\"color: #333333;\">Artikel nr.<\/span><\/td>\n<td><span style=\"color: #333333;\">PB-2076<\/span><\/td>\n<\/tr>\n<tr>\n<td><span style=\"color: #333333;\">Material<\/span><\/td>\n<td>Ripstop<\/td>\n<\/tr>\n<tr>\n<td><span style=\"color: #333333;\">\u00a0Storlek och f\u00e4rg<\/span><\/td>\n<td>17 x 9 x 9 tum<\/td>\n<\/tr>\n<tr>\n<td><span style=\"color: #333333;\">\u00a0Leveranstid<\/span><\/td>\n<td><span style=\"color: #333333;\">1-5 dagar f\u00f6r liten m\u00e4ngd med flyg och 30-35 dagar f\u00f6r stor m\u00e4ngd till sj\u00f6ss<\/span><\/td>\n<\/tr>\n<\/tbody>\n<\/table>\n<p>Som Kinas ledande tillverkare av lunchv\u00e4skor och vattent\u00e4ta v\u00e4skfabriker konstruerar vi premium b\u00e4rbara isolerade matbeh\u00e5llare f\u00f6r globala cateringf\u00f6retag. V\u00e5rt lunchp\u00e5sef\u00f6retag erbjuder:<\/p>\n<p>\u2705 <strong>12 timmars termisk retention<\/strong> med FDA-godk\u00e4nd PEVA-isolering<br \/>\n\u2705 <strong>IPX6 vattent\u00e4t design<\/strong> (600D Oxford-tyg + svetsade s\u00f6mmar)<br \/>\n\u2705 <strong>OEM\/ODM-tj\u00e4nster<\/strong> f\u00f6r <strong>lunchf\u00f6rpackningar med eget m\u00e4rke<\/strong><br \/>\n\u2705 <strong>Produktion av lunchp\u00e5sar i bulk<\/strong> med 10 dagars snabb leverans<\/p>\n<p>Betrodda av lunchkassegrossister och leverant\u00f6rer av matservice \u00f6ver hela v\u00e4rlden. Viktiga egenskaper:<br \/>\n- L\u00e4ckages\u00e4kra silikont\u00e4tningar och g\u00e5ngj\u00e4rn i rostfritt st\u00e5l<br \/>\n- Stapelbar design med l\u00f6stagbara fack<br \/>\n- F\u00e4lls ihop f\u00f6r platsbesparande f\u00f6rvaring\/frakt<\/p>\n<p><strong>Varf\u00f6r v\u00e4lja v\u00e5r lunchp\u00e5sefabrik<\/strong>:<br \/>\n\ud83d\udd39 15+ \u00e5r som ledande export\u00f6r av matkassar fr\u00e5n Kina<br \/>\n\ud83d\udd39 Gratis 3D-designst\u00f6d med ditt varum\u00e4rke<br \/>\n\ud83d\udd39 BPA-fria\/SGS\/REACH-certifierade material<br \/>\n\ud83d\udd39 30% rabatt f\u00f6r leverant\u00f6rer av lunchp\u00e5sar p\u00e5 3.000+ enheter<\/p>\n<p>Beg\u00e4r gratis prov p\u00e5 v\u00e5ra isolerade matbeh\u00e5llare eller f\u00e5 omedelbara offerter. Leverant\u00f6rer av mats\u00e4ckar njuter:<br \/>\n- OEM\/ODM-tj\u00e4nster f\u00f6r lunchf\u00f6rpackningar med eget varum\u00e4rke<br \/>\n- Batchspecifika certifieringar f\u00f6r livsmedelss\u00e4kerhet<br \/>\n- Prioriterad tilldelning av flygfrakt<\/p>\n<\/div>\n<\/div>\n<\/div>\n<\/div>","protected":false},"excerpt":{"rendered":"<h2 data-immersive-translate-walked=\"344be1c1-5052-41eb-8fcd-0dbe236a0d6b\" data-immersive-translate-paragraph=\"1\">Portabel isolerad matbeh\u00e5llare<\/h2>\n<p>Den h\u00e4r kylv\u00e4skan har flera fickor och rymmer s\u00e5 m\u00e5nga flaskor, burkar och toppers. De m\u00e5nga fickorna g\u00f6r att du kan h\u00e5lla ordning p\u00e5 kylv\u00e4skan. Tack vare den stora kapaciteten \u00e4r kylv\u00e4skan perfekt f\u00f6r picknick, camping, dagar p\u00e5 stranden och weekendresor.<\/p>","protected":false},"featured_media":3551,"template":"","meta":{"_uag_custom_page_level_css":""},"product_brand":[],"product_cat":[52,50],"product_tag":[],"class_list":{"0":"post-3549","1":"product","2":"type-product","3":"status-publish","4":"has-post-thumbnail","6":"product_cat-lunch-bag","7":"product_cat-cooler-bag","9":"first","10":"instock","11":"shipping-taxable","12":"product-type-simple"},"uagb_featured_image_src":{"full":["https:\/\/pecbag.com\/wp-content\/uploads\/2025\/05\/Portable-Insulated-Food-Container-1.jpeg",1500,1500,false],"thumbnail":["https:\/\/pecbag.com\/wp-content\/uploads\/2025\/05\/Portable-Insulated-Food-Container-1-150x150.jpeg",150,150,true],"medium":["https:\/\/pecbag.com\/wp-content\/uploads\/2025\/05\/Portable-Insulated-Food-Container-1-300x300.jpeg",300,300,true],"medium_large":["https:\/\/pecbag.com\/wp-content\/uploads\/2025\/05\/Portable-Insulated-Food-Container-1-768x768.jpeg",768,768,true],"large":["https:\/\/pecbag.com\/wp-content\/uploads\/2025\/05\/Portable-Insulated-Food-Container-1-1024x1024.jpeg",800,800,true],"1536x1536":["https:\/\/pecbag.com\/wp-content\/uploads\/2025\/05\/Portable-Insulated-Food-Container-1.jpeg",1500,1500,false],"2048x2048":["https:\/\/pecbag.com\/wp-content\/uploads\/2025\/05\/Portable-Insulated-Food-Container-1.jpeg",1500,1500,false],"trp-custom-language-flag":["https:\/\/pecbag.com\/wp-content\/uploads\/2025\/05\/Portable-Insulated-Food-Container-1-12x12.jpeg",12,12,true],"woocommerce_thumbnail":["https:\/\/pecbag.com\/wp-content\/uploads\/2025\/05\/Portable-Insulated-Food-Container-1-300x300.jpeg",300,300,true],"woocommerce_single":["https:\/\/pecbag.com\/wp-content\/uploads\/2025\/05\/Portable-Insulated-Food-Container-1-600x600.jpeg",600,600,true],"woocommerce_gallery_thumbnail":["https:\/\/pecbag.com\/wp-content\/uploads\/2025\/05\/Portable-Insulated-Food-Container-1-100x100.jpeg",100,100,true]},"uagb_author_info":{"display_name":"Lawrence","author_link":"https:\/\/pecbag.com\/se\/author\/"},"uagb_comment_info":0,"uagb_excerpt":"Portable Insulated Food Container This cooler bag has multiple pockets and it can fit so many bottles, cans, and toppers. The multiple pockets allow you to keep the cooler bag organized. Thanks to its large capacity, the cooler bag is ideal for picnics, camping, days at the beach, and weekend trips.","_links":{"self":[{"href":"https:\/\/pecbag.com\/se\/wp-json\/wp\/v2\/product\/3549","targetHints":{"allow":["GET"]}}],"collection":[{"href":"https:\/\/pecbag.com\/se\/wp-json\/wp\/v2\/product"}],"about":[{"href":"https:\/\/pecbag.com\/se\/wp-json\/wp\/v2\/types\/product"}],"wp:featuredmedia":[{"embeddable":true,"href":"https:\/\/pecbag.com\/se\/wp-json\/wp\/v2\/media\/3551"}],"wp:attachment":[{"href":"https:\/\/pecbag.com\/se\/wp-json\/wp\/v2\/media?parent=3549"}],"wp:term":[{"taxonomy":"product_brand","embeddable":true,"href":"https:\/\/pecbag.com\/se\/wp-json\/wp\/v2\/product_brand?post=3549"},{"taxonomy":"product_cat","embeddable":true,"href":"https:\/\/pecbag.com\/se\/wp-json\/wp\/v2\/product_cat?post=3549"},{"taxonomy":"product_tag","embeddable":true,"href":"https:\/\/pecbag.com\/se\/wp-json\/wp\/v2\/product_tag?post=3549"}],"curies":[{"name":"wp","href":"https:\/\/api.w.org\/{rel}","templated":true}]}}