{"id":3587,"date":"2025-05-27T08:53:00","date_gmt":"2025-05-27T08:53:00","guid":{"rendered":"https:\/\/pecbag.com\/?post_type=product&#038;p=3587"},"modified":"2025-11-29T01:55:21","modified_gmt":"2025-11-29T01:55:21","slug":"durable-water-resistant-shoulder-bag","status":"publish","type":"product","link":"https:\/\/pecbag.com\/se\/durable-water-resistant-shoulder-bag\/","title":{"rendered":"Slitstark, vattenavvisande axelremsv\u00e4ska"},"content":{"rendered":"<h5 title=\"Vikbar hundv\u00e4ska Andningsbar axelv\u00e4ska f\u00f6r husdjur i mesh f\u00f6r sm\u00e5 husdjur Hundar Katter\" data-immersive-translate-walked=\"1c928421-2e42-4cd3-8754-5404553c0af5\" data-immersive-translate-paragraph=\"1\" data-spm-anchor-id=\"a2700.details.0.i35.4f6757d4w4zNZA\">Slitstarka vattent\u00e5liga axelv\u00e4skor | Vattent\u00e4t v\u00e4ska fabrik och ryggs\u00e4ck tillverkare - Bulk Messenger Solutions<\/h5>\n<div class=\"flex flex-grow flex-col max-w-full\">\n<div class=\"min-h-[20px] text-message flex w-full flex-col items-end gap-2 whitespace-pre-wrap break-words [.text-message+&amp;]:mt-5 overflow-x-auto\" dir=\"auto\" data-message-author-role=\"assistant\" data-message-id=\"3d7d46f6-7ec2-4222-9257-48fa0bba23c6\" data-suggestions=\"true\">\n<div class=\"flex w-full flex-col gap-1 empty:hidden first:pt-[3px]\">\n<div class=\"markdown prose w-full break-words dark:prose-invert light\">\n<table width=\"288\">\n<tbody>\n<tr>\n<td width=\"137\"><span style=\"color: #333333;\">Produkter Namn<\/span><\/td>\n<td width=\"151\">Messenger-v\u00e4ska<\/td>\n<\/tr>\n<tr>\n<td><span style=\"color: #333333;\">Artikel nr.<\/span><\/td>\n<td><span style=\"color: #333333;\">PB-2078<\/span><\/td>\n<\/tr>\n<tr>\n<td><span style=\"color: #333333;\">Material<\/span><\/td>\n<td>600D sn\u00f6flinga polyester<\/td>\n<\/tr>\n<tr>\n<td><span style=\"color: #333333;\">Storlek<\/span><\/td>\n<td>38 x 14 x 18 cm<\/td>\n<\/tr>\n<tr>\n<td><span style=\"color: #333333;\">\u00a0Leveranstid<\/span><\/td>\n<td><span style=\"color: #333333;\">1-5 dagar f\u00f6r liten m\u00e4ngd med flyg och 30-35 dagar f\u00f6r stor m\u00e4ngd till sj\u00f6ss<\/span><\/td>\n<\/tr>\n<\/tbody>\n<\/table>\n<p>Som Kinas ledande tillverkare av messengerv\u00e4skor och vattent\u00e4ta v\u00e4skfabriker konstruerar vi tunga slitstarka vattent\u00e4ta axelv\u00e4skor f\u00f6r globala logistikm\u00e4rken. V\u00e5rt messenger bag-f\u00f6retag tillhandah\u00e5ller:<\/p>\n<p>\u2705 <strong>IPX4-vattent\u00e4thet<\/strong> (600D polyester + TPU-bel\u00e4ggning)<br \/>\n\u2705 <strong>25L expanderbar kapacitet<\/strong> med MOLLE-band (MOQ 50st)<br \/>\n\u2705 <strong>OEM\/ODM-tj\u00e4nster<\/strong> f\u00f6r <strong>budv\u00e4skor med eget m\u00e4rke<\/strong><br \/>\n\u2705 <strong>Produktion av messengerv\u00e4skor i bulk<\/strong> med 10 dagars leveranstid<\/p>\n<p>Betrodda av messengerbag-grossister och f\u00f6retagsleverant\u00f6rer \u00f6ver hela v\u00e4rlden. Viktiga egenskaper:<br \/>\n- Vadderat fodral f\u00f6r b\u00e4rbar dator (upp till 17\u2033) och RFID-blockerad ficka<br \/>\n- Snabbfrig\u00f6rande sp\u00e4nnen och ergonomisk axelrem<br \/>\n- Avtagbar crossbody-rem f\u00f6r flera b\u00e4ralternativ<\/p>\n<p><strong>Varf\u00f6r v\u00e4lja v\u00e5r fabrik f\u00f6r messengerv\u00e4skor<\/strong>:<br \/>\n\ud83d\udd39 12+ \u00e5r som ledande export\u00f6r av messengerv\u00e4skor fr\u00e5n Kina<br \/>\n\ud83d\udd39 Gratis 3D-teknikpaketdesign med ditt varum\u00e4rke<br \/>\n\ud83d\udd39 OEKO-Tex\/SGS-certifierade material<br \/>\n\ud83d\udd39 30% rabatt f\u00f6r leverant\u00f6rer av messengerv\u00e4skor p\u00e5 3.000+ enheter<\/p>\n<p>Beg\u00e4r gratisprover av v\u00e5ra vattent\u00e4ta axelv\u00e4skor eller f\u00e5 omedelbara offerter. Messenger v\u00e4ska leverant\u00f6rer njuta av:<br \/>\n- Anpassad MOQ fr\u00e5n 30st<br \/>\n- Batchspecifika testrapporter f\u00f6r n\u00f6tning<br \/>\n- Prioriterad tilldelning av flygfrakt<\/p>\n<\/div>\n<\/div>\n<\/div>\n<\/div>","protected":false},"excerpt":{"rendered":"<h2 data-immersive-translate-walked=\"344be1c1-5052-41eb-8fcd-0dbe236a0d6b\" data-immersive-translate-paragraph=\"1\">Slitstark, vattenavvisande axelremsv\u00e4ska<\/h2>\n<p><strong>1. Multifunktionell v\u00e4ska f\u00f6r cykelstyre\u00a0<\/strong>- Multifunktionell styrv\u00e4ska med justerbar rem kan ocks\u00e5 anv\u00e4ndas som cykelv\u00e4ska, axelv\u00e4ska, midjev\u00e4ska och budv\u00e4ska. H\u00e4ng den p\u00e5 styret som den sj\u00e4tte bilden visar.<\/p>\n<p><strong>2. 600D polyester och vattenbest\u00e4ndiga material<\/strong>\u00a0- Tillverkad av \u00e4kta 600D polyester och ett inre vattenavvisande PU-lager, s\u00e5 denna kraftiga ryggs\u00e4ck \u00e4r rept\u00e5lig, slitstark, f\u00e4rgbest\u00e4ndig, rostfri och f\u00f6rst\u00e4rkt vid alla belastningspunkter.<\/p>\n<p><strong>3. V\u00e4ska med MOLLE-system<\/strong>\u00a0- Den h\u00e4r expanderbara v\u00e4skan har MOLLE-f\u00e4sten p\u00e5 baksidan, vilket g\u00f6r att du kan f\u00e4sta den p\u00e5 Duty Utility Belt, Admin Bag, ryggs\u00e4ckar, PALS Vest eller annan MOLLE-kompatibel utrustning.<\/p>","protected":false},"featured_media":3592,"template":"","meta":{"_uag_custom_page_level_css":""},"product_brand":[],"product_cat":[65,48,64],"product_tag":[],"class_list":{"0":"post-3587","1":"product","2":"type-product","3":"status-publish","4":"has-post-thumbnail","6":"product_cat-messenger-bag","7":"product_cat-bike-bag","8":"product_cat-shoulder-bag","10":"first","11":"instock","12":"shipping-taxable","13":"product-type-simple"},"uagb_featured_image_src":{"full":["https:\/\/pecbag.com\/wp-content\/uploads\/2025\/05\/Durable-Water-Resistant-Shoulder-Bag-2.jpeg",1600,1600,false],"thumbnail":["https:\/\/pecbag.com\/wp-content\/uploads\/2025\/05\/Durable-Water-Resistant-Shoulder-Bag-2-150x150.jpeg",150,150,true],"medium":["https:\/\/pecbag.com\/wp-content\/uploads\/2025\/05\/Durable-Water-Resistant-Shoulder-Bag-2-300x300.jpeg",300,300,true],"medium_large":["https:\/\/pecbag.com\/wp-content\/uploads\/2025\/05\/Durable-Water-Resistant-Shoulder-Bag-2-768x768.jpeg",768,768,true],"large":["https:\/\/pecbag.com\/wp-content\/uploads\/2025\/05\/Durable-Water-Resistant-Shoulder-Bag-2-1024x1024.jpeg",800,800,true],"1536x1536":["https:\/\/pecbag.com\/wp-content\/uploads\/2025\/05\/Durable-Water-Resistant-Shoulder-Bag-2-1536x1536.jpeg",1536,1536,true],"2048x2048":["https:\/\/pecbag.com\/wp-content\/uploads\/2025\/05\/Durable-Water-Resistant-Shoulder-Bag-2.jpeg",1600,1600,false],"trp-custom-language-flag":["https:\/\/pecbag.com\/wp-content\/uploads\/2025\/05\/Durable-Water-Resistant-Shoulder-Bag-2-12x12.jpeg",12,12,true],"woocommerce_thumbnail":["https:\/\/pecbag.com\/wp-content\/uploads\/2025\/05\/Durable-Water-Resistant-Shoulder-Bag-2-300x300.jpeg",300,300,true],"woocommerce_single":["https:\/\/pecbag.com\/wp-content\/uploads\/2025\/05\/Durable-Water-Resistant-Shoulder-Bag-2-600x600.jpeg",600,600,true],"woocommerce_gallery_thumbnail":["https:\/\/pecbag.com\/wp-content\/uploads\/2025\/05\/Durable-Water-Resistant-Shoulder-Bag-2-100x100.jpeg",100,100,true]},"uagb_author_info":{"display_name":"Lawrence","author_link":"https:\/\/pecbag.com\/se\/author\/"},"uagb_comment_info":0,"uagb_excerpt":"Durable Water Resistant Shoulder Bag 1. Multi-purpose Bike Handlebar Bag\u00a0- Multi-purpose handlebar bag with adjustable strap can also be used as bike top tube bag, shoulder bag, waist bag and messenger bag. Hang it on handlebar as sixth image shows please. 2. 600D Polyester and Water Resistant Materials\u00a0- Made of real 600D Polyester and inner&hellip;","_links":{"self":[{"href":"https:\/\/pecbag.com\/se\/wp-json\/wp\/v2\/product\/3587","targetHints":{"allow":["GET"]}}],"collection":[{"href":"https:\/\/pecbag.com\/se\/wp-json\/wp\/v2\/product"}],"about":[{"href":"https:\/\/pecbag.com\/se\/wp-json\/wp\/v2\/types\/product"}],"wp:featuredmedia":[{"embeddable":true,"href":"https:\/\/pecbag.com\/se\/wp-json\/wp\/v2\/media\/3592"}],"wp:attachment":[{"href":"https:\/\/pecbag.com\/se\/wp-json\/wp\/v2\/media?parent=3587"}],"wp:term":[{"taxonomy":"product_brand","embeddable":true,"href":"https:\/\/pecbag.com\/se\/wp-json\/wp\/v2\/product_brand?post=3587"},{"taxonomy":"product_cat","embeddable":true,"href":"https:\/\/pecbag.com\/se\/wp-json\/wp\/v2\/product_cat?post=3587"},{"taxonomy":"product_tag","embeddable":true,"href":"https:\/\/pecbag.com\/se\/wp-json\/wp\/v2\/product_tag?post=3587"}],"curies":[{"name":"wp","href":"https:\/\/api.w.org\/{rel}","templated":true}]}}