{"id":3594,"date":"2025-05-27T08:57:44","date_gmt":"2025-05-27T08:57:44","guid":{"rendered":"https:\/\/pecbag.com\/?post_type=product&#038;p=3594"},"modified":"2025-11-29T01:55:15","modified_gmt":"2025-11-29T01:55:15","slug":"new-design-multi-functional-messenger-bag","status":"publish","type":"product","link":"https:\/\/pecbag.com\/se\/new-design-multi-functional-messenger-bag\/","title":{"rendered":"Ny design multifunktionell Messenger Bag"},"content":{"rendered":"<h5 title=\"Vikbar hundv\u00e4ska Andningsbar axelv\u00e4ska f\u00f6r husdjur i mesh f\u00f6r sm\u00e5 husdjur Hundar Katter\" data-immersive-translate-walked=\"1c928421-2e42-4cd3-8754-5404553c0af5\" data-immersive-translate-paragraph=\"1\" data-spm-anchor-id=\"a2700.details.0.i35.4f6757d4w4zNZA\">Ny design multifunktionella Messenger v\u00e4skor | Vattent\u00e4t v\u00e4ska fabrik &amp; ryggs\u00e4ck tillverkare - Bulk Corporate Solutions<\/h5>\n<div class=\"flex flex-grow flex-col max-w-full\">\n<div class=\"min-h-[20px] text-message flex w-full flex-col items-end gap-2 whitespace-pre-wrap break-words [.text-message+&amp;]:mt-5 overflow-x-auto\" dir=\"auto\" data-message-author-role=\"assistant\" data-message-id=\"3d7d46f6-7ec2-4222-9257-48fa0bba23c6\" data-suggestions=\"true\">\n<div class=\"flex w-full flex-col gap-1 empty:hidden first:pt-[3px]\">\n<div class=\"markdown prose w-full break-words dark:prose-invert light\">\n<table width=\"288\">\n<tbody>\n<tr>\n<td width=\"137\"><span style=\"color: #333333;\">Produkter Namn<\/span><\/td>\n<td width=\"151\">Messenger-v\u00e4ska<\/td>\n<\/tr>\n<tr>\n<td><span style=\"color: #333333;\">Artikel nr.<\/span><\/td>\n<td><span style=\"color: #333333;\">PB-2079<\/span><\/td>\n<\/tr>\n<tr>\n<td><span style=\"color: #333333;\">Material<\/span><\/td>\n<td>Presenning<\/td>\n<\/tr>\n<tr>\n<td><span style=\"color: #333333;\">Storlek<\/span><\/td>\n<td>13 x 7 x 25 cm<\/td>\n<\/tr>\n<tr>\n<td><span style=\"color: #333333;\">\u00a0Leveranstid<\/span><\/td>\n<td><span style=\"color: #333333;\">1-5 dagar f\u00f6r liten m\u00e4ngd med flyg och 30-35 dagar f\u00f6r stor m\u00e4ngd till sj\u00f6ss<\/span><\/td>\n<\/tr>\n<\/tbody>\n<\/table>\n<p>Som Kinas ledande tillverkare av messengerv\u00e4skor och vattent\u00e4ta v\u00e4skfabriker innoverar vi nya multifunktionella messengerv\u00e4skor f\u00f6r globala aff\u00e4rspersoner. V\u00e5rt messenger bag-f\u00f6retag erbjuder:<\/p>\n<p>\u2705 <strong>IPX5 vattent\u00e4t konstruktion<\/strong> (600D \u00e5tervunnen polyester + svetsade s\u00f6mmar)<br \/>\n\u2705 <strong>Konvertibla konstruktioner<\/strong> (ryggs\u00e4ck\/axel\/messenger-l\u00e4gen)<br \/>\n\u2705 <strong>OEM\/ODM-tj\u00e4nster<\/strong> f\u00f6r <strong>budv\u00e4skor med eget m\u00e4rke<\/strong><br \/>\n\u2705 <strong>Produktion av messengerv\u00e4skor i bulk<\/strong> med 10 dagars leverans<\/p>\n<p>Betrodda av messengerbag-grossister och Fortune 500-f\u00f6retag. Viktiga egenskaper:<br \/>\n- RFID-blockerande fack och dolda st\u00f6ldskyddsfickor<br \/>\n- L\u00f6stagbar tech-organizer med USB-laddningsport<br \/>\n- Ergonomisk ryggpanel med luftfl\u00f6de och bagagerem<\/p>\n<p><strong>Varf\u00f6r v\u00e4lja v\u00e5r fabrik f\u00f6r messengerv\u00e4skor<\/strong>:<br \/>\n\ud83d\udd39 15+ \u00e5r som ledande export\u00f6r av messengerv\u00e4skor fr\u00e5n Kina<br \/>\n\ud83d\udd39 Gratis 3D-design med din logotyp\/f\u00e4rgschema<br \/>\n\ud83d\udd39 OEKO-Tex\/SGS-certifierade h\u00e5llbara material<br \/>\n\ud83d\udd39 25% rabatt f\u00f6r leverant\u00f6rer av messengerv\u00e4skor p\u00e5 2.500+ enheter<\/p>\n<p>Beg\u00e4r gratisprover av v\u00e5ra multifunktionella messengerv\u00e4skor eller f\u00e5 omedelbara offerter. Messenger v\u00e4ska leverant\u00f6rer f\u00e5r:<br \/>\n- Anpassad MOQ<br \/>\n- Batchspecifika testrapporter f\u00f6r n\u00f6tning<br \/>\n- Prioriterad tilldelning av flyg- och sj\u00f6frakt<\/p>\n<\/div>\n<\/div>\n<\/div>\n<\/div>","protected":false},"excerpt":{"rendered":"<h2 data-immersive-translate-walked=\"344be1c1-5052-41eb-8fcd-0dbe236a0d6b\" data-immersive-translate-paragraph=\"1\">Ny design multifunktionell Messenger Bag<\/h2>\n<div class=\"sliderTable mt10 mb10 sliderTable-index0\">\n<div class=\"inner\">\n<p><strong>1. Stort f\u00f6rvaringsutrymme:\u00a0<\/strong>Huvudfickan har ett inbyggt blixtl\u00e5sfack f\u00f6r bekv\u00e4m f\u00f6rvaring av f\u00f6rem\u00e5l. Och den fr\u00e4mre blixtl\u00e5sfickan \u00e4r mer bekv\u00e4m att f\u00e5 saker, vilket uppfyller dagliga resebehov.<\/p>\n<p><strong>2. Vattent\u00e4t:<\/strong>\u00a0Vattenavvisande tyg, med laminerad vattent\u00e4t dragkedja, kan effektivt blockera regnst\u00e4nk. Utm\u00e4rkta material kan ge en s\u00e4ker milj\u00f6 f\u00f6r dina f\u00f6rem\u00e5l p\u00e5 regniga dagar.<\/p>\n<p><strong>3. Enkel scenv\u00e4xling:<\/strong> Kan anv\u00e4ndas som en frontv\u00e4ska och en triangelv\u00e4ska med korsformad ram. Avtagbara axelremmar medf\u00f6ljer, som kan bytas ut mot messengerv\u00e4skor, br\u00f6stv\u00e4skor, handv\u00e4skor och midjev\u00e4skor n\u00e4r som helst och var som helst.<\/p>\n<\/div>\n<\/div>","protected":false},"featured_media":3595,"template":"","meta":{"_uag_custom_page_level_css":""},"product_brand":[],"product_cat":[65,48,62],"product_tag":[],"class_list":{"0":"post-3594","1":"product","2":"type-product","3":"status-publish","4":"has-post-thumbnail","6":"product_cat-messenger-bag","7":"product_cat-bike-bag","8":"product_cat-crossbody-bags","10":"first","11":"instock","12":"shipping-taxable","13":"product-type-simple"},"uagb_featured_image_src":{"full":["https:\/\/pecbag.com\/wp-content\/uploads\/2025\/05\/New-Design-Multi-functional-Messenger-Bag-3.jpeg",1000,1000,false],"thumbnail":["https:\/\/pecbag.com\/wp-content\/uploads\/2025\/05\/New-Design-Multi-functional-Messenger-Bag-3-150x150.jpeg",150,150,true],"medium":["https:\/\/pecbag.com\/wp-content\/uploads\/2025\/05\/New-Design-Multi-functional-Messenger-Bag-3-300x300.jpeg",300,300,true],"medium_large":["https:\/\/pecbag.com\/wp-content\/uploads\/2025\/05\/New-Design-Multi-functional-Messenger-Bag-3-768x768.jpeg",768,768,true],"large":["https:\/\/pecbag.com\/wp-content\/uploads\/2025\/05\/New-Design-Multi-functional-Messenger-Bag-3.jpeg",800,800,false],"1536x1536":["https:\/\/pecbag.com\/wp-content\/uploads\/2025\/05\/New-Design-Multi-functional-Messenger-Bag-3.jpeg",1000,1000,false],"2048x2048":["https:\/\/pecbag.com\/wp-content\/uploads\/2025\/05\/New-Design-Multi-functional-Messenger-Bag-3.jpeg",1000,1000,false],"trp-custom-language-flag":["https:\/\/pecbag.com\/wp-content\/uploads\/2025\/05\/New-Design-Multi-functional-Messenger-Bag-3-12x12.jpeg",12,12,true],"woocommerce_thumbnail":["https:\/\/pecbag.com\/wp-content\/uploads\/2025\/05\/New-Design-Multi-functional-Messenger-Bag-3-300x300.jpeg",300,300,true],"woocommerce_single":["https:\/\/pecbag.com\/wp-content\/uploads\/2025\/05\/New-Design-Multi-functional-Messenger-Bag-3-600x600.jpeg",600,600,true],"woocommerce_gallery_thumbnail":["https:\/\/pecbag.com\/wp-content\/uploads\/2025\/05\/New-Design-Multi-functional-Messenger-Bag-3-100x100.jpeg",100,100,true]},"uagb_author_info":{"display_name":"Lawrence","author_link":"https:\/\/pecbag.com\/se\/author\/"},"uagb_comment_info":0,"uagb_excerpt":"New Design Multi-functional Messenger Bag 1. Large Storage Space:\u00a0The main pocket has a built-in zipper compartment for convenient storage of items. And the front zipper pocket is more convenient to get things, meeting daily travel needs. 2. Waterproof:\u00a0Water-resistant fabric, with laminated waterproof zipper, can effectively block rain splashes. Excellent materials can provide a safe environment&hellip;","_links":{"self":[{"href":"https:\/\/pecbag.com\/se\/wp-json\/wp\/v2\/product\/3594","targetHints":{"allow":["GET"]}}],"collection":[{"href":"https:\/\/pecbag.com\/se\/wp-json\/wp\/v2\/product"}],"about":[{"href":"https:\/\/pecbag.com\/se\/wp-json\/wp\/v2\/types\/product"}],"wp:featuredmedia":[{"embeddable":true,"href":"https:\/\/pecbag.com\/se\/wp-json\/wp\/v2\/media\/3595"}],"wp:attachment":[{"href":"https:\/\/pecbag.com\/se\/wp-json\/wp\/v2\/media?parent=3594"}],"wp:term":[{"taxonomy":"product_brand","embeddable":true,"href":"https:\/\/pecbag.com\/se\/wp-json\/wp\/v2\/product_brand?post=3594"},{"taxonomy":"product_cat","embeddable":true,"href":"https:\/\/pecbag.com\/se\/wp-json\/wp\/v2\/product_cat?post=3594"},{"taxonomy":"product_tag","embeddable":true,"href":"https:\/\/pecbag.com\/se\/wp-json\/wp\/v2\/product_tag?post=3594"}],"curies":[{"name":"wp","href":"https:\/\/api.w.org\/{rel}","templated":true}]}}