{"id":3626,"date":"2025-05-27T09:22:18","date_gmt":"2025-05-27T09:22:18","guid":{"rendered":"https:\/\/pecbag.com\/?post_type=product&#038;p=3626"},"modified":"2025-11-29T01:54:54","modified_gmt":"2025-11-29T01:54:54","slug":"laptop-sleeve-briefcase-bag","status":"publish","type":"product","link":"https:\/\/pecbag.com\/se\/laptop-sleeve-briefcase-bag\/","title":{"rendered":"Fodral f\u00f6r b\u00e4rbar dator Portf\u00f6lj V\u00e4ska"},"content":{"rendered":"<h5 title=\"Vikbar hundv\u00e4ska Andningsbar axelv\u00e4ska f\u00f6r husdjur i mesh f\u00f6r sm\u00e5 husdjur Hundar Katter\" data-immersive-translate-walked=\"1c928421-2e42-4cd3-8754-5404553c0af5\" data-immersive-translate-paragraph=\"1\" data-spm-anchor-id=\"a2700.details.0.i35.4f6757d4w4zNZA\">Fodral f\u00f6r b\u00e4rbara datorer Portf\u00f6ljv\u00e4skor | Fabrik f\u00f6r vattent\u00e4ta v\u00e4skor och tillverkare av ryggs\u00e4ckar - Bulk Corporate Solutions<\/h5>\n<div class=\"flex flex-grow flex-col max-w-full\">\n<div class=\"min-h-[20px] text-message flex w-full flex-col items-end gap-2 whitespace-pre-wrap break-words [.text-message+&amp;]:mt-5 overflow-x-auto\" dir=\"auto\" data-message-author-role=\"assistant\" data-message-id=\"3d7d46f6-7ec2-4222-9257-48fa0bba23c6\" data-suggestions=\"true\">\n<div class=\"flex w-full flex-col gap-1 empty:hidden first:pt-[3px]\">\n<div class=\"markdown prose w-full break-words dark:prose-invert light\">\n<table width=\"288\">\n<tbody>\n<tr>\n<td width=\"137\"><span style=\"color: #333333;\">Produkter Namn<\/span><\/td>\n<td width=\"151\">Messenger-v\u00e4ska<\/td>\n<\/tr>\n<tr>\n<td><span style=\"color: #333333;\">Artikel nr.<\/span><\/td>\n<td><span style=\"color: #333333;\">PB-2082<\/span><\/td>\n<\/tr>\n<tr>\n<td><span style=\"color: #333333;\">Material<\/span><\/td>\n<td>500D Cordura<\/td>\n<\/tr>\n<tr>\n<td><span style=\"color: #333333;\">Storlek<\/span><\/td>\n<td>43 x 16,5 x 30 cm<\/td>\n<\/tr>\n<tr>\n<td><span style=\"color: #333333;\">\u00a0Leveranstid<\/span><\/td>\n<td><span style=\"color: #333333;\">1-5 dagar f\u00f6r liten m\u00e4ngd med flyg och 30-35 dagar f\u00f6r stor m\u00e4ngd till sj\u00f6ss<\/span><\/td>\n<\/tr>\n<\/tbody>\n<\/table>\n<p>Som Kinas ledande tillverkare av messengerv\u00e4skor och vattent\u00e4ta v\u00e4skfabriker designar vi premiumv\u00e4skor f\u00f6r b\u00e4rbara datorer f\u00f6r globala proffs. V\u00e5rt messenger bag-f\u00f6retag erbjuder:<\/p>\n<p>\u2705 <strong>St\u00f6ts\u00e4kert fack f\u00f6r b\u00e4rbar dator<\/strong> (passar upp till 17\u2033-enheter) <strong>IPX5 vattent\u00e4t utsida<\/strong><br \/>\n\u2705 <strong>Anpassningsbar design<\/strong> (MOQ 50st) f\u00f6r <strong>budv\u00e4skor med eget m\u00e4rke<\/strong><br \/>\n\u2705 <strong>OEM\/ODM-tj\u00e4nster<\/strong> med snabb produktionstid p\u00e5 10 dagar<br \/>\n\u2705 <strong>Produktion av messengerv\u00e4skor i bulk<\/strong> betrodd av Fortune 500-f\u00f6retag<\/p>\n<p>Viktiga funktioner som grossisterna f\u00f6r messengerv\u00e4skor litar p\u00e5:<br \/>\n- RFID-blockerande dokumentfickor och dold USB-laddningsport<br \/>\n- Avtagbar axelrem + trolleyfodral f\u00f6r resor<br \/>\n- Dekorationer i vegansk l\u00e4der och tysta magnetiska st\u00e4ngningar<\/p>\n<p><strong>Varf\u00f6r v\u00e4lja v\u00e5r fabrik f\u00f6r messengerv\u00e4skor<\/strong>:<br \/>\n\ud83d\udd39 12+ \u00e5r som ledande export\u00f6r av messengerv\u00e4skor fr\u00e5n Kina<br \/>\n\ud83d\udd39 Gratis 3D-teknikpaket med ditt varum\u00e4rke<br \/>\n\ud83d\udd39 OEKO-Tex\/SGS-certifierade h\u00e5llbara material<br \/>\n\ud83d\udd39 30% rabatt f\u00f6r leverant\u00f6rer av messengerv\u00e4skor p\u00e5 3.000+ enheter<\/p>\n<p>Beg\u00e4r gratis prov p\u00e5 v\u00e5ra portf\u00f6ljv\u00e4skor eller f\u00e5 omedelbara offerter. Messenger v\u00e4ska leverant\u00f6rer njuta av:<br \/>\n- Anpassad MOQ fr\u00e5n 30st<br \/>\n- Batchspecifika testrapporter f\u00f6r n\u00f6tning<br \/>\n- Prioriterad tilldelning av flygfrakt<\/p>\n<\/div>\n<\/div>\n<\/div>\n<\/div>","protected":false},"excerpt":{"rendered":"<h2 data-immersive-translate-walked=\"344be1c1-5052-41eb-8fcd-0dbe236a0d6b\" data-immersive-translate-paragraph=\"1\">Fodral f\u00f6r b\u00e4rbar dator Portf\u00f6lj V\u00e4ska<\/h2>\n<div class=\"sliderTable mt10 mb10 sliderTable-index0\">\n<div class=\"inner\">\n<p>Vi erbjuder premiumv\u00e4skor med full storlek och f\u00e4rganpassning, slitstarka tyger och certifierad kvalitet.<\/p>\n<p>Vi erbjuder flexibla MOQ:er, snabb global leverans och private label-l\u00f6sningar.<\/p>\n<p>Kontakta oss redan idag!<\/p>\n<\/div>\n<\/div>","protected":false},"featured_media":3632,"template":"","meta":{"_uag_custom_page_level_css":""},"product_brand":[],"product_cat":[65,64,55],"product_tag":[],"class_list":{"0":"post-3626","1":"product","2":"type-product","3":"status-publish","4":"has-post-thumbnail","6":"product_cat-messenger-bag","7":"product_cat-shoulder-bag","8":"product_cat-tactical-bag","10":"first","11":"instock","12":"shipping-taxable","13":"product-type-simple"},"uagb_featured_image_src":{"full":["https:\/\/pecbag.com\/wp-content\/uploads\/2025\/05\/Laptop-Sleeve-Briefcase-Bag-4.jpeg",800,800,false],"thumbnail":["https:\/\/pecbag.com\/wp-content\/uploads\/2025\/05\/Laptop-Sleeve-Briefcase-Bag-4-150x150.jpeg",150,150,true],"medium":["https:\/\/pecbag.com\/wp-content\/uploads\/2025\/05\/Laptop-Sleeve-Briefcase-Bag-4-300x300.jpeg",300,300,true],"medium_large":["https:\/\/pecbag.com\/wp-content\/uploads\/2025\/05\/Laptop-Sleeve-Briefcase-Bag-4-768x768.jpeg",768,768,true],"large":["https:\/\/pecbag.com\/wp-content\/uploads\/2025\/05\/Laptop-Sleeve-Briefcase-Bag-4.jpeg",800,800,false],"1536x1536":["https:\/\/pecbag.com\/wp-content\/uploads\/2025\/05\/Laptop-Sleeve-Briefcase-Bag-4.jpeg",800,800,false],"2048x2048":["https:\/\/pecbag.com\/wp-content\/uploads\/2025\/05\/Laptop-Sleeve-Briefcase-Bag-4.jpeg",800,800,false],"trp-custom-language-flag":["https:\/\/pecbag.com\/wp-content\/uploads\/2025\/05\/Laptop-Sleeve-Briefcase-Bag-4-12x12.jpeg",12,12,true],"woocommerce_thumbnail":["https:\/\/pecbag.com\/wp-content\/uploads\/2025\/05\/Laptop-Sleeve-Briefcase-Bag-4-300x300.jpeg",300,300,true],"woocommerce_single":["https:\/\/pecbag.com\/wp-content\/uploads\/2025\/05\/Laptop-Sleeve-Briefcase-Bag-4-600x600.jpeg",600,600,true],"woocommerce_gallery_thumbnail":["https:\/\/pecbag.com\/wp-content\/uploads\/2025\/05\/Laptop-Sleeve-Briefcase-Bag-4-100x100.jpeg",100,100,true]},"uagb_author_info":{"display_name":"Lawrence","author_link":"https:\/\/pecbag.com\/se\/author\/"},"uagb_comment_info":0,"uagb_excerpt":"Laptop Sleeve Briefcase Bag We provide premium bags with full-size and color customization, durable fabrics, and certified quality. Enjoy flexible MOQs, fast global shipping, and private label solutions. Contact us today!","_links":{"self":[{"href":"https:\/\/pecbag.com\/se\/wp-json\/wp\/v2\/product\/3626","targetHints":{"allow":["GET"]}}],"collection":[{"href":"https:\/\/pecbag.com\/se\/wp-json\/wp\/v2\/product"}],"about":[{"href":"https:\/\/pecbag.com\/se\/wp-json\/wp\/v2\/types\/product"}],"wp:featuredmedia":[{"embeddable":true,"href":"https:\/\/pecbag.com\/se\/wp-json\/wp\/v2\/media\/3632"}],"wp:attachment":[{"href":"https:\/\/pecbag.com\/se\/wp-json\/wp\/v2\/media?parent=3626"}],"wp:term":[{"taxonomy":"product_brand","embeddable":true,"href":"https:\/\/pecbag.com\/se\/wp-json\/wp\/v2\/product_brand?post=3626"},{"taxonomy":"product_cat","embeddable":true,"href":"https:\/\/pecbag.com\/se\/wp-json\/wp\/v2\/product_cat?post=3626"},{"taxonomy":"product_tag","embeddable":true,"href":"https:\/\/pecbag.com\/se\/wp-json\/wp\/v2\/product_tag?post=3626"}],"curies":[{"name":"wp","href":"https:\/\/api.w.org\/{rel}","templated":true}]}}