{"id":3760,"date":"2025-05-28T02:56:12","date_gmt":"2025-05-28T02:56:12","guid":{"rendered":"https:\/\/pecbag.com\/?post_type=product&#038;p=3760"},"modified":"2025-11-29T01:53:35","modified_gmt":"2025-11-29T01:53:35","slug":"beach-surfboard-sling-bag","status":"publish","type":"product","link":"https:\/\/pecbag.com\/se\/beach-surfboard-sling-bag\/","title":{"rendered":"Strand Surfbr\u00e4da Sling Bag"},"content":{"rendered":"<h5 title=\"Vikbar hundv\u00e4ska Andningsbar axelv\u00e4ska f\u00f6r husdjur i mesh f\u00f6r sm\u00e5 husdjur Hundar Katter\" data-immersive-translate-walked=\"1c928421-2e42-4cd3-8754-5404553c0af5\" data-immersive-translate-paragraph=\"1\" data-spm-anchor-id=\"a2700.details.0.i35.4f6757d4w4zNZA\">Strand Surfbr\u00e4da Sling V\u00e4skor | Vattent\u00e4t v\u00e4ska fabrik och ryggs\u00e4ck tillverkare - Bulk Surf Solutions<\/h5>\n<div class=\"flex flex-grow flex-col max-w-full\">\n<div class=\"min-h-[20px] text-message flex w-full flex-col items-end gap-2 whitespace-pre-wrap break-words [.text-message+&amp;]:mt-5 overflow-x-auto\" dir=\"auto\" data-message-author-role=\"assistant\" data-message-id=\"3d7d46f6-7ec2-4222-9257-48fa0bba23c6\" data-suggestions=\"true\">\n<div class=\"flex w-full flex-col gap-1 empty:hidden first:pt-[3px]\">\n<div class=\"markdown prose w-full break-words dark:prose-invert light\">\n<table width=\"288\">\n<tbody>\n<tr>\n<td width=\"137\"><span style=\"color: #333333;\">Produkter Namn<\/span><\/td>\n<td width=\"151\">Surfbr\u00e4da v\u00e4ska<\/td>\n<\/tr>\n<tr>\n<td><span style=\"color: #333333;\">Artikel nr.<\/span><\/td>\n<td><span style=\"color: #333333;\">PB-2089<\/span><\/td>\n<\/tr>\n<tr>\n<td><span style=\"color: #333333;\">Material<\/span><\/td>\n<td>600D polyester + PP-v\u00e4v<\/td>\n<\/tr>\n<tr>\n<td><span style=\"color: #333333;\">Storlek<\/span><\/td>\n<td>6,2 x 25,5 tum<\/td>\n<\/tr>\n<tr>\n<td><span style=\"color: #333333;\">\u00a0Leveranstid<\/span><\/td>\n<td><span style=\"color: #333333;\">1-5 dagar f\u00f6r liten m\u00e4ngd med flyg och 30-35 dagar f\u00f6r stor m\u00e4ngd till sj\u00f6ss<\/span><\/td>\n<\/tr>\n<\/tbody>\n<\/table>\n<p>Som Kinas ledande tillverkare av surfbr\u00e4dv\u00e4skor och vattent\u00e4ta v\u00e4skfabriker designar vi robusta surfbr\u00e4dv\u00e4skor f\u00f6r globala surfm\u00e4rken. V\u00e5rt surfbr\u00e4da v\u00e4ska f\u00f6retag erbjuder:<\/p>\n<p>\u2705 <strong>Saltvattenbest\u00e4ndig 600D polyester<\/strong> med vattent\u00e4ta IPX6-dragkedjor<br \/>\n\u2705 <strong>Upp till 9'6\u2033 br\u00e4dkapacitet<\/strong> + tillbeh\u00f6rsfickor (MOQ 50 st)<br \/>\n\u2705 <strong>OEM\/ODM-tj\u00e4nster<\/strong> f\u00f6r surfbr\u00e4desv\u00e4skor med eget m\u00e4rke<br \/>\n\u2705 <strong>Produktion av surfbr\u00e4desp\u00e5sar i bulk<\/strong> med 10 dagars snabb leverans<\/p>\n<p>Betrodda av grossister och kustorter \u00f6ver hela v\u00e4rlden som s\u00e4ljer surfbr\u00e4dv\u00e4skor. Viktiga egenskaper:<br \/>\n- Snabbtorkande n\u00e4tpaneler och f\u00f6rst\u00e4rkta draghandtag<br \/>\n- Justerbar axelrem och skydd f\u00f6r kartongens kanter<br \/>\n- RFID-fack f\u00f6r bagagetagg och dr\u00e4neringssystem mot sand<\/p>\n<p><strong>Varf\u00f6r partner med v\u00e5r surfbr\u00e4da v\u00e4ska fabrik<\/strong>:<br \/>\n\ud83d\udd39 12+ \u00e5r som ledande export\u00f6r av surfbr\u00e4desv\u00e4skor fr\u00e5n Kina<br \/>\n\ud83d\udd39 Gratis 3D-design med ditt varum\u00e4rke f\u00f6r strandklubben<br \/>\n\ud83d\udd39 OEKO-Tex\/SGS-certifierade UV-best\u00e4ndiga material<br \/>\n\ud83d\udd39 25% rabatt f\u00f6r leverant\u00f6rer av surfbr\u00e4desv\u00e4skor p\u00e5 2.500+ enheter<\/p>\n<p>Beg\u00e4r gratisprover av v\u00e5ra surfbr\u00e4da slingv\u00e4skor eller f\u00e5 omedelbara offerter. Surfbr\u00e4da v\u00e4ska leverant\u00f6rer njuta av:<br \/>\n- Anpassad MOQ fr\u00e5n 30st<br \/>\n- Batchspecifika testrapporter f\u00f6r saltspraytest<br \/>\n- Prioriterad tilldelning av flyg- och sj\u00f6frakt<\/p>\n<\/div>\n<\/div>\n<\/div>\n<\/div>","protected":false},"excerpt":{"rendered":"<h2 data-immersive-translate-walked=\"344be1c1-5052-41eb-8fcd-0dbe236a0d6b\" data-immersive-translate-paragraph=\"1\">Strand Surfbr\u00e4da Sling Bag<\/h2>\n<p>Mer f\u00f6rvaring: Inre kardborreficka, anv\u00e4nds f\u00f6r att f\u00f6rvara personliga tillh\u00f6righeter, t.ex. mobiltelefoner, nycklar, v\u00e5tdr\u00e4kt etc.<\/p>\n<p>Ytterficka med blixtl\u00e5s, anv\u00e4nds f\u00f6r att f\u00f6rvara utrustning, fenor och andra anv\u00e4ndbara och n\u00f6dv\u00e4ndiga saker.<\/p>","protected":false},"featured_media":3772,"template":"","meta":{"_uag_custom_page_level_css":""},"product_brand":[],"product_cat":[47,67],"product_tag":[],"class_list":{"0":"post-3760","1":"product","2":"type-product","3":"status-publish","4":"has-post-thumbnail","6":"product_cat-surfboard-bag","7":"product_cat-sports-bag","9":"first","10":"instock","11":"shipping-taxable","12":"product-type-simple"},"uagb_featured_image_src":{"full":["https:\/\/pecbag.com\/wp-content\/uploads\/2025\/05\/Beach-Surfboard-Sling-Bag-6.jpeg",800,800,false],"thumbnail":["https:\/\/pecbag.com\/wp-content\/uploads\/2025\/05\/Beach-Surfboard-Sling-Bag-6-150x150.jpeg",150,150,true],"medium":["https:\/\/pecbag.com\/wp-content\/uploads\/2025\/05\/Beach-Surfboard-Sling-Bag-6-300x300.jpeg",300,300,true],"medium_large":["https:\/\/pecbag.com\/wp-content\/uploads\/2025\/05\/Beach-Surfboard-Sling-Bag-6-768x768.jpeg",768,768,true],"large":["https:\/\/pecbag.com\/wp-content\/uploads\/2025\/05\/Beach-Surfboard-Sling-Bag-6.jpeg",800,800,false],"1536x1536":["https:\/\/pecbag.com\/wp-content\/uploads\/2025\/05\/Beach-Surfboard-Sling-Bag-6.jpeg",800,800,false],"2048x2048":["https:\/\/pecbag.com\/wp-content\/uploads\/2025\/05\/Beach-Surfboard-Sling-Bag-6.jpeg",800,800,false],"trp-custom-language-flag":["https:\/\/pecbag.com\/wp-content\/uploads\/2025\/05\/Beach-Surfboard-Sling-Bag-6-12x12.jpeg",12,12,true],"woocommerce_thumbnail":["https:\/\/pecbag.com\/wp-content\/uploads\/2025\/05\/Beach-Surfboard-Sling-Bag-6-300x300.jpeg",300,300,true],"woocommerce_single":["https:\/\/pecbag.com\/wp-content\/uploads\/2025\/05\/Beach-Surfboard-Sling-Bag-6-600x600.jpeg",600,600,true],"woocommerce_gallery_thumbnail":["https:\/\/pecbag.com\/wp-content\/uploads\/2025\/05\/Beach-Surfboard-Sling-Bag-6-100x100.jpeg",100,100,true]},"uagb_author_info":{"display_name":"Lawrence","author_link":"https:\/\/pecbag.com\/se\/author\/"},"uagb_comment_info":0,"uagb_excerpt":"Beach Surfboard Sling Bag More Storage: Inner velcro pocket, used to store personal belongings, such as mobile phones, keys, wetsuit, etc. Exterior zipper pocket, used to store gears, fins, and some useful and necessary things.","_links":{"self":[{"href":"https:\/\/pecbag.com\/se\/wp-json\/wp\/v2\/product\/3760","targetHints":{"allow":["GET"]}}],"collection":[{"href":"https:\/\/pecbag.com\/se\/wp-json\/wp\/v2\/product"}],"about":[{"href":"https:\/\/pecbag.com\/se\/wp-json\/wp\/v2\/types\/product"}],"wp:featuredmedia":[{"embeddable":true,"href":"https:\/\/pecbag.com\/se\/wp-json\/wp\/v2\/media\/3772"}],"wp:attachment":[{"href":"https:\/\/pecbag.com\/se\/wp-json\/wp\/v2\/media?parent=3760"}],"wp:term":[{"taxonomy":"product_brand","embeddable":true,"href":"https:\/\/pecbag.com\/se\/wp-json\/wp\/v2\/product_brand?post=3760"},{"taxonomy":"product_cat","embeddable":true,"href":"https:\/\/pecbag.com\/se\/wp-json\/wp\/v2\/product_cat?post=3760"},{"taxonomy":"product_tag","embeddable":true,"href":"https:\/\/pecbag.com\/se\/wp-json\/wp\/v2\/product_tag?post=3760"}],"curies":[{"name":"wp","href":"https:\/\/api.w.org\/{rel}","templated":true}]}}