{"id":3777,"date":"2025-05-28T03:04:57","date_gmt":"2025-05-28T03:04:57","guid":{"rendered":"https:\/\/pecbag.com\/?post_type=product&#038;p=3777"},"modified":"2025-11-29T01:53:30","modified_gmt":"2025-11-29T01:53:30","slug":"custom-pro-paddle-surfboard-bag","status":"publish","type":"product","link":"https:\/\/pecbag.com\/se\/custom-pro-paddle-surfboard-bag\/","title":{"rendered":"Custom Pro Paddle Surfboard Bag- 72Hr vattent\u00e4t garanti"},"content":{"rendered":"<h5 title=\"Vikbar hundv\u00e4ska Andningsbar axelv\u00e4ska f\u00f6r husdjur i mesh f\u00f6r sm\u00e5 husdjur Hundar Katter\" data-immersive-translate-walked=\"1c928421-2e42-4cd3-8754-5404553c0af5\" data-immersive-translate-paragraph=\"1\" data-spm-anchor-id=\"a2700.details.0.i35.4f6757d4w4zNZA\">Anpassade Pro Paddle Surfboard v\u00e4skor | Vattent\u00e4t v\u00e4ska fabrik och ryggs\u00e4ck tillverkare - Bulk Surf Solutions<\/h5>\n<div class=\"flex flex-grow flex-col max-w-full\">\n<div class=\"min-h-[20px] text-message flex w-full flex-col items-end gap-2 whitespace-pre-wrap break-words [.text-message+&amp;]:mt-5 overflow-x-auto\" dir=\"auto\" data-message-author-role=\"assistant\" data-message-id=\"3d7d46f6-7ec2-4222-9257-48fa0bba23c6\" data-suggestions=\"true\">\n<div class=\"flex w-full flex-col gap-1 empty:hidden first:pt-[3px]\">\n<div class=\"markdown prose w-full break-words dark:prose-invert light\">\n<table width=\"288\">\n<tbody>\n<tr>\n<td width=\"137\"><span style=\"color: #333333;\">Produkter Namn<\/span><\/td>\n<td width=\"151\">Surfbr\u00e4da v\u00e4ska<\/td>\n<\/tr>\n<tr>\n<td><span style=\"color: #333333;\">Artikel nr.<\/span><\/td>\n<td><span style=\"color: #333333;\">PB-2090<\/span><\/td>\n<\/tr>\n<tr>\n<td><span style=\"color: #333333;\">Material<\/span><\/td>\n<td>1680D polyester<\/td>\n<\/tr>\n<tr>\n<td><span style=\"color: #333333;\">Storlek<\/span><\/td>\n<td>Anpassad storlek<\/td>\n<\/tr>\n<tr>\n<td><span style=\"color: #333333;\">\u00a0Leveranstid<\/span><\/td>\n<td><span style=\"color: #333333;\">1-5 dagar f\u00f6r liten m\u00e4ngd med flyg och 30-35 dagar f\u00f6r stor m\u00e4ngd till sj\u00f6ss<\/span><\/td>\n<\/tr>\n<\/tbody>\n<\/table>\n<p>Som Kinas ledande tillverkare av surfbr\u00e4dv\u00e4skor och vattent\u00e4ta v\u00e4skfabriker konstruerar vi premium anpassade pro paddle surfbr\u00e4dv\u00e4skor f\u00f6r globala vattensportm\u00e4rken. V\u00e5rt surfbr\u00e4da v\u00e4ska f\u00f6retag erbjuder:<\/p>\n<p>\u2705 <strong>IPX7 vattent\u00e4tt skydd<\/strong> (600D PVC-belagd polyester + s\u00f6ml\u00f6s svetsning)<br \/>\n\u2705 <strong>Upp till 14\u2032 kortkapacitet<\/strong> med f\u00f6rst\u00e4rkta handtag (MOQ 200st)<br \/>\n\u2705 <strong>OEM\/ODM-tj\u00e4nster<\/strong> f\u00f6r surfbr\u00e4desv\u00e4skor med eget m\u00e4rke<br \/>\n\u2705 <strong>Produktion av surfbr\u00e4desp\u00e5sar i bulk<\/strong> med 10 dagars snabb leverans<\/p>\n<p>Betrodda av grossister och proffssurfare \u00f6ver hela v\u00e4rlden. Viktiga egenskaper:<br \/>\n- UV-best\u00e4ndig bel\u00e4ggning och sandskyddande n\u00e4tfickor<br \/>\n- Justerbara axelremmar och paddelh\u00e5llare<br \/>\n- RFID-fack f\u00f6r bagagetagg och TSA-godk\u00e4nda l\u00e5s<\/p>\n<p><strong>Varf\u00f6r v\u00e4lja v\u00e5r surfbr\u00e4da v\u00e4ska fabrik<\/strong>:<br \/>\n\ud83d\udd39 15+ \u00e5r som ledande export\u00f6r av surfbr\u00e4desv\u00e4skor fr\u00e5n Kina<br \/>\n\ud83d\udd39 Gratis 3D-design med din varum\u00e4rkeslogotyp\/f\u00e4rger<br \/>\n\ud83d\udd39 OEKO-Tex\/SGS-certifierade material av marin kvalitet<br \/>\n\ud83d\udd39 30% rabatt f\u00f6r leverant\u00f6rer av surfbr\u00e4desv\u00e4skor p\u00e5 3 000+ enheter<\/p>\n<p>Beg\u00e4r gratisprover av v\u00e5ra pro paddle surfbr\u00e4da v\u00e4skor eller f\u00e5 omedelbara offerter. Surfbr\u00e4da v\u00e4ska leverant\u00f6rer njuta av:<br \/>\n- Anpassad MOQ fr\u00e5n 300st<br \/>\n- Batchspecifika rapporter om korrosion i saltvatten<br \/>\n- Prioriterad f\u00f6rdelning av flyg- och sj\u00f6frakt<\/p>\n<p>- Prioriterad tilldelning av flyg- och sj\u00f6frakt<\/p>\n<\/div>\n<\/div>\n<\/div>\n<\/div>","protected":false},"excerpt":{"rendered":"<h2 data-immersive-translate-walked=\"344be1c1-5052-41eb-8fcd-0dbe236a0d6b\" data-immersive-translate-paragraph=\"1\">Anpassad Pro Paddle Surfbr\u00e4da V\u00e4ska<\/h2>\n<p><strong>1. Slitstarkt material:<\/strong> Rundhuvud, runda svansdelar \u00e4r gjorda av 1680D Polyester plus 40mm skumvaddering f\u00f6r att skydda den utsatta delen av surfbr\u00e4dan; Den gr\u00e5 delen \u00e4r PP Woven, som inte bara bibeh\u00e5ller textur och utseende utan ocks\u00e5 f\u00f6rb\u00e4ttrar den vattent\u00e4ta effekten.<\/p>\n<p><strong>2. Stort f\u00f6rvaringsutrymme:<\/strong>\u00a0Ytterfickor med dragkedja \u00e4r ocks\u00e5 gjorda av 1680D-tyg, det b\u00e4sta st\u00e4llet att f\u00f6rvara fenor; det finns ocks\u00e5 en ficka inuti, som kan f\u00f6rvara v\u00e4rdesaker som nycklar, mobiltelefoner, F\u00f6rvara f\u00f6rem\u00e5l separat kan undvika skador p\u00e5 br\u00e4det.<\/p>","protected":false},"featured_media":3788,"template":"","meta":{"_uag_custom_page_level_css":""},"product_brand":[],"product_cat":[47,67],"product_tag":[],"class_list":{"0":"post-3777","1":"product","2":"type-product","3":"status-publish","4":"has-post-thumbnail","6":"product_cat-surfboard-bag","7":"product_cat-sports-bag","9":"first","10":"instock","11":"shipping-taxable","12":"product-type-simple"},"uagb_featured_image_src":{"full":["https:\/\/pecbag.com\/wp-content\/uploads\/2025\/05\/Custom-Pro-Paddle-Surfboard-Bag-5.jpeg",800,800,false],"thumbnail":["https:\/\/pecbag.com\/wp-content\/uploads\/2025\/05\/Custom-Pro-Paddle-Surfboard-Bag-5-150x150.jpeg",150,150,true],"medium":["https:\/\/pecbag.com\/wp-content\/uploads\/2025\/05\/Custom-Pro-Paddle-Surfboard-Bag-5-300x300.jpeg",300,300,true],"medium_large":["https:\/\/pecbag.com\/wp-content\/uploads\/2025\/05\/Custom-Pro-Paddle-Surfboard-Bag-5-768x768.jpeg",768,768,true],"large":["https:\/\/pecbag.com\/wp-content\/uploads\/2025\/05\/Custom-Pro-Paddle-Surfboard-Bag-5.jpeg",800,800,false],"1536x1536":["https:\/\/pecbag.com\/wp-content\/uploads\/2025\/05\/Custom-Pro-Paddle-Surfboard-Bag-5.jpeg",800,800,false],"2048x2048":["https:\/\/pecbag.com\/wp-content\/uploads\/2025\/05\/Custom-Pro-Paddle-Surfboard-Bag-5.jpeg",800,800,false],"trp-custom-language-flag":["https:\/\/pecbag.com\/wp-content\/uploads\/2025\/05\/Custom-Pro-Paddle-Surfboard-Bag-5-12x12.jpeg",12,12,true],"woocommerce_thumbnail":["https:\/\/pecbag.com\/wp-content\/uploads\/2025\/05\/Custom-Pro-Paddle-Surfboard-Bag-5-300x300.jpeg",300,300,true],"woocommerce_single":["https:\/\/pecbag.com\/wp-content\/uploads\/2025\/05\/Custom-Pro-Paddle-Surfboard-Bag-5-600x600.jpeg",600,600,true],"woocommerce_gallery_thumbnail":["https:\/\/pecbag.com\/wp-content\/uploads\/2025\/05\/Custom-Pro-Paddle-Surfboard-Bag-5-100x100.jpeg",100,100,true]},"uagb_author_info":{"display_name":"Lawrence","author_link":"https:\/\/pecbag.com\/se\/author\/"},"uagb_comment_info":0,"uagb_excerpt":"Custom Pro Paddle Surfboard Bag 1. Durable material: Roundhead, round tail parts are made of 1680D Polyester plus 40mm foam padding to protect the vulnerable part of the surfboard; The gray part is PP Woven, which not only maintains the texture and appearance but also enhances the waterproof effect. 2. Large storage space:\u00a0Exterior zipper pockets&hellip;","_links":{"self":[{"href":"https:\/\/pecbag.com\/se\/wp-json\/wp\/v2\/product\/3777","targetHints":{"allow":["GET"]}}],"collection":[{"href":"https:\/\/pecbag.com\/se\/wp-json\/wp\/v2\/product"}],"about":[{"href":"https:\/\/pecbag.com\/se\/wp-json\/wp\/v2\/types\/product"}],"wp:featuredmedia":[{"embeddable":true,"href":"https:\/\/pecbag.com\/se\/wp-json\/wp\/v2\/media\/3788"}],"wp:attachment":[{"href":"https:\/\/pecbag.com\/se\/wp-json\/wp\/v2\/media?parent=3777"}],"wp:term":[{"taxonomy":"product_brand","embeddable":true,"href":"https:\/\/pecbag.com\/se\/wp-json\/wp\/v2\/product_brand?post=3777"},{"taxonomy":"product_cat","embeddable":true,"href":"https:\/\/pecbag.com\/se\/wp-json\/wp\/v2\/product_cat?post=3777"},{"taxonomy":"product_tag","embeddable":true,"href":"https:\/\/pecbag.com\/se\/wp-json\/wp\/v2\/product_tag?post=3777"}],"curies":[{"name":"wp","href":"https:\/\/api.w.org\/{rel}","templated":true}]}}