{"id":3805,"date":"2025-05-28T03:41:16","date_gmt":"2025-05-28T03:41:16","guid":{"rendered":"https:\/\/pecbag.com\/?post_type=product&#038;p=3805"},"modified":"2025-11-29T01:53:20","modified_gmt":"2025-11-29T01:53:20","slug":"ultimate-waterproof-golf-tour-bag","status":"publish","type":"product","link":"https:\/\/pecbag.com\/se\/ultimate-waterproof-golf-tour-bag\/","title":{"rendered":"Ultimat vattent\u00e4t golfbag - TSA-l\u00e5s och testad av flygbolag"},"content":{"rendered":"<h5 title=\"Vikbar hundv\u00e4ska Andningsbar axelv\u00e4ska f\u00f6r husdjur i mesh f\u00f6r sm\u00e5 husdjur Hundar Katter\" data-immersive-translate-walked=\"1c928421-2e42-4cd3-8754-5404553c0af5\" data-immersive-translate-paragraph=\"1\" data-spm-anchor-id=\"a2700.details.0.i35.4f6757d4w4zNZA\">Ultimate Waterproof Golf Tour Bags | Vattent\u00e4t v\u00e4ska fabrik och ryggs\u00e4ck tillverkare - Bulk Golf Solutions<\/h5>\n<div class=\"flex flex-grow flex-col max-w-full\">\n<div class=\"min-h-[20px] text-message flex w-full flex-col items-end gap-2 whitespace-pre-wrap break-words [.text-message+&amp;]:mt-5 overflow-x-auto\" dir=\"auto\" data-message-author-role=\"assistant\" data-message-id=\"3d7d46f6-7ec2-4222-9257-48fa0bba23c6\" data-suggestions=\"true\">\n<div class=\"flex w-full flex-col gap-1 empty:hidden first:pt-[3px]\">\n<div class=\"markdown prose w-full break-words dark:prose-invert light\">\n<table width=\"288\">\n<tbody>\n<tr>\n<td width=\"137\"><span style=\"color: #333333;\">Produkter Namn<\/span><\/td>\n<td width=\"151\">Golfbag<\/td>\n<\/tr>\n<tr>\n<td><span style=\"color: #333333;\">Artikel nr.<\/span><\/td>\n<td><span style=\"color: #333333;\">PB-2092<\/span><\/td>\n<\/tr>\n<tr>\n<td><span style=\"color: #333333;\">Material<\/span><\/td>\n<td>PU-l\u00e4der + nylon<\/td>\n<\/tr>\n<tr>\n<td><span style=\"color: #333333;\">Storlek<\/span><\/td>\n<td>Anpassad<\/td>\n<\/tr>\n<tr>\n<td><span style=\"color: #333333;\">\u00a0Leveranstid<\/span><\/td>\n<td><span style=\"color: #333333;\">1-5 dagar f\u00f6r liten m\u00e4ngd med flyg och 30-35 dagar f\u00f6r stor m\u00e4ngd till sj\u00f6ss<\/span><\/td>\n<\/tr>\n<\/tbody>\n<\/table>\n<p>Som Kinas ledande tillverkare av golfv\u00e4skor och vattent\u00e4ta v\u00e4skfabriker konstruerar vi ultimata vattent\u00e4ta golfv\u00e4skor f\u00f6r globala golfproffs. V\u00e5rt golfbagf\u00f6retag tillhandah\u00e5ller:<\/p>\n<p>\u2705 <strong>IPX8 vattent\u00e4tt skydd<\/strong> (1000D TPU-belagd nylon + s\u00f6ml\u00f6s svetsning)<br \/>\n\u2705 <strong>Kapacitet f\u00f6r 14 klubbar<\/strong> med avdelare i full l\u00e4ngd (MOQ 50st)<br \/>\n\u2705 <strong>OEM\/ODM-tj\u00e4nster<\/strong> f\u00f6r golfbagar med eget m\u00e4rke<br \/>\n\u2705 <strong>Produktion av golfbagar i bulk<\/strong> med 10 dagars snabb leverans<\/p>\n<p>Betrodda av golfbaggrossister och PGA Tour-leverant\u00f6rer. Viktiga innovationer:<br \/>\n- Dr\u00e4nkbara blixtl\u00e5s och tryckutj\u00e4mningsventiler<br \/>\n- Ergonomiskt system med dubbla remmar och f\u00f6rst\u00e4rkt trolleyhylsa<br \/>\n- RFID-blockerande ficka f\u00f6r v\u00e4rdesaker och UV-resistent tyg<\/p>\n<p><strong>Varf\u00f6r samarbeta med v\u00e5r golfbagfabrik<\/strong>:<br \/>\n\ud83d\udd39 18+ \u00e5r som de b\u00e4sta golfbagsexport\u00f6rerna fr\u00e5n Kina<br \/>\n\ud83d\udd39 Gratis 3D-teknikpaketdesign med ditt varum\u00e4rke<br \/>\n\ud83d\udd39 OEKO-Tex\/SGS-certifierade slitstarka material<br \/>\n\ud83d\udd39 30%-rabatt f\u00f6r golfbagleverant\u00f6rer p\u00e5 3.000+ enheter<\/p>\n<p>Beg\u00e4r gratisprover av v\u00e5ra vattent\u00e4ta golfv\u00e4skor eller f\u00e5 omedelbara offerter. Golfbag leverant\u00f6rer njuter:<br \/>\n- Anpassad MOQ fr\u00e5n 30st<br \/>\n- Batchspecifika vattent\u00e4ta testvideor<br \/>\n- Prioriterad tilldelning av flyg- och sj\u00f6frakt<\/p>\n<\/div>\n<\/div>\n<\/div>\n<\/div>","protected":false},"excerpt":{"rendered":"<h2 data-immersive-translate-walked=\"344be1c1-5052-41eb-8fcd-0dbe236a0d6b\" data-immersive-translate-paragraph=\"1\">Ultimat vattent\u00e4t golfbag f\u00f6r turn\u00e9<\/h2>\n<p>Vi tillhandah\u00e5ller premium golf tour bag med full storlek och f\u00e4rganpassning, h\u00e5llbara tyger och certifierad kvalitet.<\/p>\n<p>Vi erbjuder flexibla MOQ:er, snabb global leverans och private label-l\u00f6sningar.<\/p>\n<p>Kontakta oss redan idag!<\/p>","protected":false},"featured_media":3807,"template":"","meta":{"_uag_custom_page_level_css":""},"product_brand":[],"product_cat":[51,67],"product_tag":[],"class_list":{"0":"post-3805","1":"product","2":"type-product","3":"status-publish","4":"has-post-thumbnail","6":"product_cat-golf-bag","7":"product_cat-sports-bag","9":"first","10":"instock","11":"shipping-taxable","12":"product-type-simple"},"uagb_featured_image_src":{"full":["https:\/\/pecbag.com\/wp-content\/uploads\/2025\/05\/Ultimate-Waterproof-Golf-Tour-Bag-1.jpg",600,600,false],"thumbnail":["https:\/\/pecbag.com\/wp-content\/uploads\/2025\/05\/Ultimate-Waterproof-Golf-Tour-Bag-1-150x150.jpg",150,150,true],"medium":["https:\/\/pecbag.com\/wp-content\/uploads\/2025\/05\/Ultimate-Waterproof-Golf-Tour-Bag-1-300x300.jpg",300,300,true],"medium_large":["https:\/\/pecbag.com\/wp-content\/uploads\/2025\/05\/Ultimate-Waterproof-Golf-Tour-Bag-1.jpg",600,600,false],"large":["https:\/\/pecbag.com\/wp-content\/uploads\/2025\/05\/Ultimate-Waterproof-Golf-Tour-Bag-1.jpg",600,600,false],"1536x1536":["https:\/\/pecbag.com\/wp-content\/uploads\/2025\/05\/Ultimate-Waterproof-Golf-Tour-Bag-1.jpg",600,600,false],"2048x2048":["https:\/\/pecbag.com\/wp-content\/uploads\/2025\/05\/Ultimate-Waterproof-Golf-Tour-Bag-1.jpg",600,600,false],"trp-custom-language-flag":["https:\/\/pecbag.com\/wp-content\/uploads\/2025\/05\/Ultimate-Waterproof-Golf-Tour-Bag-1-12x12.jpg",12,12,true],"woocommerce_thumbnail":["https:\/\/pecbag.com\/wp-content\/uploads\/2025\/05\/Ultimate-Waterproof-Golf-Tour-Bag-1-300x300.jpg",300,300,true],"woocommerce_single":["https:\/\/pecbag.com\/wp-content\/uploads\/2025\/05\/Ultimate-Waterproof-Golf-Tour-Bag-1.jpg",600,600,false],"woocommerce_gallery_thumbnail":["https:\/\/pecbag.com\/wp-content\/uploads\/2025\/05\/Ultimate-Waterproof-Golf-Tour-Bag-1-100x100.jpg",100,100,true]},"uagb_author_info":{"display_name":"Lawrence","author_link":"https:\/\/pecbag.com\/se\/author\/"},"uagb_comment_info":0,"uagb_excerpt":"Ultimate Waterproof Golf Tour Bag We provide premium golf tour bag with full-size and color customization, durable fabrics, and certified quality. Enjoy flexible MOQs, fast global shipping, and private label solutions. Contact us today!","_links":{"self":[{"href":"https:\/\/pecbag.com\/se\/wp-json\/wp\/v2\/product\/3805","targetHints":{"allow":["GET"]}}],"collection":[{"href":"https:\/\/pecbag.com\/se\/wp-json\/wp\/v2\/product"}],"about":[{"href":"https:\/\/pecbag.com\/se\/wp-json\/wp\/v2\/types\/product"}],"wp:featuredmedia":[{"embeddable":true,"href":"https:\/\/pecbag.com\/se\/wp-json\/wp\/v2\/media\/3807"}],"wp:attachment":[{"href":"https:\/\/pecbag.com\/se\/wp-json\/wp\/v2\/media?parent=3805"}],"wp:term":[{"taxonomy":"product_brand","embeddable":true,"href":"https:\/\/pecbag.com\/se\/wp-json\/wp\/v2\/product_brand?post=3805"},{"taxonomy":"product_cat","embeddable":true,"href":"https:\/\/pecbag.com\/se\/wp-json\/wp\/v2\/product_cat?post=3805"},{"taxonomy":"product_tag","embeddable":true,"href":"https:\/\/pecbag.com\/se\/wp-json\/wp\/v2\/product_tag?post=3805"}],"curies":[{"name":"wp","href":"https:\/\/api.w.org\/{rel}","templated":true}]}}