{"id":3822,"date":"2025-05-28T06:09:18","date_gmt":"2025-05-28T06:09:18","guid":{"rendered":"https:\/\/pecbag.com\/?post_type=product&#038;p=3822"},"modified":"2025-11-29T01:52:58","modified_gmt":"2025-11-29T01:52:58","slug":"ultimate-pu-golf-stand-bag","status":"publish","type":"product","link":"https:\/\/pecbag.com\/se\/ultimate-pu-golf-stand-bag\/","title":{"rendered":"Ultimate PU Golf Stand Bag - blixtl\u00e5s av milit\u00e4r kvalitet"},"content":{"rendered":"<h5 title=\"Vikbar hundv\u00e4ska Andningsbar axelv\u00e4ska f\u00f6r husdjur i mesh f\u00f6r sm\u00e5 husdjur Hundar Katter\" data-immersive-translate-walked=\"1c928421-2e42-4cd3-8754-5404553c0af5\" data-immersive-translate-paragraph=\"1\" data-spm-anchor-id=\"a2700.details.0.i35.4f6757d4w4zNZA\">Ultimate PU Golf Stand Bags | Vattent\u00e4t v\u00e4ska fabrik &amp; ryggs\u00e4ck tillverkare - Bulk Golf Solutions<\/h5>\n<div class=\"flex flex-grow flex-col max-w-full\">\n<div class=\"min-h-[20px] text-message flex w-full flex-col items-end gap-2 whitespace-pre-wrap break-words [.text-message+&amp;]:mt-5 overflow-x-auto\" dir=\"auto\" data-message-author-role=\"assistant\" data-message-id=\"3d7d46f6-7ec2-4222-9257-48fa0bba23c6\" data-suggestions=\"true\">\n<div class=\"flex w-full flex-col gap-1 empty:hidden first:pt-[3px]\">\n<div class=\"markdown prose w-full break-words dark:prose-invert light\">\n<table width=\"288\">\n<tbody>\n<tr>\n<td width=\"137\"><span style=\"color: #333333;\">Produkter Namn<\/span><\/td>\n<td width=\"151\">Golfbag<\/td>\n<\/tr>\n<tr>\n<td><span style=\"color: #333333;\">Artikel nr.<\/span><\/td>\n<td><span style=\"color: #333333;\">PB-2095<\/span><\/td>\n<\/tr>\n<tr>\n<td><span style=\"color: #333333;\">Material<\/span><\/td>\n<td>PU-l\u00e4der + nylon + neopren<\/td>\n<\/tr>\n<tr>\n<td><span style=\"color: #333333;\">Storlek<\/span><\/td>\n<td>Anpassad<\/td>\n<\/tr>\n<tr>\n<td><span style=\"color: #333333;\">\u00a0Leveranstid<\/span><\/td>\n<td><span style=\"color: #333333;\">1-5 dagar f\u00f6r liten m\u00e4ngd med flyg och 30-35 dagar f\u00f6r stor m\u00e4ngd till sj\u00f6ss<\/span><\/td>\n<\/tr>\n<\/tbody>\n<\/table>\n<p>Som Kinas ledande tillverkare av golfv\u00e4skor och vattent\u00e4ta v\u00e4skfabriker konstruerar vi premium ultimata PU-golfst\u00e4llv\u00e4skor f\u00f6r globala golfproffs. V\u00e5rt golfbagf\u00f6retag erbjuder:<\/p>\n<p>\u2705 <strong>Milit\u00e4rklassad PU-bel\u00e4ggning<\/strong> med IPX6 vattent\u00e4tt skydd<br \/>\n\u2705 <strong>5-v\u00e4gs toppavdelare<\/strong> f\u00f6r 14 klubbor + tillbeh\u00f6r (MOQ 50st)<br \/>\n\u2705 <strong>OEM\/ODM-tj\u00e4nster<\/strong> f\u00f6r golfbagar med eget m\u00e4rke<br \/>\n\u2705 <strong>Produktion av golfbagar i bulk<\/strong> med 10 dagars snabb leverans<\/p>\n<p>Betrodda av golfbaggrossister och PGA Tour-leverant\u00f6rer. Viktiga innovationer:<br \/>\n- Upprullningsbara dubbla remmar med stoppning av minnesskum<br \/>\n- Halkfria ben och UV-best\u00e4ndigt tyg<br \/>\n- RFID-blockerande ficka och isolerat kylfack<\/p>\n<p><strong>Varf\u00f6r v\u00e4lja v\u00e5r golfbagfabrik<\/strong>:<br \/>\n\ud83d\udd39 15+ \u00e5r som b\u00e4sta golfbagsexport\u00f6rer fr\u00e5n Kina<br \/>\n\ud83d\udd39 Gratis 3D-design med din klubbs logotyp\/f\u00e4rger<br \/>\n\ud83d\udd39 OEKO-Tex\/SGS-certifierade milj\u00f6v\u00e4nliga material<br \/>\n\ud83d\udd39 30%-rabatt f\u00f6r golfbagleverant\u00f6rer p\u00e5 3.000+ enheter<\/p>\n<p>Beg\u00e4r gratisprover av v\u00e5ra PU golfst\u00e4llv\u00e4skor eller f\u00e5 omedelbara offert. Golfbag leverant\u00f6rer njuter:<br \/>\n- Anpassad MOQ fr\u00e5n 30st<br \/>\n- Batchspecifika testrapporter f\u00f6r n\u00f6tning<br \/>\n- Prioriterad f\u00f6rdelning av flyg- och sj\u00f6frakt<\/p>\n<\/div>\n<\/div>\n<\/div>\n<\/div>","protected":false},"excerpt":{"rendered":"<h2 data-immersive-translate-walked=\"344be1c1-5052-41eb-8fcd-0dbe236a0d6b\" data-immersive-translate-paragraph=\"1\">Ultimate PU Golf Stand Bag<\/h2>\n<p>Vi tillhandah\u00e5ller premium golfst\u00e4llv\u00e4ska med full storlek och f\u00e4rganpassning, h\u00e5llbara tyger och certifierad kvalitet.<\/p>\n<p>Vi erbjuder flexibla MOQ:er, snabb global leverans och private label-l\u00f6sningar.<\/p>\n<p>Kontakta oss redan idag!<\/p>","protected":false},"featured_media":3823,"template":"","meta":{"_uag_custom_page_level_css":""},"product_brand":[],"product_cat":[51,67],"product_tag":[],"class_list":{"0":"post-3822","1":"product","2":"type-product","3":"status-publish","4":"has-post-thumbnail","6":"product_cat-golf-bag","7":"product_cat-sports-bag","9":"first","10":"instock","11":"shipping-taxable","12":"product-type-simple"},"uagb_featured_image_src":{"full":["https:\/\/pecbag.com\/wp-content\/uploads\/2025\/05\/Ultimate-PU-Golf-Stand-Bag-4.jpg",800,800,false],"thumbnail":["https:\/\/pecbag.com\/wp-content\/uploads\/2025\/05\/Ultimate-PU-Golf-Stand-Bag-4-150x150.jpg",150,150,true],"medium":["https:\/\/pecbag.com\/wp-content\/uploads\/2025\/05\/Ultimate-PU-Golf-Stand-Bag-4-300x300.jpg",300,300,true],"medium_large":["https:\/\/pecbag.com\/wp-content\/uploads\/2025\/05\/Ultimate-PU-Golf-Stand-Bag-4-768x768.jpg",768,768,true],"large":["https:\/\/pecbag.com\/wp-content\/uploads\/2025\/05\/Ultimate-PU-Golf-Stand-Bag-4.jpg",800,800,false],"1536x1536":["https:\/\/pecbag.com\/wp-content\/uploads\/2025\/05\/Ultimate-PU-Golf-Stand-Bag-4.jpg",800,800,false],"2048x2048":["https:\/\/pecbag.com\/wp-content\/uploads\/2025\/05\/Ultimate-PU-Golf-Stand-Bag-4.jpg",800,800,false],"trp-custom-language-flag":["https:\/\/pecbag.com\/wp-content\/uploads\/2025\/05\/Ultimate-PU-Golf-Stand-Bag-4-12x12.jpg",12,12,true],"woocommerce_thumbnail":["https:\/\/pecbag.com\/wp-content\/uploads\/2025\/05\/Ultimate-PU-Golf-Stand-Bag-4-300x300.jpg",300,300,true],"woocommerce_single":["https:\/\/pecbag.com\/wp-content\/uploads\/2025\/05\/Ultimate-PU-Golf-Stand-Bag-4-600x600.jpg",600,600,true],"woocommerce_gallery_thumbnail":["https:\/\/pecbag.com\/wp-content\/uploads\/2025\/05\/Ultimate-PU-Golf-Stand-Bag-4-100x100.jpg",100,100,true]},"uagb_author_info":{"display_name":"Lawrence","author_link":"https:\/\/pecbag.com\/se\/author\/"},"uagb_comment_info":0,"uagb_excerpt":"Ultimate PU Golf Stand Bag We provide premium golf stand bag with full-size and color customization, durable fabrics, and certified quality. Enjoy flexible MOQs, fast global shipping, and private label solutions. Contact us today!","_links":{"self":[{"href":"https:\/\/pecbag.com\/se\/wp-json\/wp\/v2\/product\/3822","targetHints":{"allow":["GET"]}}],"collection":[{"href":"https:\/\/pecbag.com\/se\/wp-json\/wp\/v2\/product"}],"about":[{"href":"https:\/\/pecbag.com\/se\/wp-json\/wp\/v2\/types\/product"}],"wp:featuredmedia":[{"embeddable":true,"href":"https:\/\/pecbag.com\/se\/wp-json\/wp\/v2\/media\/3823"}],"wp:attachment":[{"href":"https:\/\/pecbag.com\/se\/wp-json\/wp\/v2\/media?parent=3822"}],"wp:term":[{"taxonomy":"product_brand","embeddable":true,"href":"https:\/\/pecbag.com\/se\/wp-json\/wp\/v2\/product_brand?post=3822"},{"taxonomy":"product_cat","embeddable":true,"href":"https:\/\/pecbag.com\/se\/wp-json\/wp\/v2\/product_cat?post=3822"},{"taxonomy":"product_tag","embeddable":true,"href":"https:\/\/pecbag.com\/se\/wp-json\/wp\/v2\/product_tag?post=3822"}],"curies":[{"name":"wp","href":"https:\/\/api.w.org\/{rel}","templated":true}]}}