{"id":3840,"date":"2025-05-28T07:05:51","date_gmt":"2025-05-28T07:05:51","guid":{"rendered":"https:\/\/pecbag.com\/?post_type=product&#038;p=3840"},"modified":"2025-11-29T01:44:48","modified_gmt":"2025-11-29T01:44:48","slug":"cleaning-tool-bag-manufacturer","status":"publish","type":"product","link":"https:\/\/pecbag.com\/se\/cleaning-tool-bag-manufacturer\/","title":{"rendered":"Tillverkare av v\u00e4skor f\u00f6r reng\u00f6ringsverktyg"},"content":{"rendered":"<h5 title=\"Vikbar hundv\u00e4ska Andningsbar axelv\u00e4ska f\u00f6r husdjur i mesh f\u00f6r sm\u00e5 husdjur Hundar Katter\" data-immersive-translate-walked=\"1c928421-2e42-4cd3-8754-5404553c0af5\" data-immersive-translate-paragraph=\"1\" data-spm-anchor-id=\"a2700.details.0.i35.4f6757d4w4zNZA\">Tillverkare av v\u00e4skor f\u00f6r reng\u00f6ringsverktyg | Tillverkare av vattent\u00e4ta v\u00e4skor och ryggs\u00e4ckar - Bulk Solutions<\/h5>\n<div class=\"flex flex-grow flex-col max-w-full\">\n<div class=\"min-h-[20px] text-message flex w-full flex-col items-end gap-2 whitespace-pre-wrap break-words [.text-message+&amp;]:mt-5 overflow-x-auto\" dir=\"auto\" data-message-author-role=\"assistant\" data-message-id=\"3d7d46f6-7ec2-4222-9257-48fa0bba23c6\" data-suggestions=\"true\">\n<div class=\"flex w-full flex-col gap-1 empty:hidden first:pt-[3px]\">\n<div class=\"markdown prose w-full break-words dark:prose-invert light\">\n<table width=\"288\">\n<tbody>\n<tr>\n<td width=\"137\"><span style=\"color: #333333;\">Produkter Namn<\/span><\/td>\n<td width=\"151\">Verktygsv\u00e4ska<\/td>\n<\/tr>\n<tr>\n<td><span style=\"color: #333333;\">Artikel nr.<\/span><\/td>\n<td><span style=\"color: #333333;\">PB-2098<\/span><\/td>\n<\/tr>\n<tr>\n<td><span style=\"color: #333333;\">Material<\/span><\/td>\n<td>600D sn\u00f6flinga<\/td>\n<\/tr>\n<tr>\n<td><span style=\"color: #333333;\">\u00a0Storlek och f\u00e4rg<\/span><\/td>\n<td>15,5 x 8,8 x 10 tum<\/td>\n<\/tr>\n<tr>\n<td><span style=\"color: #333333;\">\u00a0Leveranstid<\/span><\/td>\n<td><span style=\"color: #333333;\">1-5 dagar f\u00f6r liten m\u00e4ngd med flyg och 30-35 dagar f\u00f6r stor m\u00e4ngd till sj\u00f6ss<\/span><\/td>\n<\/tr>\n<\/tbody>\n<\/table>\n<p>Som Kinas ledande tillverkare av verktygsv\u00e4skor och vattent\u00e4ta v\u00e4skfabriker producerar vi kraftiga reng\u00f6ringsverktygsv\u00e4skor f\u00f6r globala industriella varum\u00e4rken. V\u00e5rt verktygsv\u00e4ska f\u00f6retag erbjuder:<\/p>\n<p>\u2705 <strong>IPX5 vattent\u00e4ta verktygsv\u00e4skor<\/strong> (600D polyester + svetsade s\u00f6mmar)<br \/>\n\u2705 <strong>Anpassade fack<\/strong> f\u00f6r reng\u00f6ringsutrustning (MOQ 300 st)<br \/>\n\u2705 <strong>OEM\/ODM-tj\u00e4nster<\/strong> f\u00f6r verktygsv\u00e4skor med eget m\u00e4rke<br \/>\n\u2705 <strong>Produktion av verktygsv\u00e4skor i bulk<\/strong> med 10 dagars leverans<\/p>\n<p>Betrodda av grossister och leverant\u00f6rer av verktygsv\u00e4skor. Viktiga egenskaper:<br \/>\n- Anti-mikrobiellt foder och f\u00f6rst\u00e4rkta b\u00e4rhandtag<br \/>\n- MOLLE-band f\u00f6r verktygsf\u00e4sten och avtagbara remmar<br \/>\n- RFID-taggar f\u00f6r tillg\u00e5ngar och f\u00e4rgkodade organisationspaneler<\/p>\n<p><strong>Varf\u00f6r samarbeta med v\u00e5r fabrik f\u00f6r verktygsv\u00e4skor<\/strong>:<br \/>\n\ud83d\udd39 12+ \u00e5r som ledande export\u00f6r av verktygsv\u00e4skor fr\u00e5n Kina<br \/>\n\ud83d\udd39 Gratis 3D-design med ditt industriella varum\u00e4rke<br \/>\n\ud83d\udd39 OEKO-Tex\/SGS-certifierade slitstarka material<br \/>\n\ud83d\udd39 30%-rabatt f\u00f6r verktygsv\u00e4skeleverant\u00f6rer p\u00e5 2.500+ enheter<\/p>\n<p>Beg\u00e4r gratisprover p\u00e5 v\u00e5r verktygsv\u00e4ska f\u00f6r reng\u00f6ring eller f\u00e5 omedelbara offerter. Verktygsv\u00e4ska leverant\u00f6rer njuter:<br \/>\n- Anpassad MOQ fr\u00e5n 300 st<br \/>\n- Batchspecifika testrapporter f\u00f6r n\u00f6tning<br \/>\n- Prioriterad tilldelning av flyg- och sj\u00f6frakt<\/p>\n<\/div>\n<\/div>\n<\/div>\n<\/div>","protected":false},"excerpt":{"rendered":"<h2 data-immersive-translate-walked=\"344be1c1-5052-41eb-8fcd-0dbe236a0d6b\" data-immersive-translate-paragraph=\"1\">Tillverkare av v\u00e4skor f\u00f6r reng\u00f6ringsverktyg | anpassade OEM-l\u00f6sningar<\/h2>\n<p>1. STOR KAPACITET: St\u00e4dv\u00e4skan har 4 vikbara inre avdelare som delar upp ett stort fack i 5 fack, vilket g\u00f6r det enkelt att organisera dina reng\u00f6ringsmedel snyggt. P\u00e5 baksidan finns en st\u00f6ldskyddad ficka f\u00f6r telefoner, visitkort, laddare med mera.<\/p>\n<p>2. M\u00c5NGA FICKOR: Stora l\u00e4ckages\u00e4kra fickor p\u00e5 sidan \u00e4r perfekta f\u00f6r st\u00f6rre flaskor, v\u00e5ta trasor, svampar och borstar, vilket g\u00f6r reng\u00f6ringsverktygen l\u00e4tta att b\u00e4ra med sig och g\u00f6r att du aldrig beh\u00f6ver oroa dig f\u00f6r att tappa bort verktyg igen.<\/p>","protected":false},"featured_media":3843,"template":"","meta":{"_uag_custom_page_level_css":""},"product_brand":[],"product_cat":[49],"product_tag":[],"class_list":{"0":"post-3840","1":"product","2":"type-product","3":"status-publish","4":"has-post-thumbnail","6":"product_cat-tool-bag","8":"first","9":"instock","10":"shipping-taxable","11":"product-type-simple"},"uagb_featured_image_src":{"full":["https:\/\/pecbag.com\/wp-content\/uploads\/2025\/05\/Cleaning-Tool-Bag-Manufacturer-2.jpeg",1500,1500,false],"thumbnail":["https:\/\/pecbag.com\/wp-content\/uploads\/2025\/05\/Cleaning-Tool-Bag-Manufacturer-2-150x150.jpeg",150,150,true],"medium":["https:\/\/pecbag.com\/wp-content\/uploads\/2025\/05\/Cleaning-Tool-Bag-Manufacturer-2-300x300.jpeg",300,300,true],"medium_large":["https:\/\/pecbag.com\/wp-content\/uploads\/2025\/05\/Cleaning-Tool-Bag-Manufacturer-2-768x768.jpeg",768,768,true],"large":["https:\/\/pecbag.com\/wp-content\/uploads\/2025\/05\/Cleaning-Tool-Bag-Manufacturer-2-1024x1024.jpeg",800,800,true],"1536x1536":["https:\/\/pecbag.com\/wp-content\/uploads\/2025\/05\/Cleaning-Tool-Bag-Manufacturer-2.jpeg",1500,1500,false],"2048x2048":["https:\/\/pecbag.com\/wp-content\/uploads\/2025\/05\/Cleaning-Tool-Bag-Manufacturer-2.jpeg",1500,1500,false],"trp-custom-language-flag":["https:\/\/pecbag.com\/wp-content\/uploads\/2025\/05\/Cleaning-Tool-Bag-Manufacturer-2-12x12.jpeg",12,12,true],"woocommerce_thumbnail":["https:\/\/pecbag.com\/wp-content\/uploads\/2025\/05\/Cleaning-Tool-Bag-Manufacturer-2-300x300.jpeg",300,300,true],"woocommerce_single":["https:\/\/pecbag.com\/wp-content\/uploads\/2025\/05\/Cleaning-Tool-Bag-Manufacturer-2-600x600.jpeg",600,600,true],"woocommerce_gallery_thumbnail":["https:\/\/pecbag.com\/wp-content\/uploads\/2025\/05\/Cleaning-Tool-Bag-Manufacturer-2-100x100.jpeg",100,100,true]},"uagb_author_info":{"display_name":"Lawrence","author_link":"https:\/\/pecbag.com\/se\/author\/"},"uagb_comment_info":0,"uagb_excerpt":"Cleaning Tool Bag Manufacturer | Custom OEM Solutions 1. LARGE CAPACITY: The cleaning caddy bag features 4 foldable inner dividers, dividing a large compartment into 5 compartments, making it easy to organize your cleaning supplies neatly. The back has an anti-theft pocket to keep phones, business cards, chargers, and more. 2. MANY POCKETS: Large leak-proof&hellip;","_links":{"self":[{"href":"https:\/\/pecbag.com\/se\/wp-json\/wp\/v2\/product\/3840","targetHints":{"allow":["GET"]}}],"collection":[{"href":"https:\/\/pecbag.com\/se\/wp-json\/wp\/v2\/product"}],"about":[{"href":"https:\/\/pecbag.com\/se\/wp-json\/wp\/v2\/types\/product"}],"wp:featuredmedia":[{"embeddable":true,"href":"https:\/\/pecbag.com\/se\/wp-json\/wp\/v2\/media\/3843"}],"wp:attachment":[{"href":"https:\/\/pecbag.com\/se\/wp-json\/wp\/v2\/media?parent=3840"}],"wp:term":[{"taxonomy":"product_brand","embeddable":true,"href":"https:\/\/pecbag.com\/se\/wp-json\/wp\/v2\/product_brand?post=3840"},{"taxonomy":"product_cat","embeddable":true,"href":"https:\/\/pecbag.com\/se\/wp-json\/wp\/v2\/product_cat?post=3840"},{"taxonomy":"product_tag","embeddable":true,"href":"https:\/\/pecbag.com\/se\/wp-json\/wp\/v2\/product_tag?post=3840"}],"curies":[{"name":"wp","href":"https:\/\/api.w.org\/{rel}","templated":true}]}}