{"id":3853,"date":"2025-05-28T07:28:47","date_gmt":"2025-05-28T07:28:47","guid":{"rendered":"https:\/\/pecbag.com\/?post_type=product&#038;p=3853"},"modified":"2025-11-29T01:44:22","modified_gmt":"2025-11-29T01:44:22","slug":"heavy-duty-organizer-tool-bag","status":"publish","type":"product","link":"https:\/\/pecbag.com\/se\/heavy-duty-organizer-tool-bag\/","title":{"rendered":"Kraftig verktygsv\u00e4ska med organiseringsfunktion"},"content":{"rendered":"<h5 title=\"Vikbar hundv\u00e4ska Andningsbar axelv\u00e4ska f\u00f6r husdjur i mesh f\u00f6r sm\u00e5 husdjur Hundar Katter\" data-immersive-translate-walked=\"1c928421-2e42-4cd3-8754-5404553c0af5\" data-immersive-translate-paragraph=\"1\" data-spm-anchor-id=\"a2700.details.0.i35.4f6757d4w4zNZA\">Kraftiga verktygsv\u00e4skor med organiseringsfunktion | Tillverkare av vattent\u00e4ta v\u00e4skor och ryggs\u00e4ckar - Bulk Industrial Solutions<\/h5>\n<div class=\"flex flex-grow flex-col max-w-full\">\n<div class=\"min-h-[20px] text-message flex w-full flex-col items-end gap-2 whitespace-pre-wrap break-words [.text-message+&amp;]:mt-5 overflow-x-auto\" dir=\"auto\" data-message-author-role=\"assistant\" data-message-id=\"3d7d46f6-7ec2-4222-9257-48fa0bba23c6\" data-suggestions=\"true\">\n<div class=\"flex w-full flex-col gap-1 empty:hidden first:pt-[3px]\">\n<div class=\"markdown prose w-full break-words dark:prose-invert light\">\n<table width=\"288\">\n<tbody>\n<tr>\n<td width=\"137\"><span style=\"color: #333333;\">Produkter Namn<\/span><\/td>\n<td width=\"151\">Verktygsv\u00e4ska<\/td>\n<\/tr>\n<tr>\n<td><span style=\"color: #333333;\">Artikel nr.<\/span><\/td>\n<td><span style=\"color: #333333;\">PB-2100<\/span><\/td>\n<\/tr>\n<tr>\n<td><span style=\"color: #333333;\">Material<\/span><\/td>\n<td>600D polyester<\/td>\n<\/tr>\n<tr>\n<td><span style=\"color: #333333;\">\u00a0Storlek och f\u00e4rg<\/span><\/td>\n<td>16 x 11 x 8 tum<\/td>\n<\/tr>\n<tr>\n<td><span style=\"color: #333333;\">\u00a0Leveranstid<\/span><\/td>\n<td><span style=\"color: #333333;\">1-5 dagar f\u00f6r liten m\u00e4ngd med flyg och 30-35 dagar f\u00f6r stor m\u00e4ngd till sj\u00f6ss<\/span><\/td>\n<\/tr>\n<\/tbody>\n<\/table>\n<p>Som Kinas ledande tillverkare av verktygsv\u00e4skor och vattent\u00e4ta v\u00e4skfabriker konstruerar vi kraftiga verktygsv\u00e4skor f\u00f6r organisat\u00f6rer f\u00f6r globala industriella varum\u00e4rken. V\u00e5rt verktygsv\u00e4ska f\u00f6retag tillhandah\u00e5ller:<\/p>\n<p>\u2705 <strong>IPX6 vattent\u00e4tt skydd<\/strong> (1000D PVC-belagd polyester)<br \/>\n\u2705 <strong>Anpassade fackindelningar<\/strong> (MOQ 200 st) med skumvaddering<br \/>\n\u2705 <strong>OEM\/ODM-tj\u00e4nster<\/strong> f\u00f6r <strong>verktygsv\u00e4skor med eget m\u00e4rke<\/strong><br \/>\n\u2705 <strong>Produktion av verktygsv\u00e4skor i bulk<\/strong> med 10 dagars snabb leverans<\/p>\n<p>Betrodda av verktygsv\u00e4skgrossister och MRO-leverant\u00f6rer. Viktiga egenskaper:<br \/>\n- MOLLE\/PALS-band och avtagbara axelremmar<br \/>\n- RFID-sp\u00e5rning av tillg\u00e5ngar och f\u00e4rgkodade paneler<br \/>\n- Anti-mikrobiellt foder och f\u00f6rst\u00e4rkt bas<\/p>\n<p><strong>Varf\u00f6r samarbeta med v\u00e5r fabrik f\u00f6r verktygsv\u00e4skor<\/strong>:<br \/>\n\ud83d\udd39 15+ \u00e5r som ledande export\u00f6r av verktygsv\u00e4skor fr\u00e5n Kina<br \/>\n\ud83d\udd39 Gratis 3D-fackdesign med ditt varum\u00e4rke<br \/>\n\ud83d\udd39 OEKO-Tex\/SGS-certifierade material av industriell kvalitet<br \/>\n\ud83d\udd39 30%-rabatt f\u00f6r verktygsv\u00e4skeleverant\u00f6rer p\u00e5 3.000+ enheter<\/p>\n<p>Beg\u00e4r gratisprover av v\u00e5r verktygsv\u00e4ska f\u00f6r organisat\u00f6rer eller f\u00e5 omedelbara offerter. Verktygsv\u00e4ska leverant\u00f6rer njuter:<br \/>\n- Anpassad MOQ fr\u00e5n 200 st<br \/>\n- Batchspecifika testrapporter f\u00f6r n\u00f6tning<br \/>\n- Prioriterade alternativ f\u00f6r flyg- och sj\u00f6frakt<\/p>\n<\/div>\n<\/div>\n<\/div>\n<\/div>","protected":false},"excerpt":{"rendered":"<h2 data-immersive-translate-walked=\"344be1c1-5052-41eb-8fcd-0dbe236a0d6b\" data-immersive-translate-paragraph=\"1\">Verktygsv\u00e4ska f\u00f6r tunga organisat\u00f6rer | Anpassade l\u00f6sningar f\u00f6r OEM-tillverkare<\/h2>\n<p><strong>1. F\u00d6RST\u00c4RKT BOTTEN MED GUMMIF\u00d6TTER:<\/strong>\u00a0Den f\u00f6rst\u00e4rkta botten g\u00f6r att v\u00e4skan inte sjunker ihop. Den h\u00e5rda botten skyddar ocks\u00e5 dina verktyg fr\u00e5n att falla n\u00e4r du transporterar dem. Fyra gummif\u00f6tter ger extra stabilitet och hj\u00e4lper till att f\u00f6rhindra ytterligare slitage p\u00e5 v\u00e4skan.<\/p>\n<p><strong>2. RYMMER ALLA DINA VERKTYG OCH F\u00d6RN\u00d6DENHETER:<\/strong> Kan f\u00f6rvara alla medelstora verktyg som hammare, skruvmejslar, skiftnycklar, borrmaskiner etc. Passar \u00e4ven utm\u00e4rkt f\u00f6r f\u00f6rvaring av hobbyartiklar som f\u00e4rger, smycken, p\u00e4rlor eller sybeh\u00f6r, tr\u00e4dg\u00e5rdsartiklar, tr\u00e4ningsutrustning, h\u00e5rv\u00e5rds- och salongsartiklar som h\u00e5rtorkar, platt\u00e4nger och lockt\u00e4nger.<\/p>","protected":false},"featured_media":3854,"template":"","meta":{"_uag_custom_page_level_css":""},"product_brand":[],"product_cat":[49],"product_tag":[],"class_list":{"0":"post-3853","1":"product","2":"type-product","3":"status-publish","4":"has-post-thumbnail","6":"product_cat-tool-bag","8":"first","9":"instock","10":"shipping-taxable","11":"product-type-simple"},"uagb_featured_image_src":{"full":["https:\/\/pecbag.com\/wp-content\/uploads\/2025\/05\/Heavy-Duty-Organizer-Tool-Bag-4.jpeg",1000,1000,false],"thumbnail":["https:\/\/pecbag.com\/wp-content\/uploads\/2025\/05\/Heavy-Duty-Organizer-Tool-Bag-4-150x150.jpeg",150,150,true],"medium":["https:\/\/pecbag.com\/wp-content\/uploads\/2025\/05\/Heavy-Duty-Organizer-Tool-Bag-4-300x300.jpeg",300,300,true],"medium_large":["https:\/\/pecbag.com\/wp-content\/uploads\/2025\/05\/Heavy-Duty-Organizer-Tool-Bag-4-768x768.jpeg",768,768,true],"large":["https:\/\/pecbag.com\/wp-content\/uploads\/2025\/05\/Heavy-Duty-Organizer-Tool-Bag-4.jpeg",800,800,false],"1536x1536":["https:\/\/pecbag.com\/wp-content\/uploads\/2025\/05\/Heavy-Duty-Organizer-Tool-Bag-4.jpeg",1000,1000,false],"2048x2048":["https:\/\/pecbag.com\/wp-content\/uploads\/2025\/05\/Heavy-Duty-Organizer-Tool-Bag-4.jpeg",1000,1000,false],"trp-custom-language-flag":["https:\/\/pecbag.com\/wp-content\/uploads\/2025\/05\/Heavy-Duty-Organizer-Tool-Bag-4-12x12.jpeg",12,12,true],"woocommerce_thumbnail":["https:\/\/pecbag.com\/wp-content\/uploads\/2025\/05\/Heavy-Duty-Organizer-Tool-Bag-4-300x300.jpeg",300,300,true],"woocommerce_single":["https:\/\/pecbag.com\/wp-content\/uploads\/2025\/05\/Heavy-Duty-Organizer-Tool-Bag-4-600x600.jpeg",600,600,true],"woocommerce_gallery_thumbnail":["https:\/\/pecbag.com\/wp-content\/uploads\/2025\/05\/Heavy-Duty-Organizer-Tool-Bag-4-100x100.jpeg",100,100,true]},"uagb_author_info":{"display_name":"Lawrence","author_link":"https:\/\/pecbag.com\/se\/author\/"},"uagb_comment_info":0,"uagb_excerpt":"Heavy-Duty Organizer Tool Bag | Custom OEM Manufacturer Solutions 1. REINFORCED BOTTOM WITH RUBBER FEET:\u00a0The reinforced bottom ensures that your bag will not sag. The hard bottom will also protect your tools from falls while transporting them. Four rubber feet provide extra stability and help prevent additional wear and tear on your bag. 2. HOLDS&hellip;","_links":{"self":[{"href":"https:\/\/pecbag.com\/se\/wp-json\/wp\/v2\/product\/3853","targetHints":{"allow":["GET"]}}],"collection":[{"href":"https:\/\/pecbag.com\/se\/wp-json\/wp\/v2\/product"}],"about":[{"href":"https:\/\/pecbag.com\/se\/wp-json\/wp\/v2\/types\/product"}],"wp:featuredmedia":[{"embeddable":true,"href":"https:\/\/pecbag.com\/se\/wp-json\/wp\/v2\/media\/3854"}],"wp:attachment":[{"href":"https:\/\/pecbag.com\/se\/wp-json\/wp\/v2\/media?parent=3853"}],"wp:term":[{"taxonomy":"product_brand","embeddable":true,"href":"https:\/\/pecbag.com\/se\/wp-json\/wp\/v2\/product_brand?post=3853"},{"taxonomy":"product_cat","embeddable":true,"href":"https:\/\/pecbag.com\/se\/wp-json\/wp\/v2\/product_cat?post=3853"},{"taxonomy":"product_tag","embeddable":true,"href":"https:\/\/pecbag.com\/se\/wp-json\/wp\/v2\/product_tag?post=3853"}],"curies":[{"name":"wp","href":"https:\/\/api.w.org\/{rel}","templated":true}]}}