{"id":3866,"date":"2025-05-28T08:17:13","date_gmt":"2025-05-28T08:17:13","guid":{"rendered":"https:\/\/pecbag.com\/?post_type=product&#038;p=3866"},"modified":"2025-11-29T01:43:03","modified_gmt":"2025-11-29T01:43:03","slug":"heavy-duty-large-makeup-bag","status":"publish","type":"product","link":"https:\/\/pecbag.com\/se\/heavy-duty-large-makeup-bag\/","title":{"rendered":"Kraftig stor sminkv\u00e4ska"},"content":{"rendered":"<h5 title=\"Vikbar hundv\u00e4ska Andningsbar axelv\u00e4ska f\u00f6r husdjur i mesh f\u00f6r sm\u00e5 husdjur Hundar Katter\" data-immersive-translate-walked=\"1c928421-2e42-4cd3-8754-5404553c0af5\" data-immersive-translate-paragraph=\"1\" data-spm-anchor-id=\"a2700.details.0.i35.4f6757d4w4zNZA\">Kraftiga stora sminkv\u00e4skor | Tillverkare av vattent\u00e4ta v\u00e4skor och ryggs\u00e4ckar - Bulk Beauty Solutions<\/h5>\n<div class=\"flex flex-grow flex-col max-w-full\">\n<div class=\"min-h-[20px] text-message flex w-full flex-col items-end gap-2 whitespace-pre-wrap break-words [.text-message+&amp;]:mt-5 overflow-x-auto\" dir=\"auto\" data-message-author-role=\"assistant\" data-message-id=\"3d7d46f6-7ec2-4222-9257-48fa0bba23c6\" data-suggestions=\"true\">\n<div class=\"flex w-full flex-col gap-1 empty:hidden first:pt-[3px]\">\n<div class=\"markdown prose w-full break-words dark:prose-invert light\">\n<table width=\"288\">\n<tbody>\n<tr>\n<td width=\"137\"><span style=\"color: #333333;\">Produkter Namn<\/span><\/td>\n<td width=\"151\"><span style=\"color: #333333;\">Sminkv\u00e4ska<\/span><\/td>\n<\/tr>\n<tr>\n<td><span style=\"color: #333333;\">Artikel nr.<\/span><\/td>\n<td><span style=\"color: #333333;\">PB-2102<\/span><\/td>\n<\/tr>\n<tr>\n<td><span style=\"color: #333333;\">Material<\/span><\/td>\n<td><span style=\"color: #333333;\">Bomull, polyester, fleece<\/span><\/td>\n<\/tr>\n<tr>\n<td><span style=\"color: #333333;\">\u00a0Storlek och f\u00e4rg<\/span><\/td>\n<td><span style=\"color: #333333;\">Anpassad<\/span><\/td>\n<\/tr>\n<tr>\n<td><span style=\"color: #333333;\">\u00a0Leveranstid<\/span><\/td>\n<td><span style=\"color: #333333;\">1-5 dagar f\u00f6r liten m\u00e4ngd med flyg och 30-35 dagar f\u00f6r stor m\u00e4ngd till sj\u00f6ss<\/span><\/td>\n<\/tr>\n<\/tbody>\n<\/table>\n<p>Som Kinas ledande tillverkare av sminkv\u00e4skor och vattent\u00e4ta v\u00e4skfabriker konstruerar vi tunga stora sminkv\u00e4skor f\u00f6r globala sk\u00f6nhetsm\u00e4rken. V\u00e5rt sminkv\u00e4ska f\u00f6retag erbjuder:<\/p>\n<p>\u2705 <strong>IPX6 vattent\u00e4tt skydd<\/strong> (800D \u00e5tervunnen polyester + s\u00f6ml\u00f6s svetsning)<br \/>\n\u2705 <strong>Jumbo-kapacitet<\/strong> med 10+ fack (MOQ 200st)<br \/>\n\u2705 <strong>ODM\/OEM-tj\u00e4nster<\/strong> f\u00f6r sminkv\u00e4skor under eget varum\u00e4rke<br \/>\n\u2705 <strong>Produktion av sminkv\u00e4skor i bulk<\/strong> med 10 dagars leverans<\/p>\n<p>Betrodda av makeupbaggrossister och kosmetikaf\u00f6rs\u00e4ljare. Viktiga egenskaper:<br \/>\n- Accessoarer i vegansk l\u00e4der och blixtl\u00e5s i metall som inte tappar f\u00e4rg<br \/>\n- Avtagbara paneler f\u00f6r spegel och borstar<br \/>\n- RFID-blockerande kortfack &amp; OEKO-Tex-certifierat foder<\/p>\n<p><strong>Varf\u00f6r samarbeta med v\u00e5r fabrik f\u00f6r sminkv\u00e4skor<\/strong>:<br \/>\n\ud83d\udd39 12+ \u00e5r som ledande export\u00f6r av sminkv\u00e4skor fr\u00e5n Kina<br \/>\n\ud83d\udd39 Gratis 3D-design med ditt varum\u00e4rkes estetik<br \/>\n\ud83d\udd39 SGS\/REACH-certifierade h\u00e5llbara material<br \/>\n\ud83d\udd39 30% rabatt f\u00f6r leverant\u00f6rer av sminkv\u00e4skor p\u00e5 3 000+ enheter<\/p>\n<p>Beg\u00e4r gratisprover av v\u00e5r stora sminkv\u00e4ska eller f\u00e5 omedelbara offerter. Makeup v\u00e4ska leverant\u00f6rer njuter:<br \/>\n- Anpassad MOQ fr\u00e5n 200st<br \/>\n- Batchspecifika vattent\u00e4ta testvideor<br \/>\n- Prioriterad tilldelning av flyg- och sj\u00f6frakt<\/p>\n<\/div>\n<\/div>\n<\/div>\n<\/div>","protected":false},"excerpt":{"rendered":"<h2 data-immersive-translate-walked=\"344be1c1-5052-41eb-8fcd-0dbe236a0d6b\" data-immersive-translate-paragraph=\"1\">Kraftig stor sminkv\u00e4ska<\/h2>\n<p><span class=\"a-list-item\">1. Kosmetisk v\u00e4ska med stor kapacitet - V\u00e5r sminkv\u00e4ska \u00e4r rymlig och tillr\u00e4ckligt djup f\u00f6r att h\u00e5lla flaskor vertikalt. Med tv\u00e5 avtagbara avdelare f\u00f6r att b\u00e4ttre organisera alla dina kosmetika och personliga tillh\u00f6righeter, kan du ocks\u00e5 justera utrymmet efter behov!<\/span><\/p>\n<p><span class=\"a-list-item\">2. Separata sminkborstfack - Det \u00f6vre locket p\u00e5 sminkv\u00e4skan har ett sminkborstfack f\u00f6r flera sminkborstar i olika storlekar, extra kardborre PVC-skydd f\u00f6r att skydda organisationen fr\u00e5n puderdamm och sminkfl\u00e4ckar som \u00e4r l\u00e4tta att reng\u00f6ra!<\/span><\/p>","protected":false},"featured_media":3874,"template":"","meta":{"_uag_custom_page_level_css":""},"product_brand":[],"product_cat":[53],"product_tag":[],"class_list":{"0":"post-3866","1":"product","2":"type-product","3":"status-publish","4":"has-post-thumbnail","6":"product_cat-makeup-bag","8":"first","9":"instock","10":"shipping-taxable","11":"product-type-simple"},"uagb_featured_image_src":{"full":["https:\/\/pecbag.com\/wp-content\/uploads\/2025\/05\/Heavy-Duty-Large-Makeup-Bag-4.jpeg",1024,1024,false],"thumbnail":["https:\/\/pecbag.com\/wp-content\/uploads\/2025\/05\/Heavy-Duty-Large-Makeup-Bag-4-150x150.jpeg",150,150,true],"medium":["https:\/\/pecbag.com\/wp-content\/uploads\/2025\/05\/Heavy-Duty-Large-Makeup-Bag-4-300x300.jpeg",300,300,true],"medium_large":["https:\/\/pecbag.com\/wp-content\/uploads\/2025\/05\/Heavy-Duty-Large-Makeup-Bag-4-768x768.jpeg",768,768,true],"large":["https:\/\/pecbag.com\/wp-content\/uploads\/2025\/05\/Heavy-Duty-Large-Makeup-Bag-4.jpeg",800,800,false],"1536x1536":["https:\/\/pecbag.com\/wp-content\/uploads\/2025\/05\/Heavy-Duty-Large-Makeup-Bag-4.jpeg",1024,1024,false],"2048x2048":["https:\/\/pecbag.com\/wp-content\/uploads\/2025\/05\/Heavy-Duty-Large-Makeup-Bag-4.jpeg",1024,1024,false],"trp-custom-language-flag":["https:\/\/pecbag.com\/wp-content\/uploads\/2025\/05\/Heavy-Duty-Large-Makeup-Bag-4-12x12.jpeg",12,12,true],"woocommerce_thumbnail":["https:\/\/pecbag.com\/wp-content\/uploads\/2025\/05\/Heavy-Duty-Large-Makeup-Bag-4-300x300.jpeg",300,300,true],"woocommerce_single":["https:\/\/pecbag.com\/wp-content\/uploads\/2025\/05\/Heavy-Duty-Large-Makeup-Bag-4-600x600.jpeg",600,600,true],"woocommerce_gallery_thumbnail":["https:\/\/pecbag.com\/wp-content\/uploads\/2025\/05\/Heavy-Duty-Large-Makeup-Bag-4-100x100.jpeg",100,100,true]},"uagb_author_info":{"display_name":"Lawrence","author_link":"https:\/\/pecbag.com\/se\/author\/"},"uagb_comment_info":0,"uagb_excerpt":"Heavy-Duty Large Makeup Bag 1. Large Capacity Cosmetic Bag - Our makeup bag is spacious and deep enough to hold bottles vertically. With two removable dividers to better organize all your cosmetics and personal belongings, you can also adjust the space as needed! 2. Separate Makeup Brush Compartments - The makeup bag organizer top lid&hellip;","_links":{"self":[{"href":"https:\/\/pecbag.com\/se\/wp-json\/wp\/v2\/product\/3866","targetHints":{"allow":["GET"]}}],"collection":[{"href":"https:\/\/pecbag.com\/se\/wp-json\/wp\/v2\/product"}],"about":[{"href":"https:\/\/pecbag.com\/se\/wp-json\/wp\/v2\/types\/product"}],"wp:featuredmedia":[{"embeddable":true,"href":"https:\/\/pecbag.com\/se\/wp-json\/wp\/v2\/media\/3874"}],"wp:attachment":[{"href":"https:\/\/pecbag.com\/se\/wp-json\/wp\/v2\/media?parent=3866"}],"wp:term":[{"taxonomy":"product_brand","embeddable":true,"href":"https:\/\/pecbag.com\/se\/wp-json\/wp\/v2\/product_brand?post=3866"},{"taxonomy":"product_cat","embeddable":true,"href":"https:\/\/pecbag.com\/se\/wp-json\/wp\/v2\/product_cat?post=3866"},{"taxonomy":"product_tag","embeddable":true,"href":"https:\/\/pecbag.com\/se\/wp-json\/wp\/v2\/product_tag?post=3866"}],"curies":[{"name":"wp","href":"https:\/\/api.w.org\/{rel}","templated":true}]}}