{"id":3875,"date":"2025-05-28T08:26:55","date_gmt":"2025-05-28T08:26:55","guid":{"rendered":"https:\/\/pecbag.com\/?post_type=product&#038;p=3875"},"modified":"2025-11-29T01:30:49","modified_gmt":"2025-11-29T01:30:49","slug":"large-cosmetic-pouch-manufacturer","status":"publish","type":"product","link":"https:\/\/pecbag.com\/se\/large-cosmetic-pouch-manufacturer\/","title":{"rendered":"Tillverkare av stora kosmetikp\u00e5sar"},"content":{"rendered":"<h5 title=\"Vikbar hundv\u00e4ska Andningsbar axelv\u00e4ska f\u00f6r husdjur i mesh f\u00f6r sm\u00e5 husdjur Hundar Katter\" data-immersive-translate-walked=\"1c928421-2e42-4cd3-8754-5404553c0af5\" data-immersive-translate-paragraph=\"1\" data-spm-anchor-id=\"a2700.details.0.i35.4f6757d4w4zNZA\">Tillverkare av stora kosmetiska p\u00e5sar | Tillverkare av vattent\u00e4ta v\u00e4skor och ryggs\u00e4ckar - Bulk Beauty Solutions<\/h5>\n<div class=\"flex flex-grow flex-col max-w-full\">\n<div class=\"min-h-[20px] text-message flex w-full flex-col items-end gap-2 whitespace-pre-wrap break-words [.text-message+&amp;]:mt-5 overflow-x-auto\" dir=\"auto\" data-message-author-role=\"assistant\" data-message-id=\"3d7d46f6-7ec2-4222-9257-48fa0bba23c6\" data-suggestions=\"true\">\n<div class=\"flex w-full flex-col gap-1 empty:hidden first:pt-[3px]\">\n<div class=\"markdown prose w-full break-words dark:prose-invert light\">\n<table width=\"288\">\n<tbody>\n<tr>\n<td width=\"137\"><span style=\"color: #333333;\">Produkter Namn<\/span><\/td>\n<td width=\"151\"><span style=\"color: #333333;\">Sminkv\u00e4ska<\/span><\/td>\n<\/tr>\n<tr>\n<td><span style=\"color: #333333;\">Artikel nr.<\/span><\/td>\n<td><span style=\"color: #333333;\">PB-2103<\/span><\/td>\n<\/tr>\n<tr>\n<td><span style=\"color: #333333;\">Material<\/span><\/td>\n<td><span style=\"color: #333333;\">Bomull, polyester, fleece<\/span><\/td>\n<\/tr>\n<tr>\n<td><span style=\"color: #333333;\">\u00a0Storlek och f\u00e4rg<\/span><\/td>\n<td><span style=\"color: #333333;\">Anpassad<\/span><\/td>\n<\/tr>\n<tr>\n<td><span style=\"color: #333333;\">\u00a0Leveranstid<\/span><\/td>\n<td><span style=\"color: #333333;\">1-5 dagar f\u00f6r liten m\u00e4ngd med flyg och 30-35 dagar f\u00f6r stor m\u00e4ngd till sj\u00f6ss<\/span><\/td>\n<\/tr>\n<\/tbody>\n<\/table>\n<p>Som Kinas ledande tillverkare av sminkv\u00e4skor och vattent\u00e4ta v\u00e4skfabriker \u00e4r vi specialiserade p\u00e5 att producera stora kosmetiska p\u00e5sar f\u00f6r globala sk\u00f6nhetsm\u00e4rken. V\u00e5rt sminkv\u00e4skaf\u00f6retag levererar:<\/p>\n<p>\u2705 <strong>IPX5 vattent\u00e4ta blixtl\u00e5s<\/strong> (veganskt l\u00e4der + 600D \u00e5tervunnen polyester)<br \/>\n\u2705 <strong>\u00d6verdimensionerade fack<\/strong> med borst- och spegelfack (MOQ 200 st)<br \/>\n\u2705 <strong>ODM\/OEM-tj\u00e4nster<\/strong> f\u00f6r sminkv\u00e4skor under eget varum\u00e4rke<br \/>\n\u2705 <strong>Produktion av sminkv\u00e4skor i bulk<\/strong> med 12-dagars leverans<\/p>\n<p>Betrodda av makeupbaggrossister och \u00e5terf\u00f6rs\u00e4ljare av lyxkosmetika. Viktiga egenskaper:<br \/>\n- RFID-blockerande kortfickor och antif\u00e4rgfoder<br \/>\n- Avtagbara handledsremmar och presentf\u00f6rpackning<br \/>\n- OEKO-Tex-certifierade grymhetsfria material<\/p>\n<p><strong>Varf\u00f6r v\u00e4lja v\u00e5r fabrik f\u00f6r sminkv\u00e4skor<\/strong>:<br \/>\n\ud83d\udd39 15+ \u00e5r som ledande export\u00f6r av sminkv\u00e4skor fr\u00e5n Kina<br \/>\n\ud83d\udd39 Gratis 3D-design med ditt varum\u00e4rkes f\u00e4rgpalett<br \/>\n\ud83d\udd39 SGS\/REACH-certifierad h\u00e5llbar produktion<br \/>\n\ud83d\udd39 30% rabatt f\u00f6r leverant\u00f6rer av sminkv\u00e4skor p\u00e5 3 000+ enheter<\/p>\n<p>Beg\u00e4r gratisprover av v\u00e5r kosmetiska p\u00e5se eller f\u00e5 omedelbara offerter. Makeup v\u00e4ska leverant\u00f6rer njuter:<br \/>\n- Anpassad MOQ fr\u00e5n 200 st<br \/>\n- Batchspecifika kvalitetscertifieringar<br \/>\n- Prioriterad f\u00f6rdelning av flyg- och sj\u00f6frakt<\/p>\n<\/div>\n<\/div>\n<\/div>\n<\/div>","protected":false},"excerpt":{"rendered":"<h2 data-immersive-translate-walked=\"344be1c1-5052-41eb-8fcd-0dbe236a0d6b\" data-immersive-translate-paragraph=\"1\">Tillverkare av stora kosmetikp\u00e5sar<\/h2>\n<p>Vi erbjuder premiumv\u00e4skor med full storlek och f\u00e4rganpassning, slitstarka tyger och certifierad kvalitet.<\/p>\n<p>Vi erbjuder flexibla MOQ:er, snabb global leverans och private label-l\u00f6sningar.<\/p>\n<p>Kontakta oss redan idag!<\/p>","protected":false},"featured_media":3880,"template":"","meta":{"_uag_custom_page_level_css":""},"product_brand":[],"product_cat":[53],"product_tag":[],"class_list":{"0":"post-3875","1":"product","2":"type-product","3":"status-publish","4":"has-post-thumbnail","6":"product_cat-makeup-bag","8":"first","9":"instock","10":"shipping-taxable","11":"product-type-simple"},"uagb_featured_image_src":{"full":["https:\/\/pecbag.com\/wp-content\/uploads\/2025\/05\/Large-Cosmetic-Pouch-Manufacturer-2.jpeg",600,600,false],"thumbnail":["https:\/\/pecbag.com\/wp-content\/uploads\/2025\/05\/Large-Cosmetic-Pouch-Manufacturer-2-150x150.jpeg",150,150,true],"medium":["https:\/\/pecbag.com\/wp-content\/uploads\/2025\/05\/Large-Cosmetic-Pouch-Manufacturer-2-300x300.jpeg",300,300,true],"medium_large":["https:\/\/pecbag.com\/wp-content\/uploads\/2025\/05\/Large-Cosmetic-Pouch-Manufacturer-2.jpeg",600,600,false],"large":["https:\/\/pecbag.com\/wp-content\/uploads\/2025\/05\/Large-Cosmetic-Pouch-Manufacturer-2.jpeg",600,600,false],"1536x1536":["https:\/\/pecbag.com\/wp-content\/uploads\/2025\/05\/Large-Cosmetic-Pouch-Manufacturer-2.jpeg",600,600,false],"2048x2048":["https:\/\/pecbag.com\/wp-content\/uploads\/2025\/05\/Large-Cosmetic-Pouch-Manufacturer-2.jpeg",600,600,false],"trp-custom-language-flag":["https:\/\/pecbag.com\/wp-content\/uploads\/2025\/05\/Large-Cosmetic-Pouch-Manufacturer-2-12x12.jpeg",12,12,true],"woocommerce_thumbnail":["https:\/\/pecbag.com\/wp-content\/uploads\/2025\/05\/Large-Cosmetic-Pouch-Manufacturer-2-300x300.jpeg",300,300,true],"woocommerce_single":["https:\/\/pecbag.com\/wp-content\/uploads\/2025\/05\/Large-Cosmetic-Pouch-Manufacturer-2.jpeg",600,600,false],"woocommerce_gallery_thumbnail":["https:\/\/pecbag.com\/wp-content\/uploads\/2025\/05\/Large-Cosmetic-Pouch-Manufacturer-2-100x100.jpeg",100,100,true]},"uagb_author_info":{"display_name":"Lawrence","author_link":"https:\/\/pecbag.com\/se\/author\/"},"uagb_comment_info":0,"uagb_excerpt":"Large Cosmetic Pouch Manufacturer We provide premium bags with full-size and color customization, durable fabrics, and certified quality. Enjoy flexible MOQs, fast global shipping, and private label solutions. Contact us today!","_links":{"self":[{"href":"https:\/\/pecbag.com\/se\/wp-json\/wp\/v2\/product\/3875","targetHints":{"allow":["GET"]}}],"collection":[{"href":"https:\/\/pecbag.com\/se\/wp-json\/wp\/v2\/product"}],"about":[{"href":"https:\/\/pecbag.com\/se\/wp-json\/wp\/v2\/types\/product"}],"wp:featuredmedia":[{"embeddable":true,"href":"https:\/\/pecbag.com\/se\/wp-json\/wp\/v2\/media\/3880"}],"wp:attachment":[{"href":"https:\/\/pecbag.com\/se\/wp-json\/wp\/v2\/media?parent=3875"}],"wp:term":[{"taxonomy":"product_brand","embeddable":true,"href":"https:\/\/pecbag.com\/se\/wp-json\/wp\/v2\/product_brand?post=3875"},{"taxonomy":"product_cat","embeddable":true,"href":"https:\/\/pecbag.com\/se\/wp-json\/wp\/v2\/product_cat?post=3875"},{"taxonomy":"product_tag","embeddable":true,"href":"https:\/\/pecbag.com\/se\/wp-json\/wp\/v2\/product_tag?post=3875"}],"curies":[{"name":"wp","href":"https:\/\/api.w.org\/{rel}","templated":true}]}}