{"id":3889,"date":"2025-05-28T08:44:52","date_gmt":"2025-05-28T08:44:52","guid":{"rendered":"https:\/\/pecbag.com\/?post_type=product&#038;p=3889"},"modified":"2025-11-29T01:30:37","modified_gmt":"2025-11-29T01:30:37","slug":"multifunctional-storage-makeup-bag","status":"publish","type":"product","link":"https:\/\/pecbag.com\/se\/multifunctional-storage-makeup-bag\/","title":{"rendered":"Multifunktionell f\u00f6rvaringsv\u00e4ska f\u00f6r smink"},"content":{"rendered":"<h5 title=\"Vikbar hundv\u00e4ska Andningsbar axelv\u00e4ska f\u00f6r husdjur i mesh f\u00f6r sm\u00e5 husdjur Hundar Katter\" data-immersive-translate-walked=\"1c928421-2e42-4cd3-8754-5404553c0af5\" data-immersive-translate-paragraph=\"1\" data-spm-anchor-id=\"a2700.details.0.i35.4f6757d4w4zNZA\">Multifunktionella f\u00f6rvaringsv\u00e4skor f\u00f6r smink | Tillverkare av vattent\u00e4ta v\u00e4skor och ryggs\u00e4ckar - Bulk Beauty Solutions<\/h5>\n<div class=\"flex flex-grow flex-col max-w-full\">\n<div class=\"min-h-[20px] text-message flex w-full flex-col items-end gap-2 whitespace-pre-wrap break-words [.text-message+&amp;]:mt-5 overflow-x-auto\" dir=\"auto\" data-message-author-role=\"assistant\" data-message-id=\"3d7d46f6-7ec2-4222-9257-48fa0bba23c6\" data-suggestions=\"true\">\n<div class=\"flex w-full flex-col gap-1 empty:hidden first:pt-[3px]\">\n<div class=\"markdown prose w-full break-words dark:prose-invert light\">\n<table width=\"288\">\n<tbody>\n<tr>\n<td width=\"137\"><span style=\"color: #333333;\">Produkter Namn<\/span><\/td>\n<td width=\"151\"><span style=\"color: #333333;\">Sminkv\u00e4ska<\/span><\/td>\n<\/tr>\n<tr>\n<td><span style=\"color: #333333;\">Artikel nr.<\/span><\/td>\n<td><span style=\"color: #333333;\">PB-2105<\/span><\/td>\n<\/tr>\n<tr>\n<td><span style=\"color: #333333;\">Material<\/span><\/td>\n<td>PU-l\u00e4der<\/td>\n<\/tr>\n<tr>\n<td><span style=\"color: #333333;\">Storlek<\/span><\/td>\n<td>9,25*4,33*4,33 tum<\/td>\n<\/tr>\n<tr>\n<td><span style=\"color: #333333;\">\u00a0Leveranstid<\/span><\/td>\n<td><span style=\"color: #333333;\">1-5 dagar f\u00f6r liten m\u00e4ngd med flyg och 30-35 dagar f\u00f6r stor m\u00e4ngd till sj\u00f6ss<\/span><\/td>\n<\/tr>\n<\/tbody>\n<\/table>\n<p>Som Kinas ledande tillverkare av sminkv\u00e4skor och vattent\u00e4ta v\u00e4skfabriker innoverar vi multifunktionell f\u00f6rvaringsmakeupv\u00e4ska f\u00f6r globala sk\u00f6nhetsm\u00e4rken. V\u00e5rt sminkv\u00e4ska f\u00f6retag tillhandah\u00e5ller:<\/p>\n<p>\u2705 <strong>IPX5 vattent\u00e4ta fack<\/strong> (600D \u00e5tervunnen polyester + svetsade s\u00f6mmar)<br \/>\n\u2705 <strong>Anpassningsbara organisat\u00f6rer<\/strong> med 12+ sp\u00e5r (MOQ 200 st)<br \/>\n\u2705 <strong>ODM\/OEM-tj\u00e4nster<\/strong> f\u00f6r sminkv\u00e4skor under eget varum\u00e4rke<br \/>\n\u2705 <strong>Produktion av sminkv\u00e4skor i bulk<\/strong> med 10 dagars leverans<\/p>\n<p>Betrodda av makeupbaggrossister och kosmetikaf\u00f6rs\u00e4ljare. Viktiga egenskaper:<br \/>\n- Avtagbara borsth\u00e5llare &amp; inbyggd LED-spegel<br \/>\n- RFID-blockerande kortfack och antibakteriellt foder<br \/>\n- OEKO-Tex-certifierat veganskt l\u00e4der<\/p>\n<p><strong>Varf\u00f6r v\u00e4lja v\u00e5r fabrik f\u00f6r sminkv\u00e4skor<\/strong>:<br \/>\n\ud83d\udd39 15+ \u00e5r som ledande export\u00f6r av sminkv\u00e4skor fr\u00e5n Kina<br \/>\n\ud83d\udd39 Gratis 3D-design med ditt varum\u00e4rkes visuella identitet<br \/>\n\ud83d\udd39 SGS\/REACH-certifierade milj\u00f6v\u00e4nliga material<br \/>\n\ud83d\udd39 30% rabatt f\u00f6r leverant\u00f6rer av sminkv\u00e4skor p\u00e5 3 000+ enheter<\/p>\n<p>Beg\u00e4r gratisprover av v\u00e5r f\u00f6rvaringsmakeupv\u00e4ska eller f\u00e5 omedelbara offerter. Sminkv\u00e4ska leverant\u00f6rer njuter:<br \/>\n- Anpassad MOQ fr\u00e5n 200 st<br \/>\n- Batchspecifika kvalitetskontrollrapporter<br \/>\n- Prioriterad f\u00f6rdelning av flyg- och sj\u00f6frakt<\/p>\n<\/div>\n<\/div>\n<\/div>\n<\/div>","protected":false},"excerpt":{"rendered":"<h2 data-immersive-translate-walked=\"344be1c1-5052-41eb-8fcd-0dbe236a0d6b\" data-immersive-translate-paragraph=\"1\">Multifunktionell f\u00f6rvaringsv\u00e4ska f\u00f6r smink<\/h2>\n<p><span class=\"a-list-item\">1. \u3010STOFF F\u00d6R MAKEUP BAG\u3011- Kosmetikv\u00e4skan med stor kapacitet \u00e4r tillverkad av milj\u00f6skyddande vattenvattens\u00e4kert PU-l\u00e4der, 100% polyester inre<\/span><\/p>\n<p><span class=\"a-list-item\">2. \u3010SLIM &amp; PORTABLE DESIGN\u3011- Resesminkarrang\u00f6ren med 180-graders platt \u00f6ppen mun \u00e4r den mest praktiska designen. S\u00f6mnad i dubbla lager \u00e4r h\u00e5llbar; Dubbel dragkedja \u00e4r bekv\u00e4mare och l\u00e4ttare att \u00f6ppna<\/span><\/p>\n<p><span class=\"a-list-item\">3. \u3010MULTI-FUNKTIONELL\u3011 - Kan inte bara anv\u00e4ndas som en resekosmetikv\u00e4ska, en sminkv\u00e4ska, utan ocks\u00e5 som en sminkresearrang\u00f6r f\u00f6r kosmetika, sminkverktyg, laddare och kablar, en toalettv\u00e4ska f\u00f6r kvinnor, l\u00e4mplig f\u00f6r alla typer av daglig eller reseanv\u00e4ndning, och kommer att ge ditt liv stor bekv\u00e4mlighet.<\/span><\/p>","protected":false},"featured_media":3894,"template":"","meta":{"_uag_custom_page_level_css":""},"product_brand":[],"product_cat":[53],"product_tag":[],"class_list":{"0":"post-3889","1":"product","2":"type-product","3":"status-publish","4":"has-post-thumbnail","6":"product_cat-makeup-bag","8":"first","9":"instock","10":"shipping-taxable","11":"product-type-simple"},"uagb_featured_image_src":{"full":["https:\/\/pecbag.com\/wp-content\/uploads\/2025\/05\/Multifunctional-Storage-Makeup-Bag-7.jpg",1600,1600,false],"thumbnail":["https:\/\/pecbag.com\/wp-content\/uploads\/2025\/05\/Multifunctional-Storage-Makeup-Bag-7-150x150.jpg",150,150,true],"medium":["https:\/\/pecbag.com\/wp-content\/uploads\/2025\/05\/Multifunctional-Storage-Makeup-Bag-7-300x300.jpg",300,300,true],"medium_large":["https:\/\/pecbag.com\/wp-content\/uploads\/2025\/05\/Multifunctional-Storage-Makeup-Bag-7-768x768.jpg",768,768,true],"large":["https:\/\/pecbag.com\/wp-content\/uploads\/2025\/05\/Multifunctional-Storage-Makeup-Bag-7-1024x1024.jpg",800,800,true],"1536x1536":["https:\/\/pecbag.com\/wp-content\/uploads\/2025\/05\/Multifunctional-Storage-Makeup-Bag-7-1536x1536.jpg",1536,1536,true],"2048x2048":["https:\/\/pecbag.com\/wp-content\/uploads\/2025\/05\/Multifunctional-Storage-Makeup-Bag-7.jpg",1600,1600,false],"trp-custom-language-flag":["https:\/\/pecbag.com\/wp-content\/uploads\/2025\/05\/Multifunctional-Storage-Makeup-Bag-7-12x12.jpg",12,12,true],"woocommerce_thumbnail":["https:\/\/pecbag.com\/wp-content\/uploads\/2025\/05\/Multifunctional-Storage-Makeup-Bag-7-300x300.jpg",300,300,true],"woocommerce_single":["https:\/\/pecbag.com\/wp-content\/uploads\/2025\/05\/Multifunctional-Storage-Makeup-Bag-7-600x600.jpg",600,600,true],"woocommerce_gallery_thumbnail":["https:\/\/pecbag.com\/wp-content\/uploads\/2025\/05\/Multifunctional-Storage-Makeup-Bag-7-100x100.jpg",100,100,true]},"uagb_author_info":{"display_name":"Lawrence","author_link":"https:\/\/pecbag.com\/se\/author\/"},"uagb_comment_info":0,"uagb_excerpt":"Multifunctional Storage Makeup Bag 1. \u3010 MAKEUP BAG FABRIC\u3011- The large capacity travel cosmetic bag is made from environmentally protection water water-proof PU leather, 100% polyester inner 2. \u3010SLIM &amp; PORTABLE DESIGN\u3011- The travel makeup organizer of 180-degree flat open mouth is the most convenient design. Double-layer sewing is durable; Double zipper is more convenient&hellip;","_links":{"self":[{"href":"https:\/\/pecbag.com\/se\/wp-json\/wp\/v2\/product\/3889","targetHints":{"allow":["GET"]}}],"collection":[{"href":"https:\/\/pecbag.com\/se\/wp-json\/wp\/v2\/product"}],"about":[{"href":"https:\/\/pecbag.com\/se\/wp-json\/wp\/v2\/types\/product"}],"wp:featuredmedia":[{"embeddable":true,"href":"https:\/\/pecbag.com\/se\/wp-json\/wp\/v2\/media\/3894"}],"wp:attachment":[{"href":"https:\/\/pecbag.com\/se\/wp-json\/wp\/v2\/media?parent=3889"}],"wp:term":[{"taxonomy":"product_brand","embeddable":true,"href":"https:\/\/pecbag.com\/se\/wp-json\/wp\/v2\/product_brand?post=3889"},{"taxonomy":"product_cat","embeddable":true,"href":"https:\/\/pecbag.com\/se\/wp-json\/wp\/v2\/product_cat?post=3889"},{"taxonomy":"product_tag","embeddable":true,"href":"https:\/\/pecbag.com\/se\/wp-json\/wp\/v2\/product_tag?post=3889"}],"curies":[{"name":"wp","href":"https:\/\/api.w.org\/{rel}","templated":true}]}}