{"id":3902,"date":"2025-05-28T09:19:49","date_gmt":"2025-05-28T09:19:49","guid":{"rendered":"https:\/\/pecbag.com\/?post_type=product&#038;p=3902"},"modified":"2025-11-29T01:30:22","modified_gmt":"2025-11-29T01:30:22","slug":"professional-waterproof-tool-bag-backpack","status":"publish","type":"product","link":"https:\/\/pecbag.com\/se\/professional-waterproof-tool-bag-backpack\/","title":{"rendered":"Professionell vattent\u00e4t verktygsv\u00e4ska Ryggs\u00e4ck"},"content":{"rendered":"<h5 title=\"Vikbar hundv\u00e4ska Andningsbar axelv\u00e4ska f\u00f6r husdjur i mesh f\u00f6r sm\u00e5 husdjur Hundar Katter\" data-immersive-translate-walked=\"1c928421-2e42-4cd3-8754-5404553c0af5\" data-immersive-translate-paragraph=\"1\" data-spm-anchor-id=\"a2700.details.0.i35.4f6757d4w4zNZA\">Professionella vattent\u00e4ta verktygsv\u00e4skor och ryggs\u00e4ckar | Fabrik f\u00f6r vattent\u00e4ta v\u00e4skor och tillverkare av ryggs\u00e4ckar - Bulk Industrial Solutions<\/h5>\n<div class=\"flex flex-grow flex-col max-w-full\">\n<div class=\"min-h-[20px] text-message flex w-full flex-col items-end gap-2 whitespace-pre-wrap break-words [.text-message+&amp;]:mt-5 overflow-x-auto\" dir=\"auto\" data-message-author-role=\"assistant\" data-message-id=\"3d7d46f6-7ec2-4222-9257-48fa0bba23c6\" data-suggestions=\"true\">\n<div class=\"flex w-full flex-col gap-1 empty:hidden first:pt-[3px]\">\n<div class=\"markdown prose w-full break-words dark:prose-invert light\">\n<table width=\"288\">\n<tbody>\n<tr>\n<td width=\"137\"><span style=\"color: #333333;\">Produkter Namn<\/span><\/td>\n<td width=\"151\">Verktygsv\u00e4ska<\/td>\n<\/tr>\n<tr>\n<td><span style=\"color: #333333;\">Artikel nr.<\/span><\/td>\n<td><span style=\"color: #333333;\">PB-2106<\/span><\/td>\n<\/tr>\n<tr>\n<td><span style=\"color: #333333;\">Material<\/span><\/td>\n<td>Nylon +1680D ballistiskt tyg<\/td>\n<\/tr>\n<tr>\n<td><span style=\"color: #333333;\">\u00a0Storlek och f\u00e4rg<\/span><\/td>\n<td>Anpassad<\/td>\n<\/tr>\n<tr>\n<td><span style=\"color: #333333;\">\u00a0Leveranstid<\/span><\/td>\n<td><span style=\"color: #333333;\">1-5 dagar f\u00f6r liten m\u00e4ngd med flyg och 30-35 dagar f\u00f6r stor m\u00e4ngd till sj\u00f6ss<\/span><\/td>\n<\/tr>\n<\/tbody>\n<\/table>\n<p>Som Kinas ledande tillverkare av verktygsv\u00e4skor och vattent\u00e4ta v\u00e4skfabriker konstruerar vi professionell vattent\u00e4t verktygsv\u00e4ska ryggs\u00e4ck f\u00f6r globala industriella varum\u00e4rken. V\u00e5rt verktygsv\u00e4ska f\u00f6retag tillhandah\u00e5ller:<\/p>\n<p>\u2705 <strong>IPX7 vattent\u00e4tt skydd<\/strong> (1000D TPU-belagd nylon + s\u00f6ml\u00f6s svetsning)<br \/>\n\u2705 <strong>40L expanderbar kapacitet<\/strong> med MOLLE\/PALS-band (MOQ 200 st)<br \/>\n\u2705 <strong>ODM\/OEM-tj\u00e4nster<\/strong> f\u00f6r verktygsv\u00e4skor med eget m\u00e4rke<br \/>\n\u2705 <strong>Produktion av verktygsv\u00e4skor i bulk<\/strong> med 10 dagars snabb leverans<\/p>\n<p>Betrodda av verktygsv\u00e4skgrossister och MRO-leverant\u00f6rer. Viktiga egenskaper:<br \/>\n- F\u00f6rst\u00e4rkta YKK-dragkedjor och halkskyddade axelremmar<br \/>\n- Avtagbara verktygspaneler och RFID-blockerande fickor<br \/>\n- OEKO-Tex-certifierat anti-mikrobiellt foder<\/p>\n<p><strong>Varf\u00f6r samarbeta med v\u00e5r fabrik f\u00f6r verktygsv\u00e4skor<\/strong>:<br \/>\n\ud83d\udd39 15+ \u00e5r som ledande export\u00f6r av verktygsv\u00e4skor fr\u00e5n Kina<br \/>\n\ud83d\udd39 Gratis 3D-design med ditt industriella varum\u00e4rke<br \/>\n\ud83d\udd39 SGS\/REACH-certifierade kraftiga material<br \/>\n\ud83d\udd39 30%-rabatt f\u00f6r verktygsv\u00e4skeleverant\u00f6rer p\u00e5 3.000+ enheter<\/p>\n<p>Beg\u00e4r gratis prover av v\u00e5r vattent\u00e4ta verktygsryggs\u00e4ck eller f\u00e5 omedelbara offerter. Verktygsv\u00e4ska leverant\u00f6rer njuter:<br \/>\n- Anpassad MOQ fr\u00e5n 200 st<br \/>\n- Batchspecifika vattent\u00e4ta testvideor<br \/>\n- Prioriterad tilldelning av flyg- och sj\u00f6frakt<\/p>\n<\/div>\n<\/div>\n<\/div>\n<\/div>","protected":false},"excerpt":{"rendered":"<h2 data-immersive-translate-walked=\"344be1c1-5052-41eb-8fcd-0dbe236a0d6b\" data-immersive-translate-paragraph=\"1\">Professionell vattent\u00e4t verktygsv\u00e4ska Ryggs\u00e4ck<\/h2>\n<ul class=\"a-unordered-list a-vertical a-spacing-mini\">\n<li class=\"a-spacing-mini\"><span class=\"a-list-item\">Helt \u00f6ppen: Ryggs\u00e4cken f\u00f6r verktyg \u00e4r helt \u00f6ppen med en kraftig #10 l\u00e5sbar dragkedja i nylon. Och de interna 22 fickorna och 20 elastiska slitsarna i ryggs\u00e4cksverktygen \u00e4r l\u00e4tta att komma \u00e5t och s\u00e4kra.<\/span><\/li>\n<li class=\"a-spacing-mini\"><span class=\"a-list-item\">44 Fickor: Dessa verktygsryggs\u00e4ckar har 3 fack, 44 fickor och 12 moll\u00f6glor som hj\u00e4lper dig att h\u00e5lla ordning. Elektrikerns verktygsryggs\u00e4ck \u00e4r rymlig f\u00f6r att rymma alla dina vardagliga verktyg.<\/span><\/li>\n<\/ul>","protected":false},"featured_media":3903,"template":"","meta":{"_uag_custom_page_level_css":""},"product_brand":[],"product_cat":[49,60],"product_tag":[],"class_list":{"0":"post-3902","1":"product","2":"type-product","3":"status-publish","4":"has-post-thumbnail","6":"product_cat-tool-bag","7":"product_cat-backpack","9":"first","10":"instock","11":"shipping-taxable","12":"product-type-simple"},"uagb_featured_image_src":{"full":["https:\/\/pecbag.com\/wp-content\/uploads\/2025\/05\/Professional-Waterproof-Tool-Bag-Backpack-4.jpg",2122,2560,false],"thumbnail":["https:\/\/pecbag.com\/wp-content\/uploads\/2025\/05\/Professional-Waterproof-Tool-Bag-Backpack-4-150x150.jpg",150,150,true],"medium":["https:\/\/pecbag.com\/wp-content\/uploads\/2025\/05\/Professional-Waterproof-Tool-Bag-Backpack-4-249x300.jpg",249,300,true],"medium_large":["https:\/\/pecbag.com\/wp-content\/uploads\/2025\/05\/Professional-Waterproof-Tool-Bag-Backpack-4-768x927.jpg",768,927,true],"large":["https:\/\/pecbag.com\/wp-content\/uploads\/2025\/05\/Professional-Waterproof-Tool-Bag-Backpack-4-849x1024.jpg",800,965,true],"1536x1536":["https:\/\/pecbag.com\/wp-content\/uploads\/2025\/05\/Professional-Waterproof-Tool-Bag-Backpack-4-1273x1536.jpg",1273,1536,true],"2048x2048":["https:\/\/pecbag.com\/wp-content\/uploads\/2025\/05\/Professional-Waterproof-Tool-Bag-Backpack-4-1698x2048.jpg",1698,2048,true],"trp-custom-language-flag":["https:\/\/pecbag.com\/wp-content\/uploads\/2025\/05\/Professional-Waterproof-Tool-Bag-Backpack-4-10x12.jpg",10,12,true],"woocommerce_thumbnail":["https:\/\/pecbag.com\/wp-content\/uploads\/2025\/05\/Professional-Waterproof-Tool-Bag-Backpack-4-300x300.jpg",300,300,true],"woocommerce_single":["https:\/\/pecbag.com\/wp-content\/uploads\/2025\/05\/Professional-Waterproof-Tool-Bag-Backpack-4-600x724.jpg",600,724,true],"woocommerce_gallery_thumbnail":["https:\/\/pecbag.com\/wp-content\/uploads\/2025\/05\/Professional-Waterproof-Tool-Bag-Backpack-4-100x100.jpg",100,100,true]},"uagb_author_info":{"display_name":"Lawrence","author_link":"https:\/\/pecbag.com\/se\/author\/"},"uagb_comment_info":0,"uagb_excerpt":"Professional Waterproof Tool Bag Backpack Full-Open: The backpack for tools is full-open by a heavy-duty #10 lockable Nylon zipper. And the internal 22 pockets and 20 Elastic slots of the backpack tools are easy to access and secure. 44-Pockets: These backpacks for tools construct 3Compartments, 44Pockets &amp; 12Molle Loops to help stay organized. The electrician's&hellip;","_links":{"self":[{"href":"https:\/\/pecbag.com\/se\/wp-json\/wp\/v2\/product\/3902","targetHints":{"allow":["GET"]}}],"collection":[{"href":"https:\/\/pecbag.com\/se\/wp-json\/wp\/v2\/product"}],"about":[{"href":"https:\/\/pecbag.com\/se\/wp-json\/wp\/v2\/types\/product"}],"wp:featuredmedia":[{"embeddable":true,"href":"https:\/\/pecbag.com\/se\/wp-json\/wp\/v2\/media\/3903"}],"wp:attachment":[{"href":"https:\/\/pecbag.com\/se\/wp-json\/wp\/v2\/media?parent=3902"}],"wp:term":[{"taxonomy":"product_brand","embeddable":true,"href":"https:\/\/pecbag.com\/se\/wp-json\/wp\/v2\/product_brand?post=3902"},{"taxonomy":"product_cat","embeddable":true,"href":"https:\/\/pecbag.com\/se\/wp-json\/wp\/v2\/product_cat?post=3902"},{"taxonomy":"product_tag","embeddable":true,"href":"https:\/\/pecbag.com\/se\/wp-json\/wp\/v2\/product_tag?post=3902"}],"curies":[{"name":"wp","href":"https:\/\/api.w.org\/{rel}","templated":true}]}}