{"id":3920,"date":"2025-05-28T09:51:14","date_gmt":"2025-05-28T09:51:14","guid":{"rendered":"https:\/\/pecbag.com\/?post_type=product&#038;p=3920"},"modified":"2025-11-29T01:28:44","modified_gmt":"2025-11-29T01:28:44","slug":"single-board-short-surfboard-bag","status":"publish","type":"product","link":"https:\/\/pecbag.com\/se\/single-board-short-surfboard-bag\/","title":{"rendered":"Surfbr\u00e4da, kort och enkel v\u00e4ska"},"content":{"rendered":"<h5 title=\"Vikbar hundv\u00e4ska Andningsbar axelv\u00e4ska f\u00f6r husdjur i mesh f\u00f6r sm\u00e5 husdjur Hundar Katter\" data-immersive-translate-walked=\"1c928421-2e42-4cd3-8754-5404553c0af5\" data-immersive-translate-paragraph=\"1\" data-spm-anchor-id=\"a2700.details.0.i35.4f6757d4w4zNZA\">Enstaka br\u00e4da korta surfbr\u00e4da v\u00e4skor | Vattent\u00e4t v\u00e4ska fabrik &amp; ryggs\u00e4ck tillverkare - Bulk Surf Solutions<\/h5>\n<div class=\"flex flex-grow flex-col max-w-full\">\n<div class=\"min-h-[20px] text-message flex w-full flex-col items-end gap-2 whitespace-pre-wrap break-words [.text-message+&amp;]:mt-5 overflow-x-auto\" dir=\"auto\" data-message-author-role=\"assistant\" data-message-id=\"3d7d46f6-7ec2-4222-9257-48fa0bba23c6\" data-suggestions=\"true\">\n<div class=\"flex w-full flex-col gap-1 empty:hidden first:pt-[3px]\">\n<div class=\"markdown prose w-full break-words dark:prose-invert light\">\n<table width=\"288\">\n<tbody>\n<tr>\n<td width=\"137\"><span style=\"color: #333333;\">Produkter Namn<\/span><\/td>\n<td width=\"151\">Surfbr\u00e4da v\u00e4ska<\/td>\n<\/tr>\n<tr>\n<td><span style=\"color: #333333;\">Artikel nr.<\/span><\/td>\n<td><span style=\"color: #333333;\">PB-2109<\/span><\/td>\n<\/tr>\n<tr>\n<td><span style=\"color: #333333;\">Material<\/span><\/td>\n<td>600 Denier Poly<\/td>\n<\/tr>\n<tr>\n<td><span style=\"color: #333333;\">Storlek<\/span><\/td>\n<td>Anpassad<\/td>\n<\/tr>\n<tr>\n<td><span style=\"color: #333333;\">\u00a0Leveranstid<\/span><\/td>\n<td><span style=\"color: #333333;\">1-5 dagar f\u00f6r liten m\u00e4ngd med flyg och 30-35 dagar f\u00f6r stor m\u00e4ngd till sj\u00f6ss<\/span><\/td>\n<\/tr>\n<\/tbody>\n<\/table>\n<p>Som Kinas ledande tillverkare av surfbr\u00e4desv\u00e4skor och vattent\u00e4ta v\u00e4skfabriker tillverkar vi korta surfbr\u00e4desv\u00e4skor f\u00f6r en br\u00e4da f\u00f6r globala surfm\u00e4rken. V\u00e5rt surfbr\u00e4da v\u00e4ska f\u00f6retag tillhandah\u00e5ller:<\/p>\n<p>\u2705 <strong>IPX5 vattent\u00e4tt skydd<\/strong> (420D nylon + svetsade s\u00f6mmar)<br \/>\n\u2705 <strong>Upp till 6\u2032 shortboard-kapacitet<\/strong> med vadderade skenskydd (MOQ 200 st)<br \/>\n\u2705 <strong>ODM\/OEM-tj\u00e4nster<\/strong> f\u00f6r surfbr\u00e4desv\u00e4skor med eget m\u00e4rke<br \/>\n\u2705 <strong>Produktion av surfbr\u00e4desp\u00e5sar i bulk<\/strong> med 10 dagars leverans<\/p>\n<p>Betrodda av grossister och kustresorter som s\u00e4ljer surfbr\u00e4dv\u00e4skor. Viktiga egenskaper:<br \/>\n- Snabbtorkande meshpaneler och FCS-fenor<br \/>\n- Justerbara axelremmar och TSA-godk\u00e4nda l\u00e5s<br \/>\n- OEKO-Tex-certifierade milj\u00f6v\u00e4nliga material<\/p>\n<p><strong>Varf\u00f6r partner med v\u00e5r surfbr\u00e4da v\u00e4ska fabrik<\/strong>:<br \/>\n\ud83d\udd39 12+ \u00e5r som ledande export\u00f6r av surfbr\u00e4desv\u00e4skor fr\u00e5n Kina<br \/>\n\ud83d\udd39 Gratis 3D-design med ditt surfvarum\u00e4rkes logotyp<br \/>\n\ud83d\udd39 SGS\/REACH-certifierade n\u00f6tningsbest\u00e4ndiga tyger<br \/>\n\ud83d\udd39 30% rabatt f\u00f6r leverant\u00f6rer av surfbr\u00e4desv\u00e4skor p\u00e5 3 000+ enheter<\/p>\n<p>Beg\u00e4r gratisprover av v\u00e5ra korta surfbr\u00e4desv\u00e4skor eller f\u00e5 omedelbara offerter. Surfbr\u00e4da v\u00e4ska leverant\u00f6rer njuta av:<br \/>\n- Anpassad MOQ fr\u00e5n 200 st<br \/>\n- Batchspecifika testrapporter f\u00f6r saltvatten<br \/>\n- Prioriterad f\u00f6rdelning av flyg- och sj\u00f6frakt<\/p>\n<\/div>\n<\/div>\n<\/div>\n<\/div>","protected":false},"excerpt":{"rendered":"<h2 data-immersive-translate-walked=\"344be1c1-5052-41eb-8fcd-0dbe236a0d6b\" data-immersive-translate-paragraph=\"1\">Surfbr\u00e4da, kort och enkel v\u00e4ska<\/h2>\n<ul class=\"css-1isgwd\" role=\"list\" data-id=\"detailsAccordion\">\n<li class=\"css-e3648i\">En l\u00e4ngdjusterbar br\u00e4dv\u00e4ska f\u00f6r br\u00e4dor mellan 5'3\" och 6'4\"<\/li>\n<li class=\"css-e3648i\">Tillverkad av \u00e5tervunnen polyester f\u00f6r o\u00f6vertr\u00e4ffad h\u00e5llbarhet<\/li>\n<li class=\"css-e3648i\">F\u00f6rst\u00e4rkt stoppning i hela v\u00e4skan ger optimalt skydd<\/li>\n<li class=\"css-e3648i\">I en extern smart ficka kan du enkelt f\u00f6rvara fenor, koppel, vax och andra viktiga saker<\/li>\n<li class=\"css-e3648i\">L\u00e4tt att f\u00f6rvara mellan anv\u00e4ndningarna med komprimerbara, strategiskt placerade paneler<\/li>\n<\/ul>","protected":false},"featured_media":3922,"template":"","meta":{"_uag_custom_page_level_css":""},"product_brand":[],"product_cat":[47,67,66],"product_tag":[],"class_list":{"0":"post-3920","1":"product","2":"type-product","3":"status-publish","4":"has-post-thumbnail","6":"product_cat-surfboard-bag","7":"product_cat-sports-bag","8":"product_cat-waterproof-bag","10":"first","11":"instock","12":"shipping-taxable","13":"product-type-simple"},"uagb_featured_image_src":{"full":["https:\/\/pecbag.com\/wp-content\/uploads\/2025\/05\/Single-Board-Short-Surfboard-Bag-1.jpg",1200,1200,false],"thumbnail":["https:\/\/pecbag.com\/wp-content\/uploads\/2025\/05\/Single-Board-Short-Surfboard-Bag-1-150x150.jpg",150,150,true],"medium":["https:\/\/pecbag.com\/wp-content\/uploads\/2025\/05\/Single-Board-Short-Surfboard-Bag-1-300x300.jpg",300,300,true],"medium_large":["https:\/\/pecbag.com\/wp-content\/uploads\/2025\/05\/Single-Board-Short-Surfboard-Bag-1-768x768.jpg",768,768,true],"large":["https:\/\/pecbag.com\/wp-content\/uploads\/2025\/05\/Single-Board-Short-Surfboard-Bag-1-1024x1024.jpg",800,800,true],"1536x1536":["https:\/\/pecbag.com\/wp-content\/uploads\/2025\/05\/Single-Board-Short-Surfboard-Bag-1.jpg",1200,1200,false],"2048x2048":["https:\/\/pecbag.com\/wp-content\/uploads\/2025\/05\/Single-Board-Short-Surfboard-Bag-1.jpg",1200,1200,false],"trp-custom-language-flag":["https:\/\/pecbag.com\/wp-content\/uploads\/2025\/05\/Single-Board-Short-Surfboard-Bag-1-12x12.jpg",12,12,true],"woocommerce_thumbnail":["https:\/\/pecbag.com\/wp-content\/uploads\/2025\/05\/Single-Board-Short-Surfboard-Bag-1-300x300.jpg",300,300,true],"woocommerce_single":["https:\/\/pecbag.com\/wp-content\/uploads\/2025\/05\/Single-Board-Short-Surfboard-Bag-1-600x600.jpg",600,600,true],"woocommerce_gallery_thumbnail":["https:\/\/pecbag.com\/wp-content\/uploads\/2025\/05\/Single-Board-Short-Surfboard-Bag-1-100x100.jpg",100,100,true]},"uagb_author_info":{"display_name":"Lawrence","author_link":"https:\/\/pecbag.com\/se\/author\/"},"uagb_comment_info":0,"uagb_excerpt":"Single Board Short Surfboard Bag A length-adjustable board bag for boards between 5\u20193\u201d and 6\u20194\u201d Built with a recycled polyester fabric for unmatched durability Reinforced padding throughout the bag provides optimal protection An external smart pocket easily stores fins, leashes, wax, and other essentials Easy to store between uses with compressible, strategically placed panels","_links":{"self":[{"href":"https:\/\/pecbag.com\/se\/wp-json\/wp\/v2\/product\/3920","targetHints":{"allow":["GET"]}}],"collection":[{"href":"https:\/\/pecbag.com\/se\/wp-json\/wp\/v2\/product"}],"about":[{"href":"https:\/\/pecbag.com\/se\/wp-json\/wp\/v2\/types\/product"}],"wp:featuredmedia":[{"embeddable":true,"href":"https:\/\/pecbag.com\/se\/wp-json\/wp\/v2\/media\/3922"}],"wp:attachment":[{"href":"https:\/\/pecbag.com\/se\/wp-json\/wp\/v2\/media?parent=3920"}],"wp:term":[{"taxonomy":"product_brand","embeddable":true,"href":"https:\/\/pecbag.com\/se\/wp-json\/wp\/v2\/product_brand?post=3920"},{"taxonomy":"product_cat","embeddable":true,"href":"https:\/\/pecbag.com\/se\/wp-json\/wp\/v2\/product_cat?post=3920"},{"taxonomy":"product_tag","embeddable":true,"href":"https:\/\/pecbag.com\/se\/wp-json\/wp\/v2\/product_tag?post=3920"}],"curies":[{"name":"wp","href":"https:\/\/api.w.org\/{rel}","templated":true}]}}