{"id":4075,"date":"2025-06-18T02:06:30","date_gmt":"2025-06-18T02:06:30","guid":{"rendered":"https:\/\/pecbag.com\/?post_type=product&#038;p=4075"},"modified":"2025-11-29T01:28:37","modified_gmt":"2025-11-29T01:28:37","slug":"leakproof-fishing-cooler-bag-factory","status":"publish","type":"product","link":"https:\/\/pecbag.com\/se\/leakproof-fishing-cooler-bag-factory\/","title":{"rendered":"L\u00e4ckages\u00e4ker fiske kylv\u00e4ska fabrik"},"content":{"rendered":"<h5 title=\"Vikbar hundv\u00e4ska Andningsbar axelv\u00e4ska f\u00f6r husdjur i mesh f\u00f6r sm\u00e5 husdjur Hundar Katter\" data-immersive-translate-walked=\"1c928421-2e42-4cd3-8754-5404553c0af5\" data-immersive-translate-paragraph=\"1\" data-spm-anchor-id=\"a2700.details.0.i35.4f6757d4w4zNZA\">\u00a0L\u00e4ckages\u00e4ker fiske kylv\u00e4ska fabrik | Industriell vattent\u00e4t v\u00e4ska fabrik och kraftig ryggs\u00e4ck tillverkare | Bulk OEM<\/h5>\n<div class=\"flex flex-grow flex-col max-w-full\">\n<div class=\"min-h-[20px] text-message flex w-full flex-col items-end gap-2 whitespace-pre-wrap break-words [.text-message+&amp;]:mt-5 overflow-x-auto\" dir=\"auto\" data-message-author-role=\"assistant\" data-message-id=\"3d7d46f6-7ec2-4222-9257-48fa0bba23c6\" data-suggestions=\"true\">\n<div class=\"flex w-full flex-col gap-1 empty:hidden first:pt-[3px]\">\n<div class=\"markdown prose w-full break-words dark:prose-invert light\">\n<table width=\"288\">\n<tbody>\n<tr>\n<td width=\"137\"><span style=\"color: #333333;\">Produkter Namn<\/span><\/td>\n<td width=\"151\">Surfbr\u00e4da v\u00e4ska<\/td>\n<\/tr>\n<tr>\n<td><span style=\"color: #333333;\">Artikel nr.<\/span><\/td>\n<td><span style=\"color: #333333;\">PB-2110<\/span><\/td>\n<\/tr>\n<tr>\n<td><span style=\"color: #333333;\">Material<\/span><\/td>\n<td>500D presenning PVC<\/td>\n<\/tr>\n<tr>\n<td><span style=\"color: #333333;\">Storlek<\/span><\/td>\n<td>40,1*16,5 tum<\/td>\n<\/tr>\n<tr>\n<td><span style=\"color: #333333;\">\u00a0Leveranstid<\/span><\/td>\n<td><span style=\"color: #333333;\">1-5 dagar f\u00f6r liten m\u00e4ngd med flyg och 30-35 dagar f\u00f6r stor m\u00e4ngd till sj\u00f6ss<\/span><\/td>\n<\/tr>\n<\/tbody>\n<\/table>\n<p class=\"ds-markdown-paragraph\">Beh\u00f6ver du l\u00e4ckages\u00e4kra fiskekylv\u00e4skor som \u00f6verlever grova hav och blodiga f\u00e5ngster? Som en topp vattent\u00e4t v\u00e4skfabrik och ryggs\u00e4ckstillverkare i Kina tillverkar v\u00e5r l\u00e4ckages\u00e4kra fiskekylv\u00e4skafabrik stridsberedd utrustning f\u00f6r kommersiella fiskare, marina varum\u00e4rken och fiskebaggrossister!<\/p>\n<p class=\"ds-markdown-paragraph\">\u2705\u00a0<strong>Varf\u00f6r 200+ k\u00f6pare v\u00e4ljer v\u00e5r fabrik:<\/strong><\/p>\n<ul>\n<li>\n<p class=\"ds-markdown-paragraph\"><strong>Noll-l\u00e4ckage-garanti<\/strong>: Svetsade TPU-s\u00f6mmar + trycktestade h\u00f6rn (t\u00e5l 72 timmar under vatten!)<\/p>\n<\/li>\n<li>\n<p class=\"ds-markdown-paragraph\"><strong>Pro Angler Design<\/strong>: Integrerade sp\u00f6h\u00e5llare + l\u00f6stagbara betesfack - h\u00e5ller utrustningen organiserad och f\u00e5ngar isiga<\/p>\n<\/li>\n<li>\n<p class=\"ds-markdown-paragraph\"><strong>F\u00f6rm\u00e5ner vid bulkorder<\/strong>: Producera fiskev\u00e4ska bulkbest\u00e4llningar (MOQ 50st) via fiskev\u00e4ska ODM \/ OEM eller privat etikett p\u00e5 15 dagar!<\/p>\n<\/li>\n<li>\n<p class=\"ds-markdown-paragraph\"><strong>Kina Kostnadskant<\/strong>: Som en toppfiskev\u00e4ska Kina tillverkare, industriell kvalitet m\u00f6ter fabrikspriser<\/p>\n<\/li>\n<\/ul>\n<p class=\"ds-markdown-paragraph\"><strong>Ocean-s\u00e4kra funktioner:<\/strong><br \/>\n\ud83d\udd39\u00a0<strong>5cm Eco-isolering<\/strong>\u00a0- 2X l\u00e4ngre ish\u00e5llning j\u00e4mf\u00f6rt med standardp\u00e5sar<br \/>\n\ud83d\udd39 Fisks\u00e4kert OEKO-TEX-foder (ingen kemisk smitta) + blodavloppsproppar<br \/>\n\ud83d\udd39 Halkfri gummibotten + 360\u00b0 hjul (redo f\u00f6r steniga str\u00e4nder)<br \/>\n\ud83d\udd39 Rostfri h\u00e5rdvara + UV-best\u00e4ndig 1200D PVC-presenning<\/p>\n<p class=\"ds-markdown-paragraph\"><strong>Perfekt f\u00f6r:<\/strong><\/p>\n<ul>\n<li>\n<p class=\"ds-markdown-paragraph\">Kommersiella flottor &amp; f\u00f6rs\u00e4ljare av fiskev\u00e4skor<\/p>\n<\/li>\n<li>\n<p class=\"ds-markdown-paragraph\">Export\u00f6rer av fiskeredskap &amp; grossister av fiskev\u00e4skor<\/p>\n<\/li>\n<li>\n<p class=\"ds-markdown-paragraph\">Varum\u00e4rken bygger upp egna m\u00e4rkesvaror f\u00f6r Fishing Bag<\/p>\n<\/li>\n<\/ul>\n<p class=\"ds-markdown-paragraph\"><strong>Din problemfria process:<\/strong><br \/>\n1\ufe0f\u20e3 Anpassa f\u00e4rger\/kapacitet (30+ proffsdesigner tillg\u00e4ngliga)<br \/>\n2\ufe0f\u20e3 Prototyp p\u00e5 6 dagar \u2192 havstest \u2192 massproduktion<br \/>\n3\ufe0f\u20e3 Fartyg via exportn\u00e4tverk f\u00f6r fiskep\u00e5sar (DDP air\/sea globalt)<\/p>\n<p class=\"ds-markdown-paragraph\"><strong>Factory Trust-m\u00e4rken:<\/strong><br \/>\n\u2705 12+ \u00e5rs expertis inom tillverkning av ryggs\u00e4ckar<br \/>\n\u2705 40% tjockare v\u00e4ggar j\u00e4mf\u00f6rt med konkurrenterna<br \/>\n\u2705 Certifieringar: ISO 9001, SGS, BSCI<\/p>\n<p class=\"ds-markdown-paragraph\"><strong>\u00c4r du redo f\u00f6r l\u00e4ckages\u00e4kra vinster?<\/strong><br \/>\n\ud83d\udc49 [Gratis saltvattentestat prov] \ud83d\udc49 [20%-ins\u00e4ttning] \ud83d\udc49 [24h offert]<\/p>\n<\/div>\n<\/div>\n<\/div>\n<\/div>","protected":false},"excerpt":{"rendered":"<h2 data-immersive-translate-walked=\"344be1c1-5052-41eb-8fcd-0dbe236a0d6b\" data-immersive-translate-paragraph=\"1\">L\u00e4ckages\u00e4ker fiske kylv\u00e4ska fabrik<\/h2>\n<p>Vi erbjuder premiumv\u00e4skor med full storlek och f\u00e4rganpassning, slitstarka tyger och certifierad kvalitet.<\/p>\n<p>Vi erbjuder flexibla MOQ:er, snabb global leverans och private label-l\u00f6sningar.<\/p>\n<p>Kontakta oss redan idag!<\/p>","protected":false},"featured_media":4076,"template":"","meta":{"_uag_custom_page_level_css":""},"product_brand":[],"product_cat":[66,50,46],"product_tag":[],"class_list":{"0":"post-4075","1":"product","2":"type-product","3":"status-publish","4":"has-post-thumbnail","6":"product_cat-waterproof-bag","7":"product_cat-cooler-bag","8":"product_cat-fishing-bag","10":"first","11":"instock","12":"shipping-taxable","13":"product-type-simple"},"uagb_featured_image_src":{"full":["https:\/\/pecbag.com\/wp-content\/uploads\/2025\/06\/Leakproof-Fishing-Cooler-Bag-Factory-1.jpg",1000,1000,false],"thumbnail":["https:\/\/pecbag.com\/wp-content\/uploads\/2025\/06\/Leakproof-Fishing-Cooler-Bag-Factory-1-150x150.jpg",150,150,true],"medium":["https:\/\/pecbag.com\/wp-content\/uploads\/2025\/06\/Leakproof-Fishing-Cooler-Bag-Factory-1-300x300.jpg",300,300,true],"medium_large":["https:\/\/pecbag.com\/wp-content\/uploads\/2025\/06\/Leakproof-Fishing-Cooler-Bag-Factory-1-768x768.jpg",768,768,true],"large":["https:\/\/pecbag.com\/wp-content\/uploads\/2025\/06\/Leakproof-Fishing-Cooler-Bag-Factory-1.jpg",800,800,false],"1536x1536":["https:\/\/pecbag.com\/wp-content\/uploads\/2025\/06\/Leakproof-Fishing-Cooler-Bag-Factory-1.jpg",1000,1000,false],"2048x2048":["https:\/\/pecbag.com\/wp-content\/uploads\/2025\/06\/Leakproof-Fishing-Cooler-Bag-Factory-1.jpg",1000,1000,false],"trp-custom-language-flag":["https:\/\/pecbag.com\/wp-content\/uploads\/2025\/06\/Leakproof-Fishing-Cooler-Bag-Factory-1-12x12.jpg",12,12,true],"woocommerce_thumbnail":["https:\/\/pecbag.com\/wp-content\/uploads\/2025\/06\/Leakproof-Fishing-Cooler-Bag-Factory-1-300x300.jpg",300,300,true],"woocommerce_single":["https:\/\/pecbag.com\/wp-content\/uploads\/2025\/06\/Leakproof-Fishing-Cooler-Bag-Factory-1-600x600.jpg",600,600,true],"woocommerce_gallery_thumbnail":["https:\/\/pecbag.com\/wp-content\/uploads\/2025\/06\/Leakproof-Fishing-Cooler-Bag-Factory-1-100x100.jpg",100,100,true]},"uagb_author_info":{"display_name":"Lawrence","author_link":"https:\/\/pecbag.com\/se\/author\/"},"uagb_comment_info":0,"uagb_excerpt":"Leakproof Fishing Cooler Bag Factory We provide premium bags with full-size and color customization, durable fabrics, and certified quality. Enjoy flexible MOQs, fast global shipping, and private label solutions. Contact us today!","_links":{"self":[{"href":"https:\/\/pecbag.com\/se\/wp-json\/wp\/v2\/product\/4075","targetHints":{"allow":["GET"]}}],"collection":[{"href":"https:\/\/pecbag.com\/se\/wp-json\/wp\/v2\/product"}],"about":[{"href":"https:\/\/pecbag.com\/se\/wp-json\/wp\/v2\/types\/product"}],"wp:featuredmedia":[{"embeddable":true,"href":"https:\/\/pecbag.com\/se\/wp-json\/wp\/v2\/media\/4076"}],"wp:attachment":[{"href":"https:\/\/pecbag.com\/se\/wp-json\/wp\/v2\/media?parent=4075"}],"wp:term":[{"taxonomy":"product_brand","embeddable":true,"href":"https:\/\/pecbag.com\/se\/wp-json\/wp\/v2\/product_brand?post=4075"},{"taxonomy":"product_cat","embeddable":true,"href":"https:\/\/pecbag.com\/se\/wp-json\/wp\/v2\/product_cat?post=4075"},{"taxonomy":"product_tag","embeddable":true,"href":"https:\/\/pecbag.com\/se\/wp-json\/wp\/v2\/product_tag?post=4075"}],"curies":[{"name":"wp","href":"https:\/\/api.w.org\/{rel}","templated":true}]}}