{"id":4097,"date":"2025-06-19T02:24:25","date_gmt":"2025-06-19T02:24:25","guid":{"rendered":"https:\/\/pecbag.com\/?post_type=product&#038;p=4097"},"modified":"2025-11-29T01:29:20","modified_gmt":"2025-11-29T01:29:20","slug":"woodland-camo-waterproof-waist-hunting-bag","status":"publish","type":"product","link":"https:\/\/pecbag.com\/se\/woodland-camo-waterproof-waist-hunting-bag\/","title":{"rendered":"Woodland Camo Vattent\u00e4t midjev\u00e4ska f\u00f6r jakt"},"content":{"rendered":"<h5 title=\"Vikbar hundv\u00e4ska Andningsbar axelv\u00e4ska f\u00f6r husdjur i mesh f\u00f6r sm\u00e5 husdjur Hundar Katter\" data-immersive-translate-walked=\"1c928421-2e42-4cd3-8754-5404553c0af5\" data-immersive-translate-paragraph=\"1\" data-spm-anchor-id=\"a2700.details.0.i35.4f6757d4w4zNZA\">Woodland Camo vattent\u00e4t midja jaktv\u00e4ska tillverkare | vattent\u00e4t v\u00e4ska fabrik och taktisk ryggs\u00e4ck tillverkare | bulk OEM<\/h5>\n<p>Beh\u00f6ver du woodland camo vattent\u00e4ta midja jaktv\u00e4skor som f\u00f6rsvinner i borsten? Som en topp vattent\u00e4t v\u00e4skfabrik och ryggs\u00e4ckstillverkare i Kina tillverkar vi taktiska woodland camo vattent\u00e4ta midja jaktv\u00e4skor f\u00f6r j\u00e4gare, milit\u00e4ra leverant\u00f6rer och Hunting Bag grossister!<\/p>\n<div class=\"flex flex-grow flex-col max-w-full\">\n<div class=\"min-h-[20px] text-message flex w-full flex-col items-end gap-2 whitespace-pre-wrap break-words [.text-message+&amp;]:mt-5 overflow-x-auto\" dir=\"auto\" data-message-author-role=\"assistant\" data-message-id=\"3d7d46f6-7ec2-4222-9257-48fa0bba23c6\" data-suggestions=\"true\">\n<div class=\"flex w-full flex-col gap-1 empty:hidden first:pt-[3px]\">\n<div class=\"markdown prose w-full break-words dark:prose-invert light\">\n<table width=\"288\">\n<tbody>\n<tr>\n<td width=\"137\"><span style=\"color: #333333;\">Produkter Namn<\/span><\/td>\n<td width=\"151\">Jaktv\u00e4ska<\/td>\n<\/tr>\n<tr>\n<td><span style=\"color: #333333;\">Artikel nr.<\/span><\/td>\n<td><span style=\"color: #333333;\">PB-2113<\/span><\/td>\n<\/tr>\n<tr>\n<td><span style=\"color: #333333;\">Material<\/span><\/td>\n<td>600D polyester<\/td>\n<\/tr>\n<tr>\n<td><span style=\"color: #333333;\">Storlek<\/span><\/td>\n<td>15 x 8,5 x 5 tum<\/td>\n<\/tr>\n<tr>\n<td><span style=\"color: #333333;\">\u00a0Leveranstid<\/span><\/td>\n<td><span style=\"color: #333333;\">1-5 dagar f\u00f6r liten m\u00e4ngd med flyg och 30-35 dagar f\u00f6r stor m\u00e4ngd till sj\u00f6ss<\/span><\/td>\n<\/tr>\n<\/tbody>\n<\/table>\n<p class=\"ds-markdown-paragraph\">\u2705\u00a0<strong>Varf\u00f6r taktiska k\u00f6pare v\u00e4ljer oss:<\/strong><\/p>\n<ul>\n<li>\n<p class=\"ds-markdown-paragraph\"><strong>True Wilderness Stealth<\/strong>: Licensierad Realtree\u00ae camo + tysta matta blixtl\u00e5s - f\u00f6rsvinner i skogen utan doft eller ljud!<\/p>\n<\/li>\n<li>\n<p class=\"ds-markdown-paragraph\"><strong>Vattent\u00e4t krigare<\/strong>: S\u00f6mf\u00f6rseglad TPU-konstruktion (IPX6-klassad) - vada genom vattendrag utan att bl\u00f6ta ner utrustningen.<\/p>\n<\/li>\n<li>\n<p class=\"ds-markdown-paragraph\"><strong>Klar f\u00f6r bulkbest\u00e4llning<\/strong>: Producera Hunting Bag bulkbest\u00e4llningar via Hunting Bag ODM \/ OEM eller privat etikett p\u00e5 12 dagar!<\/p>\n<\/li>\n<li>\n<p class=\"ds-markdown-paragraph\"><strong>Kina Kostnadskraft<\/strong>: Som en f\u00f6rstklassig Hunting Bag China-fabrik m\u00f6ter kvalitet av milit\u00e4r kvalitet fabrikspriser.<\/p>\n<\/li>\n<\/ul>\n<p class=\"ds-markdown-paragraph\"><strong>Hunter-godk\u00e4nda funktioner:<\/strong><br \/>\n\ud83d\udd39\u00a0<strong>3-i-1-design<\/strong>: Avtagbar bino-sele + blodsp\u00e5rss\u00e4kert foder + plats f\u00f6r tr\u00e4drem<br \/>\n\ud83d\udd39 Scent-blockerande kolfiberfoder + ljudfritt sp\u00e4nnsystem<br \/>\n\ud83d\udd39 Justerbart midjeb\u00e4lte (passar 28\u2033-48\u2033) + Molle-kompatibla paneler<br \/>\n\ud83d\udd39 Dr\u00e4nerbara viltfickor (rymmer 20 kg utrustning eller vilt)<\/p>\n<p class=\"ds-markdown-paragraph\"><strong>Perfekt f\u00f6r:<\/strong><\/p>\n<ul>\n<li>\n<p class=\"ds-markdown-paragraph\">Jaktbutiker &amp; f\u00f6rs\u00e4ljare av jaktv\u00e4skor<\/p>\n<\/li>\n<li>\n<p class=\"ds-markdown-paragraph\">Butiker f\u00f6r taktisk utrustning &amp; grossister f\u00f6r jaktv\u00e4skor<\/p>\n<\/li>\n<li>\n<p class=\"ds-markdown-paragraph\">Varum\u00e4rken som bygger jaktv\u00e4ska jaktlinjer under eget varum\u00e4rke<\/p>\n<\/li>\n<\/ul>\n<p class=\"ds-markdown-paragraph\"><strong>Din produktionsv\u00e4g:<\/strong><br \/>\n1\ufe0f\u20e3 Anpassa kamouflagem\u00f6nster (eller anv\u00e4nd Realtree\u00ae\/Mossy Oak\u00ae-licenser)<br \/>\n2\ufe0f\u20e3 Prototyp p\u00e5 5 dagar \u2192 f\u00e4lttest \u2192 massproduktion<br \/>\n3\ufe0f\u20e3 Levereras via Hunting Bags exportn\u00e4tverk (DDP till USA\/EU)<\/p>\n<p class=\"ds-markdown-paragraph\"><strong>Fabrikslegitimation:<\/strong><br \/>\n\u2705 10+ \u00e5rs expertis inom tillverkning av taktiska ryggs\u00e4ckar<br \/>\n\u2705 40% tystare h\u00e5rdvara j\u00e4mf\u00f6rt med vanliga jaktv\u00e4skor<br \/>\n\u2705 Certifieringar: ISO 9001, SGS, OEKO-TEX<\/p>\n<p class=\"ds-markdown-paragraph\"><strong>Redo att fylla p\u00e5 med utrustning p\u00e5 sp\u00f6kniv\u00e5?<\/strong><br \/>\n\ud83d\udc49\u00a0<strong>Gratis kamouflageprov<\/strong>\u00a0\ud83d\udc49 15% ins\u00e4ttning \ud83d\udc49 24h offert<\/p>\n<\/div>\n<\/div>\n<\/div>\n<\/div>","protected":false},"excerpt":{"rendered":"<h2 data-immersive-translate-walked=\"344be1c1-5052-41eb-8fcd-0dbe236a0d6b\" data-immersive-translate-paragraph=\"1\">Woodland Camo Vattent\u00e4t midjev\u00e4ska f\u00f6r jakt<\/h2>\n<p>1. Denna midjev\u00e4ska \u00e4r tillverkad av h\u00f6gkvalitativt polyestertyg med en vattent\u00e4t PVC-bel\u00e4ggning som ser till att din utrustning f\u00f6rblir torr och skyddad i alla v\u00e4der. Den robusta konstruktionen \u00e4r perfekt f\u00f6r tuffa utomhusf\u00f6rh\u00e5llanden och ger tillf\u00f6rlitlig f\u00f6rvaring av din viktigaste jaktutrustning.<\/p>\n<p>2. Det naturliga skogskamouflagetrycket ger \u00f6verl\u00e4gsen doldhet och hj\u00e4lper dig att sm\u00e4lta in s\u00f6ml\u00f6st i din omgivning. Detta g\u00f6r magv\u00e4skan till ett utm\u00e4rkt val f\u00f6r r\u00e5djursjakt, kalkonjakt och andra utomhusaktiviteter d\u00e4r det \u00e4r viktigt att h\u00e5lla sig dold.<\/p>\n<p>3. Den realistiska kamouflagedesignen efterliknar naturliga omgivningar, vilket f\u00f6rb\u00e4ttrar din smygf\u00f6rm\u00e5ga och \u00f6kar dina chanser till en framg\u00e5ngsrik jakt. Komfort och justerbarhet \u00e4r viktiga egenskaper hos denna midjev\u00e4ska.<\/p>\n<p>4. Den justerbara nylonremmen g\u00f6r att du kan b\u00e4ra den som en h\u00f6ftv\u00e4ska eller en crossbody-v\u00e4ska, vilket ger en anpassningsbar passform f\u00f6r m\u00e4n, kvinnor och barn.<\/p>","protected":false},"featured_media":4098,"template":"","meta":{"_uag_custom_page_level_css":""},"product_brand":[],"product_cat":[54],"product_tag":[],"class_list":{"0":"post-4097","1":"product","2":"type-product","3":"status-publish","4":"has-post-thumbnail","6":"product_cat-hunting-bag","8":"first","9":"instock","10":"shipping-taxable","11":"product-type-simple"},"uagb_featured_image_src":{"full":["https:\/\/pecbag.com\/wp-content\/uploads\/2025\/06\/Woodland-Camo-Waterproof-Waist-Hunting-Bag-4.jpg",960,960,false],"thumbnail":["https:\/\/pecbag.com\/wp-content\/uploads\/2025\/06\/Woodland-Camo-Waterproof-Waist-Hunting-Bag-4-150x150.jpg",150,150,true],"medium":["https:\/\/pecbag.com\/wp-content\/uploads\/2025\/06\/Woodland-Camo-Waterproof-Waist-Hunting-Bag-4-300x300.jpg",300,300,true],"medium_large":["https:\/\/pecbag.com\/wp-content\/uploads\/2025\/06\/Woodland-Camo-Waterproof-Waist-Hunting-Bag-4-768x768.jpg",768,768,true],"large":["https:\/\/pecbag.com\/wp-content\/uploads\/2025\/06\/Woodland-Camo-Waterproof-Waist-Hunting-Bag-4.jpg",800,800,false],"1536x1536":["https:\/\/pecbag.com\/wp-content\/uploads\/2025\/06\/Woodland-Camo-Waterproof-Waist-Hunting-Bag-4.jpg",960,960,false],"2048x2048":["https:\/\/pecbag.com\/wp-content\/uploads\/2025\/06\/Woodland-Camo-Waterproof-Waist-Hunting-Bag-4.jpg",960,960,false],"trp-custom-language-flag":["https:\/\/pecbag.com\/wp-content\/uploads\/2025\/06\/Woodland-Camo-Waterproof-Waist-Hunting-Bag-4-12x12.jpg",12,12,true],"woocommerce_thumbnail":["https:\/\/pecbag.com\/wp-content\/uploads\/2025\/06\/Woodland-Camo-Waterproof-Waist-Hunting-Bag-4-300x300.jpg",300,300,true],"woocommerce_single":["https:\/\/pecbag.com\/wp-content\/uploads\/2025\/06\/Woodland-Camo-Waterproof-Waist-Hunting-Bag-4-600x600.jpg",600,600,true],"woocommerce_gallery_thumbnail":["https:\/\/pecbag.com\/wp-content\/uploads\/2025\/06\/Woodland-Camo-Waterproof-Waist-Hunting-Bag-4-100x100.jpg",100,100,true]},"uagb_author_info":{"display_name":"Lawrence","author_link":"https:\/\/pecbag.com\/se\/author\/"},"uagb_comment_info":0,"uagb_excerpt":"Woodland Camo Waterproof Waist Hunting Bag 1. This fanny pack is made from high-quality polyester fabric with a PVC waterproof coating, ensuring your gear stays dry and protected in any weather. Its robust construction is perfect for the rugged outdoors, providing reliable storage for your essential hunting gear. 2. The natural woodland camouflage printing offers&hellip;","_links":{"self":[{"href":"https:\/\/pecbag.com\/se\/wp-json\/wp\/v2\/product\/4097","targetHints":{"allow":["GET"]}}],"collection":[{"href":"https:\/\/pecbag.com\/se\/wp-json\/wp\/v2\/product"}],"about":[{"href":"https:\/\/pecbag.com\/se\/wp-json\/wp\/v2\/types\/product"}],"wp:featuredmedia":[{"embeddable":true,"href":"https:\/\/pecbag.com\/se\/wp-json\/wp\/v2\/media\/4098"}],"wp:attachment":[{"href":"https:\/\/pecbag.com\/se\/wp-json\/wp\/v2\/media?parent=4097"}],"wp:term":[{"taxonomy":"product_brand","embeddable":true,"href":"https:\/\/pecbag.com\/se\/wp-json\/wp\/v2\/product_brand?post=4097"},{"taxonomy":"product_cat","embeddable":true,"href":"https:\/\/pecbag.com\/se\/wp-json\/wp\/v2\/product_cat?post=4097"},{"taxonomy":"product_tag","embeddable":true,"href":"https:\/\/pecbag.com\/se\/wp-json\/wp\/v2\/product_tag?post=4097"}],"curies":[{"name":"wp","href":"https:\/\/api.w.org\/{rel}","templated":true}]}}