{"id":4162,"date":"2025-06-26T02:03:41","date_gmt":"2025-06-26T02:03:41","guid":{"rendered":"https:\/\/pecbag.com\/?post_type=product&#038;p=4162"},"modified":"2025-11-29T01:18:35","modified_gmt":"2025-11-29T01:18:35","slug":"ripstop-outdoor-tool-bag-factory","status":"publish","type":"product","link":"https:\/\/pecbag.com\/se\/ripstop-outdoor-tool-bag-factory\/","title":{"rendered":"Ripstop utomhus verktygsv\u00e4ska fabrik"},"content":{"rendered":"<h5 title=\"Vikbar hundv\u00e4ska Andningsbar axelv\u00e4ska f\u00f6r husdjur i mesh f\u00f6r sm\u00e5 husdjur Hundar Katter\" data-immersive-translate-walked=\"1c928421-2e42-4cd3-8754-5404553c0af5\" data-immersive-translate-paragraph=\"1\" data-spm-anchor-id=\"a2700.details.0.i35.4f6757d4w4zNZA\"><strong>Ripstop Outdoor Tool Bag Factory | Heavy-Duty Waterproof Bag Factory &amp; Tactical Backpack Manufacturer | Bulk Custom<\/strong><\/h5>\n<p>Beh\u00f6ver du en robust ripstop utomhusverktygsv\u00e4ska som \u00f6verlever missbruk p\u00e5 arbetsplatsen? Som en certifierad vattent\u00e4t v\u00e4skfabrik och taktisk ryggs\u00e4ckstillverkare i Kina (Tool Bag China) konstruerar vi professionella verktygsv\u00e4skor med milit\u00e4rspecifik 1000D ripstop, vattent\u00e4ta t\u00e4tningar och modul\u00e4r organisation. Samarbeta med v\u00e5r tillverkare av verktygsv\u00e4skor f\u00f6r bulkbest\u00e4llningar av verktygsv\u00e4skor - betrodda av grossister, industriella leverant\u00f6rer och leverant\u00f6rer av verktygsv\u00e4skor \u00f6ver hela v\u00e4rlden.<\/p>\n<div class=\"flex flex-grow flex-col max-w-full\">\n<div class=\"min-h-[20px] text-message flex w-full flex-col items-end gap-2 whitespace-pre-wrap break-words [.text-message+&amp;]:mt-5 overflow-x-auto\" dir=\"auto\" data-message-author-role=\"assistant\" data-message-id=\"3d7d46f6-7ec2-4222-9257-48fa0bba23c6\" data-suggestions=\"true\">\n<div class=\"flex w-full flex-col gap-1 empty:hidden first:pt-[3px]\">\n<div class=\"markdown prose w-full break-words dark:prose-invert light\">\n<table width=\"288\">\n<tbody>\n<tr>\n<td width=\"137\"><span style=\"color: #333333;\">Produkter Namn<\/span><\/td>\n<td width=\"151\">Verktygsv\u00e4ska<\/td>\n<\/tr>\n<tr>\n<td><span style=\"color: #333333;\">Artikel nr.<\/span><\/td>\n<td><span style=\"color: #333333;\">PB-2122<\/span><\/td>\n<\/tr>\n<tr>\n<td><span style=\"color: #333333;\">Material<\/span><\/td>\n<td>600D polyester<\/td>\n<\/tr>\n<tr>\n<td><span style=\"color: #333333;\">Storlek och f\u00e4rg<\/span><\/td>\n<td>Anpassad<\/td>\n<\/tr>\n<tr>\n<td><span style=\"color: #333333;\">\u00a0Leveranstid<\/span><\/td>\n<td><span style=\"color: #333333;\">1-5 dagar f\u00f6r liten m\u00e4ngd med flyg och 30-35 dagar f\u00f6r stor m\u00e4ngd till sj\u00f6ss<\/span><\/td>\n<\/tr>\n<\/tbody>\n<\/table>\n<p class=\"ds-markdown-paragraph\">\u2705\u00a0<strong>Varf\u00f6r entrepren\u00f6rer v\u00e4ljer oss:<\/strong><\/p>\n<ul>\n<li>\n<p class=\"ds-markdown-paragraph\"><strong>Ripstop-f\u00f6rdel<\/strong>: 3 g\u00e5nger mer rivt\u00e5lig \u00e4n standardnylon (bevisat i ASTM D751-test)<\/p>\n<\/li>\n<li>\n<p class=\"ds-markdown-paragraph\">Tool Bag ODM\/OEM med kompletta Tool Bag private label-tj\u00e4nster<\/p>\n<\/li>\n<li>\n<p class=\"ds-markdown-paragraph\">L\u00e5g MOQ Verktygsv\u00e4ska bulkproduktion<\/p>\n<\/li>\n<li>\n<p class=\"ds-markdown-paragraph\">Snabb export av verktygsv\u00e4skor fr\u00e5n v\u00e5r ISO-certifierade verktygsv\u00e4skfabrik<\/p>\n<\/li>\n<li>\n<p class=\"ds-markdown-paragraph\">18+ \u00e5r som ledande leverant\u00f6r av verktygsv\u00e4skor<\/p>\n<\/li>\n<\/ul>\n<p class=\"ds-markdown-paragraph\">\ud83d\udee0\ufe0f\u00a0<strong>Stridsberedda funktioner:<\/strong><br \/>\n- Vattent\u00e4t TPU-botten + dr\u00e4neringsgenomf\u00f6ringar<br \/>\n- MOLLE-kompatibla paneler f\u00f6r ut\u00f6kning av verktyg<br \/>\n- Korrosionsskyddande YKK-dragkedjor + f\u00f6rst\u00e4rkta stresspunkter<br \/>\n- Anpassade konfigurationer via Tool Bag OEM<\/p>\n<p class=\"ds-markdown-paragraph\">Perfekt f\u00f6r Tool Bag-f\u00f6retag, industriella distribut\u00f6rer och Tool Bag-grossistn\u00e4tverk. Beg\u00e4r GRATIS provtagningskit i ripstop fr\u00e5n din dedikerade tillverkare av verktygsv\u00e4skor idag!<\/p>\n<\/div>\n<\/div>\n<\/div>\n<\/div>","protected":false},"excerpt":{"rendered":"<h2 data-immersive-translate-walked=\"344be1c1-5052-41eb-8fcd-0dbe236a0d6b\" data-immersive-translate-paragraph=\"1\">Professionell vattent\u00e4t verktygsv\u00e4ska Ryggs\u00e4ck<\/h2>\n<div>1. Slitstark och vattenbest\u00e4ndig - Fiskev\u00e4skan \u00e4r tillverkad av vattent\u00e4t, stark 1000D polyester med kraftiga dragkedjor och sp\u00e4nnen, den \u00e4r perfekt f\u00f6r grov anv\u00e4ndning. Den genomskinliga innerfickan med dragkedja under locket h\u00e5ller dina licenser och andra v\u00e4rdesaker synliga och s\u00e4kra. Ett regnskydd som f\u00f6rvaras i bakfickan ska anv\u00e4ndas i regn f\u00f6r att h\u00e5lla dina saker torra.<\/div>\n<p>2. Stor kapacitet - Tackels\u00e4cken har en mycket stor kapacitet. Det stora huvudfacket med en l\u00f6stagbar avdelare g\u00f6r att ryggs\u00e4cken kan omvandlas till en ryggs\u00e4ck f\u00f6r f\u00f6rvaring av st\u00f6rre f\u00f6rem\u00e5l. Tv\u00e5 blixtl\u00e5sf\u00f6rsedda framfickor, fyra blixtl\u00e5sf\u00f6rsedda sidofickor, tv\u00e5 n\u00e4tfickor och en midjev\u00e4ska ger extra b\u00e4rf\u00f6rm\u00e5ga och gott om extra f\u00f6rvaringsutrymme f\u00f6r tillbeh\u00f6r<\/p>\n<p>3. Repfri botten - Robusta bottenkuddar skyddar ryggs\u00e4cken fr\u00e5n repor p\u00e5 steniga eller v\u00e5ta underlag.<\/p>","protected":false},"featured_media":4167,"template":"","meta":{"_uag_custom_page_level_css":""},"product_brand":[],"product_cat":[49,60],"product_tag":[],"class_list":{"0":"post-4162","1":"product","2":"type-product","3":"status-publish","4":"has-post-thumbnail","6":"product_cat-tool-bag","7":"product_cat-backpack","9":"first","10":"instock","11":"shipping-taxable","12":"product-type-simple"},"uagb_featured_image_src":{"full":["https:\/\/pecbag.com\/wp-content\/uploads\/2025\/06\/Ripstop-Outdoor-Tool-Bag-Factory-3.jpg",800,800,false],"thumbnail":["https:\/\/pecbag.com\/wp-content\/uploads\/2025\/06\/Ripstop-Outdoor-Tool-Bag-Factory-3-150x150.jpg",150,150,true],"medium":["https:\/\/pecbag.com\/wp-content\/uploads\/2025\/06\/Ripstop-Outdoor-Tool-Bag-Factory-3-300x300.jpg",300,300,true],"medium_large":["https:\/\/pecbag.com\/wp-content\/uploads\/2025\/06\/Ripstop-Outdoor-Tool-Bag-Factory-3-768x768.jpg",768,768,true],"large":["https:\/\/pecbag.com\/wp-content\/uploads\/2025\/06\/Ripstop-Outdoor-Tool-Bag-Factory-3.jpg",800,800,false],"1536x1536":["https:\/\/pecbag.com\/wp-content\/uploads\/2025\/06\/Ripstop-Outdoor-Tool-Bag-Factory-3.jpg",800,800,false],"2048x2048":["https:\/\/pecbag.com\/wp-content\/uploads\/2025\/06\/Ripstop-Outdoor-Tool-Bag-Factory-3.jpg",800,800,false],"trp-custom-language-flag":["https:\/\/pecbag.com\/wp-content\/uploads\/2025\/06\/Ripstop-Outdoor-Tool-Bag-Factory-3-12x12.jpg",12,12,true],"woocommerce_thumbnail":["https:\/\/pecbag.com\/wp-content\/uploads\/2025\/06\/Ripstop-Outdoor-Tool-Bag-Factory-3-300x300.jpg",300,300,true],"woocommerce_single":["https:\/\/pecbag.com\/wp-content\/uploads\/2025\/06\/Ripstop-Outdoor-Tool-Bag-Factory-3-600x600.jpg",600,600,true],"woocommerce_gallery_thumbnail":["https:\/\/pecbag.com\/wp-content\/uploads\/2025\/06\/Ripstop-Outdoor-Tool-Bag-Factory-3-100x100.jpg",100,100,true]},"uagb_author_info":{"display_name":"Lawrence","author_link":"https:\/\/pecbag.com\/se\/author\/"},"uagb_comment_info":0,"uagb_excerpt":"Professional Waterproof Tool Bag Backpack 1. Durable &amp; Water Resistance - The fishing tackle bag is made of waterproof, strong 1000D polyester with heavy-duty zippers and buckles, it ideal for rough use. Clear zippered interior pocket under the lid keeps your licenses and other valuables visible and secure. A rain cover stored in the back&hellip;","_links":{"self":[{"href":"https:\/\/pecbag.com\/se\/wp-json\/wp\/v2\/product\/4162","targetHints":{"allow":["GET"]}}],"collection":[{"href":"https:\/\/pecbag.com\/se\/wp-json\/wp\/v2\/product"}],"about":[{"href":"https:\/\/pecbag.com\/se\/wp-json\/wp\/v2\/types\/product"}],"wp:featuredmedia":[{"embeddable":true,"href":"https:\/\/pecbag.com\/se\/wp-json\/wp\/v2\/media\/4167"}],"wp:attachment":[{"href":"https:\/\/pecbag.com\/se\/wp-json\/wp\/v2\/media?parent=4162"}],"wp:term":[{"taxonomy":"product_brand","embeddable":true,"href":"https:\/\/pecbag.com\/se\/wp-json\/wp\/v2\/product_brand?post=4162"},{"taxonomy":"product_cat","embeddable":true,"href":"https:\/\/pecbag.com\/se\/wp-json\/wp\/v2\/product_cat?post=4162"},{"taxonomy":"product_tag","embeddable":true,"href":"https:\/\/pecbag.com\/se\/wp-json\/wp\/v2\/product_tag?post=4162"}],"curies":[{"name":"wp","href":"https:\/\/api.w.org\/{rel}","templated":true}]}}