{"id":4241,"date":"2025-06-28T06:38:30","date_gmt":"2025-06-28T06:38:30","guid":{"rendered":"https:\/\/pecbag.com\/?post_type=product&#038;p=4241"},"modified":"2025-11-29T01:14:38","modified_gmt":"2025-11-29T01:14:38","slug":"tsa-approved-quart-size-bag-factory","status":"publish","type":"product","link":"https:\/\/pecbag.com\/se\/tsa-approved-quart-size-bag-factory\/","title":{"rendered":"TSA-godk\u00e4nd v\u00e4ska i Quart-storlek Fabrik"},"content":{"rendered":"<h5 title=\"Vikbar hundv\u00e4ska Andningsbar axelv\u00e4ska f\u00f6r husdjur i mesh f\u00f6r sm\u00e5 husdjur Hundar Katter\" data-immersive-translate-walked=\"1c928421-2e42-4cd3-8754-5404553c0af5\" data-immersive-translate-paragraph=\"1\" data-spm-anchor-id=\"a2700.details.0.i35.4f6757d4w4zNZA\"><strong>TSA-godk\u00e4nd Quart Size Bag Factory | Kompatibel vattent\u00e4t v\u00e4ska Factory &amp; Travel Backpack Manufacturer | S\u00e4kerhetskontroll redo<\/strong><\/h5>\n<p>Beh\u00f6ver du p\u00e5litliga TSA-godk\u00e4nda p\u00e5sar i kvartsstorlek f\u00f6r din resetillbeh\u00f6rslinje? Som en certifierad vattent\u00e4t v\u00e4skfabrik och tillverkare av reseryggs\u00e4ckar i Kina (Makeup Bag China) producerar vi kompatibla 7 \u2033 x 8 \u2033 klara kvartsp\u00e5sar med TSA-f\u00f6rkontrollst\u00e4mplar, l\u00e4ckages\u00e4kra t\u00e4tningar och h\u00e5llbart PVC-material. Samarbeta med v\u00e5r Makeup Bag-tillverkare f\u00f6r Makeup Bag bulkbest\u00e4llningar - betrodda av Makeup Bag-grossister, resehandlare och Makeup Bag-leverant\u00f6rer \u00f6ver hela v\u00e4rlden.<\/p>\n<div class=\"flex flex-grow flex-col max-w-full\">\n<div class=\"min-h-[20px] text-message flex w-full flex-col items-end gap-2 whitespace-pre-wrap break-words [.text-message+&amp;]:mt-5 overflow-x-auto\" dir=\"auto\" data-message-author-role=\"assistant\" data-message-id=\"3d7d46f6-7ec2-4222-9257-48fa0bba23c6\" data-suggestions=\"true\">\n<div class=\"flex w-full flex-col gap-1 empty:hidden first:pt-[3px]\">\n<div class=\"markdown prose w-full break-words dark:prose-invert light\">\n<table width=\"288\">\n<tbody>\n<tr>\n<td width=\"137\"><span style=\"color: #333333;\">Produkter Namn<\/span><\/td>\n<td width=\"151\"><span style=\"color: #333333;\">Sminkv\u00e4ska<\/span><\/td>\n<\/tr>\n<tr>\n<td><span style=\"color: #333333;\">Artikel nr.<\/span><\/td>\n<td><span style=\"color: #333333;\">PB-2128<\/span><\/td>\n<\/tr>\n<tr>\n<td><span style=\"color: #333333;\">Material<\/span><\/td>\n<td>PVC-plast<\/td>\n<\/tr>\n<tr>\n<td><span style=\"color: #333333;\">Storlek<\/span><\/td>\n<td>5,5 x 1,5 x 7 tum<\/td>\n<\/tr>\n<tr>\n<td><span style=\"color: #333333;\">\u00a0Leveranstid<\/span><\/td>\n<td><span style=\"color: #333333;\">1-5 dagar f\u00f6r liten m\u00e4ngd med flyg och 30-35 dagar f\u00f6r stor m\u00e4ngd till sj\u00f6ss<\/span><\/td>\n<\/tr>\n<\/tbody>\n<\/table>\n<p class=\"ds-markdown-paragraph\">\u2705\u00a0<strong>Varf\u00f6r Travel Brands v\u00e4ljer oss:<\/strong><\/p>\n<ul>\n<li>\n<p class=\"ds-markdown-paragraph\"><strong>Garanterad efterlevnad<\/strong>: F\u00f6rtryckta TSA 3-1-1-etiketter + exakta m\u00e5tt 7\u2033x8\u2033 (klarar 100%-flygplatstester)<\/p>\n<\/li>\n<li>\n<p class=\"ds-markdown-paragraph\">Makeup Bag ODM \/ OEM med full Makeup Bag private label-tj\u00e4nster<\/p>\n<\/li>\n<li>\n<p class=\"ds-markdown-paragraph\">L\u00e5g MOQ Makeup Bag bulkproduktion<\/p>\n<\/li>\n<li>\n<p class=\"ds-markdown-paragraph\">Snabb export av sminkv\u00e4ska fr\u00e5n v\u00e5r ISO-certifierade sminkv\u00e4skafabrik<\/p>\n<\/li>\n<li>\n<p class=\"ds-markdown-paragraph\">10+ \u00e5r som ledande leverant\u00f6r av sminkv\u00e4skor f\u00f6r reseaccessoarer<\/p>\n<\/li>\n<\/ul>\n<p class=\"ds-markdown-paragraph\">\u2708\ufe0f\u00a0<strong>S\u00e4kerhetskontroll Redo Funktioner:<\/strong><br \/>\n- 0,15 mm kristallklar PVC (klarar ASTM D1709 slagtester)<br \/>\n- Dubbelf\u00f6rseglad blixtl\u00e5sst\u00e4ngning + f\u00f6rst\u00e4rkta kilar<br \/>\n- Anpassningsbara f\u00f6rtryckta TSA-riktlinjer<br \/>\n- Brandingalternativ via Makeup Bag OEM<\/p>\n<p class=\"ds-markdown-paragraph\">Perfekt f\u00f6r sminkv\u00e4skf\u00f6retag, flygplats\u00e5terf\u00f6rs\u00e4ljare och grossistn\u00e4tverk f\u00f6r sminkv\u00e4skor. Beg\u00e4r GRATIS TSA-testrapporter fr\u00e5n din dedikerade Makeup Bag-tillverkare idag!<\/p>\n<\/div>\n<\/div>\n<\/div>\n<\/div>","protected":false},"excerpt":{"rendered":"<h2 data-immersive-translate-walked=\"344be1c1-5052-41eb-8fcd-0dbe236a0d6b\" data-immersive-translate-paragraph=\"1\">TSA-godk\u00e4nd v\u00e4ska i Quart-storlek Fabrik<\/h2>\n<p><span class=\"a-list-item\" data-immersive-translate-walked=\"715acf7f-eace-48a9-ba5a-e6299d7cb9a1\" data-immersive-translate-paragraph=\"1\">1. TSA-godk\u00e4nd necess\u00e4r: (storlek 7 x 5,5 x 1,5 tum) Motsvarar p\u00e5sar i kvartsstorlek, vilket g\u00f6r den till en riktig TSA-godk\u00e4nd storlek. Dessutom \u00e4r v\u00e5r 311 resv\u00e4ska helt genomskinlig och uppfyller alla TSA-krav.<\/span><\/p>\n<p><span class=\"a-list-item\" data-immersive-translate-walked=\"715acf7f-eace-48a9-ba5a-e6299d7cb9a1\" data-immersive-translate-paragraph=\"1\">2. Extra ficka: V\u00e5r genomskinliga sminkv\u00e4ska har en extra ficka f\u00f6r bomullsrondeller, \u00f6ronproppar och sm\u00e5 f\u00f6rem\u00e5l. Denna genomskinliga blixtl\u00e5sficka har ocks\u00e5 h\u00e5llare f\u00f6r tandborste eller rakhyvel.<\/span><\/p>\n<p><span class=\"a-list-item\" data-immersive-translate-walked=\"715acf7f-eace-48a9-ba5a-e6299d7cb9a1\" data-immersive-translate-paragraph=\"1\">3. Bekv\u00e4mt handtag: Denna genomskinliga necess\u00e4r har ett litet handtag som g\u00f6r det enkelt att hantera dina toalettartiklar i badrummet. Toalettv\u00e4skan i resestorlek kan enkelt dras ut ur bagaget.<\/span><\/p>\n<p><span class=\"a-list-item\" data-immersive-translate-walked=\"715acf7f-eace-48a9-ba5a-e6299d7cb9a1\" data-immersive-translate-paragraph=\"1\">4. H\u00f6gkvalitativa material: Olanmarks genomskinliga resv\u00e4ska i kvartsstorlek \u00e4r tillverkad av h\u00e5llbar PVC-plast. V\u00e5r kosmetikav\u00e4ska f\u00f6r bilar har ocks\u00e5 en p\u00e5litlig dragkedja, vilket garanterar l\u00e5ngvarig anv\u00e4ndning och f\u00f6rvaring.<\/span><\/p>","protected":false},"featured_media":4243,"template":"","meta":{"_uag_custom_page_level_css":""},"product_brand":[],"product_cat":[53],"product_tag":[],"class_list":{"0":"post-4241","1":"product","2":"type-product","3":"status-publish","4":"has-post-thumbnail","6":"product_cat-makeup-bag","8":"first","9":"instock","10":"shipping-taxable","11":"product-type-simple"},"uagb_featured_image_src":{"full":["https:\/\/pecbag.com\/wp-content\/uploads\/2025\/06\/TSA-Approved-Quart-Size-Bag-Factory-4.jpg",2000,2000,false],"thumbnail":["https:\/\/pecbag.com\/wp-content\/uploads\/2025\/06\/TSA-Approved-Quart-Size-Bag-Factory-4-150x150.jpg",150,150,true],"medium":["https:\/\/pecbag.com\/wp-content\/uploads\/2025\/06\/TSA-Approved-Quart-Size-Bag-Factory-4-300x300.jpg",300,300,true],"medium_large":["https:\/\/pecbag.com\/wp-content\/uploads\/2025\/06\/TSA-Approved-Quart-Size-Bag-Factory-4-768x768.jpg",768,768,true],"large":["https:\/\/pecbag.com\/wp-content\/uploads\/2025\/06\/TSA-Approved-Quart-Size-Bag-Factory-4-1024x1024.jpg",800,800,true],"1536x1536":["https:\/\/pecbag.com\/wp-content\/uploads\/2025\/06\/TSA-Approved-Quart-Size-Bag-Factory-4-1536x1536.jpg",1536,1536,true],"2048x2048":["https:\/\/pecbag.com\/wp-content\/uploads\/2025\/06\/TSA-Approved-Quart-Size-Bag-Factory-4.jpg",2000,2000,false],"trp-custom-language-flag":["https:\/\/pecbag.com\/wp-content\/uploads\/2025\/06\/TSA-Approved-Quart-Size-Bag-Factory-4-12x12.jpg",12,12,true],"woocommerce_thumbnail":["https:\/\/pecbag.com\/wp-content\/uploads\/2025\/06\/TSA-Approved-Quart-Size-Bag-Factory-4-300x300.jpg",300,300,true],"woocommerce_single":["https:\/\/pecbag.com\/wp-content\/uploads\/2025\/06\/TSA-Approved-Quart-Size-Bag-Factory-4-600x600.jpg",600,600,true],"woocommerce_gallery_thumbnail":["https:\/\/pecbag.com\/wp-content\/uploads\/2025\/06\/TSA-Approved-Quart-Size-Bag-Factory-4-100x100.jpg",100,100,true]},"uagb_author_info":{"display_name":"Lawrence","author_link":"https:\/\/pecbag.com\/se\/author\/"},"uagb_comment_info":0,"uagb_excerpt":"TSA Approved Quart Size Bag Factory 1. TSA-approved toiletry bag: (size 7 x 5.5 x 1.5 inches) Matches quart-size bags, making it a true TSA-approved size. Additionally, our 311 travel bag is fully clear, meeting all TSA requirements. 2. Additional pocket: Our clear makeup bag organizer has an extra pocket for cotton discs, earplugs, and&hellip;","_links":{"self":[{"href":"https:\/\/pecbag.com\/se\/wp-json\/wp\/v2\/product\/4241","targetHints":{"allow":["GET"]}}],"collection":[{"href":"https:\/\/pecbag.com\/se\/wp-json\/wp\/v2\/product"}],"about":[{"href":"https:\/\/pecbag.com\/se\/wp-json\/wp\/v2\/types\/product"}],"wp:featuredmedia":[{"embeddable":true,"href":"https:\/\/pecbag.com\/se\/wp-json\/wp\/v2\/media\/4243"}],"wp:attachment":[{"href":"https:\/\/pecbag.com\/se\/wp-json\/wp\/v2\/media?parent=4241"}],"wp:term":[{"taxonomy":"product_brand","embeddable":true,"href":"https:\/\/pecbag.com\/se\/wp-json\/wp\/v2\/product_brand?post=4241"},{"taxonomy":"product_cat","embeddable":true,"href":"https:\/\/pecbag.com\/se\/wp-json\/wp\/v2\/product_cat?post=4241"},{"taxonomy":"product_tag","embeddable":true,"href":"https:\/\/pecbag.com\/se\/wp-json\/wp\/v2\/product_tag?post=4241"}],"curies":[{"name":"wp","href":"https:\/\/api.w.org\/{rel}","templated":true}]}}