{"id":4278,"date":"2025-06-30T01:45:29","date_gmt":"2025-06-30T01:45:29","guid":{"rendered":"https:\/\/pecbag.com\/?post_type=product&#038;p=4278"},"modified":"2025-11-29T01:14:00","modified_gmt":"2025-11-29T01:14:00","slug":"packable-travel-training-tactical-bag-factory","status":"publish","type":"product","link":"https:\/\/pecbag.com\/se\/packable-travel-training-tactical-bag-factory\/","title":{"rendered":"Packbar Resa Tr\u00e4ning Taktisk V\u00e4ska Fabrik"},"content":{"rendered":"<h5 title=\"Vikbar hundv\u00e4ska Andningsbar axelv\u00e4ska f\u00f6r husdjur i mesh f\u00f6r sm\u00e5 husdjur Hundar Katter\" data-immersive-translate-walked=\"1c928421-2e42-4cd3-8754-5404553c0af5\" data-immersive-translate-paragraph=\"1\" data-spm-anchor-id=\"a2700.details.0.i35.4f6757d4w4zNZA\"><strong>Packbar reseutbildning taktisk v\u00e4ska fabrik | vattent\u00e4t v\u00e4ska fabrik &amp; kompakt ryggs\u00e4ck tillverkare | hopf\u00e4llbar bulk<\/strong><\/h5>\n<p>Beh\u00f6ver du m\u00e5ngsidiga, packbara taktiska v\u00e4skor f\u00f6r resetr\u00e4ning som g\u00e5r fr\u00e5n kompakta till stridsberedda? Som en certifierad vattent\u00e4t v\u00e4skfabrik och taktisk ryggs\u00e4ckstillverkare i Kina (Tactical Bag China) konstruerar vi hopf\u00e4llbara taktiska v\u00e4skor som komprimeras till 30%-storlek samtidigt som MIL-SPEC-h\u00e5llbarhet bibeh\u00e5lls. Samarbeta med v\u00e5r Tactical Bag-tillverkare f\u00f6r Tactical Bag bulkbest\u00e4llningar - betrodd av Tactical Bag-grossister, utomhushandlare och Tactical Bag-leverant\u00f6rer globalt.<\/p>\n<div class=\"flex flex-grow flex-col max-w-full\">\n<div class=\"min-h-[20px] text-message flex w-full flex-col items-end gap-2 whitespace-pre-wrap break-words [.text-message+&amp;]:mt-5 overflow-x-auto\" dir=\"auto\" data-message-author-role=\"assistant\" data-message-id=\"3d7d46f6-7ec2-4222-9257-48fa0bba23c6\" data-suggestions=\"true\">\n<div class=\"flex w-full flex-col gap-1 empty:hidden first:pt-[3px]\">\n<div class=\"markdown prose w-full break-words dark:prose-invert light\">\n<table width=\"288\">\n<tbody>\n<tr>\n<td width=\"137\"><span style=\"color: #333333;\">Produkter Namn<\/span><\/td>\n<td width=\"151\">Taktisk v\u00e4ska<\/td>\n<\/tr>\n<tr>\n<td><span style=\"color: #333333;\">Artikel nr.<\/span><\/td>\n<td><span style=\"color: #333333;\">PB-2130<\/span><\/td>\n<\/tr>\n<tr>\n<td><span style=\"color: #333333;\">Material<\/span><\/td>\n<td>600D polyester<\/td>\n<\/tr>\n<tr>\n<td><span style=\"color: #333333;\">Storlek<\/span><\/td>\n<td>63 x 33 x 29 cm<\/td>\n<\/tr>\n<tr>\n<td><span style=\"color: #333333;\">\u00a0Leveranstid<\/span><\/td>\n<td><span style=\"color: #333333;\">1-5 dagar f\u00f6r liten m\u00e4ngd med flyg och 30-35 dagar f\u00f6r stor m\u00e4ngd till sj\u00f6ss<\/span><\/td>\n<\/tr>\n<\/tbody>\n<\/table>\n<p class=\"ds-markdown-paragraph\">\u2705\u00a0<strong>Varf\u00f6r utbildningscenter och resebyr\u00e5er v\u00e4ljer oss:<\/strong><\/p>\n<ul>\n<li>\n<p class=\"ds-markdown-paragraph\"><strong>3-i-1-funktionalitet<\/strong>: F\u00e4lls ut fr\u00e5n dagsryggs\u00e4ck (20 liter) till uppdragsv\u00e4ska (40 liter) p\u00e5 10 sekunder<\/p>\n<\/li>\n<li>\n<p class=\"ds-markdown-paragraph\">Taktisk v\u00e4ska ODM \/ OEM med kompletta taktiska v\u00e4ska privata etikettj\u00e4nster<\/p>\n<\/li>\n<li>\n<p class=\"ds-markdown-paragraph\">L\u00e5g MOQ taktisk v\u00e4ska bulkproduktion<\/p>\n<\/li>\n<li>\n<p class=\"ds-markdown-paragraph\">Snabb export av taktiska v\u00e4skor fr\u00e5n v\u00e5r ISO-certifierade fabrik f\u00f6r taktiska v\u00e4skor<\/p>\n<\/li>\n<li>\n<p class=\"ds-markdown-paragraph\">Tillverkar \u00e4ven sminkv\u00e4skor i bulk f\u00f6r kosmetikam\u00e4rken<\/p>\n<\/li>\n<\/ul>\n<p class=\"ds-markdown-paragraph\">\ud83c\udf92\u00a0<strong>Drifts\u00e4ttningsklara funktioner:<\/strong><br \/>\n- Ultrapackbar 420D ripstop (kan vikas till en 8\u2033x5\u2033 p\u00e5se)<br \/>\n- Vattent\u00e4t TPU-bel\u00e4ggning + MOLLE-kompatibel n\u00e4r den \u00e4r utf\u00e4lld<br \/>\n- Dold dokumentficka + RFID-blockerande ficka<br \/>\n- Anpassade konfigurationer via Tactical Bag OEM<\/p>\n<p class=\"ds-markdown-paragraph\">Perfekt f\u00f6r f\u00f6retag som s\u00e4ljer taktiska v\u00e4skor, fitnessdistribut\u00f6rer och n\u00e4tverk av leverant\u00f6rer av taktiska v\u00e4skor. Beg\u00e4r GRATIS demovisningar av packbarhet fr\u00e5n din dedikerade tillverkare av taktiska v\u00e4skor idag!<\/p>\n<\/div>\n<\/div>\n<\/div>\n<\/div>","protected":false},"excerpt":{"rendered":"<h2 data-immersive-translate-walked=\"344be1c1-5052-41eb-8fcd-0dbe236a0d6b\" data-immersive-translate-paragraph=\"1\">Packbar Resa Tr\u00e4ning Taktisk V\u00e4ska Fabrik<\/h2>\n<div class=\"sliderTable mt10 mb10 sliderTable-index0\">\n<div class=\"inner\">\n<div>Den kan anv\u00e4ndas som en taktisk v\u00e4ska, tr\u00e4ningsv\u00e4ska, resv\u00e4ska, fitnessv\u00e4ska, gymv\u00e4ska f\u00f6r m\u00e4n och kvinnor.<\/div>\n<\/div>\n<\/div>","protected":false},"featured_media":4282,"template":"","meta":{"_uag_custom_page_level_css":""},"product_brand":[],"product_cat":[55,63,68],"product_tag":[],"class_list":{"0":"post-4278","1":"product","2":"type-product","3":"status-publish","4":"has-post-thumbnail","6":"product_cat-tactical-bag","7":"product_cat-duffel-bag","8":"product_cat-travel-bag","10":"first","11":"instock","12":"shipping-taxable","13":"product-type-simple"},"uagb_featured_image_src":{"full":["https:\/\/pecbag.com\/wp-content\/uploads\/2025\/06\/Packable-Travel-Training-Tactical-Bag-Factory-2.jpg",1000,1000,false],"thumbnail":["https:\/\/pecbag.com\/wp-content\/uploads\/2025\/06\/Packable-Travel-Training-Tactical-Bag-Factory-2-150x150.jpg",150,150,true],"medium":["https:\/\/pecbag.com\/wp-content\/uploads\/2025\/06\/Packable-Travel-Training-Tactical-Bag-Factory-2-300x300.jpg",300,300,true],"medium_large":["https:\/\/pecbag.com\/wp-content\/uploads\/2025\/06\/Packable-Travel-Training-Tactical-Bag-Factory-2-768x768.jpg",768,768,true],"large":["https:\/\/pecbag.com\/wp-content\/uploads\/2025\/06\/Packable-Travel-Training-Tactical-Bag-Factory-2.jpg",800,800,false],"1536x1536":["https:\/\/pecbag.com\/wp-content\/uploads\/2025\/06\/Packable-Travel-Training-Tactical-Bag-Factory-2.jpg",1000,1000,false],"2048x2048":["https:\/\/pecbag.com\/wp-content\/uploads\/2025\/06\/Packable-Travel-Training-Tactical-Bag-Factory-2.jpg",1000,1000,false],"trp-custom-language-flag":["https:\/\/pecbag.com\/wp-content\/uploads\/2025\/06\/Packable-Travel-Training-Tactical-Bag-Factory-2-12x12.jpg",12,12,true],"woocommerce_thumbnail":["https:\/\/pecbag.com\/wp-content\/uploads\/2025\/06\/Packable-Travel-Training-Tactical-Bag-Factory-2-300x300.jpg",300,300,true],"woocommerce_single":["https:\/\/pecbag.com\/wp-content\/uploads\/2025\/06\/Packable-Travel-Training-Tactical-Bag-Factory-2-600x600.jpg",600,600,true],"woocommerce_gallery_thumbnail":["https:\/\/pecbag.com\/wp-content\/uploads\/2025\/06\/Packable-Travel-Training-Tactical-Bag-Factory-2-100x100.jpg",100,100,true]},"uagb_author_info":{"display_name":"Lawrence","author_link":"https:\/\/pecbag.com\/se\/author\/"},"uagb_comment_info":0,"uagb_excerpt":"Packable Travel Training Tactical Bag Factory It can be used as a tactical bag, workout bag, travel bag, fitness bag, gym bag for men and women.","_links":{"self":[{"href":"https:\/\/pecbag.com\/se\/wp-json\/wp\/v2\/product\/4278","targetHints":{"allow":["GET"]}}],"collection":[{"href":"https:\/\/pecbag.com\/se\/wp-json\/wp\/v2\/product"}],"about":[{"href":"https:\/\/pecbag.com\/se\/wp-json\/wp\/v2\/types\/product"}],"wp:featuredmedia":[{"embeddable":true,"href":"https:\/\/pecbag.com\/se\/wp-json\/wp\/v2\/media\/4282"}],"wp:attachment":[{"href":"https:\/\/pecbag.com\/se\/wp-json\/wp\/v2\/media?parent=4278"}],"wp:term":[{"taxonomy":"product_brand","embeddable":true,"href":"https:\/\/pecbag.com\/se\/wp-json\/wp\/v2\/product_brand?post=4278"},{"taxonomy":"product_cat","embeddable":true,"href":"https:\/\/pecbag.com\/se\/wp-json\/wp\/v2\/product_cat?post=4278"},{"taxonomy":"product_tag","embeddable":true,"href":"https:\/\/pecbag.com\/se\/wp-json\/wp\/v2\/product_tag?post=4278"}],"curies":[{"name":"wp","href":"https:\/\/api.w.org\/{rel}","templated":true}]}}