{"id":4285,"date":"2025-07-02T06:12:44","date_gmt":"2025-07-02T06:12:44","guid":{"rendered":"https:\/\/pecbag.com\/?post_type=product&#038;p=4285"},"modified":"2025-11-29T01:13:52","modified_gmt":"2025-11-29T01:13:52","slug":"magazine-slots-tactical-duffle-bag-vendor","status":"publish","type":"product","link":"https:\/\/pecbag.com\/se\/magazine-slots-tactical-duffle-bag-vendor\/","title":{"rendered":"Magasinplatser Taktisk Duffle Bag S\u00e4ljare"},"content":{"rendered":"<h5 title=\"Vikbar hundv\u00e4ska Andningsbar axelv\u00e4ska f\u00f6r husdjur i mesh f\u00f6r sm\u00e5 husdjur Hundar Katter\" data-immersive-translate-walked=\"1c928421-2e42-4cd3-8754-5404553c0af5\" data-immersive-translate-paragraph=\"1\" data-spm-anchor-id=\"a2700.details.0.i35.4f6757d4w4zNZA\"><strong>Magasinplatser Taktisk duffelv\u00e4ska Leverant\u00f6r | Vattent\u00e4t v\u00e4skfabrik och taktisk ryggs\u00e4ckstillverkare | Duty-Ready Bulk<\/strong><\/h5>\n<p>Beh\u00f6ver du taktiska duffelv\u00e4skor med specialiserade magasinplatser f\u00f6r milit\u00e4r- eller s\u00e4kerhetsdistribut\u00f6rer? Som en certifierad vattent\u00e4t v\u00e4skfabrik och taktisk ryggs\u00e4ckstillverkare i Kina (Tactical Bag China) konstruerar vi uppdragsklara dufflar med snabb\u00e5tkomliga ammunitionsfack, MOLLE-paneler och neds\u00e4nkbart skydd. Samarbeta med v\u00e5r tillverkare av taktiska v\u00e4skor f\u00f6r bulkbest\u00e4llningar av taktiska v\u00e4skor - betrodda av regeringsleverant\u00f6rer och leverant\u00f6rer av taktiska v\u00e4skor \u00f6ver hela v\u00e4rlden.<\/p>\n<div class=\"flex flex-grow flex-col max-w-full\">\n<div class=\"min-h-[20px] text-message flex w-full flex-col items-end gap-2 whitespace-pre-wrap break-words [.text-message+&amp;]:mt-5 overflow-x-auto\" dir=\"auto\" data-message-author-role=\"assistant\" data-message-id=\"3d7d46f6-7ec2-4222-9257-48fa0bba23c6\" data-suggestions=\"true\">\n<div class=\"flex w-full flex-col gap-1 empty:hidden first:pt-[3px]\">\n<div class=\"markdown prose w-full break-words dark:prose-invert light\">\n<table width=\"288\">\n<tbody>\n<tr>\n<td width=\"137\"><span style=\"color: #333333;\">Produkter Namn<\/span><\/td>\n<td width=\"151\">Taktisk v\u00e4ska<\/td>\n<\/tr>\n<tr>\n<td><span style=\"color: #333333;\">Artikel nr.<\/span><\/td>\n<td><span style=\"color: #333333;\">PB-2131<\/span><\/td>\n<\/tr>\n<tr>\n<td><span style=\"color: #333333;\">Material<\/span><\/td>\n<td>600D polyester<\/td>\n<\/tr>\n<tr>\n<td><span style=\"color: #333333;\">Storlek<\/span><\/td>\n<td>42 x 32 x 23 cm<\/td>\n<\/tr>\n<tr>\n<td><span style=\"color: #333333;\">\u00a0Leveranstid<\/span><\/td>\n<td><span style=\"color: #333333;\">1-5 dagar f\u00f6r liten m\u00e4ngd med flyg och 30-35 dagar f\u00f6r stor m\u00e4ngd till sj\u00f6ss<\/span><\/td>\n<\/tr>\n<\/tbody>\n<\/table>\n<p class=\"ds-markdown-paragraph\">\u2705\u00a0<strong>Varf\u00f6r taktiska distribut\u00f6rer v\u00e4ljer oss:<\/strong><\/p>\n<ul>\n<li>\n<p class=\"ds-markdown-paragraph\"><strong>Design f\u00f6r snabb omladdning<\/strong>: Dedikerade magasinplatser (passar 8+ standardmagasin) + avrivbar adminpanel<\/p>\n<\/li>\n<li>\n<p class=\"ds-markdown-paragraph\">Taktisk v\u00e4ska ODM \/ OEM med fullst\u00e4ndiga taktiska v\u00e4ska privata etikettj\u00e4nster<\/p>\n<\/li>\n<li>\n<p class=\"ds-markdown-paragraph\">L\u00e5g MOQ taktisk v\u00e4ska bulkproduktion<\/p>\n<\/li>\n<li>\n<p class=\"ds-markdown-paragraph\">Diskret taktisk v\u00e4ska export fr\u00e5n v\u00e5r s\u00e4kra taktiska v\u00e4ska fabrik<\/p>\n<\/li>\n<li>\n<p class=\"ds-markdown-paragraph\">Producerar ocks\u00e5 Makeup Bag bulk f\u00f6r kommersiella varum\u00e4rken<\/p>\n<\/li>\n<\/ul>\n<p class=\"ds-markdown-paragraph\">\ud83c\udf92\u00a0<strong>F\u00e4ltbepr\u00f6vade funktioner:<\/strong><br \/>\n- IPX7 vattent\u00e4tt huvudfack + dr\u00e4neringsgenomf\u00f6ringar<br \/>\n- 1000D Cordura-nylon med n\u00f6tningsbest\u00e4ndig botten<br \/>\n- Konvertibelt b\u00e4rsystem (axel\/ryggs\u00e4ck\/handtag)<br \/>\n- Anpassade sp\u00e5rkonfigurationer viaTactical Bag OEM<\/p>\n<p class=\"ds-markdown-paragraph\">Perfekt f\u00f6r f\u00f6retag som s\u00e4ljer taktiska v\u00e4skor, f\u00f6rsvarsdistribut\u00f6rer och n\u00e4tverk av leverant\u00f6rer av taktiska v\u00e4skor. Beg\u00e4r GRATIS demovideor fr\u00e5n din dedikerade Tactical Bag-leverant\u00f6r idag!<\/p>\n<\/div>\n<\/div>\n<\/div>\n<\/div>","protected":false},"excerpt":{"rendered":"<h2 data-immersive-translate-walked=\"344be1c1-5052-41eb-8fcd-0dbe236a0d6b\" data-immersive-translate-paragraph=\"1\">Magasinplatser Taktisk Duffle Bag S\u00e4ljare<\/h2>\n<div class=\"sliderTable mt10 mb10 sliderTable-index0\">\n<div class=\"inner\">\n<p><strong>1. STOR KAPACITET: <\/strong>Den fr\u00e4mre blixtl\u00e5sf\u00f6rsedda fickan med 9 fack rymmer tidskrifter och h\u00f6rselk\u00e5por. 2 framfickor med Molle-rem, 2 sidofickor med dragkedja och 1 flaskh\u00e5llare rymmer telefon, pl\u00e5nbok, ammunition, skjutglas\u00f6gon, flaska och s\u00e5 vidare. Bakfickan ger ocks\u00e5 utrymme f\u00f6r att f\u00f6rvara dina skjuttillbeh\u00f6r.<\/p>\n<p><strong>2. MOLLE SYSTEM: <\/strong>MOLLE-banden p\u00e5 framsidan och sidorna ut\u00f6kar f\u00f6rvaringskapaciteten ytterligare och ger v\u00e4skan ett snyggt utseende. Du kan f\u00e4sta dina MOLLE-p\u00e5sar och utrustning f\u00f6r att b\u00e4ra mer avst\u00e5ndsutrustning och andra viktiga saker.<\/p>\n<\/div>\n<\/div>","protected":false},"featured_media":4286,"template":"","meta":{"_uag_custom_page_level_css":""},"product_brand":[],"product_cat":[55,63],"product_tag":[],"class_list":{"0":"post-4285","1":"product","2":"type-product","3":"status-publish","4":"has-post-thumbnail","6":"product_cat-tactical-bag","7":"product_cat-duffel-bag","9":"first","10":"instock","11":"shipping-taxable","12":"product-type-simple"},"uagb_featured_image_src":{"full":["https:\/\/pecbag.com\/wp-content\/uploads\/2025\/07\/Magazine-Slots-Tactical-Duffle-Bag-Vendor-6.jpg",800,800,false],"thumbnail":["https:\/\/pecbag.com\/wp-content\/uploads\/2025\/07\/Magazine-Slots-Tactical-Duffle-Bag-Vendor-6-150x150.jpg",150,150,true],"medium":["https:\/\/pecbag.com\/wp-content\/uploads\/2025\/07\/Magazine-Slots-Tactical-Duffle-Bag-Vendor-6-300x300.jpg",300,300,true],"medium_large":["https:\/\/pecbag.com\/wp-content\/uploads\/2025\/07\/Magazine-Slots-Tactical-Duffle-Bag-Vendor-6-768x768.jpg",768,768,true],"large":["https:\/\/pecbag.com\/wp-content\/uploads\/2025\/07\/Magazine-Slots-Tactical-Duffle-Bag-Vendor-6.jpg",800,800,false],"1536x1536":["https:\/\/pecbag.com\/wp-content\/uploads\/2025\/07\/Magazine-Slots-Tactical-Duffle-Bag-Vendor-6.jpg",800,800,false],"2048x2048":["https:\/\/pecbag.com\/wp-content\/uploads\/2025\/07\/Magazine-Slots-Tactical-Duffle-Bag-Vendor-6.jpg",800,800,false],"trp-custom-language-flag":["https:\/\/pecbag.com\/wp-content\/uploads\/2025\/07\/Magazine-Slots-Tactical-Duffle-Bag-Vendor-6-12x12.jpg",12,12,true],"woocommerce_thumbnail":["https:\/\/pecbag.com\/wp-content\/uploads\/2025\/07\/Magazine-Slots-Tactical-Duffle-Bag-Vendor-6-300x300.jpg",300,300,true],"woocommerce_single":["https:\/\/pecbag.com\/wp-content\/uploads\/2025\/07\/Magazine-Slots-Tactical-Duffle-Bag-Vendor-6-600x600.jpg",600,600,true],"woocommerce_gallery_thumbnail":["https:\/\/pecbag.com\/wp-content\/uploads\/2025\/07\/Magazine-Slots-Tactical-Duffle-Bag-Vendor-6-100x100.jpg",100,100,true]},"uagb_author_info":{"display_name":"Lawrence","author_link":"https:\/\/pecbag.com\/se\/author\/"},"uagb_comment_info":0,"uagb_excerpt":"Magazine Slots Tactical Duffle Bag Vendor 1. LARGE CAPACITY: The front zippered pocket with 9 slots can carry magazines and earmuffs. 2 front pockets with Molle webbing strap, 2 sides zipped pockets, and 1 bottle holder can carry your phone, wallet, ammo, shooting glasses, bottle, and so on. The back pocket also provides space to&hellip;","_links":{"self":[{"href":"https:\/\/pecbag.com\/se\/wp-json\/wp\/v2\/product\/4285","targetHints":{"allow":["GET"]}}],"collection":[{"href":"https:\/\/pecbag.com\/se\/wp-json\/wp\/v2\/product"}],"about":[{"href":"https:\/\/pecbag.com\/se\/wp-json\/wp\/v2\/types\/product"}],"wp:featuredmedia":[{"embeddable":true,"href":"https:\/\/pecbag.com\/se\/wp-json\/wp\/v2\/media\/4286"}],"wp:attachment":[{"href":"https:\/\/pecbag.com\/se\/wp-json\/wp\/v2\/media?parent=4285"}],"wp:term":[{"taxonomy":"product_brand","embeddable":true,"href":"https:\/\/pecbag.com\/se\/wp-json\/wp\/v2\/product_brand?post=4285"},{"taxonomy":"product_cat","embeddable":true,"href":"https:\/\/pecbag.com\/se\/wp-json\/wp\/v2\/product_cat?post=4285"},{"taxonomy":"product_tag","embeddable":true,"href":"https:\/\/pecbag.com\/se\/wp-json\/wp\/v2\/product_tag?post=4285"}],"curies":[{"name":"wp","href":"https:\/\/api.w.org\/{rel}","templated":true}]}}