{"id":4299,"date":"2025-07-03T02:09:44","date_gmt":"2025-07-03T02:09:44","guid":{"rendered":"https:\/\/pecbag.com\/?post_type=product&#038;p=4299"},"modified":"2025-11-28T09:40:34","modified_gmt":"2025-11-28T09:40:34","slug":"hot-sale-assault-pack-tactical-backpack-vendors","status":"publish","type":"product","link":"https:\/\/pecbag.com\/se\/hot-sale-assault-pack-tactical-backpack-vendors\/","title":{"rendered":"Hot Sale Assault Pack Taktisk ryggs\u00e4ck Leverant\u00f6rer"},"content":{"rendered":"<h5 title=\"Vikbar hundv\u00e4ska Andningsbar axelv\u00e4ska f\u00f6r husdjur i mesh f\u00f6r sm\u00e5 husdjur Hundar Katter\" data-immersive-translate-walked=\"1c928421-2e42-4cd3-8754-5404553c0af5\" data-immersive-translate-paragraph=\"1\" data-spm-anchor-id=\"a2700.details.0.i35.4f6757d4w4zNZA\"><strong>Hot Sale Assault Pack Taktiska ryggs\u00e4ckleverant\u00f6rer | Vattent\u00e4t v\u00e4ska fabrik &amp; milit\u00e4r ryggs\u00e4ck tillverkare | stridsberedd bulk<\/strong><\/h5>\n<p>Beh\u00f6ver du hett s\u00e4ljande taktiska ryggs\u00e4ckar som flyger av dina hyllor? <span style=\"color: #ffffff;\">Hot Sale Assault Pack Taktisk ryggs\u00e4ck Leverant\u00f6rer\u00a0<\/span><\/p>\n<p>Som en certifierad vattent\u00e4t v\u00e4skfabrik och taktisk ryggs\u00e4ckstillverkare i Tactical Bag China, konstruerar vi topps\u00e4ljande attackpaket med MOLLE \u00f6verbelastningskapacitet, neds\u00e4nkbart skydd och stridstestad h\u00e5llbarhet.<\/p>\n<p>Samarbeta med oss, din bepr\u00f6vade Hot Sale Assault Pack Tactical Backpack Vendors, f\u00f6r taktiska v\u00e4skor bulkbest\u00e4llningar - leverera taktiska v\u00e4skor grossister, milit\u00e4ra butiker och taktiska v\u00e4skor leverant\u00f6rer globalt.<\/p>\n<div class=\"flex flex-grow flex-col max-w-full\">\n<div class=\"min-h-[20px] text-message flex w-full flex-col items-end gap-2 whitespace-pre-wrap break-words [.text-message+&amp;]:mt-5 overflow-x-auto\" dir=\"auto\" data-message-author-role=\"assistant\" data-message-id=\"3d7d46f6-7ec2-4222-9257-48fa0bba23c6\" data-suggestions=\"true\">\n<div class=\"flex w-full flex-col gap-1 empty:hidden first:pt-[3px]\">\n<div class=\"markdown prose w-full break-words dark:prose-invert light\">\n<table width=\"288\">\n<tbody>\n<tr>\n<td width=\"137\"><span style=\"color: #333333;\">Produkter Namn<\/span><\/td>\n<td width=\"151\">Taktisk v\u00e4ska<\/td>\n<\/tr>\n<tr>\n<td><span style=\"color: #333333;\">Artikel nr.<\/span><\/td>\n<td><span style=\"color: #333333;\">PB-2133<\/span><\/td>\n<\/tr>\n<tr>\n<td><span style=\"color: #333333;\">Material<\/span><\/td>\n<td>600D polyester<\/td>\n<\/tr>\n<tr>\n<td><span style=\"color: #333333;\">Storlek<\/span><\/td>\n<td>45 x 28 x 25 cm<\/td>\n<\/tr>\n<tr>\n<td><span style=\"color: #333333;\">\u00a0Leveranstid<\/span><\/td>\n<td><span style=\"color: #333333;\">1-5 dagar f\u00f6r liten m\u00e4ngd med flyg och 30-35 dagar f\u00f6r stor m\u00e4ngd till sj\u00f6ss<\/span><\/td>\n<\/tr>\n<\/tbody>\n<\/table>\n<p class=\"ds-markdown-paragraph\">\ud83d\udd25\u00a0<strong>Varf\u00f6r distribut\u00f6rer lagerh\u00e5ller v\u00e5ra f\u00f6rpackningar:<\/strong><\/p>\n<ul>\n<li>\n<p class=\"ds-markdown-paragraph\"><strong>Bestseller Blueprint<\/strong>: 3X snabbare f\u00f6rs\u00e4ljningshastighet \u00e4n vanliga taktiska f\u00f6rpackningar (enligt 2025 \u00e5rs branschrapporter)<\/p>\n<\/li>\n<li>\n<p class=\"ds-markdown-paragraph\">Taktisk v\u00e4ska ODM \/ OEM med fullst\u00e4ndiga taktiska v\u00e4ska privata etikettj\u00e4nster<\/p>\n<\/li>\n<li>\n<p class=\"ds-markdown-paragraph\">L\u00e5g MOQ taktisk v\u00e4ska bulkproduktion<\/p>\n<\/li>\n<li>\n<p class=\"ds-markdown-paragraph\">Snabb export av taktiska v\u00e4skor fr\u00e5n v\u00e5r ISO-certifierade fabrik f\u00f6r taktiska v\u00e4skor<\/p>\n<\/li>\n<li>\n<p class=\"ds-markdown-paragraph\">Producerar ocks\u00e5 Makeup Bag bulk f\u00f6r kommersiella linjer<\/p>\n<\/li>\n<\/ul>\n<p class=\"ds-markdown-paragraph\">\u26a1\u00a0<strong>Combat-Proven Funktioner:<\/strong><br \/>\n- 50L expanderbar kapacitet + 360\u00b0 MOLLE\/PALS-t\u00e4ckning<br \/>\n- IPX7 vattent\u00e4tt huvudfack + sj\u00e4lvdr\u00e4nerande botten<br \/>\n- Snabb\u00e5tkomlig adminpanel + dolt CCW-fack<br \/>\n- Anpassade konfigurationer via Tactical Bag OEM<\/p>\n<p class=\"ds-markdown-paragraph\">Idealisk f\u00f6r ink\u00f6pare av taktiska v\u00e4skor, f\u00f6rsvarshandlare och n\u00e4tverk av leverant\u00f6rer av taktiska v\u00e4skor. G\u00f6r anspr\u00e5k p\u00e5 din Q3-b\u00e4sts\u00e4ljarallokering fr\u00e5n din dedikerade tillverkare av taktiska v\u00e4skor idag!<\/p>\n<\/div>\n<\/div>\n<\/div>\n<\/div>","protected":false},"excerpt":{"rendered":"<h2 data-immersive-translate-walked=\"344be1c1-5052-41eb-8fcd-0dbe236a0d6b\" data-immersive-translate-paragraph=\"1\">Hot Sale Assault Pack Taktisk ryggs\u00e4ck Leverant\u00f6rer<\/h2>\n<div class=\"sliderTable mt10 mb10 sliderTable-index0\">\n<div class=\"inner\">\n<p>1. Axelremmarna \u00e4r vadderade.<\/p>\n<p>2. Avtagbart midjeb\u00e4lte med snabbsp\u00e4nne.<\/p>\n<p>3. Ryggs\u00e4ckens baksida \u00e4r n\u00e4tkl\u00e4dd och vadderad f\u00f6r \u00f6kad komfort.<\/p>\n<p>4. Ta tag i handtaget p\u00e5 ovansidan.<\/p>\n<p>5. 6 kompressionss\u00e4ckar runt s\u00e4cken s\u00e5 att du inte kan stoppa in din jacka i remmarna f\u00f6r att underl\u00e4tta b\u00e4randet, eller dra helt enkelt \u00e5t remmarna f\u00f6r att komprimera s\u00e4cken mindre.<\/p>\n<p>6. Alla dragkedjor \u00e4r kraftiga tv\u00e5v\u00e4gsdragkedjor.<\/p>\n<p>7. Fickhylsa p\u00e5 baksidan f\u00f6r en v\u00e4tskebl\u00e5sa (v\u00e4tskebl\u00e5sa ing\u00e5r ej).<\/p>\n<\/div>\n<\/div>","protected":false},"featured_media":4303,"template":"","meta":{"_uag_custom_page_level_css":""},"product_brand":[],"product_cat":[55,60],"product_tag":[],"class_list":{"0":"post-4299","1":"product","2":"type-product","3":"status-publish","4":"has-post-thumbnail","6":"product_cat-tactical-bag","7":"product_cat-backpack","9":"first","10":"instock","11":"shipping-taxable","12":"product-type-simple"},"uagb_featured_image_src":{"full":["https:\/\/pecbag.com\/wp-content\/uploads\/2025\/07\/Hot-Sale-Assault-Pack-Tactical-Backpack-Vendors-5.jpg",650,650,false],"thumbnail":["https:\/\/pecbag.com\/wp-content\/uploads\/2025\/07\/Hot-Sale-Assault-Pack-Tactical-Backpack-Vendors-5-150x150.jpg",150,150,true],"medium":["https:\/\/pecbag.com\/wp-content\/uploads\/2025\/07\/Hot-Sale-Assault-Pack-Tactical-Backpack-Vendors-5-300x300.jpg",300,300,true],"medium_large":["https:\/\/pecbag.com\/wp-content\/uploads\/2025\/07\/Hot-Sale-Assault-Pack-Tactical-Backpack-Vendors-5.jpg",650,650,false],"large":["https:\/\/pecbag.com\/wp-content\/uploads\/2025\/07\/Hot-Sale-Assault-Pack-Tactical-Backpack-Vendors-5.jpg",650,650,false],"1536x1536":["https:\/\/pecbag.com\/wp-content\/uploads\/2025\/07\/Hot-Sale-Assault-Pack-Tactical-Backpack-Vendors-5.jpg",650,650,false],"2048x2048":["https:\/\/pecbag.com\/wp-content\/uploads\/2025\/07\/Hot-Sale-Assault-Pack-Tactical-Backpack-Vendors-5.jpg",650,650,false],"trp-custom-language-flag":["https:\/\/pecbag.com\/wp-content\/uploads\/2025\/07\/Hot-Sale-Assault-Pack-Tactical-Backpack-Vendors-5-12x12.jpg",12,12,true],"woocommerce_thumbnail":["https:\/\/pecbag.com\/wp-content\/uploads\/2025\/07\/Hot-Sale-Assault-Pack-Tactical-Backpack-Vendors-5-300x300.jpg",300,300,true],"woocommerce_single":["https:\/\/pecbag.com\/wp-content\/uploads\/2025\/07\/Hot-Sale-Assault-Pack-Tactical-Backpack-Vendors-5-600x600.jpg",600,600,true],"woocommerce_gallery_thumbnail":["https:\/\/pecbag.com\/wp-content\/uploads\/2025\/07\/Hot-Sale-Assault-Pack-Tactical-Backpack-Vendors-5-100x100.jpg",100,100,true]},"uagb_author_info":{"display_name":"Lawrence","author_link":"https:\/\/pecbag.com\/se\/author\/"},"uagb_comment_info":0,"uagb_excerpt":"Hot Sale Assault Pack Tactical Backpack Vendors 1. Shoulder straps are padded. 2. Removable webbing waist belt with quick-release buckle. 3. The back of the pack is mesh-covered and padded for comfort. 4. Grab the handle on the top. 5. 6 compression sacks around the sack so you can't tuck in your coat into the&hellip;","_links":{"self":[{"href":"https:\/\/pecbag.com\/se\/wp-json\/wp\/v2\/product\/4299","targetHints":{"allow":["GET"]}}],"collection":[{"href":"https:\/\/pecbag.com\/se\/wp-json\/wp\/v2\/product"}],"about":[{"href":"https:\/\/pecbag.com\/se\/wp-json\/wp\/v2\/types\/product"}],"wp:featuredmedia":[{"embeddable":true,"href":"https:\/\/pecbag.com\/se\/wp-json\/wp\/v2\/media\/4303"}],"wp:attachment":[{"href":"https:\/\/pecbag.com\/se\/wp-json\/wp\/v2\/media?parent=4299"}],"wp:term":[{"taxonomy":"product_brand","embeddable":true,"href":"https:\/\/pecbag.com\/se\/wp-json\/wp\/v2\/product_brand?post=4299"},{"taxonomy":"product_cat","embeddable":true,"href":"https:\/\/pecbag.com\/se\/wp-json\/wp\/v2\/product_cat?post=4299"},{"taxonomy":"product_tag","embeddable":true,"href":"https:\/\/pecbag.com\/se\/wp-json\/wp\/v2\/product_tag?post=4299"}],"curies":[{"name":"wp","href":"https:\/\/api.w.org\/{rel}","templated":true}]}}