{"id":4314,"date":"2025-07-04T03:29:09","date_gmt":"2025-07-04T03:29:09","guid":{"rendered":"https:\/\/pecbag.com\/?post_type=product&#038;p=4314"},"modified":"2025-11-28T09:39:09","modified_gmt":"2025-11-28T09:39:09","slug":"top-camouflage-tactical-bag-manufacturer","status":"publish","type":"product","link":"https:\/\/pecbag.com\/se\/top-camouflage-tactical-bag-manufacturer\/","title":{"rendered":"Tillverkare av taktiska v\u00e4skor i kamouflage"},"content":{"rendered":"<h5 title=\"Vikbar hundv\u00e4ska Andningsbar axelv\u00e4ska f\u00f6r husdjur i mesh f\u00f6r sm\u00e5 husdjur Hundar Katter\" data-immersive-translate-walked=\"1c928421-2e42-4cd3-8754-5404553c0af5\" data-immersive-translate-paragraph=\"1\" data-spm-anchor-id=\"a2700.details.0.i35.4f6757d4w4zNZA\">Topp kamouflage taktisk v\u00e4ska tillverkare | vattent\u00e4t v\u00e4ska fabrik &amp; milit\u00e4r ryggs\u00e4ck tillverkare | taktisk leverans<\/h5>\n<p class=\"ds-markdown-paragraph\">Beh\u00f6ver du stridsklara taktiska v\u00e4skor i kamouflage direkt fr\u00e5n k\u00e4llan? Som en certifierad Camouflage Tactical Bag Manufacturer och ISO 9001 vattent\u00e4t v\u00e4skfabrik i Kina, konstruerar vi milit\u00e4rklassade ryggs\u00e4ckar med digitala \/ skogskamouflagem\u00f6nster, 1000D Cordura\u00ae-skal och IPX7 vattent\u00e4tt skydd som \u00e4r betrodda av operat\u00f6rer \u00f6ver hela v\u00e4rlden.<\/p>\n<p class=\"ds-markdown-paragraph\">Samarbeta med oss - din strategiska leverant\u00f6r av taktiska v\u00e4skor - f\u00f6r s\u00f6ml\u00f6s export av taktiska v\u00e4skor till grossister, f\u00f6rsvarsentrepren\u00f6rer och leverant\u00f6rer av taktiska v\u00e4skor globalt.<\/p>\n<div class=\"flex flex-grow flex-col max-w-full\">\n<div class=\"min-h-[20px] text-message flex w-full flex-col items-end gap-2 whitespace-pre-wrap break-words [.text-message+&amp;]:mt-5 overflow-x-auto\" dir=\"auto\" data-message-author-role=\"assistant\" data-message-id=\"3d7d46f6-7ec2-4222-9257-48fa0bba23c6\" data-suggestions=\"true\">\n<div class=\"flex w-full flex-col gap-1 empty:hidden first:pt-[3px]\">\n<div class=\"markdown prose w-full break-words dark:prose-invert light\">\n<table width=\"288\">\n<tbody>\n<tr>\n<td width=\"137\"><span style=\"color: #333333;\">Produkter Namn<\/span><\/td>\n<td width=\"151\">Taktisk v\u00e4ska<\/td>\n<\/tr>\n<tr>\n<td><span style=\"color: #333333;\">Artikel nr.<\/span><\/td>\n<td><span style=\"color: #333333;\">PB-2135<\/span><\/td>\n<\/tr>\n<tr>\n<td><span style=\"color: #333333;\">Material<\/span><\/td>\n<td>1000D polyester<\/td>\n<\/tr>\n<tr>\n<td><span style=\"color: #333333;\">Storlek<\/span><\/td>\n<td>49 x 21 x 30 cm<\/td>\n<\/tr>\n<tr>\n<td><span style=\"color: #333333;\">\u00a0Leveranstid<\/span><\/td>\n<td><span style=\"color: #333333;\">1-5 dagar f\u00f6r liten m\u00e4ngd med flyg och 30-35 dagar f\u00f6r stor m\u00e4ngd till sj\u00f6ss<\/span><\/td>\n<\/tr>\n<\/tbody>\n<\/table>\n<p class=\"ds-markdown-paragraph\"><strong>Varf\u00f6r elitdistribut\u00f6rer v\u00e4ljer oss:<\/strong><br \/>\n\u2705\u00a0<strong>Bag Bestsellers:<\/strong>\u00a03X snabbare oms\u00e4ttning p\u00e5 hyllorna j\u00e4mf\u00f6rt med vanliga taktiska f\u00f6rpackningar<br \/>\n\u2705 Full taktisk v\u00e4ska ODM \/ OEM &amp; taktisk v\u00e4ska privat etikett<br \/>\n\u2705 L\u00e5g MOQ taktisk v\u00e4ska bulk<br \/>\n\u2705 Snabb leverans fr\u00e5n v\u00e5r fabrik f\u00f6r taktiska v\u00e4skor<br \/>\n\u2705 Dubbel produktion: Kamouflage taktiska v\u00e4skor + sminkv\u00e4ska bulk<\/p>\n<p class=\"ds-markdown-paragraph\"><strong>Uppdragskritiska specifikationer:<\/strong><br \/>\n- MIL-STD kamouflagem\u00f6nster (MultiCam\u00ae\/Woodland\/Urban)<br \/>\n- Dr\u00e4nkbara t\u00e4tade s\u00f6mmar + sj\u00e4lvdr\u00e4nerande baser<br \/>\n- 360\u00b0 MOLLE\/PALS webbing + dolda CCW-fack<br \/>\n- Anpassade konfigurationer via Tactical Bag OEM<\/p>\n<p class=\"ds-markdown-paragraph\">Perfekt f\u00f6r Tactical Bag Company-k\u00f6pare, milit\u00e4ra f\u00f6rs\u00e4ljningsst\u00e4llen och Tactical Bag-grossistn\u00e4tverk. Beg\u00e4r din katalog fr\u00e5n Kinas ledande tillverkare av taktiska v\u00e4skor i kamouflage idag!<\/p>\n<\/div>\n<\/div>\n<\/div>\n<\/div>","protected":false},"excerpt":{"rendered":"<h2 data-immersive-translate-walked=\"344be1c1-5052-41eb-8fcd-0dbe236a0d6b\" data-immersive-translate-paragraph=\"1\">Tillverkare av taktiska v\u00e4skor i kamouflage<\/h2>\n<div class=\"sliderTable mt10 mb10 sliderTable-index0\">\n<div class=\"inner\">\n<div>1. Tillverkad av kraftig, slitstark polyester.<\/div>\n<div>2. Det rymliga huvudfacket ger dig plats f\u00f6r kl\u00e4der eller taktisk utrustning.<br \/>\n3. Trik\u00e5fodrad ficka f\u00f6r att skydda glas\u00f6gonen.<\/div>\n<div>4. Kompressionsremmar p\u00e5 sidan f\u00f6r att komprimera din last.<\/div>\n<div>5. H\u00e5llare f\u00f6r lappar med kardborreband.<\/div>\n<\/div>\n<\/div>","protected":false},"featured_media":4319,"template":"","meta":{"_uag_custom_page_level_css":""},"product_brand":[],"product_cat":[55,60],"product_tag":[],"class_list":{"0":"post-4314","1":"product","2":"type-product","3":"status-publish","4":"has-post-thumbnail","6":"product_cat-tactical-bag","7":"product_cat-backpack","9":"first","10":"instock","11":"shipping-taxable","12":"product-type-simple"},"uagb_featured_image_src":{"full":["https:\/\/pecbag.com\/wp-content\/uploads\/2025\/07\/Camouflage-Tactical-Bag-Manufacturer-1.jpg",710,708,false],"thumbnail":["https:\/\/pecbag.com\/wp-content\/uploads\/2025\/07\/Camouflage-Tactical-Bag-Manufacturer-1-150x150.jpg",150,150,true],"medium":["https:\/\/pecbag.com\/wp-content\/uploads\/2025\/07\/Camouflage-Tactical-Bag-Manufacturer-1-300x300.jpg",300,300,true],"medium_large":["https:\/\/pecbag.com\/wp-content\/uploads\/2025\/07\/Camouflage-Tactical-Bag-Manufacturer-1.jpg",710,708,false],"large":["https:\/\/pecbag.com\/wp-content\/uploads\/2025\/07\/Camouflage-Tactical-Bag-Manufacturer-1.jpg",710,708,false],"1536x1536":["https:\/\/pecbag.com\/wp-content\/uploads\/2025\/07\/Camouflage-Tactical-Bag-Manufacturer-1.jpg",710,708,false],"2048x2048":["https:\/\/pecbag.com\/wp-content\/uploads\/2025\/07\/Camouflage-Tactical-Bag-Manufacturer-1.jpg",710,708,false],"trp-custom-language-flag":["https:\/\/pecbag.com\/wp-content\/uploads\/2025\/07\/Camouflage-Tactical-Bag-Manufacturer-1-12x12.jpg",12,12,true],"woocommerce_thumbnail":["https:\/\/pecbag.com\/wp-content\/uploads\/2025\/07\/Camouflage-Tactical-Bag-Manufacturer-1-300x300.jpg",300,300,true],"woocommerce_single":["https:\/\/pecbag.com\/wp-content\/uploads\/2025\/07\/Camouflage-Tactical-Bag-Manufacturer-1-600x598.jpg",600,598,true],"woocommerce_gallery_thumbnail":["https:\/\/pecbag.com\/wp-content\/uploads\/2025\/07\/Camouflage-Tactical-Bag-Manufacturer-1-100x100.jpg",100,100,true]},"uagb_author_info":{"display_name":"Lawrence","author_link":"https:\/\/pecbag.com\/se\/author\/"},"uagb_comment_info":0,"uagb_excerpt":"Camouflage Tactical Bag Manufacturer 1. Constructed of heavyweight, durable polyester. 2. Spacious main compartment gives you space for clothing or tactical gear. 3. Tricot-lined pocket to protect eyewear. 4. Side compression straps to condense your load. 5. Hook and loop patch holders.","_links":{"self":[{"href":"https:\/\/pecbag.com\/se\/wp-json\/wp\/v2\/product\/4314","targetHints":{"allow":["GET"]}}],"collection":[{"href":"https:\/\/pecbag.com\/se\/wp-json\/wp\/v2\/product"}],"about":[{"href":"https:\/\/pecbag.com\/se\/wp-json\/wp\/v2\/types\/product"}],"wp:featuredmedia":[{"embeddable":true,"href":"https:\/\/pecbag.com\/se\/wp-json\/wp\/v2\/media\/4319"}],"wp:attachment":[{"href":"https:\/\/pecbag.com\/se\/wp-json\/wp\/v2\/media?parent=4314"}],"wp:term":[{"taxonomy":"product_brand","embeddable":true,"href":"https:\/\/pecbag.com\/se\/wp-json\/wp\/v2\/product_brand?post=4314"},{"taxonomy":"product_cat","embeddable":true,"href":"https:\/\/pecbag.com\/se\/wp-json\/wp\/v2\/product_cat?post=4314"},{"taxonomy":"product_tag","embeddable":true,"href":"https:\/\/pecbag.com\/se\/wp-json\/wp\/v2\/product_tag?post=4314"}],"curies":[{"name":"wp","href":"https:\/\/api.w.org\/{rel}","templated":true}]}}