{"id":4398,"date":"2025-07-07T01:03:48","date_gmt":"2025-07-07T01:03:48","guid":{"rendered":"https:\/\/pecbag.com\/?post_type=product&#038;p=4398"},"modified":"2025-11-28T09:36:20","modified_gmt":"2025-11-28T09:36:20","slug":"china-laptop-messenger-bag-factory","status":"publish","type":"product","link":"https:\/\/pecbag.com\/se\/china-laptop-messenger-bag-factory\/","title":{"rendered":"Kina Laptop Messenger Bag Factory"},"content":{"rendered":"<h5 title=\"Vikbar hundv\u00e4ska Andningsbar axelv\u00e4ska f\u00f6r husdjur i mesh f\u00f6r sm\u00e5 husdjur Hundar Katter\" data-immersive-translate-walked=\"1c928421-2e42-4cd3-8754-5404553c0af5\" data-immersive-translate-paragraph=\"1\" data-spm-anchor-id=\"a2700.details.0.i35.4f6757d4w4zNZA\">Topp Kina Laptop Messenger Bag Factory | Vattent\u00e4t v\u00e4ska Factory &amp; Professionell ryggs\u00e4ckstillverkare | Bulk Export<\/h5>\n<div class=\"flex flex-grow flex-col max-w-full\">\n<div class=\"min-h-[20px] text-message flex w-full flex-col items-end gap-2 whitespace-pre-wrap break-words [.text-message+&amp;]:mt-5 overflow-x-auto\" dir=\"auto\" data-message-author-role=\"assistant\" data-message-id=\"3d7d46f6-7ec2-4222-9257-48fa0bba23c6\" data-suggestions=\"true\">\n<div class=\"flex w-full flex-col gap-1 empty:hidden first:pt-[3px]\">\n<div class=\"markdown prose w-full break-words dark:prose-invert light\">\n<p class=\"ds-markdown-paragraph\"><strong>Beh\u00f6ver du premiumv\u00e4skor f\u00f6r b\u00e4rbara datorer som skickas direkt fr\u00e5n Kina?<\/strong>\u00a0Som en ledande China Laptop Messenger Bag Factory och ISO-certifierad vattent\u00e4t v\u00e4skfabrik, konstruerar vi professionella messengerv\u00e4skor med vadderade laptopfodral, IPX5-vattent\u00e4tning och pendlingsklara m\u00f6nster som globala varum\u00e4rken litar p\u00e5.<\/p>\n<p class=\"ds-markdown-paragraph\">Samarbeta med v\u00e5rt Messenger Bag-f\u00f6retag - din strategiska Messenger Bag-leverant\u00f6r - f\u00f6r s\u00f6ml\u00f6s Messenger Bag-export till Messenger Bag-grossister, f\u00f6retagsleverant\u00f6rer och Messenger Bag-leverant\u00f6rer \u00f6ver hela v\u00e4rlden.<\/p>\n<table width=\"288\">\n<tbody>\n<tr>\n<td width=\"137\"><span style=\"color: #333333;\">Produkter Namn<\/span><\/td>\n<td width=\"151\">Messenger-v\u00e4ska<\/td>\n<\/tr>\n<tr>\n<td><span style=\"color: #333333;\">Artikel nr.<\/span><\/td>\n<td><span style=\"color: #333333;\">PB-2137<\/span><\/td>\n<\/tr>\n<tr>\n<td><span style=\"color: #333333;\">Material<\/span><\/td>\n<td>Polyester<\/td>\n<\/tr>\n<tr>\n<td><span style=\"color: #333333;\">Storlek<\/span><\/td>\n<td>kan anpassas<\/td>\n<\/tr>\n<tr>\n<td><span style=\"color: #333333;\">\u00a0Leveranstid<\/span><\/td>\n<td><span style=\"color: #333333;\">1-5 dagar f\u00f6r liten m\u00e4ngd med flyg och 30-35 dagar f\u00f6r stor m\u00e4ngd till sj\u00f6ss<\/span><\/td>\n<\/tr>\n<\/tbody>\n<\/table>\n<p class=\"ds-markdown-paragraph\"><strong>Varf\u00f6r globala distribut\u00f6rer v\u00e4ljer oss:<\/strong><br \/>\n\ud83d\udcca<strong>\u00a0B\u00e4sts\u00e4ljare:<\/strong>\u00a065% \u00e5terkommande order fr\u00e5n Fortune 500-leverant\u00f6rer<br \/>\n\u2705 Full Messenger Bag ODM \/ OEM &amp; Messenger Bag private label<br \/>\n\u2705 L\u00e5g MOQ Messenger Bag bulk<br \/>\n\u2705 FOB\/EXW-frakt fr\u00e5n Messenger Bag China-hubben<br \/>\n\u2705 Dubbla linjer f\u00f6r tillverkning av ryggs\u00e4ckar: B\u00e4rbara v\u00e4skor + Messenger Bag bulk<\/p>\n<p class=\"ds-markdown-paragraph\"><strong>Aff\u00e4rsm\u00e4ssiga funktioner:<\/strong><br \/>\n- St\u00f6ts\u00e4kert fack f\u00f6r b\u00e4rbar dator (passar 17\u2033) + RFID-blockerande fickor<br \/>\n- V\u00e4derbest\u00e4ndig bas av presenning + snabb\u00e5tkomlig organiseringspanel<br \/>\n- TSA-v\u00e4nlig design + st\u00f6ldskyddande blixtl\u00e5s<br \/>\n- Anpassad branding via Messenger Bag OEM<\/p>\n<p class=\"ds-markdown-paragraph\">Idealisk f\u00f6r Messenger Bag-grossistn\u00e4tverk, f\u00f6retagsdetaljister och distribut\u00f6rer av tekniska tillbeh\u00f6r.\u00a0<strong>Beg\u00e4r ditt provfall fr\u00e5n Kinas #1 Laptop Messenger Bag Factory idag!<\/strong><\/p>\n<\/div>\n<\/div>\n<\/div>\n<\/div>","protected":false},"excerpt":{"rendered":"<h2 data-immersive-translate-walked=\"344be1c1-5052-41eb-8fcd-0dbe236a0d6b\" data-immersive-translate-paragraph=\"1\">Kina Laptop Messenger Bag Factory<\/h2>\n<div class=\"sliderTable mt10 mb10 sliderTable-index0\">\n<div class=\"inner\">\n<p>1. Avtagbar vadderad axelrem med justerbara f\u00f6rst\u00e4rkta remmar.<\/p>\n<p>2. Bagagerem f\u00f6r att f\u00e4sta v\u00e4skan p\u00e5 bagagevagnen.<\/p>\n<\/div>\n<\/div>","protected":false},"featured_media":4399,"template":"","meta":{"_uag_custom_page_level_css":""},"product_brand":[],"product_cat":[65],"product_tag":[],"class_list":{"0":"post-4398","1":"product","2":"type-product","3":"status-publish","4":"has-post-thumbnail","6":"product_cat-messenger-bag","8":"first","9":"instock","10":"shipping-taxable","11":"product-type-simple"},"uagb_featured_image_src":{"full":["https:\/\/pecbag.com\/wp-content\/uploads\/2025\/07\/China-La-6.jpg",800,800,false],"thumbnail":["https:\/\/pecbag.com\/wp-content\/uploads\/2025\/07\/China-La-6-150x150.jpg",150,150,true],"medium":["https:\/\/pecbag.com\/wp-content\/uploads\/2025\/07\/China-La-6-300x300.jpg",300,300,true],"medium_large":["https:\/\/pecbag.com\/wp-content\/uploads\/2025\/07\/China-La-6-768x768.jpg",768,768,true],"large":["https:\/\/pecbag.com\/wp-content\/uploads\/2025\/07\/China-La-6.jpg",800,800,false],"1536x1536":["https:\/\/pecbag.com\/wp-content\/uploads\/2025\/07\/China-La-6.jpg",800,800,false],"2048x2048":["https:\/\/pecbag.com\/wp-content\/uploads\/2025\/07\/China-La-6.jpg",800,800,false],"trp-custom-language-flag":["https:\/\/pecbag.com\/wp-content\/uploads\/2025\/07\/China-La-6-12x12.jpg",12,12,true],"woocommerce_thumbnail":["https:\/\/pecbag.com\/wp-content\/uploads\/2025\/07\/China-La-6-300x300.jpg",300,300,true],"woocommerce_single":["https:\/\/pecbag.com\/wp-content\/uploads\/2025\/07\/China-La-6-600x600.jpg",600,600,true],"woocommerce_gallery_thumbnail":["https:\/\/pecbag.com\/wp-content\/uploads\/2025\/07\/China-La-6-100x100.jpg",100,100,true]},"uagb_author_info":{"display_name":"Lawrence","author_link":"https:\/\/pecbag.com\/se\/author\/"},"uagb_comment_info":0,"uagb_excerpt":"China Laptop Messenger Bag Factory 1. Detachable padded shoulder strap with adjustable reinforced straps. 2. Luggage strap for fixing the bag on the trolley of a luggage.","_links":{"self":[{"href":"https:\/\/pecbag.com\/se\/wp-json\/wp\/v2\/product\/4398","targetHints":{"allow":["GET"]}}],"collection":[{"href":"https:\/\/pecbag.com\/se\/wp-json\/wp\/v2\/product"}],"about":[{"href":"https:\/\/pecbag.com\/se\/wp-json\/wp\/v2\/types\/product"}],"wp:featuredmedia":[{"embeddable":true,"href":"https:\/\/pecbag.com\/se\/wp-json\/wp\/v2\/media\/4399"}],"wp:attachment":[{"href":"https:\/\/pecbag.com\/se\/wp-json\/wp\/v2\/media?parent=4398"}],"wp:term":[{"taxonomy":"product_brand","embeddable":true,"href":"https:\/\/pecbag.com\/se\/wp-json\/wp\/v2\/product_brand?post=4398"},{"taxonomy":"product_cat","embeddable":true,"href":"https:\/\/pecbag.com\/se\/wp-json\/wp\/v2\/product_cat?post=4398"},{"taxonomy":"product_tag","embeddable":true,"href":"https:\/\/pecbag.com\/se\/wp-json\/wp\/v2\/product_tag?post=4398"}],"curies":[{"name":"wp","href":"https:\/\/api.w.org\/{rel}","templated":true}]}}