{"id":4405,"date":"2025-07-07T01:30:07","date_gmt":"2025-07-07T01:30:07","guid":{"rendered":"https:\/\/pecbag.com\/?post_type=product&#038;p=4405"},"modified":"2025-11-28T09:36:07","modified_gmt":"2025-11-28T09:36:07","slug":"china-messenger-bag-manufacturers-2","status":"publish","type":"product","link":"https:\/\/pecbag.com\/se\/china-messenger-bag-manufacturers-2\/","title":{"rendered":"Kina Messenger Bag Tillverkare"},"content":{"rendered":"<h5 title=\"Vikbar hundv\u00e4ska Andningsbar axelv\u00e4ska f\u00f6r husdjur i mesh f\u00f6r sm\u00e5 husdjur Hundar Katter\" data-immersive-translate-walked=\"1c928421-2e42-4cd3-8754-5404553c0af5\" data-immersive-translate-paragraph=\"1\" data-spm-anchor-id=\"a2700.details.0.i35.4f6757d4w4zNZA\">Ledande Kina Messenger Bag Tillverkare | Vattent\u00e4t v\u00e4ska Fabrik &amp; Professionell ryggs\u00e4ck Tillverkare | Bulk Export<\/h5>\n<div class=\"flex flex-grow flex-col max-w-full\">\n<div class=\"min-h-[20px] text-message flex w-full flex-col items-end gap-2 whitespace-pre-wrap break-words [.text-message+&amp;]:mt-5 overflow-x-auto\" dir=\"auto\" data-message-author-role=\"assistant\" data-message-id=\"3d7d46f6-7ec2-4222-9257-48fa0bba23c6\" data-suggestions=\"true\">\n<div class=\"flex w-full flex-col gap-1 empty:hidden first:pt-[3px]\">\n<div class=\"markdown prose w-full break-words dark:prose-invert light\">\n<p class=\"ds-markdown-paragraph\">Sourcing premium messenger v\u00e4skor direkt fr\u00e5n tillverkare i Kina?<\/p>\n<p class=\"ds-markdown-paragraph\">Som ISO-certifierade tillverkare av messengerv\u00e4skor i Kina och en toppfabrik f\u00f6r vattent\u00e4ta v\u00e4skor tillverkar vi messengerv\u00e4skor av kommersiell kvalitet med RFID-blockerande teknik, TSA-kompatibel design och IPX5-v\u00e4derskydd som Fortune 500-leverant\u00f6rer litar p\u00e5.<\/p>\n<p class=\"ds-markdown-paragraph\">Samarbeta med v\u00e5rt Messenger Bag-f\u00f6retag - din strategiska Messenger Bag-leverant\u00f6r - f\u00f6r str\u00f6mlinjeformad Messenger Bag-export till Messenger Bag-grossister, f\u00f6retagsdetaljister och Messenger Bag-leverant\u00f6rer globalt.<\/p>\n<table width=\"288\">\n<tbody>\n<tr>\n<td width=\"137\"><span style=\"color: #333333;\">Produkter Namn<\/span><\/td>\n<td width=\"151\">Messenger-v\u00e4ska<\/td>\n<\/tr>\n<tr>\n<td><span style=\"color: #333333;\">Artikel nr.<\/span><\/td>\n<td><span style=\"color: #333333;\">PB-2138<\/span><\/td>\n<\/tr>\n<tr>\n<td><span style=\"color: #333333;\">Material<\/span><\/td>\n<td>Polyester<\/td>\n<\/tr>\n<tr>\n<td><span style=\"color: #333333;\">Storlek<\/span><\/td>\n<td>kan anpassas<\/td>\n<\/tr>\n<tr>\n<td><span style=\"color: #333333;\">\u00a0Leveranstid<\/span><\/td>\n<td><span style=\"color: #333333;\">1-5 dagar f\u00f6r liten m\u00e4ngd med flyg och 30-35 dagar f\u00f6r stor m\u00e4ngd till sj\u00f6ss<\/span><\/td>\n<\/tr>\n<\/tbody>\n<\/table>\n<p class=\"ds-markdown-paragraph\"><strong>Varf\u00f6r globala k\u00f6pare v\u00e4ljer oss:<\/strong><br \/>\n\ud83d\udce6<strong>\u00a0Benchmarks f\u00f6r branschen:<\/strong>\u00a068% YoY-tillv\u00e4xt f\u00f6r distribut\u00f6rspartner<br \/>\n\u2705 Full Messenger Bag ODM \/ OEM &amp; Messenger Bag private label<br \/>\n\u2705 L\u00e5g MOQ Messenger Bag bulk<br \/>\n\u2705 EXW\/FOB-villkor fr\u00e5n v\u00e5r hubb Messenger Bag China<br \/>\n\u2705 Dubbel kapacitet f\u00f6r tillverkning av ryggs\u00e4ckar: Messenger v\u00e4skor + Messenger v\u00e4ska bulk<\/p>\n<p class=\"ds-markdown-paragraph\"><strong>Funktioner f\u00f6r f\u00f6retagsklassning:<\/strong><br \/>\n- Vadderat 17\u2033-fack f\u00f6r b\u00e4rbar dator + st\u00f6ldskyddande blixtl\u00e5s<br \/>\n- Vattent\u00e4t bas av presenning + snabb\u00e5tkomlig organisat\u00f6r<br \/>\n- MIL-STD h\u00e5llbarhetstest (blixtl\u00e5s med 1 000+ cykler)<br \/>\n- Anpassad branding via Messenger Bag OEM<\/p>\n<p class=\"ds-markdown-paragraph\">Idealisk f\u00f6r Messenger Bag-grossistn\u00e4tverk, f\u00f6retags \u00e5terf\u00f6rs\u00e4ljare och tekniktillbeh\u00f6r\u00a0<strong>Messenger Bag tillverkare<\/strong>.\u00a0<strong>Beg\u00e4r ditt provfall fr\u00e5n Kinas b\u00e4sta Messenger Bag-tillverkare idag!<\/strong><\/p>\n<\/div>\n<\/div>\n<\/div>\n<\/div>","protected":false},"excerpt":{"rendered":"<h2 data-immersive-translate-walked=\"344be1c1-5052-41eb-8fcd-0dbe236a0d6b\" data-immersive-translate-paragraph=\"1\">Kina Messenger Bag Tillverkare<\/h2>\n<div class=\"sliderTable mt10 mb10 sliderTable-index0\">\n<div class=\"inner\">\n<p>Denna herrv\u00e4ska med handtag \u00e4r idealisk f\u00f6r daglig anv\u00e4ndning, som arbetsv\u00e4ska, skolv\u00e4ska eller resv\u00e4ska f\u00f6r b\u00e5de m\u00e4n och kvinnor.<\/p>\n<p>Bra skolv\u00e4ska f\u00f6r college- och gymnasieelever.<\/p>\n<p>Dessa mjuka portf\u00f6ljer med axelremmar rymmer en b\u00e4rbar dator, en MacBook och en lunchl\u00e5da.<\/p>\n<p>Det kommer att vara en trevlig present till Alla hj\u00e4rtans dag, f\u00f6delsedag, fars dag, l\u00e4rardag etc.<\/p>\n<\/div>\n<\/div>","protected":false},"featured_media":4410,"template":"","meta":{"_uag_custom_page_level_css":""},"product_brand":[],"product_cat":[65],"product_tag":[],"class_list":{"0":"post-4405","1":"product","2":"type-product","3":"status-publish","4":"has-post-thumbnail","6":"product_cat-messenger-bag","8":"first","9":"instock","10":"shipping-taxable","11":"product-type-simple"},"uagb_featured_image_src":{"full":["https:\/\/pecbag.com\/wp-content\/uploads\/2025\/07\/China-Messenger-Bag-Manufacturers-1.png",697,675,false],"thumbnail":["https:\/\/pecbag.com\/wp-content\/uploads\/2025\/07\/China-Messenger-Bag-Manufacturers-1-150x150.png",150,150,true],"medium":["https:\/\/pecbag.com\/wp-content\/uploads\/2025\/07\/China-Messenger-Bag-Manufacturers-1-300x291.png",300,291,true],"medium_large":["https:\/\/pecbag.com\/wp-content\/uploads\/2025\/07\/China-Messenger-Bag-Manufacturers-1.png",697,675,false],"large":["https:\/\/pecbag.com\/wp-content\/uploads\/2025\/07\/China-Messenger-Bag-Manufacturers-1.png",697,675,false],"1536x1536":["https:\/\/pecbag.com\/wp-content\/uploads\/2025\/07\/China-Messenger-Bag-Manufacturers-1.png",697,675,false],"2048x2048":["https:\/\/pecbag.com\/wp-content\/uploads\/2025\/07\/China-Messenger-Bag-Manufacturers-1.png",697,675,false],"trp-custom-language-flag":["https:\/\/pecbag.com\/wp-content\/uploads\/2025\/07\/China-Messenger-Bag-Manufacturers-1-12x12.png",12,12,true],"woocommerce_thumbnail":["https:\/\/pecbag.com\/wp-content\/uploads\/2025\/07\/China-Messenger-Bag-Manufacturers-1-300x300.png",300,300,true],"woocommerce_single":["https:\/\/pecbag.com\/wp-content\/uploads\/2025\/07\/China-Messenger-Bag-Manufacturers-1-600x581.png",600,581,true],"woocommerce_gallery_thumbnail":["https:\/\/pecbag.com\/wp-content\/uploads\/2025\/07\/China-Messenger-Bag-Manufacturers-1-100x100.png",100,100,true]},"uagb_author_info":{"display_name":"Lawrence","author_link":"https:\/\/pecbag.com\/se\/author\/"},"uagb_comment_info":0,"uagb_excerpt":"China Messenger Bag Manufacturers This men's satchel bag with a handle is ideal for daily use, as a work bag, school bag, or travel bag for both men and women. Great back-to-school bookbag for college and high school students. These soft briefcases with shoulder straps can store a laptop, a MacBook, and a lunchbox. It&hellip;","_links":{"self":[{"href":"https:\/\/pecbag.com\/se\/wp-json\/wp\/v2\/product\/4405","targetHints":{"allow":["GET"]}}],"collection":[{"href":"https:\/\/pecbag.com\/se\/wp-json\/wp\/v2\/product"}],"about":[{"href":"https:\/\/pecbag.com\/se\/wp-json\/wp\/v2\/types\/product"}],"wp:featuredmedia":[{"embeddable":true,"href":"https:\/\/pecbag.com\/se\/wp-json\/wp\/v2\/media\/4410"}],"wp:attachment":[{"href":"https:\/\/pecbag.com\/se\/wp-json\/wp\/v2\/media?parent=4405"}],"wp:term":[{"taxonomy":"product_brand","embeddable":true,"href":"https:\/\/pecbag.com\/se\/wp-json\/wp\/v2\/product_brand?post=4405"},{"taxonomy":"product_cat","embeddable":true,"href":"https:\/\/pecbag.com\/se\/wp-json\/wp\/v2\/product_cat?post=4405"},{"taxonomy":"product_tag","embeddable":true,"href":"https:\/\/pecbag.com\/se\/wp-json\/wp\/v2\/product_tag?post=4405"}],"curies":[{"name":"wp","href":"https:\/\/api.w.org\/{rel}","templated":true}]}}