{"id":4468,"date":"2025-07-08T01:21:44","date_gmt":"2025-07-08T01:21:44","guid":{"rendered":"https:\/\/pecbag.com\/?post_type=product&#038;p=4468"},"modified":"2025-11-28T09:35:57","modified_gmt":"2025-11-28T09:35:57","slug":"china-messenger-bag-manufacturer","status":"publish","type":"product","link":"https:\/\/pecbag.com\/se\/china-messenger-bag-manufacturer\/","title":{"rendered":"Kina Messenger Bag Factory"},"content":{"rendered":"<h5 title=\"Vikbar hundv\u00e4ska Andningsbar axelv\u00e4ska f\u00f6r husdjur i mesh f\u00f6r sm\u00e5 husdjur Hundar Katter\" data-immersive-translate-walked=\"1c928421-2e42-4cd3-8754-5404553c0af5\" data-immersive-translate-paragraph=\"1\" data-spm-anchor-id=\"a2700.details.0.i35.4f6757d4w4zNZA\">Top China Messenger Bag Manufacturer| Waterproof Bag Factory &amp; Professional Backpack Manufacturer | Bulk Export<\/h5>\n<div class=\"flex flex-grow flex-col max-w-full\">\n<div class=\"min-h-[20px] text-message flex w-full flex-col items-end gap-2 whitespace-pre-wrap break-words [.text-message+&amp;]:mt-5 overflow-x-auto\" dir=\"auto\" data-message-author-role=\"assistant\" data-message-id=\"3d7d46f6-7ec2-4222-9257-48fa0bba23c6\" data-suggestions=\"true\">\n<div class=\"flex w-full flex-col gap-1 empty:hidden first:pt-[3px]\">\n<div class=\"markdown prose w-full break-words dark:prose-invert light\">\n<p class=\"ds-markdown-paragraph\">Beh\u00f6ver du premium messengerv\u00e4skor som skickas snabbt fr\u00e5n en kinesisk fabrik?<\/p>\n<p class=\"ds-markdown-paragraph\">Som en ledande China Messenger Bag Factory och ISO-certifierad vattent\u00e4t v\u00e4skfabrik tillverkar vi messengerv\u00e4skor av kommersiell kvalitet med st\u00f6ldskyddade blixtl\u00e5s, RFID-blockerande teknik och TSA-v\u00e4nliga m\u00f6nster som Fortune 500-leverant\u00f6rer litar p\u00e5.<\/p>\n<p class=\"ds-markdown-paragraph\">Samarbeta med v\u00e5rt Messenger Bag-f\u00f6retag - din strategiska Messenger Bag-leverant\u00f6r - f\u00f6r s\u00f6ml\u00f6s Messenger Bag-export till Messenger Bag-grossister, f\u00f6retagsdetaljister och Messenger Bag-leverant\u00f6rer \u00f6ver hela v\u00e4rlden.<\/p>\n<table width=\"288\">\n<tbody>\n<tr>\n<td width=\"137\"><span style=\"color: #333333;\">Produkter Namn<\/span><\/td>\n<td width=\"151\">Messenger-v\u00e4ska<\/td>\n<\/tr>\n<tr>\n<td><span style=\"color: #333333;\">Artikel nr.<\/span><\/td>\n<td><span style=\"color: #333333;\">PB-2139<\/span><\/td>\n<\/tr>\n<tr>\n<td><span style=\"color: #333333;\">Material<\/span><\/td>\n<td>Sn\u00f6flinga<\/td>\n<\/tr>\n<tr>\n<td><span style=\"color: #333333;\">Storlek<\/span><\/td>\n<td>16,5 x 4,1 x 12,5 tum<\/td>\n<\/tr>\n<tr>\n<td><span style=\"color: #333333;\">\u00a0Leveranstid<\/span><\/td>\n<td><span style=\"color: #333333;\">1-5 dagar f\u00f6r liten m\u00e4ngd med flyg och 30-35 dagar f\u00f6r stor m\u00e4ngd till sj\u00f6ss<\/span><\/td>\n<\/tr>\n<\/tbody>\n<\/table>\n<p class=\"ds-markdown-paragraph\"><strong>Varf\u00f6r globala distribut\u00f6rer v\u00e4ljer v\u00e5r fabrik:<\/strong><br \/>\n\ud83d\ude80<strong>\u00a0Exportledare:<\/strong>\u00a068% YoY-tillv\u00e4xt f\u00f6r distribut\u00f6rspartner<br \/>\n\u2705 Full Messenger Bag ODM \/ OEM &amp; Messenger Bag private label<br \/>\n\u2705 L\u00e5g MOQ Messenger Bag bulk (300+ enheter)<br \/>\n\u2705 EXW\/FOB-villkor fr\u00e5n Messenger Bag China-hubben<br \/>\n\u2705 Dubbla linjer f\u00f6r tillverkning av ryggs\u00e4ckar: Messenger v\u00e4skor + Messenger v\u00e4ska bulk<\/p>\n<p class=\"ds-markdown-paragraph\"><strong>Aff\u00e4rsklara specifikationer:<\/strong><br \/>\n- Vadderat 17\u2033 laptopfack + dokumentfickor<br \/>\n- IPX5 vattent\u00e4t presenningsbas (v\u00e4derbest\u00e4ndig)<br \/>\n- Snabb\u00e5tkomlig adminpanel + dold CCW-ficka<br \/>\n- Anpassad branding via Messenger Bag OEM<\/p>\n<p class=\"ds-markdown-paragraph\">Perfekt f\u00f6r Messenger Bag-grossistn\u00e4tverk, f\u00f6retags \u00e5terf\u00f6rs\u00e4ljare och distribut\u00f6rer av tekniska tillbeh\u00f6r. Beg\u00e4r fabrikspriss\u00e4ttning fr\u00e5n Kinas #1 Messenger Bag Factory idag!<\/p>\n<\/div>\n<\/div>\n<\/div>\n<\/div>","protected":false},"excerpt":{"rendered":"<h2 data-immersive-translate-walked=\"344be1c1-5052-41eb-8fcd-0dbe236a0d6b\" data-immersive-translate-paragraph=\"1\">China Messenger Bag Manufacturer<\/h2>\n<div class=\"sliderTable mt10 mb10 sliderTable-index0\">\n<div class=\"inner\">\n<p>1. Tv\u00e5 utv\u00e4ndiga framfickor, praktiska f\u00f6r att organisera dina f\u00f6rem\u00e5l som du vill b\u00e4ra, f\u00f6r att enkelt f\u00f6rvara dina dokument, b\u00f6cker eller mappar.<\/p>\n<p>2. Rymligt fack f\u00f6r b\u00e4rbar dator och tillbeh\u00f6rsfack.<\/p>\n<p>3. Specialdesignat fack f\u00f6r b\u00e4rbar dator med teleskopiskt b\u00e4lte ger b\u00e4ttre skydd f\u00f6r din b\u00e4rbara dator.<\/p>\n<p>4. Dubbeltjock skumvaddering p\u00e5 insidan garanterar att inga oavsiktliga st\u00f6tar intr\u00e4ffar.<\/p>\n<p>5. L\u00e4ttviktsdesign som g\u00f6r den enkel att b\u00e4ra. Det \u00f6vre handtaget g\u00f6r att du snabbt kan h\u00e5lla i och ta med dig v\u00e4skan. Ergonomisk design s\u00e4kerst\u00e4ller att tyngdpunkten f\u00f6r den fulla v\u00e4skan sprids ut.<\/p>\n<\/div>\n<\/div>","protected":false},"featured_media":4473,"template":"","meta":{"_uag_custom_page_level_css":""},"product_brand":[],"product_cat":[65],"product_tag":[],"class_list":{"0":"post-4468","1":"product","2":"type-product","3":"status-publish","4":"has-post-thumbnail","6":"product_cat-messenger-bag","8":"first","9":"instock","10":"shipping-taxable","11":"product-type-simple"},"uagb_featured_image_src":{"full":["https:\/\/pecbag.com\/wp-content\/uploads\/2025\/07\/China-Messenger-Bag-Factory-41.jpg",1000,1000,false],"thumbnail":["https:\/\/pecbag.com\/wp-content\/uploads\/2025\/07\/China-Messenger-Bag-Factory-41-150x150.jpg",150,150,true],"medium":["https:\/\/pecbag.com\/wp-content\/uploads\/2025\/07\/China-Messenger-Bag-Factory-41-300x300.jpg",300,300,true],"medium_large":["https:\/\/pecbag.com\/wp-content\/uploads\/2025\/07\/China-Messenger-Bag-Factory-41-768x768.jpg",768,768,true],"large":["https:\/\/pecbag.com\/wp-content\/uploads\/2025\/07\/China-Messenger-Bag-Factory-41.jpg",800,800,false],"1536x1536":["https:\/\/pecbag.com\/wp-content\/uploads\/2025\/07\/China-Messenger-Bag-Factory-41.jpg",1000,1000,false],"2048x2048":["https:\/\/pecbag.com\/wp-content\/uploads\/2025\/07\/China-Messenger-Bag-Factory-41.jpg",1000,1000,false],"trp-custom-language-flag":["https:\/\/pecbag.com\/wp-content\/uploads\/2025\/07\/China-Messenger-Bag-Factory-41-12x12.jpg",12,12,true],"woocommerce_thumbnail":["https:\/\/pecbag.com\/wp-content\/uploads\/2025\/07\/China-Messenger-Bag-Factory-41-300x300.jpg",300,300,true],"woocommerce_single":["https:\/\/pecbag.com\/wp-content\/uploads\/2025\/07\/China-Messenger-Bag-Factory-41-600x600.jpg",600,600,true],"woocommerce_gallery_thumbnail":["https:\/\/pecbag.com\/wp-content\/uploads\/2025\/07\/China-Messenger-Bag-Factory-41-100x100.jpg",100,100,true]},"uagb_author_info":{"display_name":"Lawrence","author_link":"https:\/\/pecbag.com\/se\/author\/"},"uagb_comment_info":0,"uagb_excerpt":"China Messenger Bag Manufacturer 1. Two outside front pockets, convenient to organize your items you want to carry, easily keep your documents, books, or folders. 2. Roomy laptop compartment and accessory compartment. 3. Special design laptop compartment with a Telescopic belt provides more protection for your laptop. 4. Double-thick foam padding inside guarantees any accidental&hellip;","_links":{"self":[{"href":"https:\/\/pecbag.com\/se\/wp-json\/wp\/v2\/product\/4468","targetHints":{"allow":["GET"]}}],"collection":[{"href":"https:\/\/pecbag.com\/se\/wp-json\/wp\/v2\/product"}],"about":[{"href":"https:\/\/pecbag.com\/se\/wp-json\/wp\/v2\/types\/product"}],"wp:featuredmedia":[{"embeddable":true,"href":"https:\/\/pecbag.com\/se\/wp-json\/wp\/v2\/media\/4473"}],"wp:attachment":[{"href":"https:\/\/pecbag.com\/se\/wp-json\/wp\/v2\/media?parent=4468"}],"wp:term":[{"taxonomy":"product_brand","embeddable":true,"href":"https:\/\/pecbag.com\/se\/wp-json\/wp\/v2\/product_brand?post=4468"},{"taxonomy":"product_cat","embeddable":true,"href":"https:\/\/pecbag.com\/se\/wp-json\/wp\/v2\/product_cat?post=4468"},{"taxonomy":"product_tag","embeddable":true,"href":"https:\/\/pecbag.com\/se\/wp-json\/wp\/v2\/product_tag?post=4468"}],"curies":[{"name":"wp","href":"https:\/\/api.w.org\/{rel}","templated":true}]}}