{"id":4474,"date":"2025-07-08T02:06:34","date_gmt":"2025-07-08T02:06:34","guid":{"rendered":"https:\/\/pecbag.com\/?post_type=product&#038;p=4474"},"modified":"2025-11-28T09:35:47","modified_gmt":"2025-11-28T09:35:47","slug":"china-canvas-messenger-bag-manufacturer","status":"publish","type":"product","link":"https:\/\/pecbag.com\/se\/china-canvas-messenger-bag-manufacturer\/","title":{"rendered":"Kina Canvas Messenger Bag Tillverkare"},"content":{"rendered":"<h5 title=\"Vikbar hundv\u00e4ska Andningsbar axelv\u00e4ska f\u00f6r husdjur i mesh f\u00f6r sm\u00e5 husdjur Hundar Katter\" data-immersive-translate-walked=\"1c928421-2e42-4cd3-8754-5404553c0af5\" data-immersive-translate-paragraph=\"1\" data-spm-anchor-id=\"a2700.details.0.i35.4f6757d4w4zNZA\">Premium Kina Canvas Messenger Bag Tillverkare | Vattent\u00e4t v\u00e4ska Fabrik &amp; Professionell ryggs\u00e4ck Tillverkare | Bulk Export<\/h5>\n<div class=\"flex flex-grow flex-col max-w-full\">\n<div class=\"min-h-[20px] text-message flex w-full flex-col items-end gap-2 whitespace-pre-wrap break-words [.text-message+&amp;]:mt-5 overflow-x-auto\" dir=\"auto\" data-message-author-role=\"assistant\" data-message-id=\"3d7d46f6-7ec2-4222-9257-48fa0bba23c6\" data-suggestions=\"true\">\n<div class=\"flex w-full flex-col gap-1 empty:hidden first:pt-[3px]\">\n<div class=\"markdown prose w-full break-words dark:prose-invert light\">\n<p class=\"ds-markdown-paragraph\">Beh\u00f6ver du h\u00e5llbara budv\u00e4skor i canvas direkt fr\u00e5n en kinesisk tillverkare?<\/p>\n<p class=\"ds-markdown-paragraph\">Som en ledande tillverkare av messengerv\u00e4skor i canvas i Kina och ISO-certifierad fabrik f\u00f6r vattent\u00e4ta v\u00e4skor tillverkar vi premium messengerv\u00e4skor i canvas med vaxad v\u00e4derbest\u00e4ndighet, RFID-blockerande teknik och vintage-professionell styling som globala \u00e5terf\u00f6rs\u00e4ljare litar p\u00e5.<\/p>\n<p class=\"ds-markdown-paragraph\">Samarbeta med v\u00e5rt Messenger Bag-f\u00f6retag - din strategiska Messenger Bag-leverant\u00f6r - f\u00f6r str\u00f6mlinjeformad Messenger Bag-export till Messenger Bag-grossister, f\u00f6retags\u00e5terf\u00f6rs\u00e4ljare och Messenger Bag-f\u00f6rs\u00e4ljare \u00f6ver hela v\u00e4rlden.<\/p>\n<table width=\"288\">\n<tbody>\n<tr>\n<td width=\"137\"><span style=\"color: #333333;\">Produkter Namn<\/span><\/td>\n<td width=\"151\">Messenger-v\u00e4ska<\/td>\n<\/tr>\n<tr>\n<td><span style=\"color: #333333;\">Artikel nr.<\/span><\/td>\n<td><span style=\"color: #333333;\">PB-2140<\/span><\/td>\n<\/tr>\n<tr>\n<td><span style=\"color: #333333;\">Material<\/span><\/td>\n<td>Canvas<\/td>\n<\/tr>\n<tr>\n<td><span style=\"color: #333333;\">Storlek<\/span><\/td>\n<td>17,5 x 6,5 x 13 tum<\/td>\n<\/tr>\n<tr>\n<td><span style=\"color: #333333;\">\u00a0Leveranstid<\/span><\/td>\n<td><span style=\"color: #333333;\">1-5 dagar f\u00f6r liten m\u00e4ngd med flyg och 30-35 dagar f\u00f6r stor m\u00e4ngd till sj\u00f6ss<\/span><\/td>\n<\/tr>\n<\/tbody>\n<\/table>\n<p class=\"ds-markdown-paragraph\"><strong>Varf\u00f6r varum\u00e4rken v\u00e4ljer v\u00e5r tillverkning:<\/strong><br \/>\n\ud83d\udcca <strong>Benchmarks f\u00f6r branschen:<\/strong>\u00a072% \u00e5terbest\u00e4llningsgrad fr\u00e5n distribut\u00f6rer av ekologiska livsstilar<br \/>\n\u2705 Full Messenger Bag ODM \/ OEM &amp; Messenger Bag private label<br \/>\n\u2705 L\u00e5g MOQ Messenger Bag bulk (300+ enheter)<br \/>\n\u2705 EXW\/FOB-frakt fr\u00e5n Messenger Bag China hub<br \/>\n\u2705 Dubbel kapacitet f\u00f6r tillverkning av ryggs\u00e4ckar: Canvasv\u00e4skor + Messenger Bag bulk<\/p>\n<p class=\"ds-markdown-paragraph\"><strong>Professionella egenskaper:<\/strong><br \/>\n- 18oz vaxad canvas (vattenavvisande + rept\u00e5lig)<br \/>\n- Vadderad 16\u2033 laptop-fodral + l\u00e4derf\u00f6rst\u00e4rkta stresspunkter<br \/>\n- Snabb\u00e5tkomligt TSA-l\u00e5sfack + vintage m\u00e4ssingsbeslag<br \/>\n- Anpassad branding via Messenger Bag OEM<\/p>\n<p class=\"ds-markdown-paragraph\">Perfekt f\u00f6r Messenger Bag-grossistn\u00e4tverk, h\u00e5llbara varum\u00e4rken och f\u00f6retagsg\u00e5voprogram. Beg\u00e4r prover fr\u00e5n Kinas b\u00e4sta tillverkare av Canvas Messenger Bag idag!<\/p>\n<\/div>\n<\/div>\n<\/div>\n<\/div>","protected":false},"excerpt":{"rendered":"<h2 data-immersive-translate-walked=\"344be1c1-5052-41eb-8fcd-0dbe236a0d6b\" data-immersive-translate-paragraph=\"1\">Kina Canvas Messenger Bag Tillverkare<\/h2>\n<div class=\"sliderTable mt10 mb10 sliderTable-index0\">\n<div class=\"inner\">\n<p>1. <strong>EXPANSION &amp; FLERA FACK<\/strong>: Expansionsdragkedjan g\u00f6r den mer flexibel och portf\u00f6ljen f\u00f6r b\u00e4rbara datorer kan omvandlas till en stor duffelv\u00e4ska vid behov. Upp till 4 fack kan tillgodose alla dina behov v\u00e4l. Det stora teknikfacket rymmer upp till en 17-17,3-tums b\u00e4rbar dator. Tv\u00e5 framfickor g\u00f6r att du kan f\u00f6rvara dagliga n\u00f6dv\u00e4ndigheter p\u00e5 ett organiserat s\u00e4tt. I det expanderbara dokumentfacket kan du f\u00f6rvara A4-mappar, tidningar, kl\u00e4der eller ett paraply.<\/p>\n<p>2. <strong>BEKV\u00c4MA &amp; ORGANISERINGSFICKOR<\/strong>: Justerbar och \"C\" -kurva vadderad ergonomisk axelrem lindrar stress p\u00e5 axeln; vadderade veganska l\u00e4derhandtag erbjuder l\u00e4ttviktig b\u00e4rning; bagagerem g\u00f6r att laptop kontorsv\u00e4ska kan glida \u00f6ver bagager\u00f6ret; och f\u00f6rlust av organiseringsfickor syftar till att s\u00e4kerst\u00e4lla en enkel aff\u00e4rsresa eller daglig pendling.<\/p>\n<\/div>\n<\/div>","protected":false},"featured_media":4475,"template":"","meta":{"_uag_custom_page_level_css":""},"product_brand":[],"product_cat":[65],"product_tag":[],"class_list":{"0":"post-4474","1":"product","2":"type-product","3":"status-publish","4":"has-post-thumbnail","6":"product_cat-messenger-bag","8":"first","9":"instock","10":"shipping-taxable","11":"product-type-simple"},"uagb_featured_image_src":{"full":["https:\/\/pecbag.com\/wp-content\/uploads\/2025\/07\/China-Canvas-Messenger-Bag-Manufacturer-41.png",768,706,false],"thumbnail":["https:\/\/pecbag.com\/wp-content\/uploads\/2025\/07\/China-Canvas-Messenger-Bag-Manufacturer-41-150x150.png",150,150,true],"medium":["https:\/\/pecbag.com\/wp-content\/uploads\/2025\/07\/China-Canvas-Messenger-Bag-Manufacturer-41-300x276.png",300,276,true],"medium_large":["https:\/\/pecbag.com\/wp-content\/uploads\/2025\/07\/China-Canvas-Messenger-Bag-Manufacturer-41.png",768,706,false],"large":["https:\/\/pecbag.com\/wp-content\/uploads\/2025\/07\/China-Canvas-Messenger-Bag-Manufacturer-41.png",768,706,false],"1536x1536":["https:\/\/pecbag.com\/wp-content\/uploads\/2025\/07\/China-Canvas-Messenger-Bag-Manufacturer-41.png",768,706,false],"2048x2048":["https:\/\/pecbag.com\/wp-content\/uploads\/2025\/07\/China-Canvas-Messenger-Bag-Manufacturer-41.png",768,706,false],"trp-custom-language-flag":["https:\/\/pecbag.com\/wp-content\/uploads\/2025\/07\/China-Canvas-Messenger-Bag-Manufacturer-41-13x12.png",13,12,true],"woocommerce_thumbnail":["https:\/\/pecbag.com\/wp-content\/uploads\/2025\/07\/China-Canvas-Messenger-Bag-Manufacturer-41-300x300.png",300,300,true],"woocommerce_single":["https:\/\/pecbag.com\/wp-content\/uploads\/2025\/07\/China-Canvas-Messenger-Bag-Manufacturer-41-600x552.png",600,552,true],"woocommerce_gallery_thumbnail":["https:\/\/pecbag.com\/wp-content\/uploads\/2025\/07\/China-Canvas-Messenger-Bag-Manufacturer-41-100x100.png",100,100,true]},"uagb_author_info":{"display_name":"Lawrence","author_link":"https:\/\/pecbag.com\/se\/author\/"},"uagb_comment_info":0,"uagb_excerpt":"China Canvas Messenger Bag Manufacturer 1. EXPANSION &amp; MULTIPLE COMPARTMENTS: The expansion zipper makes it more flexible, and the laptop briefcase can be transformed into a large duffel bag when necessary. Up to 4 compartments can meet all your needs well. The large tech compartment can fit up to a 17-17.3-inch laptop. Two front pockets&hellip;","_links":{"self":[{"href":"https:\/\/pecbag.com\/se\/wp-json\/wp\/v2\/product\/4474","targetHints":{"allow":["GET"]}}],"collection":[{"href":"https:\/\/pecbag.com\/se\/wp-json\/wp\/v2\/product"}],"about":[{"href":"https:\/\/pecbag.com\/se\/wp-json\/wp\/v2\/types\/product"}],"wp:featuredmedia":[{"embeddable":true,"href":"https:\/\/pecbag.com\/se\/wp-json\/wp\/v2\/media\/4475"}],"wp:attachment":[{"href":"https:\/\/pecbag.com\/se\/wp-json\/wp\/v2\/media?parent=4474"}],"wp:term":[{"taxonomy":"product_brand","embeddable":true,"href":"https:\/\/pecbag.com\/se\/wp-json\/wp\/v2\/product_brand?post=4474"},{"taxonomy":"product_cat","embeddable":true,"href":"https:\/\/pecbag.com\/se\/wp-json\/wp\/v2\/product_cat?post=4474"},{"taxonomy":"product_tag","embeddable":true,"href":"https:\/\/pecbag.com\/se\/wp-json\/wp\/v2\/product_tag?post=4474"}],"curies":[{"name":"wp","href":"https:\/\/api.w.org\/{rel}","templated":true}]}}